{"id":12,"date":"2015-01-29T15:34:52","date_gmt":"2015-01-29T17:34:52","guid":{"rendered":"https:\/\/tostamaa.edu.ee\/?page_id=12"},"modified":"2016-12-09T10:46:16","modified_gmt":"2016-12-09T08:46:16","slug":"happy-school","status":"publish","type":"page","link":"https:\/\/tostamaa.edu.ee\/?page_id=12","title":{"rendered":"Happy School"},"content":{"rendered":"<p>T\u00f5stamaa Keskkool tegi 2014 &#8211; 2016 koost\u00f6\u00f6d \u00a0<strong><a href=\"http:\/\/charlottenlund.vgs.no\/\">Charlottenlundi \u00a0Keskkooliga <\/a>Trondheimist Norras.<br \/>\n<\/strong>Projekti nimi \u201eHappy School\u201c . Peamiseks <strong>eesm\u00e4rgiks koost\u00f6\u00f6s partneriga v\u00e4lja t\u00f6\u00f6tada uusi atraktiivseid ja uuenduslikke \u00f5ppemeetodeid<\/strong> ainetes, mis kipuvad olema \u00f5pilastele vahel igavad ja ebahuvitavad.<\/p>\n<p>Projekti sihtgrupiks \u00f5petajad, kes koost\u00f6\u00f6 k\u00e4igus anal\u00fc\u00fcsisid \u00f5petamise ja klassit\u00f6\u00f6ga seotud peamisi probleeme ning leidsid lahendusi muutmaks \u00f5ppimist tegevuseks, mida \u00f5pilased ise TAHAVAD\u00a0 teha.<\/p>\n<p>Eestipoolseks projektijuhiks ja koordinaatoriks Liina K\u00e4\u00e4r, <a href=\"mailto:liina@tostamaa.ee\">liina@tostamaa.ee<\/a><\/p>\n<p>Koost\u00f6\u00f6projekti toetati Euroopa Majanduspiirkonna Norra stipendiumiprogrammist ning projektiperiood on 1. septembrist 2014 kuni 30.augustini 2016.<\/p>\n<p><strong><a href=\"https:\/\/happyschoolproject.wordpress.com\/\">Projekti kodulehek\u00fcljele&#8230;<\/a><\/strong><\/p>\n<p><a href=\"https:\/\/tostamaa.edu.ee\/wp-content\/uploads\/2015\/01\/logo-lk-1-ja-2-kaanele-ja-sisekaanele.png\"><img decoding=\"async\" loading=\"lazy\" class=\"aligncenter size-medium wp-image-1947\" src=\"https:\/\/tostamaa.edu.ee\/wp-content\/uploads\/2015\/01\/logo-lk-1-ja-2-kaanele-ja-sisekaanele-300x96.png\" alt=\"logo-lk-1-ja-2-kaanele-ja-sisekaanele\" width=\"300\" height=\"96\" srcset=\"https:\/\/tostamaa.edu.ee\/wp-content\/uploads\/2015\/01\/logo-lk-1-ja-2-kaanele-ja-sisekaanele-300x96.png 300w, https:\/\/tostamaa.edu.ee\/wp-content\/uploads\/2015\/01\/logo-lk-1-ja-2-kaanele-ja-sisekaanele.png 350w\" sizes=\"(max-width: 300px) 100vw, 300px\" \/><\/a><\/p>\n<hr \/>\n<div class=\"embed-container\">\n<div data-configid=\"8055805\/39107315\" style=\"width: 944px; height: 671px;\" class=\"issuuembed\"><\/div>\n<p><script type=\"text\/javascript\" src=\"\/\/e.issuu.com\/embed.js\" async=\"true\"><\/script><\/div>\n<p><a href=\"https:\/\/tostamaa.edu.ee\/wp-content\/uploads\/2015\/10\/happy-school-linnavalitsuses-2.jpg\"><img decoding=\"async\" loading=\"lazy\" class=\"size-full wp-image-893\" src=\"https:\/\/tostamaa.edu.ee\/wp-content\/uploads\/2015\/10\/happy-school-linnavalitsuses-2.jpg\" alt=\"OLYMPUS DIGITAL CAMERA\" width=\"2560\" height=\"1392\" srcset=\"https:\/\/tostamaa.edu.ee\/wp-content\/uploads\/2015\/10\/happy-school-linnavalitsuses-2.jpg 2560w, https:\/\/tostamaa.edu.ee\/wp-content\/uploads\/2015\/10\/happy-school-linnavalitsuses-2-300x163.jpg 300w, https:\/\/tostamaa.edu.ee\/wp-content\/uploads\/2015\/10\/happy-school-linnavalitsuses-2-1024x557.jpg 1024w\" sizes=\"(max-width: 2560px) 100vw, 2560px\" \/><\/a><\/p>\n<p>18.-22.oktoobrini osalesid T\u00f5stamaa kooli \u00f5petajad Galina M\u00e4ndla, Heili Timm, Liina K\u00e4\u00e4r ning T\u00f5stamaa vallavalitsuse t\u00f6\u00f6tajad Karin Randm\u00e4e ning Helle Vahem\u00e4e EMP\/Norra koost\u00f6\u00f6projekti<strong> &#8220;Happy School&#8221;\u00a0<\/strong>T\u00f6\u00f6kohtumisel Trondheimis Charlottenlundi koolis. Kolme p\u00e4eva jooksul tutvuti v\u00f5\u00f5rustaja kooli \u00f5pitingimustega ning t\u00f6\u00f6tati projekti eesm\u00e4rkidega. Samuti oli T\u00f5stamaa esindusel kohtumine Trondheimi linnavalitsuse esindajaga, kellega r\u00e4\u00e4giti kohalikust haridus- ja noorsoot\u00f6\u00f6korraldusest.<\/p>\n<hr \/>\n<p>4.-6.mail 2015 toimus T\u00f5stamaa Keskkooli ja Charlottenlundi kooli koost\u00f6\u00f6projekti &#8220;Happy School&#8221; kolmas kohtumine, mis seekord oli taaskord Eestis. Kohtumisel j\u00e4tkati t\u00f6\u00f6d selle nimel, et \u00f5ppet\u00f6\u00f6 klassis muutuks nii \u00f5pilastele kui \u00f5petajatele huvitavamaks ja motiveerivamaks.<\/p>\n<p>Kohtumise k\u00e4igus toimus ka kaks t\u00f6\u00f6tuba, millest esimene oli seotud motivatsiooniga ning teine \u00f5ppem\u00e4ngude loomisega.<\/p>\n<p>T\u00f5stamaa kool sai k\u00fclalistelt ka meeleoluka kingituse: vahvlite k\u00fcpsetamise masina, mis loodetavasti hakkab looma \u00f5nne terves meie koolis.<\/p>\n<p><a href=\"https:\/\/tostamaa.edu.ee\/wp-content\/uploads\/2015\/01\/happy_school_mai15.jpg\"><img decoding=\"async\" loading=\"lazy\" class=\"alignnone size-large wp-image-571\" src=\"https:\/\/tostamaa.edu.ee\/wp-content\/uploads\/2015\/01\/happy_school_mai15-1024x645.jpg\" alt=\"happy_school_mai15\" width=\"1024\" height=\"645\" srcset=\"https:\/\/tostamaa.edu.ee\/wp-content\/uploads\/2015\/01\/happy_school_mai15-1024x645.jpg 1024w, https:\/\/tostamaa.edu.ee\/wp-content\/uploads\/2015\/01\/happy_school_mai15-300x189.jpg 300w, https:\/\/tostamaa.edu.ee\/wp-content\/uploads\/2015\/01\/happy_school_mai15.jpg 1566w\" sizes=\"(max-width: 1024px) 100vw, 1024px\" \/><\/a><\/p>\n<hr \/>\n<p><a href=\"https:\/\/tostamaa.edu.ee\/wp-content\/uploads\/2015\/01\/happy-school_34.jpg\"><img decoding=\"async\" loading=\"lazy\" class=\"alignnone size-large wp-image-180\" src=\"https:\/\/tostamaa.edu.ee\/wp-content\/uploads\/2015\/01\/happy-school_34-1024x630.jpg\" alt=\"happy school_34\" width=\"1024\" height=\"630\" srcset=\"https:\/\/tostamaa.edu.ee\/wp-content\/uploads\/2015\/01\/happy-school_34-1024x630.jpg 1024w, https:\/\/tostamaa.edu.ee\/wp-content\/uploads\/2015\/01\/happy-school_34-300x185.jpg 300w, https:\/\/tostamaa.edu.ee\/wp-content\/uploads\/2015\/01\/happy-school_34.jpg 1560w\" sizes=\"(max-width: 1024px) 100vw, 1024px\" \/><\/a><\/p>\n<p>Norra \u00f5petajad T\u00f5stamaa koolil k\u00fclas. Oktoober\u00a02014.<\/p>\n<hr \/>\n<p><a href=\"https:\/\/tostamaa.edu.ee\/wp-content\/uploads\/2015\/01\/trondheim_happy_school.jpg\"><img decoding=\"async\" loading=\"lazy\" class=\"alignnone size-full wp-image-134\" src=\"https:\/\/tostamaa.edu.ee\/wp-content\/uploads\/2015\/01\/trondheim_happy_school.jpg\" alt=\"trondheim_happy_school\" width=\"960\" height=\"720\" srcset=\"https:\/\/tostamaa.edu.ee\/wp-content\/uploads\/2015\/01\/trondheim_happy_school.jpg 960w, https:\/\/tostamaa.edu.ee\/wp-content\/uploads\/2015\/01\/trondheim_happy_school-300x225.jpg 300w\" sizes=\"(max-width: 960px) 100vw, 960px\" \/><\/a><\/p>\n<p>T\u00f5stamaa \u00f5petajad Trondheimis. Jaanuar 2015<\/p>\n<hr \/>\n<p><a href=\"https:\/\/tostamaa.edu.ee\/wp-content\/uploads\/2015\/01\/vernieri_labquest_sensorid.jpg\"><img decoding=\"async\" loading=\"lazy\" class=\"alignnone size-large wp-image-178\" src=\"https:\/\/tostamaa.edu.ee\/wp-content\/uploads\/2015\/01\/vernieri_labquest_sensorid-1024x638.jpg\" alt=\"vernieri_labquest_sensorid\" width=\"1024\" height=\"638\" srcset=\"https:\/\/tostamaa.edu.ee\/wp-content\/uploads\/2015\/01\/vernieri_labquest_sensorid-1024x638.jpg 1024w, https:\/\/tostamaa.edu.ee\/wp-content\/uploads\/2015\/01\/vernieri_labquest_sensorid-300x187.jpg 300w, https:\/\/tostamaa.edu.ee\/wp-content\/uploads\/2015\/01\/vernieri_labquest_sensorid.jpg 1541w\" sizes=\"(max-width: 1024px) 100vw, 1024px\" \/><\/a><\/p>\n<p>Koolil\u00a0on n\u00fc\u00fcd \u00f5ppet\u00f6\u00f6 kaasajastamiseks,\u00a0projekti rahadega ostetud, Vernieri sensorite koplekt.<\/p>\n<p>Artikkel &#8220;T\u00f5stamaa Tuultes&#8221;:\u00a0<a href=\"https:\/\/tostamaa.edu.ee\/wp-content\/uploads\/2015\/01\/Onnelik_kool_Happy_School.pdf\">Onnelik_kool_Happy_School<\/a><\/p>\n<p><a href=\"https:\/\/tostamaa.edu.ee\/wp-content\/uploads\/2015\/01\/DSC_7919.jpg\"><img decoding=\"async\" loading=\"lazy\" class=\"alignnone size-full wp-image-1801\" src=\"https:\/\/tostamaa.edu.ee\/wp-content\/uploads\/2015\/01\/DSC_7919.jpg\" alt=\"DSC_7919\" width=\"1200\" height=\"800\" srcset=\"https:\/\/tostamaa.edu.ee\/wp-content\/uploads\/2015\/01\/DSC_7919.jpg 1200w, https:\/\/tostamaa.edu.ee\/wp-content\/uploads\/2015\/01\/DSC_7919-300x200.jpg 300w, https:\/\/tostamaa.edu.ee\/wp-content\/uploads\/2015\/01\/DSC_7919-1024x683.jpg 1024w\" sizes=\"(max-width: 1200px) 100vw, 1200px\" \/><\/a><\/p>\n<p><a href=\"https:\/\/tostamaa.edu.ee\/wp-content\/uploads\/2015\/01\/DSC_7942.jpg\"><img decoding=\"async\" loading=\"lazy\" class=\"alignnone size-full wp-image-1802\" src=\"https:\/\/tostamaa.edu.ee\/wp-content\/uploads\/2015\/01\/DSC_7942.jpg\" alt=\"DSC_7942\" width=\"1200\" height=\"800\" srcset=\"https:\/\/tostamaa.edu.ee\/wp-content\/uploads\/2015\/01\/DSC_7942.jpg 1200w, https:\/\/tostamaa.edu.ee\/wp-content\/uploads\/2015\/01\/DSC_7942-300x200.jpg 300w, https:\/\/tostamaa.edu.ee\/wp-content\/uploads\/2015\/01\/DSC_7942-1024x683.jpg 1024w\" sizes=\"(max-width: 1200px) 100vw, 1200px\" \/><\/a><\/p>\n","protected":false},"excerpt":{"rendered":"<p>T\u00f5stamaa Keskkool tegi 2014 &#8211; 2016 koost\u00f6\u00f6d \u00a0Charlottenlundi \u00a0Keskkooliga Trondheimist Norras. Projekti nimi \u201eHappy School\u201c . Peamiseks eesm\u00e4rgiks koost\u00f6\u00f6s partneriga v\u00e4lja t\u00f6\u00f6tada uusi atraktiivseid ja uuenduslikke \u00f5ppemeetodeid ainetes, mis kipuvad olema \u00f5pilastele vahel igavad ja ebahuvitavad. Projekti sihtgrupiks \u00f5petajad, kes koost\u00f6\u00f6 k\u00e4igus anal\u00fc\u00fcsisid \u00f5petamise ja klassit\u00f6\u00f6ga seotud peamisi probleeme ning leidsid lahendusi muutmaks \u00f5ppimist tegevuseks, &hellip; <\/p>\n<p><a class=\"more-link btn\" href=\"https:\/\/tostamaa.edu.ee\/?page_id=12\">J\u00e4tka lugemist<\/a><\/p>\n","protected":false},"author":1,"featured_media":0,"parent":2,"menu_order":0,"comment_status":"closed","ping_status":"open","template":"","meta":{"footnotes":""},"_links":{"self":[{"href":"https:\/\/tostamaa.edu.ee\/index.php?rest_route=\/wp\/v2\/pages\/12"}],"collection":[{"href":"https:\/\/tostamaa.edu.ee\/index.php?rest_route=\/wp\/v2\/pages"}],"about":[{"href":"https:\/\/tostamaa.edu.ee\/index.php?rest_route=\/wp\/v2\/types\/page"}],"author":[{"embeddable":true,"href":"https:\/\/tostamaa.edu.ee\/index.php?rest_route=\/wp\/v2\/users\/1"}],"replies":[{"embeddable":true,"href":"https:\/\/tostamaa.edu.ee\/index.php?rest_route=%2Fwp%2Fv2%2Fcomments&post=12"}],"version-history":[{"count":5,"href":"https:\/\/tostamaa.edu.ee\/index.php?rest_route=\/wp\/v2\/pages\/12\/revisions"}],"predecessor-version":[{"id":2218,"href":"https:\/\/tostamaa.edu.ee\/index.php?rest_route=\/wp\/v2\/pages\/12\/revisions\/2218"}],"up":[{"embeddable":true,"href":"https:\/\/tostamaa.edu.ee\/index.php?rest_route=\/wp\/v2\/pages\/2"}],"wp:attachment":[{"href":"https:\/\/tostamaa.edu.ee\/index.php?rest_route=%2Fwp%2Fv2%2Fmedia&parent=12"}],"curies":[{"name":"wp","href":"https:\/\/api.w.org\/{rel}","templated":true}]}}