{"id":141,"date":"2015-01-30T20:43:22","date_gmt":"2015-01-30T18:43:22","guid":{"rendered":"https:\/\/tostamaa.edu.ee\/?page_id=141"},"modified":"2025-02-10T09:28:34","modified_gmt":"2025-02-10T07:28:34","slug":"lingid","status":"publish","type":"page","link":"https:\/\/tostamaa.edu.ee\/?page_id=141","title":{"rendered":"Lingid"},"content":{"rendered":"<p><a href=\"https:\/\/ee.ekool.eu\/index_et.html\"><img decoding=\"async\" loading=\"lazy\" class=\"alignnone wp-image-505 size-full\" src=\"https:\/\/tostamaa.edu.ee\/wp-content\/uploads\/2015\/01\/ekool_logo350.jpg\" alt=\"ekool_logo350\" width=\"350\" height=\"121\" srcset=\"https:\/\/tostamaa.edu.ee\/wp-content\/uploads\/2015\/01\/ekool_logo350.jpg 350w, https:\/\/tostamaa.edu.ee\/wp-content\/uploads\/2015\/01\/ekool_logo350-300x104.jpg 300w\" sizes=\"(max-width: 350px) 100vw, 350px\" \/><\/a><\/p>\n<ul>\n<li><a href=\"http:\/\/www.tostamaa.eu\/\">T\u00f5stamaa<\/a><\/li>\n<li><a href=\"http:\/\/mois.tostamaa.ee\/\">T\u00f5stamaa m\u00f5is<\/a><\/li>\n<li><a href=\"http:\/\/miksike.ee\/\">Miksike<\/a><\/li>\n<li><a href=\"https:\/\/harno.ee\/\">Haridus- ja Nooteamet<\/a><\/li>\n<li><a href=\"http:\/\/www.koolielu.ee\/\">Koolielu portaal<\/a><\/li>\n<li><a href=\"http:\/\/www.opetajateliit.ee\/\" target=\"_top\" rel=\"noopener\">Eesti \u00d5petajate Liit<\/a><\/li>\n<li><a href=\"http:\/\/www.hm.ee\/\" target=\"_top\" rel=\"noopener\">Haridus- ja Teadusministeerium<\/a><\/li>\n<li><a href=\"http:\/\/www.neti.ee\/cgi-bin\/teema\/HARIDUS_JA_KULTUUR\/Haridus\/Keskkoolid\/\">Keskkoolid ja g\u00fcmnaasiumid<\/a>\u00a0Eestis<\/li>\n<li><a href=\"http:\/\/www.neti.ee\/cgi-bin\/teema\/HARIDUS_JA_KULTUUR\/Haridus\/Pohikoolid\/\">P\u00f5hikoolid<\/a> Eestis<\/li>\n<li><a href=\"http:\/\/www.neti.ee\/cgi-bin\/teema\/HARIDUS_JA_KULTUUR\/Haridus\/Lasteaiad\/\">Lasteaiad ja algkoolid<\/a>\u00a0Eestis<\/li>\n<li><a href=\"https:\/\/www.innovatsioonikeskus.ee\/et\/tiigrihupe-koolis\">Tiigrih\u00fcpe<\/a><\/li>\n<li><a href=\"http:\/\/www.neti.ee\/cgi-bin\/teema\/HARIDUS_JA_KULTUUR\/Haridus\/Oppematerjalid\/\">\u00d5ppematerjalid<\/a><\/li>\n<li><a href=\"http:\/\/www.parnumaa.ee\/\">P\u00e4rnu maakond<\/a><\/li>\n<li><a href=\"http:\/\/parnu.maavalitsus.ee\/\">P\u00e4rnumaa Maavalitsus<\/a><\/li>\n<li><a href=\"https:\/\/koolmeistrid.wordpress.com\/\">P\u00e4rnumaa Koolijuhtide \u00dchendus<\/a><\/li>\n<li><a href=\"http:\/\/www.parnupostimees.ee\/\">P\u00e4rnu Postimees<\/a><\/li>\n<li><a href=\"http:\/\/www.hot.ee\/emky\/\" target=\"_top\" rel=\"noopener\">Eesti M\u00f5isakoolide \u00dchendus<\/a><\/li>\n<li><a href=\"http:\/\/www.forselius.ee\/\">B. G. Forseliuse Selts<\/a><\/li>\n<li><a href=\"http:\/\/www.haridusfoorum.ee\/\" target=\"_top\" rel=\"noopener\">Eesti Haridusfoorum<\/a> Eesti hariduspoliitika edendamine<\/li>\n<li><a href=\"http:\/\/www.opleht.ee\/\">\u00d5petajate Leht<\/a><\/li>\n<li>Ajakiri <a href=\"http:\/\/haridus.opleht.ee\/\" target=\"_top\" rel=\"noopener\">Haridus<\/a><\/li>\n<li><a href=\"http:\/\/www.stat.ee\/files\/koolinurk\/\">Statistikaameti koolinurk<\/a><\/li>\n<li>Kui sul on MURE, siis Sind aitab <a href=\"http:\/\/www.lapsemure.ee\/\">www.lapsemure.ee<\/a><\/li>\n<li><a href=\"http:\/\/www.rajaleidja.ee\/\">Rajaleidja<\/a> &#8211; karj\u00e4\u00e4riplaneerimise ja kutsevaliku portaal<\/li>\n<li><a href=\"http:\/\/www.ploteus.net\/\">PLOTEUS <\/a>&#8211; \u00f5ppimisv\u00f5imalused Euroopas<\/li>\n<li><a href=\"http:\/\/www.escu.ee\/\">Eesti \u00d5pilasesinduste Liit<\/a><\/li>\n<li><a href=\"http:\/\/mois.tostamaa.ee\/pano\/\">M\u00f5isamaja panoraamid<\/a><\/li>\n<li><a href=\"http:\/\/issuu.com\/tomitt\/docs\/kooli_esitlus_pildid\">Kooli esitlus slaidid<\/a><\/li>\n<li><a href=\"http:\/\/www.eesti4h.ee\/\">Eesti 4H<\/a><\/li>\n<li><a href=\"http:\/\/www.brocenuvsk.lv\/\">Broc\u0113nu Vidusskola<\/a><\/li>\n<li><a href=\"http:\/\/www.tai.ee\/\">Tervise Arengu Instituut<\/a><\/li>\n<\/ul>\n<p><a href=\"https:\/\/tostamaa.edu.ee\/wp-content\/uploads\/2015\/01\/pargist-vaade-koolile.jpg\"><img decoding=\"async\" loading=\"lazy\" class=\"alignnone size-full wp-image-239\" src=\"https:\/\/tostamaa.edu.ee\/wp-content\/uploads\/2015\/01\/pargist-vaade-koolile.jpg\" alt=\"OLYMPUS DIGITAL CAMERA\" width=\"1200\" height=\"754\" srcset=\"https:\/\/tostamaa.edu.ee\/wp-content\/uploads\/2015\/01\/pargist-vaade-koolile.jpg 1200w, https:\/\/tostamaa.edu.ee\/wp-content\/uploads\/2015\/01\/pargist-vaade-koolile-300x189.jpg 300w, https:\/\/tostamaa.edu.ee\/wp-content\/uploads\/2015\/01\/pargist-vaade-koolile-1024x643.jpg 1024w\" sizes=\"(max-width: 1200px) 100vw, 1200px\" \/><\/a><\/p>\n","protected":false},"excerpt":{"rendered":"<p>T\u00f5stamaa T\u00f5stamaa m\u00f5is Miksike Haridus- ja Nooteamet Koolielu portaal Eesti \u00d5petajate Liit Haridus- ja Teadusministeerium Keskkoolid ja g\u00fcmnaasiumid\u00a0Eestis P\u00f5hikoolid Eestis Lasteaiad ja algkoolid\u00a0Eestis Tiigrih\u00fcpe \u00d5ppematerjalid P\u00e4rnu maakond P\u00e4rnumaa Maavalitsus P\u00e4rnumaa Koolijuhtide \u00dchendus P\u00e4rnu Postimees Eesti M\u00f5isakoolide \u00dchendus B. G. Forseliuse Selts Eesti Haridusfoorum Eesti hariduspoliitika edendamine \u00d5petajate Leht Ajakiri Haridus Statistikaameti koolinurk Kui sul on &hellip; <\/p>\n<p><a class=\"more-link btn\" href=\"https:\/\/tostamaa.edu.ee\/?page_id=141\">J\u00e4tka lugemist<\/a><\/p>\n","protected":false},"author":1,"featured_media":0,"parent":0,"menu_order":11,"comment_status":"closed","ping_status":"open","template":"","meta":{"footnotes":""},"_links":{"self":[{"href":"https:\/\/tostamaa.edu.ee\/index.php?rest_route=\/wp\/v2\/pages\/141"}],"collection":[{"href":"https:\/\/tostamaa.edu.ee\/index.php?rest_route=\/wp\/v2\/pages"}],"about":[{"href":"https:\/\/tostamaa.edu.ee\/index.php?rest_route=\/wp\/v2\/types\/page"}],"author":[{"embeddable":true,"href":"https:\/\/tostamaa.edu.ee\/index.php?rest_route=\/wp\/v2\/users\/1"}],"replies":[{"embeddable":true,"href":"https:\/\/tostamaa.edu.ee\/index.php?rest_route=%2Fwp%2Fv2%2Fcomments&post=141"}],"version-history":[{"count":5,"href":"https:\/\/tostamaa.edu.ee\/index.php?rest_route=\/wp\/v2\/pages\/141\/revisions"}],"predecessor-version":[{"id":8701,"href":"https:\/\/tostamaa.edu.ee\/index.php?rest_route=\/wp\/v2\/pages\/141\/revisions\/8701"}],"wp:attachment":[{"href":"https:\/\/tostamaa.edu.ee\/index.php?rest_route=%2Fwp%2Fv2%2Fmedia&parent=141"}],"curies":[{"name":"wp","href":"https:\/\/api.w.org\/{rel}","templated":true}]}}