{"id":143,"date":"2015-01-30T20:53:30","date_gmt":"2015-01-30T18:53:30","guid":{"rendered":"https:\/\/tostamaa.edu.ee\/?page_id=143"},"modified":"2021-03-13T11:12:42","modified_gmt":"2021-03-13T09:12:42","slug":"ajaleht-koolivaim","status":"publish","type":"page","link":"https:\/\/tostamaa.edu.ee\/?page_id=143","title":{"rendered":"Ajaleht Koolivaim"},"content":{"rendered":"<div>Alates 2018 aastast\u00a0 kajastame kooli s\u00fcndmusi &#8220;<a href=\"https:\/\/parnu.ee\/index.php\/tostamaa-osavald\/tostamaa-tuuled\">T\u00f5stamaa Tuultes<\/a>&#8220;<\/div>\n<div>\n<hr \/>\n<\/div>\n<div><a href=\"https:\/\/issuu.com\/toomasmitt\/docs\/koolivaim_suvi_2017\">KOOLIVAIM suvi 2017<\/a><a href=\"http:\/\/issuu.com\/toomasmitt\/docs\/koolivaim_kevad_2017\"><br \/>\nKOOLIVAIM kevad 2017<\/a><br \/>\n<a href=\"https:\/\/tostamaa.edu.ee\/wp-content\/uploads\/2015\/01\/koolivaim_kevad16.jpg\"><img decoding=\"async\" loading=\"lazy\" class=\"size-medium wp-image-1455 alignright\" src=\"https:\/\/tostamaa.edu.ee\/wp-content\/uploads\/2015\/01\/koolivaim_kevad16-223x300.jpg\" alt=\"koolivaim_kevad16\" width=\"223\" height=\"300\" srcset=\"https:\/\/tostamaa.edu.ee\/wp-content\/uploads\/2015\/01\/koolivaim_kevad16-223x300.jpg 223w, https:\/\/tostamaa.edu.ee\/wp-content\/uploads\/2015\/01\/koolivaim_kevad16.jpg 600w\" sizes=\"(max-width: 223px) 100vw, 223px\" \/><\/a><\/div>\n<div><strong><a href=\"https:\/\/issuu.com\/tomitt\/docs\/2013_kevad_koolivaim\">KOOLIVAIM kevad 2016<\/a><\/strong><\/div>\n<div><strong><a href=\"http:\/\/issuu.com\/toomasmitt\/docs\/koolivaim_sygis_2015_laurajoe\">KOOLIVAIM s\u00fcgis 2015<\/a><a href=\"http:\/\/issuu.com\/toomasmitt\/docs\/koolivaim_kevad_2015\"><br \/>\nKOOLIVAIM kevad 2015<\/a><\/strong><\/div>\n<div><strong><a href=\"http:\/\/issuu.com\/toomasmitt\/docs\/koolivaim_sygis_2014_valmis\">KOOLIVAIM s\u00fcgis 2014<\/a><\/strong><\/div>\n<div><\/div>\n<div><strong><a href=\"http:\/\/issuu.com\/toomasmitt\/docs\/tkk_koolivaim_suvi_2014_vers2__1_\">KOOLIVAIM suvi 2014<\/a><\/strong><\/div>\n<div><\/div>\n<div><strong><span style=\"color: #cc3300;\"><a href=\"http:\/\/issuu.com\/toomasmitt\/docs\/tkk_koolivaim_kevad_2014_37e60e402738d0?e=8055805\/7817550\">KOOLIVAIM kevad 2014<\/a><\/span><\/strong><\/div>\n<div><\/div>\n<div><strong><span style=\"color: #cc3300;\"><a href=\"http:\/\/issuu.com\/toomasmitt\/docs\/tk_koolivaim_01_2014_net\">KOOLIVAIM talv 2014<\/a><\/span><\/strong><\/div>\n<div><\/div>\n<div><strong><span style=\"color: #cc3300;\"><a href=\"http:\/\/issuu.com\/toomasmitt\/docs\/sygis2013koolileht\">KOOLIVAIM s\u00fcgis 2013<\/a><\/span><\/strong><\/div>\n<div><\/div>\n<div><strong><span style=\"color: #cc3300;\"><a href=\"http:\/\/issuu.com\/tomitt\/docs\/koolivaim_talv_2013\">KOOLIVAIM talv 2013<\/a><\/span><\/strong><\/div>\n<div><\/div>\n<div><strong><span style=\"color: #cc3300;\"><a href=\"http:\/\/issuu.com\/tomitt\/docs\/koolivaim_sygis_2012\">KOOLIVAIM s\u00fcgis 2012<\/a><\/span><\/strong><\/div>\n<div><\/div>\n<div><strong><span style=\"color: #cc3300;\"><a href=\"http:\/\/issuu.com\/tomitt\/docs\/koolivaim_talv2012\">KOOLIVAIM m\u00e4rts 2012<\/a><\/span><\/strong><\/div>\n<div><\/div>\n<div><strong><span style=\"color: #cc3300;\"><a href=\"http:\/\/issuu.com\/tomitt\/docs\/koolivaim_sugis2011\">KOOLIVAIM detsember 2011<\/a><\/span><\/strong><\/div>\n<div><\/div>\n<div><strong><a href=\"http:\/\/issuu.com\/tomitt\/docs\/koolivaimjuuni2011\">KOOLIVAIM juuni 2011<\/a><\/strong><\/div>\n<div><strong><a href=\"http:\/\/issuu.com\/tomitt\/docs\/koolileht\">KOOLVAIM m\u00e4rts 2011<\/a><\/strong><\/div>\n<div><\/div>\n<div><a href=\"http:\/\/issuu.com\/tomitt\/docs\/koolivaim_veebr_2011\"><strong>KOOLIVAIM veebruar 2011<\/strong><\/a><\/div>\n<div><strong><a href=\"https:\/\/issuu.com\/tomitt\/docs\/koolivaim_nov_2010\/3?e=1256939\/5140315\">KOOLIVAIM november 2010<\/a><\/strong><\/div>\n<div><strong><a href=\"https:\/\/issuu.com\/tomitt\/docs\/vol_4_koolivaim\/1?e=1256939\/2666738\">KOOLIVAIM juuni 2010<\/a><\/strong><\/div>\n<div><strong><a href=\"https:\/\/issuu.com\/tomitt\/docs\/koolivaim_marts2010\/1?e=1256939\/35034068\">KOOLIVAIM m\u00e4rts 2010<\/a><\/strong><\/div>\n<div><strong><a href=\"https:\/\/issuu.com\/tomitt\/docs\/koolivaim_jaan10\/1?e=1256939\/35034090\">KOOLIVAIM jaanuar 2010<\/a><\/strong><\/div>\n<div><strong><a href=\"https:\/\/issuu.com\/tomitt\/docs\/koolivaim_okt09\/1?e=1256939\/35034099\">KOOLIVAIM oktoober 2009<\/a><\/strong><\/div>\n<div><strong><a href=\"https:\/\/issuu.com\/tomitt\/docs\/koolivaim_juuni09\/1?e=1256939\/35034113\">KOOLIVAIM juuni 2009<\/a><\/strong><\/div>\n<div>\n<hr \/>\n<\/div>\n<div>KOOLIVAIMU varajasemad numbrid:<a href=\"https:\/\/tostamaa.edu.ee\/wp-content\/uploads\/2015\/01\/koolivaim_juuni2009.jpg\"><img decoding=\"async\" loading=\"lazy\" class=\"size-medium wp-image-1470 alignright\" src=\"https:\/\/tostamaa.edu.ee\/wp-content\/uploads\/2015\/01\/koolivaim_juuni2009-215x300.jpg\" alt=\"koolivaim_juuni2009\" width=\"215\" height=\"300\" srcset=\"https:\/\/tostamaa.edu.ee\/wp-content\/uploads\/2015\/01\/koolivaim_juuni2009-215x300.jpg 215w, https:\/\/tostamaa.edu.ee\/wp-content\/uploads\/2015\/01\/koolivaim_juuni2009.jpg 649w\" sizes=\"(max-width: 215px) 100vw, 215px\" \/><\/a><\/div>\n<div style=\"width: 420px; text-align: left;\">\n<ul>\n<li><a href=\"http:\/\/pildid.tostamaa.ee\/Koolivaim\/koolivaim_marts_07.pdf\">m\u00e4rts 2007<\/a><\/li>\n<li><a href=\"http:\/\/pildid.tostamaa.ee\/ajaleht\/koolivaim_nov1.pdf\">november 2006<\/a><\/li>\n<li><a href=\"http:\/\/pildid.tostamaa.ee\/ajaleht\/koolivaim_marts_06.pdf\">m\u00e4rts 2006<\/a><\/li>\n<li><a href=\"https:\/\/tostamaa.edu.ee\/default.asp?id=439\">juuni 2004<\/a><\/li>\n<li><a href=\"https:\/\/tostamaa.edu.ee\/default.asp?id=193\">m\u00e4rts 2004<\/a><\/li>\n<li><a href=\"https:\/\/tostamaa.edu.ee\/default.asp?id=186\">detsember 2003<\/a><\/li>\n<li><a href=\"https:\/\/tostamaa.edu.ee\/default.asp?id=147\">juuni 2003<\/a><\/li>\n<li><a href=\"https:\/\/tostamaa.edu.ee\/default.asp?id=146\">mai 2003<\/a><\/li>\n<li><a href=\"https:\/\/tostamaa.edu.ee\/default.asp?id=145\">detsember 2002<\/a><\/li>\n<li><a href=\"https:\/\/tostamaa.edu.ee\/default.asp?id=144\">l\u00f5petajate eri 2002<\/a><\/li>\n<li><a href=\"https:\/\/tostamaa.edu.ee\/default.asp?id=143\">detsember 2001<\/a><\/li>\n<li><a href=\"https:\/\/tostamaa.edu.ee\/default.asp?id=142\">oktoober 2001<\/a><\/li>\n<li><a href=\"https:\/\/tostamaa.edu.ee\/default.asp?id=141\">l\u00f5petajate eri 2001<\/a><\/li>\n<li><a href=\"https:\/\/tostamaa.edu.ee\/default.asp?id=140\">aprill 2001\u00a0\u00a0\u00a0\u00a0<\/a><\/li>\n<li><a href=\"https:\/\/tostamaa.edu.ee\/default.asp?id=139\">detsember 2000<\/a><\/li>\n<li><a href=\"https:\/\/tostamaa.edu.ee\/default.asp?id=138\">ol\u00fcmpiaeri 2000<\/a><\/li>\n<li><a href=\"https:\/\/tostamaa.edu.ee\/default.asp?id=137\">veebruar 2000<\/a><\/li>\n<li><a href=\"https:\/\/tostamaa.edu.ee\/default.asp?id=136\">oktoober 1999<\/a><\/li>\n<li><a href=\"https:\/\/tostamaa.edu.ee\/default.asp?id=135\">l\u00f5petajate eri 1999<\/a><\/li>\n<li><a href=\"https:\/\/tostamaa.edu.ee\/default.asp?id=130\">mai 1999<\/a><\/li>\n<li><a href=\"https:\/\/tostamaa.edu.ee\/default.asp?id=129\">m\u00e4rts 1999<\/a><\/li>\n<li><a href=\"https:\/\/tostamaa.edu.ee\/default.asp?id=128\">veebruar 1999<\/a><\/li>\n<\/ul>\n<p>&nbsp;<\/p>\n<table class=\"NOBORDER\" style=\"height: 309px;\" border=\"0\" width=\"727\" cellspacing=\"0\" cellpadding=\"0\">\n<tbody>\n<tr>\n<td><strong>KOOLI ALMANAHH<\/strong><\/p>\n<ul>\n<li>almanahh 2018<\/li>\n<li>almanahh 2007<\/li>\n<li><a href=\"https:\/\/tostamaa.edu.ee\/default.asp?id=452\">almanahh 2006<\/a><\/li>\n<li><a href=\"https:\/\/tostamaa.edu.ee\/default.asp?id=451\">almanahh 2005<\/a><\/li>\n<li>almanahh 2004<\/li>\n<\/ul>\n<\/td>\n<td><a href=\"https:\/\/tostamaa.edu.ee\/wp-content\/uploads\/2015\/01\/almanahh2005.jpg\"><img decoding=\"async\" loading=\"lazy\" class=\"size-medium wp-image-1459 alignright\" src=\"https:\/\/tostamaa.edu.ee\/wp-content\/uploads\/2015\/01\/almanahh2005-210x300.jpg\" alt=\"almanahh2005\" width=\"210\" height=\"300\" srcset=\"https:\/\/tostamaa.edu.ee\/wp-content\/uploads\/2015\/01\/almanahh2005-210x300.jpg 210w, https:\/\/tostamaa.edu.ee\/wp-content\/uploads\/2015\/01\/almanahh2005.jpg 621w\" sizes=\"(max-width: 210px) 100vw, 210px\" \/><\/a><\/td>\n<\/tr>\n<\/tbody>\n<\/table>\n<\/div>\n","protected":false},"excerpt":{"rendered":"<p>Alates 2018 aastast\u00a0 kajastame kooli s\u00fcndmusi &#8220;T\u00f5stamaa Tuultes&#8220; KOOLIVAIM suvi 2017 KOOLIVAIM kevad 2017 KOOLIVAIM kevad 2016 KOOLIVAIM s\u00fcgis 2015 KOOLIVAIM kevad 2015 KOOLIVAIM s\u00fcgis 2014 KOOLIVAIM suvi 2014 KOOLIVAIM kevad 2014 KOOLIVAIM talv 2014 KOOLIVAIM s\u00fcgis 2013 KOOLIVAIM talv 2013 KOOLIVAIM s\u00fcgis 2012 KOOLIVAIM m\u00e4rts 2012 KOOLIVAIM detsember 2011 KOOLIVAIM juuni 2011 KOOLVAIM m\u00e4rts &hellip; <\/p>\n<p><a class=\"more-link btn\" href=\"https:\/\/tostamaa.edu.ee\/?page_id=143\">J\u00e4tka lugemist<\/a><\/p>\n","protected":false},"author":1,"featured_media":0,"parent":44,"menu_order":0,"comment_status":"closed","ping_status":"open","template":"","meta":{"footnotes":""},"_links":{"self":[{"href":"https:\/\/tostamaa.edu.ee\/index.php?rest_route=\/wp\/v2\/pages\/143"}],"collection":[{"href":"https:\/\/tostamaa.edu.ee\/index.php?rest_route=\/wp\/v2\/pages"}],"about":[{"href":"https:\/\/tostamaa.edu.ee\/index.php?rest_route=\/wp\/v2\/types\/page"}],"author":[{"embeddable":true,"href":"https:\/\/tostamaa.edu.ee\/index.php?rest_route=\/wp\/v2\/users\/1"}],"replies":[{"embeddable":true,"href":"https:\/\/tostamaa.edu.ee\/index.php?rest_route=%2Fwp%2Fv2%2Fcomments&post=143"}],"version-history":[{"count":5,"href":"https:\/\/tostamaa.edu.ee\/index.php?rest_route=\/wp\/v2\/pages\/143\/revisions"}],"predecessor-version":[{"id":5922,"href":"https:\/\/tostamaa.edu.ee\/index.php?rest_route=\/wp\/v2\/pages\/143\/revisions\/5922"}],"up":[{"embeddable":true,"href":"https:\/\/tostamaa.edu.ee\/index.php?rest_route=\/wp\/v2\/pages\/44"}],"wp:attachment":[{"href":"https:\/\/tostamaa.edu.ee\/index.php?rest_route=%2Fwp%2Fv2%2Fmedia&parent=143"}],"curies":[{"name":"wp","href":"https:\/\/api.w.org\/{rel}","templated":true}]}}