{"id":145,"date":"2015-01-30T21:01:50","date_gmt":"2015-01-30T19:01:50","guid":{"rendered":"https:\/\/tostamaa.edu.ee\/?page_id=145"},"modified":"2025-05-22T12:29:54","modified_gmt":"2025-05-22T10:29:54","slug":"kontakt","status":"publish","type":"page","link":"https:\/\/tostamaa.edu.ee\/?page_id=145","title":{"rendered":"Kontakt"},"content":{"rendered":"\n\n<p><strong>Meie aadress:<\/strong><br \/>Kalli mnt 13, T\u00f5stamaa alevik, P\u00e4rnu linn, 88101<br \/>e-post: <a href=\"mailto:kool@tostamaa.ee\">kool@tostamaa.ee<\/a><br \/>telefon +372 <strong>4496216<\/strong><\/p>\n<p><strong>direktor: <\/strong>Toomas Mitt \u00a0tel 4496226; mob: 5261935; <a href=\"mailto:toomas.mitt@tostamaakool.parnu.ee\">toomas.mitt@tostamaakool.parnu.ee\u00a0<\/a><br \/><strong>\u00f5ppejuht:\u00a0<\/strong>Maris Adler mob: 56965246; <a href=\"mailto:maris.adler@tostamaakool.parnu.ee\">maris.adler@tostamaakool.parnu.ee\u00a0<\/a><br \/><strong>majandusjuhataja:\u00a0<\/strong>Kristiina Lepik mob: 53468635; <a href=\"mailto:kristiina.lepik@tostamaakool.parnu.ee\">kristiina.lepik@tostamaakool.parnu.ee<\/a><br \/><strong>sekret\u00e4r <\/strong>kell 8-12<strong>: <\/strong>Tiina Sahtel tel 4496216; mob: 5220300; <a href=\"mailto:kool@tostamaa.ee\">kool@tostamaa.ee<\/a><\/p>\n<p><strong>s\u00f6\u00f6kla: <\/strong>4496297<br \/><strong>\u00f5pilaskodu: <\/strong>5220300<\/p>\n<p><a href=\"https:\/\/www.facebook.com\/tostamaakool\">https:\/\/www.facebook.com\/tostamaakool<\/a><\/p>\n<hr \/>\n<p><strong>Noorsoopolitseinik:<\/strong><br \/>tel 53812102\u00a0 Liina P\u00f5ldsalu\u00a0 \u00a0 liina.poldsalu@politsei.ee<\/p>\n<hr \/>\n<p><a href=\"https:\/\/maps.app.goo.gl\/4r12NEQw6UdZxPwx5\"><img decoding=\"async\" loading=\"lazy\" class=\"aligncenter size-full wp-image-8709\" src=\"https:\/\/tostamaa.edu.ee\/wp-content\/uploads\/2025\/02\/Kuvatommis-2025-02-10-094103.png\" alt=\"\" width=\"1887\" height=\"1122\" srcset=\"https:\/\/tostamaa.edu.ee\/wp-content\/uploads\/2025\/02\/Kuvatommis-2025-02-10-094103.png 1887w, https:\/\/tostamaa.edu.ee\/wp-content\/uploads\/2025\/02\/Kuvatommis-2025-02-10-094103-300x178.png 300w, https:\/\/tostamaa.edu.ee\/wp-content\/uploads\/2025\/02\/Kuvatommis-2025-02-10-094103-1024x609.png 1024w, https:\/\/tostamaa.edu.ee\/wp-content\/uploads\/2025\/02\/Kuvatommis-2025-02-10-094103-768x457.png 768w, https:\/\/tostamaa.edu.ee\/wp-content\/uploads\/2025\/02\/Kuvatommis-2025-02-10-094103-1536x913.png 1536w, https:\/\/tostamaa.edu.ee\/wp-content\/uploads\/2025\/02\/Kuvatommis-2025-02-10-094103-944x561.png 944w\" sizes=\"(max-width: 1887px) 100vw, 1887px\" \/><\/a><\/p>\n<hr \/>\n<p><a href=\"https:\/\/tostamaa.edu.ee\/wp-content\/uploads\/2015\/01\/koolimaja_170913.jpg\"><img decoding=\"async\" loading=\"lazy\" class=\"alignnone size-full wp-image-232\" src=\"https:\/\/tostamaa.edu.ee\/wp-content\/uploads\/2015\/01\/koolimaja_170913.jpg\" alt=\"koolimaja_170913\" width=\"1200\" height=\"795\" srcset=\"https:\/\/tostamaa.edu.ee\/wp-content\/uploads\/2015\/01\/koolimaja_170913.jpg 1200w, https:\/\/tostamaa.edu.ee\/wp-content\/uploads\/2015\/01\/koolimaja_170913-300x199.jpg 300w, https:\/\/tostamaa.edu.ee\/wp-content\/uploads\/2015\/01\/koolimaja_170913-1024x678.jpg 1024w\" sizes=\"(max-width: 1200px) 100vw, 1200px\" \/><\/a><\/p>\n<p><a href=\"https:\/\/tostamaa.edu.ee\/wp-content\/uploads\/2015\/01\/peatrepp-tostamaa.jpg\"><img decoding=\"async\" loading=\"lazy\" class=\"alignnone size-full wp-image-234\" src=\"https:\/\/tostamaa.edu.ee\/wp-content\/uploads\/2015\/01\/peatrepp-tostamaa.jpg\" alt=\"peatrepp tostamaa\" width=\"2464\" height=\"1632\" srcset=\"https:\/\/tostamaa.edu.ee\/wp-content\/uploads\/2015\/01\/peatrepp-tostamaa.jpg 2464w, https:\/\/tostamaa.edu.ee\/wp-content\/uploads\/2015\/01\/peatrepp-tostamaa-300x199.jpg 300w, https:\/\/tostamaa.edu.ee\/wp-content\/uploads\/2015\/01\/peatrepp-tostamaa-1024x678.jpg 1024w\" sizes=\"(max-width: 2464px) 100vw, 2464px\" \/><\/a><\/p>\n<p><a href=\"https:\/\/tostamaa.edu.ee\/wp-content\/uploads\/2015\/01\/DSC_2087.jpg\"><img decoding=\"async\" loading=\"lazy\" class=\"aligncenter size-full wp-image-2040\" src=\"https:\/\/tostamaa.edu.ee\/wp-content\/uploads\/2015\/01\/DSC_2087.jpg\" alt=\"dsc_2087\" width=\"1920\" height=\"1160\" srcset=\"https:\/\/tostamaa.edu.ee\/wp-content\/uploads\/2015\/01\/DSC_2087.jpg 1920w, https:\/\/tostamaa.edu.ee\/wp-content\/uploads\/2015\/01\/DSC_2087-300x181.jpg 300w, https:\/\/tostamaa.edu.ee\/wp-content\/uploads\/2015\/01\/DSC_2087-1024x619.jpg 1024w\" sizes=\"(max-width: 1920px) 100vw, 1920px\" \/><\/a><\/p>\n<p><a href=\"https:\/\/tostamaa.edu.ee\/wp-content\/uploads\/2015\/01\/DSC_2110.jpg\"><img decoding=\"async\" loading=\"lazy\" class=\"aligncenter size-full wp-image-2041\" src=\"https:\/\/tostamaa.edu.ee\/wp-content\/uploads\/2015\/01\/DSC_2110.jpg\" alt=\"dsc_2110\" width=\"2048\" height=\"1119\" srcset=\"https:\/\/tostamaa.edu.ee\/wp-content\/uploads\/2015\/01\/DSC_2110.jpg 2048w, https:\/\/tostamaa.edu.ee\/wp-content\/uploads\/2015\/01\/DSC_2110-300x164.jpg 300w, https:\/\/tostamaa.edu.ee\/wp-content\/uploads\/2015\/01\/DSC_2110-1024x560.jpg 1024w\" sizes=\"(max-width: 2048px) 100vw, 2048px\" \/><\/a><\/p>\n<p><a href=\"https:\/\/tostamaa.edu.ee\/wp-content\/uploads\/2015\/01\/88.jpg\"><img decoding=\"async\" loading=\"lazy\" class=\"aligncenter size-full wp-image-5831\" src=\"https:\/\/tostamaa.edu.ee\/wp-content\/uploads\/2015\/01\/88.jpg\" alt=\"\" width=\"2048\" height=\"1250\" srcset=\"https:\/\/tostamaa.edu.ee\/wp-content\/uploads\/2015\/01\/88.jpg 2048w, https:\/\/tostamaa.edu.ee\/wp-content\/uploads\/2015\/01\/88-300x183.jpg 300w, https:\/\/tostamaa.edu.ee\/wp-content\/uploads\/2015\/01\/88-768x469.jpg 768w, https:\/\/tostamaa.edu.ee\/wp-content\/uploads\/2015\/01\/88-1024x625.jpg 1024w\" sizes=\"(max-width: 2048px) 100vw, 2048px\" \/><\/a><\/p>\n\n","protected":false},"excerpt":{"rendered":"<p>Meie aadress:Kalli mnt 13, T\u00f5stamaa alevik, P\u00e4rnu linn, 88101e-post: kool@tostamaa.eetelefon +372 4496216 direktor: Toomas Mitt \u00a0tel 4496226; mob: 5261935; toomas.mitt@tostamaakool.parnu.ee\u00a0\u00f5ppejuht:\u00a0Maris Adler mob: 56965246; maris.adler@tostamaakool.parnu.ee\u00a0majandusjuhataja:\u00a0Kristiina Lepik mob: 53468635; kristiina.lepik@tostamaakool.parnu.eesekret\u00e4r kell 8-12: Tiina Sahtel tel 4496216; mob: 5220300; kool@tostamaa.ee s\u00f6\u00f6kla: 4496297\u00f5pilaskodu: 5220300 https:\/\/www.facebook.com\/tostamaakool Noorsoopolitseinik:tel 53812102\u00a0 Liina P\u00f5ldsalu\u00a0 \u00a0 liina.poldsalu@politsei.ee<\/p>\n","protected":false},"author":1,"featured_media":0,"parent":0,"menu_order":0,"comment_status":"closed","ping_status":"open","template":"","meta":{"footnotes":""},"_links":{"self":[{"href":"https:\/\/tostamaa.edu.ee\/index.php?rest_route=\/wp\/v2\/pages\/145"}],"collection":[{"href":"https:\/\/tostamaa.edu.ee\/index.php?rest_route=\/wp\/v2\/pages"}],"about":[{"href":"https:\/\/tostamaa.edu.ee\/index.php?rest_route=\/wp\/v2\/types\/page"}],"author":[{"embeddable":true,"href":"https:\/\/tostamaa.edu.ee\/index.php?rest_route=\/wp\/v2\/users\/1"}],"replies":[{"embeddable":true,"href":"https:\/\/tostamaa.edu.ee\/index.php?rest_route=%2Fwp%2Fv2%2Fcomments&post=145"}],"version-history":[{"count":5,"href":"https:\/\/tostamaa.edu.ee\/index.php?rest_route=\/wp\/v2\/pages\/145\/revisions"}],"predecessor-version":[{"id":8988,"href":"https:\/\/tostamaa.edu.ee\/index.php?rest_route=\/wp\/v2\/pages\/145\/revisions\/8988"}],"wp:attachment":[{"href":"https:\/\/tostamaa.edu.ee\/index.php?rest_route=%2Fwp%2Fv2%2Fmedia&parent=145"}],"curies":[{"name":"wp","href":"https:\/\/api.w.org\/{rel}","templated":true}]}}