{"id":159,"date":"2015-02-01T14:43:18","date_gmt":"2015-02-01T12:43:18","guid":{"rendered":"https:\/\/tostamaa.edu.ee\/?page_id=159"},"modified":"2015-12-17T11:34:12","modified_gmt":"2015-12-17T09:34:12","slug":"harivad-artiklid","status":"publish","type":"page","link":"https:\/\/tostamaa.edu.ee\/?page_id=159","title":{"rendered":"Harivad artiklid"},"content":{"rendered":"<p><a href=\"http:\/\/perejalaps.delfi.ee\/vaikelaps\/kuidas-me-ise-oma-lastest-eluaegsed-soltlased-teeme?id=73142137\">Kuidas me ise oma lastest eluaegsed s\u00f5ltlased teeme<\/a><a href=\"http:\/\/arvamus.postimees.ee\/2720624\/tonu-ots-lapse-uni?utm_source=arvamus.postimees.ee&amp;utm_medium=button_article&amp;utm_content=2720624&amp;utm_campaign=fb_social\"><br \/>\nT\u00f5nu Ots: <strong>lapse uni<\/strong><\/a><br \/>\n<a href=\"http:\/\/uudised.err.ee\/v\/arvamus\/bc527662-9a8f-4fda-b9f1-76cdb77933a3\">K\u00e4tlin Konstabel: laste <strong>k\u00e4itumisprobleemide lahendus peitub siiski kodus<\/strong>, mitte koolis<\/a><br \/>\n<a href=\"http:\/\/naine24.postimees.ee\/3380203\/leiti-veel-uks-pohjus-miks-tuleks-laste-suhkrusoomist-piirata\">Leiti veel \u00fcks p\u00f5hjus, miks tuleks laste <strong>suhkrus\u00f6\u00f6mist piirata<\/strong><\/a><br \/>\n<a href=\"http:\/\/perejalaps.delfi.ee\/pere\/kui-tahad-et-sinu-lapsest-kasvaks-onnelik-ja-tasakaalukas-inimene-siis-unusta-vabakasvatus?id=69565363\">Kui tahad, et sinu lapsest kasvaks \u00f5nnelik ja tasakaalukas inimene, siis <strong>unusta vabakasvatus<\/strong><\/a><br \/>\n<a href=\"http:\/\/tarbija24.postimees.ee\/226978\/miks-me-laseme-lastel-endale-pahe-istuda?utm_source=tarbija24.postimees.ee\"><strong>Miks me laseme lastel endale p\u00e4he istuda<\/strong>?<\/a><br \/>\n<a href=\"http:\/\/perejalaps.delfi.ee\/koolilaps\/11-pohjust-miks-soome-haridussusteem-on-teistest-edukam?id=71310897\">11 p\u00f5hjust, <strong>miks Soome hariduss\u00fcsteem on teistest edukam<\/strong><\/a><br \/>\n<a href=\"http:\/\/tervis.postimees.ee\/3095529\/psuhholoog-laste-liikumisaktiivsusest-soltub-eesti-rahva-tulevik\">Ps\u00fchholoog: <strong>laste liikumisaktiivsusest s\u00f5ltub Eesti rahva tulevik<\/strong><\/a><br \/>\n<a href=\"http:\/\/uudised.err.ee\/v\/arvamus\/bc527662-9a8f-4fda-b9f1-76cdb77933a3\">K\u00e4tlin Konstabel: <strong>laste k\u00e4itumisprobleemide lahendus peitub siiski kodus<\/strong>, mitte koolis<\/a><br \/>\n<a href=\"http:\/\/www.laanlane.ee\/article\/%C3%B5petaja-ott-anari-%C3%BCheksa-k%C3%BCsimust-suure-kodut%C3%B6%C3%B6koorma-vastu-protestivale-%C3%B5pilasele\">\u00d5petaja Ott Anari: <strong>\u00dcheksa k\u00fcsimust suure kodut\u00f6\u00f6koorma vastu protestivale \u00f5pilasele<\/strong><\/a><br \/>\n<a href=\"http:\/\/www.pealinn.ee\/koik-uudised\/kiitused-viite-asemel-eliitkoolid-loobuvad-laste-hinnetega-n29003\">KIITUSED VIITE ASEMEL: <strong>Eliitkoolid loobuvad laste hinnetega &#8220;piitsutamisest&#8221;<\/strong>\u00a0<\/a><br \/>\n<a href=\"http:\/\/rahvahaal.delfi.ee\/news\/uudised\/lapsevanem-mottetu-hindamissusteem-on-tekitanud-mu-lapsel-vastumeelsuse-lugemise-suhtes?id=70806897\">Lapsevanem:<strong> m\u00f5ttetu hindamiss\u00fcsteem on tekitanud mu lapsel vastumeelsuse lugemise suhtes<\/strong><\/a><br \/>\n<a href=\"http:\/\/novaator.err.ee\/v\/haridus\/91c7bb71-b9b6-41eb-bfaf-c95734f5edaf\">USA haridusekspert:<strong> Eesti \u00f5petajaskond tundub olevat haihtumise veerel<\/strong><\/a><br \/>\n<a href=\"https:\/\/tostamaa.edu.ee\/wp-content\/uploads\/2015\/02\/patsipunumise-t\u00f6\u00f6tuba.jpg\"><img decoding=\"async\" loading=\"lazy\" class=\"alignnone size-full wp-image-236\" src=\"https:\/\/tostamaa.edu.ee\/wp-content\/uploads\/2015\/02\/patsipunumise-t\u00f6\u00f6tuba.jpg\" alt=\"patsipunumise t\u00f6\u00f6tuba\" width=\"1420\" height=\"960\" srcset=\"https:\/\/tostamaa.edu.ee\/wp-content\/uploads\/2015\/02\/patsipunumise-t\u00f6\u00f6tuba.jpg 1420w, https:\/\/tostamaa.edu.ee\/wp-content\/uploads\/2015\/02\/patsipunumise-t\u00f6\u00f6tuba-300x203.jpg 300w, https:\/\/tostamaa.edu.ee\/wp-content\/uploads\/2015\/02\/patsipunumise-t\u00f6\u00f6tuba-1024x692.jpg 1024w\" sizes=\"(max-width: 1420px) 100vw, 1420px\" \/><\/a><\/p>\n","protected":false},"excerpt":{"rendered":"<p>Kuidas me ise oma lastest eluaegsed s\u00f5ltlased teeme T\u00f5nu Ots: lapse uni K\u00e4tlin Konstabel: laste k\u00e4itumisprobleemide lahendus peitub siiski kodus, mitte koolis Leiti veel \u00fcks p\u00f5hjus, miks tuleks laste suhkrus\u00f6\u00f6mist piirata Kui tahad, et sinu lapsest kasvaks \u00f5nnelik ja tasakaalukas inimene, siis unusta vabakasvatus Miks me laseme lastel endale p\u00e4he istuda? 11 p\u00f5hjust, miks Soome &hellip; <\/p>\n<p><a class=\"more-link btn\" href=\"https:\/\/tostamaa.edu.ee\/?page_id=159\">J\u00e4tka lugemist<\/a><\/p>\n","protected":false},"author":1,"featured_media":0,"parent":157,"menu_order":0,"comment_status":"closed","ping_status":"open","template":"","meta":{"footnotes":""},"_links":{"self":[{"href":"https:\/\/tostamaa.edu.ee\/index.php?rest_route=\/wp\/v2\/pages\/159"}],"collection":[{"href":"https:\/\/tostamaa.edu.ee\/index.php?rest_route=\/wp\/v2\/pages"}],"about":[{"href":"https:\/\/tostamaa.edu.ee\/index.php?rest_route=\/wp\/v2\/types\/page"}],"author":[{"embeddable":true,"href":"https:\/\/tostamaa.edu.ee\/index.php?rest_route=\/wp\/v2\/users\/1"}],"replies":[{"embeddable":true,"href":"https:\/\/tostamaa.edu.ee\/index.php?rest_route=%2Fwp%2Fv2%2Fcomments&post=159"}],"version-history":[{"count":5,"href":"https:\/\/tostamaa.edu.ee\/index.php?rest_route=\/wp\/v2\/pages\/159\/revisions"}],"predecessor-version":[{"id":1096,"href":"https:\/\/tostamaa.edu.ee\/index.php?rest_route=\/wp\/v2\/pages\/159\/revisions\/1096"}],"up":[{"embeddable":true,"href":"https:\/\/tostamaa.edu.ee\/index.php?rest_route=\/wp\/v2\/pages\/157"}],"wp:attachment":[{"href":"https:\/\/tostamaa.edu.ee\/index.php?rest_route=%2Fwp%2Fv2%2Fmedia&parent=159"}],"curies":[{"name":"wp","href":"https:\/\/api.w.org\/{rel}","templated":true}]}}