{"id":169,"date":"2015-02-02T08:47:28","date_gmt":"2015-02-02T06:47:28","guid":{"rendered":"https:\/\/tostamaa.edu.ee\/?page_id=169"},"modified":"2025-10-30T11:21:31","modified_gmt":"2025-10-30T09:21:31","slug":"keskkooli-lopetajad","status":"publish","type":"page","link":"https:\/\/tostamaa.edu.ee\/?page_id=169","title":{"rendered":"Keskkooli l\u00f5petajad"},"content":{"rendered":"<p>1957 I LEND<\/p>\n<p>1. Valve Kivim\u00e4e<br \/>\n2. \u00d5ie Kuura<br \/>\n3. Aino Marder<br \/>\n4. Leida M\u00e4tas<br \/>\n5. Ivi Rand<br \/>\n6. Elisabeth Sutt<br \/>\n7. Vaike Sutt<br \/>\n8. Silvi Tohv<br \/>\n9. Endel T\u00f5nisson<br \/>\n10. Meeli T\u00f5nissoo<\/p>\n<p>klassijuhataja: Arved Kiisa<\/p>\n<p>1958 II LEND<\/p>\n<p>1. Mari Janson<br \/>\n2. Jaak Kaisel<br \/>\n3. Ants Kunder<br \/>\n4. Andres Miidu<br \/>\n5. Evi Niine<br \/>\n6. Vaike Noppel<br \/>\n7. Aile Rand<br \/>\n8. Aino Vits<\/p>\n<p>klassijuhataja: Virve Sermat<\/p>\n<p>1959 III LEND<\/p>\n<p>1. Saima Aitaja<br \/>\n2. Leili Ernem\u00e4e<br \/>\n3. Laine Hansalu<br \/>\n4. Uno Itter<br \/>\n5. Liina Kaisel<br \/>\n6. Lea Kohk<br \/>\n7. Gluuni Kuura<br \/>\n8. Peeter K\u00fcnnapas<br \/>\n9. Velli Lehtla<br \/>\n10. Ellen Ojakallas<br \/>\n11. Mihkel Ristal<br \/>\n12. Elvi Seer<br \/>\n13. Artur Sutt<br \/>\n14. Arne Tamm<br \/>\n15. Vello Tamme<br \/>\n16. Leo Vanatoa<\/p>\n<p>klassijuhataja: Lembit Haavasalu<\/p>\n<p>1960 IV LEND<\/p>\n<p>1. Mare Aitaja<br \/>\n2. Helbe Eensalu<br \/>\n3. Helgi Kaja<br \/>\n4. Urve Koff<br \/>\n5. Viive K\u00e4sper<br \/>\n6. Niina Lorvi<br \/>\n7. Helle Meriluht<br \/>\n8. Mare Parma<br \/>\n9. Paul Pelisaar<br \/>\n10. Peeter Pelisaar<br \/>\n11. Arno Pirso<br \/>\n12. J\u00fcri Pirso<br \/>\n13. Aime Reinson<br \/>\n14. Valve Tammeniit<br \/>\n15. Vaike V\u00e4li<\/p>\n<p>klassijuhataja: Virve Sermat<\/p>\n<p>1961 V LEND<\/p>\n<p>1. Uno Annus<br \/>\n2. Ellen Ende<br \/>\n3. Leida Jaaniks<br \/>\n4. Maimu Juhasoo<br \/>\n5. Maret Kaja<br \/>\n6. Helve Kase<br \/>\n7. Silja Kiirats<br \/>\n8. Arne K\u00f6\u00f6sel<br \/>\n9. Vaike Leetma<br \/>\n10. Iivi Leppik<br \/>\n11. Juta Martinson<br \/>\n12. Malle N\u00f5mm<br \/>\n13. Silvi Rea<br \/>\n14. Enn Tinn<\/p>\n<p>klassijuhataja: Voldemar Virkus<\/p>\n<p>1962 VI LEND<\/p>\n<p>1. Eele Abro<br \/>\n2. Ene Estam<br \/>\n3. Viivi Freimann<br \/>\n4. Vello Joost<br \/>\n5. Vaike M\u00f6lderkivi<br \/>\n6. J\u00fcri Nuume<br \/>\n7. Aimi Parve<br \/>\n8. Eha Pirso<br \/>\n9. Mall Randva<br \/>\n10. Elve Raomets<br \/>\n11. Eha Rea<br \/>\n12. Lia S\u00fcvang<br \/>\n13. Tiiu Tell<br \/>\n14. Jaan Topp<br \/>\n15. Helmi Udu<\/p>\n<p>klassijuhataja: Ilmar Haas<\/p>\n<p>1963 VII LEND<\/p>\n<p>1. Eevi Eestalu<br \/>\n2. Viivi J\u00f5gi<br \/>\n3. Maimu Lilles<br \/>\n4. Aino Masso<br \/>\n5. Ilme Oders<br \/>\n6. Endel Rand<br \/>\n7. Helve Rand<br \/>\n8. Elsa Ring<br \/>\n9. Maimu Salumets<br \/>\n10. Liivi Tamm<br \/>\n11. Asta Vassiljeva<br \/>\n12. Eha Viita<\/p>\n<p>klassijuhataja: Reet Kama<\/p>\n<p>1964 VIII LEND<\/p>\n<p>1. Rael Annus<br \/>\n2. Hiie Kaasik<br \/>\n3. J\u00fcri Koff<br \/>\n4. Enno Madise<br \/>\n5. Luule Martson<br \/>\n6. Elfi Meriluht<br \/>\n7. Luule Noppel<br \/>\n8. Reinhold Reimand<br \/>\n9. Tiiu Siig<br \/>\n10. Luule Tammeniit<br \/>\n11. Helgi Tammer<br \/>\n12. Leida Tuulemees<\/p>\n<p>klassijuhataja: Helmi Hendrikson<\/p>\n<p>1966 IX LEND<\/p>\n<p>1. Kersti Ehrstein<br \/>\n2. Elju Ernem\u00e4e<br \/>\n3. Vilja Juhkam<br \/>\n4. Anne Kunder<br \/>\n5. Mati Kuut<br \/>\n6. Ants Pirso<br \/>\n7. Ats Pulk<br \/>\n8. Hendrik Raist<br \/>\n9. Arnold Sch\u00e4r<br \/>\n10. Alli Seiman<br \/>\n11. Mae Tell<\/p>\n<p>klassijuhataja: Senta Mihkelsoo<\/p>\n<p>1967 X LEND<\/p>\n<p>1. Lea Allikas<br \/>\n2. Mai Lumi<br \/>\n3. Paul Martinson<br \/>\n4. Hilja Merimaa<br \/>\n5. Tiiu Palts<br \/>\n6. Enn Parviste<br \/>\n7. J\u00fcri Reinson<br \/>\n8. T\u00f5nu Sooaru<br \/>\n9. Salme Tarro<br \/>\n10. Elve Toomenurm<\/p>\n<p>klassijuhataja: Rein Abel<\/p>\n<p>1968 XI LEND<\/p>\n<p>1. Virve Greenfeldt<br \/>\n2. Ain Heinluht<br \/>\n3. Ilmar Hendrikson<br \/>\n4. Hille Jaansoo<br \/>\n5. Sirje Kukk<br \/>\n6. Aadu L\u00fchiste<br \/>\n7. Helle Raudsepp<br \/>\n8. Ilme Selberg<br \/>\n9. Silje Viita<\/p>\n<p>klassijuhataja: Elvi Jaakson<\/p>\n<p>1969 XII LEND<\/p>\n<p>1. Liivi Brand<br \/>\n2. Eeri Jansen<br \/>\n3. Valve Kiirats<br \/>\n4. Kersti Kirsim\u00e4gi<br \/>\n5. Imbi L\u00f5\u00f5bas<br \/>\n6. Luule Niit<br \/>\n7. Aavo Pulk<br \/>\n8. Eha Riis<br \/>\n9. Urve Ristal<br \/>\n10. Enn Vahuvee<\/p>\n<p>klassijuhataja: Toomas Varrak<\/p>\n<p>1984 XIII LEND<\/p>\n<p>1. Kalle Aava<br \/>\n2. Renate Jaansoo<br \/>\n3. Hiie Kaelep<br \/>\n4. Maie Kiigajaan<br \/>\n5. Dagmar Klaats<br \/>\n6. Ly Laas<br \/>\n7. Urve Metsam\u00e4rt<br \/>\n8. Jaanus Noppel<br \/>\n9. Aime Oad<br \/>\n10. Kaire Oks<br \/>\n11. K\u00fcllike Press<br \/>\n12. Rain Randmaa<br \/>\n13. Enno Siim<br \/>\n14. Merike Tuisk<br \/>\n15. Marelle Veinj\u00e4rv<\/p>\n<p>klassijuhataja: Lehte Miido<\/p>\n<p>1985 XIV LEND<\/p>\n<p>1. Liili Aaslaid<br \/>\n2. Marko Allikas<br \/>\n3. Merle Einola<br \/>\n4. Tiina Irdt<br \/>\n5. Jana Janson<br \/>\n6. Einar Kaelep<br \/>\n7. Svetlana Kepp<br \/>\n8. Malle Kiigajaan<br \/>\n9. Piret Kuld<br \/>\n10. Aivar Laine<br \/>\n11. Margus N\u00f5mm<br \/>\n12. Merje Randm\u00e4e<br \/>\n13. Merike Sch\u00e4r<br \/>\n14. Monika Sch\u00e4r<br \/>\n15. Hele-Ly Selge<br \/>\n16. Piret Tinn<br \/>\n17. Harvet Toots<br \/>\n18. Raimond Volgerad<\/p>\n<p>klassijuhataja: Jaak Valgev\u00e4li<\/p>\n<p>1986 XV LEND<\/p>\n<p>1. Taimo Aksin<br \/>\n2. Marek Jaansoo<br \/>\n3. Viljar Karlep<br \/>\n4. Kaie Kask<br \/>\n5. K\u00fclli Lumera<br \/>\n6. Enn Martson<br \/>\n7. Margus Noppel<br \/>\n8. Anu Uibu<br \/>\n9. Rain Veinj\u00e4rv<br \/>\n10. Kaja Viita<\/p>\n<p>klassijuhataja: Toomas R\u00f5hu<\/p>\n<p>1987 XVI LEND<\/p>\n<p>1. Liia Aksin<br \/>\n2. Aire Anson<br \/>\n3. Anneli Anson<br \/>\n4. Aivar J\u00f5e<br \/>\n5. Eha Laas<br \/>\n6. Ardi Laur<br \/>\n7. Andres Martson<br \/>\n8. \u00dclle Palusalu<br \/>\n9. Andrus Pirso<br \/>\n10. Kaire Ristikivi<br \/>\n11. J\u00fcri Saatm\u00e4e<br \/>\n12. \u00d5nne Sireli<br \/>\n13. Annika Sutt<br \/>\n14. Marve Taggo<br \/>\n15. Maire Tohv<br \/>\n16. Marge Vallim\u00e4e<br \/>\n17. Varje Vesker<br \/>\n18. Piret Volgerad<\/p>\n<p>klassijuhataja: \u00d5ie Jaansoo<\/p>\n<p>1988 XVII LEND<\/p>\n<p>1. Anneli Aksin<br \/>\n2. Merle Aksin<br \/>\n3. Inge Heinsalu<br \/>\n4. Janne Jaansoo<br \/>\n5. Urmas J\u00f5e<br \/>\n6. J\u00fcri M\u00e4nnikus<br \/>\n7. Merle Palmiste<br \/>\n8. Tiiu Pirso<br \/>\n9. Tanel Press<br \/>\n10. Ruth Raavik<br \/>\n11. Katrin E. Rand<br \/>\n12. Katrin R. Rand<br \/>\n13. Aivo S\u00f5erd<br \/>\n14. Tiina Tammiku<br \/>\n15. Kristiina Teki<br \/>\n16. \u00d5rne Vahtra<\/p>\n<p>klassijuhataja: Urmas Reinfeldt<\/p>\n<p>1989 XVIII LEND<\/p>\n<p>1. Marge J\u00f5gi<br \/>\n2. Ene K\u00e4sper<br \/>\n3. Laivi Martson<br \/>\n4. Liia Oidj\u00e4rv<br \/>\n5. Ahto Peters<br \/>\n6. Terje Mirk<br \/>\n7. Raimo Rand<br \/>\n8. Terry Rea<br \/>\n9. Andrus R\u00e4bus<br \/>\n10. Maire Seppama<\/p>\n<p>klassijuhataja: Urmas Reinfeldt<\/p>\n<p>1990 XIX LEND<\/p>\n<p>1. Priit Adams<br \/>\n2. Age Adler<br \/>\n3. Janne Jaakson<br \/>\n4. Janek Jaansoo<br \/>\n5. Maaja Juhkam<br \/>\n6. Merike J\u00f5gi<br \/>\n7. Monica J\u00e4\u00e4ger<br \/>\n8. Pille Kruusim\u00e4gi<br \/>\n9. Pilvi Martson<br \/>\n10. K\u00fclli Merimaa<br \/>\n11. Tarmo Oidj\u00e4rv<br \/>\n12. Helen Ojakallas<br \/>\n13. Janek Ojam\u00e4e<br \/>\n14. Olev Peters<br \/>\n15. Piret Tamm<br \/>\n16. Gerle Vagner<\/p>\n<p>klassijuhataja: \u00d5ie Jaansoo<\/p>\n<p>1991 XX LEND<\/p>\n<p>1. M\u00e4rt Altpuu<br \/>\n2. Piret Berggr\u00fcnfeldt<br \/>\n3. Illar Bergmann<br \/>\n4. Tiina Einola<br \/>\n5. Inga Jaakson<br \/>\n6. Piret Jaakson<br \/>\n7. Kaili Juhkam<br \/>\n8. Karin Karlep<br \/>\n9. Aire Karus<br \/>\n10. Katrin Kasemets<br \/>\n11. Kaire Kott<br \/>\n12. Katrin Melnik<br \/>\n13. Merli Mirk<br \/>\n14. Alvar Nurm<br \/>\n15. Piia Press<\/p>\n<p>Klassijuhataja: Kersti Valgev\u00e4li<\/p>\n<p>1992 XXI LEND<\/p>\n<p>1. Marju Adams<br \/>\n2. Aire Adler<br \/>\n3. Hasko Kepp<br \/>\n4. Karin Miidu<br \/>\n5. Anneli Padu<br \/>\n6. Jane Padu<br \/>\n7. Signe P\u00f5ldroos<br \/>\n8. Ivi Sludnikova<br \/>\n9. Katrin Uibu<br \/>\n10. Valvo Volgerad<\/p>\n<p>klassijuhataja: Mari L\u00fchiste<\/p>\n<p>1993 XXII LEND<\/p>\n<p>1. Tomek Jaansoo<br \/>\n2. Valdis Noppel<br \/>\n3. Katrin Somelar<br \/>\n4. Marek Tamm<br \/>\n5. Inger Vahuvee<br \/>\n6. Annes Vainam\u00e4e<br \/>\n7. Helina Volgerad<\/p>\n<p>klassijuhataja: Viivi Karlep<\/p>\n<p>1994 XXIII LEND<\/p>\n<p>1. Liia Berggr\u00fcnfeldt<br \/>\n2. Maili Berggr\u00fcnfeldt<br \/>\n3. Hedy Jaagu<br \/>\n4. Kristiina M\u00e4e<br \/>\n5. Relika M\u00e4ndla<br \/>\n6. Margit Rand<br \/>\n7. J\u00fcri Rea<br \/>\n8. Rita Truuv\u00e4lja<br \/>\n9. Meelis T\u00f5nismaa<br \/>\n10. Kati T\u00f5nissoo<br \/>\n11. Erika T\u00fcrk<br \/>\n12. Tiina Urm<br \/>\n13. Merle Virkus<\/p>\n<p>klassijuhataja: Vilja R\u00e4bus<\/p>\n<p>1995 XXIV LEND<\/p>\n<p>1. Ago Adler<br \/>\n2. Alan Karus<br \/>\n3. K\u00e4de Laanearu<br \/>\n4. Kristiina Lepik<br \/>\n5. Karin Lumera<br \/>\n6. Maia Pavlova<br \/>\n7. Mari Piirme<br \/>\n8. K\u00fclli P\u00e4rnpuu<br \/>\n9. Riivo Rand<br \/>\n10. Marek Salk<br \/>\n11. Lauri Tammela<br \/>\n12. Eneken Vallim\u00e4e<br \/>\n13. Eve Varma<br \/>\n14. Rita Velikok<br \/>\n15. Ivar Vinkler<\/p>\n<p>klassijuhataja: Urmas Reinfeldt<\/p>\n<p>1996 XXV LEND<\/p>\n<p>1. Aili Aavik<br \/>\n2. Velle Berggr\u00fcnfeldt<br \/>\n3. Inga Jevsejeva<br \/>\n4. Aro K\u00fctt<br \/>\n5. Viljo L\u00fchiste<br \/>\n6. Kuldar Merimaa<br \/>\n7. Moonika Miidu<br \/>\n8. Harles Pert<br \/>\n9. K\u00e4rt Somelar<br \/>\n10. Egle Varma<\/p>\n<p>klassijuhataja: Elve Abram<\/p>\n<p>1997 XXVI LEND<\/p>\n<p>1. Ilmar Juurik<br \/>\n2. Liina K\u00e4\u00e4r<br \/>\n3. Evelyn Lil\u00e4nder<br \/>\n4. Ene Lobja<br \/>\n5. Rando Rand<br \/>\n6. Jaan Rea<br \/>\n7. Marko Tjurin<br \/>\n8. Indrek Torilo<br \/>\n9. Hardo Vahem\u00e4e<br \/>\n10. Deivid V\u00e4\u00e4ra<\/p>\n<p>klassijuhataja: Margus Noppel<\/p>\n<p>1998 XXVII LEND<\/p>\n<p>1.Aile Adams<br \/>\n2.Heleri Bauer<br \/>\n3.Ain-Ervin Karlson<br \/>\n4.Ardo K\u00e4\u00e4r<br \/>\n5.Marika Leas<br \/>\n6.Marek Lind<br \/>\n7.Kaido Martson<br \/>\n8.Mari-Liis Pihlak<br \/>\n9.Venno Press<br \/>\n10.Joel Pulk<br \/>\n11.Marge P\u00e4\u00e4stel<br \/>\n12.Andres Sahtel<br \/>\n13.Diana Salk<br \/>\n14.Raido Salk<br \/>\n15.Herje Vahem\u00e4e<\/p>\n<p>klassijuhataja: \u00d5ie Jaansoo<\/p>\n<p>1999 XXVIII LEND<\/p>\n<p>1. Alo Adler<br \/>\n2. Liina Allipere<br \/>\n3. Peeter Juurik<br \/>\n4. Anneli Karlson<br \/>\n5. Indrek Meras<br \/>\n6. Kaidi Pirso<br \/>\n7. Marek P\u00e4\u00e4stel<br \/>\n8. Tiina Sahtel<br \/>\n9. Kristi Tammela<br \/>\n10. Erkki Valdaru<br \/>\n11. Tea Vallim\u00e4e<br \/>\n12. Herkki Vare<\/p>\n<p>klassijuhataja: Aivar Luhaorg<\/p>\n<p>2000 XXIX LEND<\/p>\n<p>1. Bronek Alpius<br \/>\n2. Argo Kaelep<br \/>\n3. Veinica Leibur<br \/>\n4. Priidik Maninen<br \/>\n5. Karmen Martel<br \/>\n6. Ave Martson<br \/>\n7. Raina Pavlova<br \/>\n8. Raidi Rand<br \/>\n9. Elmo Vahem\u00e4e<\/p>\n<p>klassijuhataja: Ants Pirso<\/p>\n<p>2001 XXX LEND<\/p>\n<p>1. T\u00f5nis Karlep<br \/>\n2. Gerli Losseva<br \/>\n3. Liisy P\u00f5ltsam<br \/>\n4. Moonika Seppama<br \/>\n5. Piret Teras<br \/>\n6. Astrit Trei<br \/>\n7. Ave Vene<\/p>\n<p>klassijuhataja: Mari L\u00fchiste<\/p>\n<p>2002 XXXI LEND<\/p>\n<p>1. Mairit Hindrim\u00e4<br \/>\n2. Merle Leas<br \/>\n3. Rain Leova<br \/>\n4. Erko Oidersalu<br \/>\n5. Anna-Kaisa Saar<br \/>\n6. Aimar Siliv\u00e4lja<\/p>\n<p>klassijuhataja: Viivi Karlep<\/p>\n<p>2003 XXXII LEND<\/p>\n<p>1. Marianne Algpeus<br \/>\n2. Kaarel Altm\u00e4e<br \/>\n3. Gert Haller<br \/>\n4. \u00dclar Juurik<br \/>\n5. Pille-Riin J\u00f5gi<br \/>\n6. Merit Kaelep<br \/>\n7. Liina Kingsep<br \/>\n8. Tarmo Laan<br \/>\n9. Egle Leetmaa<br \/>\n10. Reena Pavlova<br \/>\n11. Hannes Salu<br \/>\n12. Eiri Siliv\u00e4lja<br \/>\n13. Kristin Trei<\/p>\n<p>klassijuhataja: Heli Kvell<\/p>\n<p>2004 XXXIII LEND<\/p>\n<p>1. Silver Juurik<br \/>\n2. Jaanus J\u00f5gisu<br \/>\n3. Argo Mirk<br \/>\n4. Fritjo Pukk<br \/>\n5. Margit Pusse<br \/>\n6. Egle P\u00e4rn<br \/>\n7. Margit P\u00e4\u00e4stel<br \/>\n8. Viljar Soosaar<br \/>\n9. Reelika Teearu<br \/>\n10. Ave Tuisk<\/p>\n<p>klassijuhataja: Triinu Pert<\/p>\n<p>2005 XXXIV LEND<\/p>\n<p>1. Alar Karjel<br \/>\n2. Katrin Kivisild<br \/>\n3. Reigo M\u00e4ndla<br \/>\n4. Janno Palits<br \/>\n5. Romet Palits<br \/>\n6. Elo Pulk<br \/>\n7. Rainer Rand<br \/>\n8. Andra Vaaks<br \/>\n9. Daana Vee\u00e4\u00e4r<\/p>\n<p>klassijuhataja: Reene Tammearu<\/p>\n<p>2006 XXXV LEND<\/p>\n<p>1. Grete Adler<br \/>\n2. Imbi Alpius<br \/>\n3. Aivar Juurik<br \/>\n4. Kristel J\u00fcrgens<br \/>\n5. Gerli Lutv\u00e4rk<br \/>\n6. Merlin Miido<br \/>\n7. Madli P\u00f5ltsam<br \/>\n8. Evelin Seppor<br \/>\n9. Madli Soovik<br \/>\n10. Andres T\u00f6lp<br \/>\n11. Mari Vahter<\/p>\n<p>klassijuhataja: Heili Timm<\/p>\n<p>2007 XXXVI LEND<\/p>\n<p>1. Liis Heinsalu<br \/>\n2. Ida Joao<br \/>\n3. Karoliine Kask<br \/>\n4. Marie Kriisa (kuldmedal)<br \/>\n5. \u00d5ie Merimaa (h\u00f5bemedal)<br \/>\n6. Maanus Midri*<br \/>\n7. Ave M\u00e4gi<br \/>\n8. Raili M\u00e4nnam\u00e4e (kuldmedal)<br \/>\n9. Liisa Randm\u00e4e (kuldmedal)<br \/>\n10. Hele Ring<br \/>\n11. Kadri Salu<br \/>\n12. Eda Vallim\u00e4e<\/p>\n<p>klassijuhataja: Ene Jurjev<\/p>\n<p>* \u00f5ppis koos 31. lennu \u00f5pilastega<\/p>\n<p>2008 XXXVII LEND<\/p>\n<p>1. Brethy Brenner<br \/>\n2. Karin Kiisler<br \/>\n3. Triin Lepik<br \/>\n4. Kersti Merimaa<br \/>\n5. Merilin Mitt (kuldmedal)<br \/>\n6. Renate M\u00e4nnam\u00e4e<br \/>\n7. Maido Palusalu<br \/>\n8. Janne Pedaja<\/p>\n<p>klassijuhataja: Galina M\u00e4ndla<\/p>\n<p>2009 XXXVIII LEND<\/p>\n<p>1. Artur Hansen<br \/>\n2. Mari-Jaana Jaagu (h\u00f5bemedal)<br \/>\n3. Triin Karotam*<br \/>\n4. Kerle Mikk*<br \/>\n5. Marvin Mitt<br \/>\n6. Karolin Pikner<br \/>\n7. Liina P\u00e4rn<br \/>\n8. J\u00fcrgen Rand<br \/>\n9. Sigrid Rand<br \/>\n10. Karlo Salu<br \/>\n11. Hannes Vahem\u00e4e<br \/>\n12. Hardi Vassiljev<br \/>\n13. Gloria Vimberg<\/p>\n<p>klassijuhataja: Mari L\u00fchiste<\/p>\n<p>* \u00f5ppis koos 36. lennu \u00f5pilastega<\/p>\n<p>2010 XXXIX LEND<\/p>\n<p>1. Maila Heindla<br \/>\n2. Siim Heindla<br \/>\n3. Sander Juurik<br \/>\n4. Taive Kivisild<br \/>\n5. Merle Lallo<br \/>\n6. Argo Leerima<br \/>\n7. Evelin Leerima (h\u00f5bemedal)<br \/>\n8. Lehis Aire<br \/>\n9. Mailis Palusalu (kuldmedal)<br \/>\n10. Robert Rand<br \/>\n11. Mart Randm\u00e4e<br \/>\n12. Stiina-Riin Saar<br \/>\n13. Nele Tamm<br \/>\n14. Taavi T\u00f5nisson<\/p>\n<p>klassijuhataja: Maris Adler<\/p>\n<p>2011 XL LEND<\/p>\n<p>1. Hedi Gretski<br \/>\n2. Signe Heindla<br \/>\n3. Mihkel J\u00f5e<br \/>\n4. Mariia Kalbach<br \/>\n5. Liina Laasma<br \/>\n6. Mariliis Lillemets<br \/>\n7. Lauri M\u00f6lder<br \/>\n8. Maali Pert<br \/>\n9. Laura P\u00e4rna<br \/>\n10. Riina Reinson<br \/>\n11. Tanel Tambre<\/p>\n<p>klassijuhataja: Inger Vahuvee<\/p>\n<p>2012 XLI LEND<\/p>\n<p>1. Andreas Leerima<br \/>\n2. Gerda Meriorg<br \/>\n3. Heiko M\u00e4ndla<br \/>\n4. Sten-Ander Ojakallas<br \/>\n5. Tauri Palberg<br \/>\n6. Mario Press<br \/>\n7. Aivo T\u00f5nning<br \/>\n8. Anna Vahter<br \/>\n9. Ade-Riin Vene<\/p>\n<p>klassijuhataja: Maris Adler<\/p>\n<p>2013 XLII LEND<\/p>\n<p>1. Ralf Aksin<br \/>\n2. Keiu Anderson<br \/>\n3. Sergo Berggr\u00fcnfeldt<br \/>\n4. Heiko H\u00e4ng<br \/>\n5. Kaarel Kase<br \/>\n6. Liis Leerima<br \/>\n7. Heidi M\u00f5ttus<br \/>\n8. Maarja Press<br \/>\n9. Ly-Andra P\u00e4rnaste<br \/>\n10. Maarjan Rand (kuldmedal)<br \/>\n11. J\u00fcri S\u00e4\u00e4sk<br \/>\n12. Kristiina Vassiljeva<\/p>\n<p>klassijuhataja: Inger Vahuvee<\/p>\n<p>2014 XLIII LEND<\/p>\n<p>1. Ingmar Juurik<br \/>\n2. Kristiina Kullerkupp<br \/>\n3. Kristjan Kullerkupp<br \/>\n4. Getlin Maruse<br \/>\n5. Maret Palusalu (kuldmedal)<br \/>\n6. Caisy Sutt<br \/>\n7. Daisy Tambre<br \/>\n8. Aaro Videvik<\/p>\n<p>klassijuhataja: Ivi Kask<\/p>\n<p>2015 XLIV LEND<\/p>\n<p>1.\u00a0Mai Gentalen<br \/>\n2.\u00a0Kristofer Juss<br \/>\n3.\u00a0Gert Kandelin<br \/>\n4.\u00a0Kristjan Kase<br \/>\n5.\u00a0Triin Tugim<\/p>\n<p>klassijuhataja: Karin Mitt<\/p>\n<p>2016 XLV\u00a0LEND<\/p>\n<p>1.\u00a0Siiri Heindla<br \/>\n2.\u00a0Agnes Janson<br \/>\n3.\u00a0Laura J\u00f5e (kuldmedal)<br \/>\n4.\u00a0Gerda Maruse<br \/>\n5.\u00a0Loret Miidu (h\u00f5bemedal)<br \/>\n6.\u00a0Janno Pavlov<br \/>\n7.\u00a0Heiko Piirme<br \/>\n8.\u00a0Richard Veev\u00e4li<br \/>\n9.\u00a0Anelle V\u00e4li<\/p>\n<p>klassijuhataja: Galina M\u00e4ndla<\/p>\n<p>2017 XLVI LEND<\/p>\n<p>1.\u00a0Karen Adler<br \/>\n2.\u00a0Gert Gentalen<br \/>\n3.\u00a0Kuldar Juurik<br \/>\n4.\u00a0Andrus Kiisler<br \/>\n5.\u00a0Veljo Kullerkupp<br \/>\n6. Merit Lobja<br \/>\n7.\u00a0Marge Maruse<br \/>\n8.\u00a0Silva-Astrid Sommer<br \/>\n9.\u00a0Tanel Tuulmees<br \/>\n10. Teele T\u00f5nisson (h\u00f5bemedal)<\/p>\n<p>klassijuhataja:\u00a0Grete Tomson<\/p>\n<p>2018 XLVII LEND<\/p>\n<p>1.\u00a0Alari Alev<br \/>\n2.\u00a0Ott Odes<br \/>\n3.\u00a0Jonathan Jyrki Petrelius<br \/>\n4.\u00a0Liisbeth Sikk<br \/>\n5.\u00a0Oskar Tamm (kuldmedal)<br \/>\n6. Oik Vanam\u00f6lder<\/p>\n<p>klassijuhataja:\u00a0Sven Tallo<\/p>\n<p>2019 XLVIII LEND<\/p>\n<p>1. Anna-Maiam K\u00e4\u00e4r (kuldmedal)<br \/>\n2. Kertu Lille<br \/>\n3. Kender Sutt (h\u00f5bemedal)<br \/>\n4. Kersti Vein\u0161teins<\/p>\n<p>klassijuhataja: Aimar Siliv\u00e4lja<\/p>\n<p>2020 XLIX LEND<\/p>\n<p>1. Heliine Gurjanov<br \/>\n2. Keily Kerem<br \/>\n3. Laura Lii M\u00f6lder<br \/>\n4. Annika Paalberg<br \/>\n5. Niklas Jaakko Petrelius<br \/>\n6. Kristjan Sireli<\/p>\n<p>klassijuhataja: Heili Timm<\/p>\n<p>2021 L LEND<\/p>\n<p>1. Maris Kereme<br \/>\n2. Mark Kiradi<br \/>\n3. Sten Teesalu<br \/>\n4. Mathilda-Maria Tork<br \/>\n5. Mariliis Uibopuu<\/p>\n<p>klassijuhataja: Aimar Siliv\u00e4lja<\/p>\n<p>2022 LI LEND<\/p>\n<p>1. Kaieriin Bart<br \/>\n2. K\u00e4rt Elism\u00e4e<br \/>\n3. Rainer Juurik<br \/>\n4. Diandra Kirs<br \/>\n5. Marta Kommer<br \/>\n6. Elise Kulvere<br \/>\n7. Sten-Jents K\u00e4\u00e4rt<br \/>\n8. Markus Loginov<br \/>\n9. Risto Rand (h\u00f5bemedal)<br \/>\n10. Mark Sander Salk<br \/>\n11. Stever Vahkel<\/p>\n<p>klassijuhataja: Ivi Kask<\/p>\n<p>2023 LII LEND<\/p>\n<p>1. Meeli-Margit Ilja\u0161enko<br \/>\n2. Anny Kerem<br \/>\n3. Ana-Maria M\u00fc\u00fcr<br \/>\n4. Rebecca Pulk<br \/>\n5. Kevin P\u00e4\u00e4stel<br \/>\n6. Marleen Sahtel (kuldmedal)<br \/>\n7. Grettel Soonisoo (kuldmedal)<\/p>\n<p>klassijuhataja: Ene Lehtsalu<\/p>\n<p>2024 LIII LEND<\/p>\n<p>1. Magnus Janson*<br \/>\n2. Kristo Karelsohn<br \/>\n3. Rita Nine (kuldmedal)<br \/>\n4. Angela Pelgonen<br \/>\n5. Markus Press<br \/>\n6. Lauri Tuhkanen<\/p>\n<p>klassijuhataja: Ene Lehtsalu<\/p>\n<p>* \u00f5ppis koos 52. lennu \u00f5pilastega<\/p>\n<p>2025 LIV LEND<\/p>\n<p>1. Merili Adler<br \/>\n2. J\u00fcri Vikenti Ilvest<br \/>\n3. Hevenli Ka\u0161kin<br \/>\n4. Anett Kereme<br \/>\n5. Manivald Muuga<br \/>\n6. Rasmus Ojala<br \/>\n7. Emma Liisa Salk (h\u00f5bemedal)<br \/>\n8. Emma Sang<br \/>\n9. Alvar Vainura<\/p>\n<p>klassijuhataja: Ene Lehtsalu<\/p>\n","protected":false},"excerpt":{"rendered":"<p>1957 I LEND 1. Valve Kivim\u00e4e 2. \u00d5ie Kuura 3. Aino Marder 4. Leida M\u00e4tas 5. Ivi Rand 6. Elisabeth Sutt 7. Vaike Sutt 8. Silvi Tohv 9. Endel T\u00f5nisson 10. Meeli T\u00f5nissoo klassijuhataja: Arved Kiisa 1958 II LEND 1. Mari Janson 2. Jaak Kaisel 3. Ants Kunder 4. Andres Miidu 5. Evi Niine 6. &hellip; <\/p>\n<p><a class=\"more-link btn\" href=\"https:\/\/tostamaa.edu.ee\/?page_id=169\">J\u00e4tka lugemist<\/a><\/p>\n","protected":false},"author":1,"featured_media":0,"parent":164,"menu_order":0,"comment_status":"closed","ping_status":"open","template":"","meta":{"footnotes":""},"_links":{"self":[{"href":"https:\/\/tostamaa.edu.ee\/index.php?rest_route=\/wp\/v2\/pages\/169"}],"collection":[{"href":"https:\/\/tostamaa.edu.ee\/index.php?rest_route=\/wp\/v2\/pages"}],"about":[{"href":"https:\/\/tostamaa.edu.ee\/index.php?rest_route=\/wp\/v2\/types\/page"}],"author":[{"embeddable":true,"href":"https:\/\/tostamaa.edu.ee\/index.php?rest_route=\/wp\/v2\/users\/1"}],"replies":[{"embeddable":true,"href":"https:\/\/tostamaa.edu.ee\/index.php?rest_route=%2Fwp%2Fv2%2Fcomments&post=169"}],"version-history":[{"count":5,"href":"https:\/\/tostamaa.edu.ee\/index.php?rest_route=\/wp\/v2\/pages\/169\/revisions"}],"predecessor-version":[{"id":9463,"href":"https:\/\/tostamaa.edu.ee\/index.php?rest_route=\/wp\/v2\/pages\/169\/revisions\/9463"}],"up":[{"embeddable":true,"href":"https:\/\/tostamaa.edu.ee\/index.php?rest_route=\/wp\/v2\/pages\/164"}],"wp:attachment":[{"href":"https:\/\/tostamaa.edu.ee\/index.php?rest_route=%2Fwp%2Fv2%2Fmedia&parent=169"}],"curies":[{"name":"wp","href":"https:\/\/api.w.org\/{rel}","templated":true}]}}