{"id":1725,"date":"2016-06-17T19:05:13","date_gmt":"2016-06-17T17:05:13","guid":{"rendered":"https:\/\/tostamaa.edu.ee\/?page_id=1725"},"modified":"2017-11-09T09:21:19","modified_gmt":"2017-11-09T07:21:19","slug":"kohustuslik-kirjandus","status":"publish","type":"page","link":"https:\/\/tostamaa.edu.ee\/?page_id=1725","title":{"rendered":"Soovituslik kirjandus"},"content":{"rendered":"<p>&nbsp;<\/p>\n<p><b><u>5.\u00a0<\/u><\/b><strong><u> klass<\/u><\/strong><\/p>\n<ul>\n<li>A.Lindgren &#8220;Meisterdetektiiv Blomkvist&#8221; v\u00f5i &#8220;Meisterdetektiiv Blomkvist ohtlik elu&#8221; v\u00f5i &#8220;Kalle Blomkvist ja Rasmus&#8221;<\/li>\n<li>Erich K\u00e4stner &#8220;Veel \u00fcks Lotte&#8221;<\/li>\n<li>Richard Roht &#8220;Jutte loomadrest&#8221;<\/li>\n<li>Annie M.G.Schmidt &#8220;Viplala lood&#8221;<\/li>\n<\/ul>\n<p>&nbsp;<\/p>\n<p><strong><u>6. klass<\/u><\/strong><\/p>\n<div class=\"_n_p3\">\n<div class=\"conductorContent\" tabindex=\"-1\">\n<div id=\"primaryContainer\" class=\"_n_e\">\n<div>\n<div class=\"conductorContent\" tabindex=\"-1\">\n<div class=\"_n_T\">\n<div class=\"_n_X\">\n<div class=\"_n_X\">\n<div>\n<div class=\"_n_X\">\n<div class=\"_n_Y\">\n<div class=\"allowTextSelection\">\n<div class=\"conductorContent\">\n<div class=\"_rp_f\" tabindex=\"-1\">\n<div class=\"_rp_f allowTextSelection\">\n<div class=\"_rp_g allowTextSelection customScrollBar scrollContainer\" tabindex=\"-1\">\n<div>\n<div tabindex=\"-1\">\n<div tabindex=\"-1\">\n<div tabindex=\"0\">\n<div>\n<div class=\"_rp_a5\" tabindex=\"-1\">\n<div class=\"_rp_M4 ms-border-color-neutralLight ShowReferenceAttachmentsLinks ShowConsesusSchedulingLink\" tabindex=\"-1\">\n<div class=\"_rp_Z4 _rp_Y4\">\n<div>\n<div id=\"Item.MessagePartBody\" class=\"_rp_O4\">\n<div id=\"Item.MessageUniqueBody\" class=\"_rp_P4 ms-font-weight-regular ms-font-color-neutralDark rpHighlightAllClass rpHighlightBodyClass\" style=\"font-family: 'wf_segoe-ui_normal','Segoe UI','Segoe WP',Tahoma,Arial,sans-serif,serif,'EmojiFont';\">\n<div class=\"rps_7e22\">\n<div>\n<div>\n<div dir=\"ltr\">\n<ul>\n<li>A. Lindgren &#8220;R\u00f6\u00f6vlit\u00fctar Ronja&#8221;<\/li>\n<li>A. Pervik &#8220;Arabella, merer\u00f6\u00f6vli t\u00fctar&#8221;<\/li>\n<li>Otfried Preussler &#8220;Krabat&#8221;<\/li>\n<li>John R.R. Tolkinen &#8220;K\u00e4\u00e4bik ehk Sinna ja tagasi&#8221;<\/li>\n<li>Eno Raud &#8220;Kalevipoeg&#8221;<\/li>\n<li>Christine N\u00f6stlinger &#8220;Vahetuslaps&#8221;<\/li>\n<li>Jaan Kross &#8220;Mardileib&#8221;<\/li>\n<li>Ferenc Molnar` &#8220;Pal-t\u00e4nava poisid&#8221;<\/li>\n<li>James Kr\u00fcss &#8220;Timm Thaler ehk m\u00fc\u00fcdud naer&#8221;<\/li>\n<li>Mark Twain &#8220;Tom Sayweri seiklused&#8221;<\/li>\n<\/ul>\n<\/div>\n<\/div>\n<\/div>\n<\/div>\n<\/div>\n<\/div>\n<\/div>\n<\/div>\n<\/div>\n<\/div>\n<\/div>\n<\/div>\n<\/div>\n<\/div>\n<\/div>\n<\/div>\n<\/div>\n<\/div>\n<\/div>\n<\/div>\n<\/div>\n<\/div>\n<\/div>\n<\/div>\n<\/div>\n<\/div>\n<\/div>\n<\/div>\n<\/div>\n<\/div>\n<\/div>\n<p>&nbsp;<\/p>\n<p><strong><u>7. klass<\/u><\/strong><\/p>\n<p><strong> Elulooline raamat, kus on detailsed kirjeldused kokkupuutest loodusega<\/strong><\/p>\n<p>N\u00e4iteks G. Durrelli\u00a0 \u201eMinu pere ja muud loomad\u201c, K. Kr\u00fcger \u201ePere keset loodust\u201c, A. Turovski loodusraamatud, T. Toometi loomalood<\/p>\n<p><strong> Noorteromaan<\/strong><\/p>\n<p>N\u00e4iteks \u201eTeraviku\u201c sarja teosed, Aidi Valliku Anni-lood<\/p>\n<p><strong> Rahvaluuleaineline teos<\/strong><\/p>\n<p>N\u00e4iteks J. Jaigi jutukogu, F. R. Kreutzwaldi \u201eEesti rahva ennemuistsed jutud\u201c,\u00a0 E. Raud v\u00f5i F. R. Kreutzwald \u201eKilplased\u201c v\u00f5i M. Hiiem\u00e4e koostatud \u201eEmand kaseladvas\u201c<\/p>\n<p><strong> Seiklus- ja reisikirjandus<\/strong><\/p>\n<p>N\u00e4iteks\u00a0 sarjast \u201eSeiklusjutte maalt ja merelt\u201c, \u201eMinu\u201c sarja reisiraamatud, \u201eEhh uhhuuduur\u201c, Tanel Talve \u201eMusta kulla needus\u201c<\/p>\n<p>&nbsp;<\/p>\n<p><strong><u>8. klass<\/u><\/strong><\/p>\n<p><strong> Kriminaalromaan<\/strong><\/p>\n<p><strong> Loodus- v\u00f5i kunstifotode raamat<\/strong><\/p>\n<p><strong> \u00dcks muinasjuturaamat<\/strong><\/p>\n<p>N\u00e4iteks\u00a0 \u201eIiri muinasjutud ja muistendid\u201c, \u201eInglise muinasjutud ja muistendid\u201c, m\u00f5ni vendade Grimmide v\u00f5i H. C. Anderseni muinasjutukogu<\/p>\n<p><strong> Draamatekst<\/strong><\/p>\n<p>Eesti Draamateatri n\u00e4idendisarjast \u201eN\u00e4idendiraamat\u201c v\u00f5i August Kitzbergi \u201eLibahunt\u201c<\/p>\n<p><strong> Fantaasiakirjandus<\/strong><\/p>\n<p>N\u00e4iteks J. R. R. Tolkien \u201eK\u00e4\u00e4bik\u201c v\u00f5i J.K Rowling \u201eHarry Potter ja\u2026\u201c, O. Preussler \u201eKrabat\u201c, \u201eV\u00e4ike n\u00f5id\u201c, J. Kr\u00fcss \u201eTimm Thaler ehk m\u00fc\u00fcdud naer\u201c<\/p>\n<p><strong> A. Kivir\u00e4hi v\u00f5i I. Hargla teos<\/strong><\/p>\n<p>Kivir\u00e4hk \u201eRehepapp\u201c, \u201eMees, kes teadis ussis\u00f5nu\u201c, \u201eLood\u201c, \u201eJutud\u201c, \u201eJumala lood\u201c, \u201eIvan Orava m\u00e4lestused\u201c, \u201eLiblikas\u201c v\u00f5i I. Hargla Melchori-lood<\/p>\n<p>&nbsp;<\/p>\n<p><span style=\"text-decoration: underline;\"><strong>9. klass<\/strong><\/span><\/p>\n<p><strong> E. Raud \u201eKalevipoeg\u201c<\/strong><\/p>\n<p><strong> A. H. Tammsaare \u201eK\u00f5rboja peremees\u201c<\/strong><\/p>\n<p><strong>A. Gailit &#8220;Toomas Nipernaadi&#8221;<\/strong><\/p>\n<p><strong> 21. sajandil avaldatud\u00a0eesti luuletaja kogu<\/strong><\/p>\n<p>N\u00e4iteks autorid Lauri Sommer, Triin Tasuja, Contra, Andra Teede, Kaur Riismaa, Kristiina Ehin, J\u00fcrgen Rooste, Merca, Liisi Ojamaa, Hasso Krull, Asko K\u00fcnnap, Karl Martin Sinij\u00e4rv, Aare Pilv, Maarja Kangro, Kivisildnik, fs, Aapo Ilves, Elo Viiding, Maria Lee, Kauksi \u00dclle<\/p>\n<p><strong> J. Kivir\u00e4hk \u201eRehepapp\u201c<\/strong><\/p>\n<p><strong>T\u00e4nap\u00e4eva eesti kirjaniku noorsooteos <\/strong>(omal valikul)<\/p>\n<p>&nbsp;<\/p>\n<p><strong><u>10. klass<\/u><\/strong><\/p>\n<p><strong> Sophokles \u201eKuningas Oidipus\u201c<\/strong><\/p>\n<p><strong> G. Boccaccio \u201eDekameron\u201c <\/strong><\/p>\n<p><strong> J. W. Goethe \u201cFaust\u201d I osa<\/strong><\/p>\n<p><strong> W. Shakespeare\u201eHamlet\u201c<\/strong><\/p>\n<p><strong> Moliere 1 n\u00e4idend vabal valikul<\/strong><\/p>\n<p><strong> P. Merimee \u201eCarmen\u201c<\/strong><\/p>\n<p><strong> Stendhal \u201ePunane ja must\u201c<\/strong><\/p>\n<p>&nbsp;<\/p>\n<p><strong><u>11. klass<\/u><\/strong><\/p>\n<p><strong>\u00a0<\/strong><strong>A.Pu\u0161kin \u201eJevgeni Onegin\u201c<\/strong><\/p>\n<p><strong>\u00a0<\/strong><strong>A.T\u0161ehhov \u201eKolm \u00f5de\u201c v\u00f5i \u201eKajakas\u201c v\u00f5i \u201eKirsiaed\u201c<\/strong><\/p>\n<p><strong>\u00a0<\/strong><strong>Vilde \u201ePisuh\u00e4nd\u201c<\/strong><\/p>\n<p><strong>\u00a0<\/strong><strong>Hugo \u201eJumalaema kirik Pariisis\u201c (valikpeat\u00fckid)<\/strong><\/p>\n<p><strong>\u00a0<\/strong><strong>de Balzac \u201eIsa Goriot\u201c<\/strong><\/p>\n<p><strong>\u00a0Valikteos<\/strong> E. Zola, M. Maeterlincki, H. Ibseni, G. de Maupassant\u00b4i v\u00f5i\u00a0Rolland\u00b4i loomingust<\/p>\n<p><strong>\u00a0<\/strong><\/p>\n<p><strong><u>12.klass<\/u><\/strong><\/p>\n<p><strong>\u00a0H.Hesse &#8220;Stepihunt&#8221; v\u00f5i A.Camus &#8220;Katk&#8221;<\/strong><\/p>\n<p><strong>\u00a0<\/strong><strong>Hemingway romaan<\/strong><\/p>\n<p><strong>\u00a0<\/strong><strong>M. Remarque\u00b4i romaan<\/strong><\/p>\n<p><strong>\u00a0<\/strong><strong>D. Salingeri \u201eKuristik rukkis\u201c<\/strong><\/p>\n<p><strong>\u00a0\u00dcks eesti noorsooromaan<\/strong><\/p>\n<p><strong>\u00a0Krossi \/ M. Undi\/ M. Traadi<\/strong> romaan<\/p>\n<p><strong>\u00dche kaasaegse v\u00e4liskirjaniku teos<\/strong><\/p>\n<p><strong>\u00a0\u00dcks teos uuemast eesti kirjandusest<\/strong> (autori ja p\u00f5hjalik teose tutvustus)<\/p>\n","protected":false},"excerpt":{"rendered":"<p>&nbsp; 5.\u00a0 klass A.Lindgren &#8220;Meisterdetektiiv Blomkvist&#8221; v\u00f5i &#8220;Meisterdetektiiv Blomkvist ohtlik elu&#8221; v\u00f5i &#8220;Kalle Blomkvist ja Rasmus&#8221; Erich K\u00e4stner &#8220;Veel \u00fcks Lotte&#8221; Richard Roht &#8220;Jutte loomadrest&#8221; Annie M.G.Schmidt &#8220;Viplala lood&#8221; &nbsp; 6. klass A. Lindgren &#8220;R\u00f6\u00f6vlit\u00fctar Ronja&#8221; A. Pervik &#8220;Arabella, merer\u00f6\u00f6vli t\u00fctar&#8221; Otfried Preussler &#8220;Krabat&#8221; John R.R. Tolkinen &#8220;K\u00e4\u00e4bik ehk Sinna ja tagasi&#8221; Eno Raud &#8220;Kalevipoeg&#8221; &hellip; <\/p>\n<p><a class=\"more-link btn\" href=\"https:\/\/tostamaa.edu.ee\/?page_id=1725\">J\u00e4tka lugemist<\/a><\/p>\n","protected":false},"author":1,"featured_media":0,"parent":17,"menu_order":0,"comment_status":"closed","ping_status":"closed","template":"","meta":{"footnotes":""},"_links":{"self":[{"href":"https:\/\/tostamaa.edu.ee\/index.php?rest_route=\/wp\/v2\/pages\/1725"}],"collection":[{"href":"https:\/\/tostamaa.edu.ee\/index.php?rest_route=\/wp\/v2\/pages"}],"about":[{"href":"https:\/\/tostamaa.edu.ee\/index.php?rest_route=\/wp\/v2\/types\/page"}],"author":[{"embeddable":true,"href":"https:\/\/tostamaa.edu.ee\/index.php?rest_route=\/wp\/v2\/users\/1"}],"replies":[{"embeddable":true,"href":"https:\/\/tostamaa.edu.ee\/index.php?rest_route=%2Fwp%2Fv2%2Fcomments&post=1725"}],"version-history":[{"count":5,"href":"https:\/\/tostamaa.edu.ee\/index.php?rest_route=\/wp\/v2\/pages\/1725\/revisions"}],"predecessor-version":[{"id":3220,"href":"https:\/\/tostamaa.edu.ee\/index.php?rest_route=\/wp\/v2\/pages\/1725\/revisions\/3220"}],"up":[{"embeddable":true,"href":"https:\/\/tostamaa.edu.ee\/index.php?rest_route=\/wp\/v2\/pages\/17"}],"wp:attachment":[{"href":"https:\/\/tostamaa.edu.ee\/index.php?rest_route=%2Fwp%2Fv2%2Fmedia&parent=1725"}],"curies":[{"name":"wp","href":"https:\/\/api.w.org\/{rel}","templated":true}]}}