{"id":183,"date":"2015-02-02T12:44:08","date_gmt":"2015-02-02T10:44:08","guid":{"rendered":"https:\/\/tostamaa.edu.ee\/?page_id=183"},"modified":"2026-04-30T08:34:03","modified_gmt":"2026-04-30T06:34:03","slug":"nadala-menuu","status":"publish","type":"page","link":"https:\/\/tostamaa.edu.ee\/?page_id=183","title":{"rendered":"N\u00e4dala men\u00fc\u00fc"},"content":{"rendered":"<hr \/>\n<p><span style=\"font-size: medium;\"><b>Koolil\u00f5una 04.05 &#8211; 08.05.2026<\/b><\/span><\/p>\n<p><span style=\"font-size: medium;\"><strong>E:\u00a0<\/strong>kartuli-kruubipuder, kaste, hapukapsasalat, piim\/keefir (Koolipiim), melon, sepik, leib<\/span><\/p>\n<p><span style=\"font-size: medium;\"><strong>T: <\/strong>bor\u0161 hapukoorega, rukkijahuvaht piimaga, paparika, sepik, leib<\/span><\/p>\n<p><span style=\"font-size: medium;\"><strong>K: <\/strong>kartul, lihapallikaste, k\u00f5rvitsasalat, jogurt, apelsin, sepik, leib<\/span><\/p>\n<p><span style=\"font-size: medium;\"><strong>N:<\/strong> kalaseljanka hapukoorega, jogurtitarretis maasikatega, nuikapsas, sepik, leib<\/span><\/p>\n<p><span style=\"font-size: medium;\"><strong>R: <\/strong>makronid hakklihaga, marineeritud kurk, tee, kohuke, sepik, leib<\/span><\/p>\n<h3><span style=\"font-size: medium;\"><b>Oode kell 13.45-14.15, \u00f5pilaskodu oode kell 15.50<\/b><\/span><\/h3>\n<p><span style=\"font-size: medium;\"><strong>E: <\/strong>piima-riisisupp, v\/l singi ja kurgiga, v\/s kalakonserviga<br \/><\/span><\/p>\n<p><span style=\"font-size: medium;\"><strong>T:\u00a0<\/strong> pitsa, mahlajook<br \/><\/span><\/p>\n<p><span style=\"font-size: medium;\"><strong>K: <\/strong>saiavorm piimaga<br \/><\/span><\/p>\n<p><span style=\"font-size: medium;\"><strong>N: <\/strong>omlett, v\/l kurgiga, sai keedisega, piim<br \/><\/span><\/p>\n<p><span style=\"font-size: medium;\"><strong>R: <\/strong>m\u00fcsli, jogurt, apelsin<\/span><\/p>\n<p><strong>\u00d5pilaskodu \u00f5htus\u00f6\u00f6k kell 19.00<\/strong><\/p>\n<p><strong>E: <\/strong>koorene kanapasta, porgandisalat, mahlajook, melon<\/p>\n<p><strong>T:\u00a0<\/strong>ahjukartul, kana, kaste, hiinakapsasalat, mahlajook, \u00f5un\u00a0<\/p>\n<p><strong>K:<\/strong> tatar liha ja k\u00f6\u00f6giviljadega, piim, banaan<\/p>\n<p><strong>N:<\/strong> vorstikaste, kartul, porgandi-ananassisalat, jogurt, apelsin<\/p>\n<hr \/>\n<p><span style=\"font-size: medium;\"><b>Koolil\u00f5una 27.04 &#8211; 01.05.2026<\/b><\/span><\/p>\n<p><span style=\"font-size: medium;\"><strong>E: <\/strong>kapsa-hakklihahautis, kartul, tomati-paprikasalat, piim (Koolipiim), \u00f5un (Koolipuuvili), sepik, leib<\/span><\/p>\n<p><span style=\"font-size: medium;\"><strong>T: <\/strong>kana-riisisupp, \u00f5una-marjakissell vahukoorega, lillkapsas (Koolik\u00f6\u00f6givili), sepik, leib<\/span><\/p>\n<p><span style=\"font-size: medium;\"><strong>K: <\/strong>pikkpoiss, kartul, kaste, peedisalat, mahlajook, pirn (Koolipiim), sepik, leib<\/span><\/p>\n<p><span style=\"font-size: medium;\"><strong>N: <\/strong>v\u00e4rskekapsasupp, kakaokissell moosiga, porgand (Koolik\u00f6\u00f6givili)\u00a0 sepik, leib<\/span><\/p>\n<p><span style=\"font-size: medium;\"><strong>R:\u00a0 <\/strong>&#8211;<\/span><\/p>\n<h3><span style=\"font-size: medium;\"><b>Oode kell 13.45-14.15, \u00f5pilaskodu oode kell 15.50<\/b><\/span><\/h3>\n<p><span style=\"font-size: medium;\"><strong>E: <\/strong>pelmeenid hapukoorega, mahlajook<br \/><\/span><\/p>\n<p><span style=\"font-size: medium;\"><strong>T:\u00a0<\/strong> kartulisalat, leib, kakao<br \/><\/span><\/p>\n<p><span style=\"font-size: medium;\"><strong>K: <\/strong>omlett, v\/l kurgiga, sai keedisega, piim<br \/><\/span><\/p>\n<p><span style=\"font-size: medium;\"><strong>N: <\/strong>mannapuder moosiga, v\/s vorstiga, piim<br \/><\/span><\/p>\n<p><span style=\"font-size: medium;\"><strong>R: <\/strong>&#8211;<br \/><\/span><\/p>\n<p><strong>\u00d5pilaskodu \u00f5htus\u00f6\u00f6k kell 19.00<\/strong><\/p>\n<p><strong>E: <\/strong>kala, kartul, kaste, peedisalat, mahlajook, melon<\/p>\n<p><strong>T:\u00a0 <\/strong>gulja\u0161\u0161, kartulip\u00fcree, kapsa-porgandisalat, keefir, \u00f5un<\/p>\n<p><strong>K:\u00a0<\/strong>plov, k\u00f5rvitsasalat, pirn, tee<\/p>\n<p><strong>N:\u00a0 <\/strong>&#8211;<\/p>\n<hr \/>\n<p><b style=\"font-size: medium; color: inherit; font-family: inherit;\">Hommikupuder kell 7.50-8.10\u00a0<\/b><\/p>\n<p><span style=\"font-size: medium;\"><strong>E: <\/strong>4-viljapuder, piim<\/span><\/p>\n<p><span style=\"font-size: medium;\"><strong>T:\u00a0 <\/strong>kaerahelbepuder, piim<\/span><\/p>\n<p><span style=\"font-size: medium;\"><strong>K: <\/strong>mannapuder, piim<\/span><\/p>\n<p><span style=\"font-size: medium;\"><strong>N:<\/strong> 8-viljahelbepuder, piim<\/span><\/p>\n<p><span style=\"font-size: medium;\"><strong>R: <\/strong>hommikuhelbed, piim\/jogurt<\/span><\/p>\n<hr \/>\n<p><a href=\"https:\/\/tostamaa.edu.ee\/wp-content\/uploads\/2015\/02\/DSC_8675.jpg\"><img decoding=\"async\" loading=\"lazy\" class=\"aligncenter size-full wp-image-3866\" src=\"https:\/\/tostamaa.edu.ee\/wp-content\/uploads\/2015\/02\/DSC_8675.jpg\" alt=\"\" width=\"1440\" height=\"960\" srcset=\"https:\/\/tostamaa.edu.ee\/wp-content\/uploads\/2015\/02\/DSC_8675.jpg 1440w, https:\/\/tostamaa.edu.ee\/wp-content\/uploads\/2015\/02\/DSC_8675-300x200.jpg 300w, https:\/\/tostamaa.edu.ee\/wp-content\/uploads\/2015\/02\/DSC_8675-768x512.jpg 768w, https:\/\/tostamaa.edu.ee\/wp-content\/uploads\/2015\/02\/DSC_8675-1024x683.jpg 1024w\" sizes=\"(max-width: 1440px) 100vw, 1440px\" \/><\/a><\/p>\n<p><a href=\"https:\/\/tostamaa.edu.ee\/wp-content\/uploads\/2015\/02\/TOM_2452.jpg\"><img decoding=\"async\" loading=\"lazy\" class=\"aligncenter size-full wp-image-4244\" src=\"https:\/\/tostamaa.edu.ee\/wp-content\/uploads\/2015\/02\/TOM_2452.jpg\" alt=\"\" width=\"2560\" height=\"1751\" srcset=\"https:\/\/tostamaa.edu.ee\/wp-content\/uploads\/2015\/02\/TOM_2452.jpg 2560w, https:\/\/tostamaa.edu.ee\/wp-content\/uploads\/2015\/02\/TOM_2452-300x205.jpg 300w, https:\/\/tostamaa.edu.ee\/wp-content\/uploads\/2015\/02\/TOM_2452-768x525.jpg 768w, https:\/\/tostamaa.edu.ee\/wp-content\/uploads\/2015\/02\/TOM_2452-1024x700.jpg 1024w\" sizes=\"(max-width: 2560px) 100vw, 2560px\" \/><\/a>Igap\u00e4evane men\u00fc\u00fc<\/p>\n<p><a href=\"https:\/\/tostamaa.edu.ee\/wp-content\/uploads\/2017\/01\/hommikupudru.jpg\"><img decoding=\"async\" loading=\"lazy\" class=\"aligncenter size-full wp-image-2288\" src=\"https:\/\/tostamaa.edu.ee\/wp-content\/uploads\/2017\/01\/hommikupudru.jpg\" alt=\"hommikupudru\" width=\"1432\" height=\"960\" srcset=\"https:\/\/tostamaa.edu.ee\/wp-content\/uploads\/2017\/01\/hommikupudru.jpg 1432w, https:\/\/tostamaa.edu.ee\/wp-content\/uploads\/2017\/01\/hommikupudru-300x201.jpg 300w, https:\/\/tostamaa.edu.ee\/wp-content\/uploads\/2017\/01\/hommikupudru-1024x686.jpg 1024w\" sizes=\"(max-width: 1432px) 100vw, 1432px\" \/><\/a><\/p>\n<p>Hommikupuder<\/p>\n<p><a href=\"https:\/\/tostamaa.edu.ee\/wp-content\/uploads\/2015\/02\/avatud-m\u00f5isad-2017-s\u00f6\u00f6gilaud-2a.jpg\"><img decoding=\"async\" loading=\"lazy\" class=\"aligncenter size-full wp-image-2784\" src=\"https:\/\/tostamaa.edu.ee\/wp-content\/uploads\/2015\/02\/avatud-m\u00f5isad-2017-s\u00f6\u00f6gilaud-2a.jpg\" alt=\"\" width=\"1920\" height=\"1280\" srcset=\"https:\/\/tostamaa.edu.ee\/wp-content\/uploads\/2015\/02\/avatud-m\u00f5isad-2017-s\u00f6\u00f6gilaud-2a.jpg 1920w, https:\/\/tostamaa.edu.ee\/wp-content\/uploads\/2015\/02\/avatud-m\u00f5isad-2017-s\u00f6\u00f6gilaud-2a-300x200.jpg 300w, https:\/\/tostamaa.edu.ee\/wp-content\/uploads\/2015\/02\/avatud-m\u00f5isad-2017-s\u00f6\u00f6gilaud-2a-768x512.jpg 768w, https:\/\/tostamaa.edu.ee\/wp-content\/uploads\/2015\/02\/avatud-m\u00f5isad-2017-s\u00f6\u00f6gilaud-2a-1024x683.jpg 1024w\" sizes=\"(max-width: 1920px) 100vw, 1920px\" \/><\/a><\/p>\n<p>Pidulaud<\/p>\n\n\n<figure class=\"wp-block-image size-large\"><a href=\"https:\/\/tostamaa.edu.ee\/wp-content\/uploads\/2024\/01\/TOM_9321-scaled.jpg\"><img decoding=\"async\" loading=\"lazy\" width=\"1024\" height=\"683\" src=\"https:\/\/tostamaa.edu.ee\/wp-content\/uploads\/2024\/01\/TOM_9321-1024x683.jpg\" alt=\"\" class=\"wp-image-7919\" srcset=\"https:\/\/tostamaa.edu.ee\/wp-content\/uploads\/2024\/01\/TOM_9321-1024x683.jpg 1024w, https:\/\/tostamaa.edu.ee\/wp-content\/uploads\/2024\/01\/TOM_9321-300x200.jpg 300w, https:\/\/tostamaa.edu.ee\/wp-content\/uploads\/2024\/01\/TOM_9321-768x512.jpg 768w, https:\/\/tostamaa.edu.ee\/wp-content\/uploads\/2024\/01\/TOM_9321-1536x1024.jpg 1536w, https:\/\/tostamaa.edu.ee\/wp-content\/uploads\/2024\/01\/TOM_9321-2048x1366.jpg 2048w, https:\/\/tostamaa.edu.ee\/wp-content\/uploads\/2024\/01\/TOM_9321-944x629.jpg 944w\" sizes=\"(max-width: 1024px) 100vw, 1024px\" \/><\/a><\/figure>\n","protected":false},"excerpt":{"rendered":"<p>Koolil\u00f5una 04.05 &#8211; 08.05.2026 E:\u00a0kartuli-kruubipuder, kaste, hapukapsasalat, piim\/keefir (Koolipiim), melon, sepik, leib T: bor\u0161 hapukoorega, rukkijahuvaht piimaga, paparika, sepik, leib K: kartul, lihapallikaste, k\u00f5rvitsasalat, jogurt, apelsin, sepik, leib N: kalaseljanka hapukoorega, jogurtitarretis maasikatega, nuikapsas, sepik, leib R: makronid hakklihaga, marineeritud kurk, tee, kohuke, sepik, leib Oode kell 13.45-14.15, \u00f5pilaskodu oode kell 15.50 E: piima-riisisupp, v\/l &hellip; <\/p>\n<p><a class=\"more-link btn\" href=\"https:\/\/tostamaa.edu.ee\/?page_id=183\">J\u00e4tka lugemist<\/a><\/p>\n","protected":false},"author":1,"featured_media":0,"parent":157,"menu_order":0,"comment_status":"closed","ping_status":"open","template":"","meta":{"footnotes":""},"_links":{"self":[{"href":"https:\/\/tostamaa.edu.ee\/index.php?rest_route=\/wp\/v2\/pages\/183"}],"collection":[{"href":"https:\/\/tostamaa.edu.ee\/index.php?rest_route=\/wp\/v2\/pages"}],"about":[{"href":"https:\/\/tostamaa.edu.ee\/index.php?rest_route=\/wp\/v2\/types\/page"}],"author":[{"embeddable":true,"href":"https:\/\/tostamaa.edu.ee\/index.php?rest_route=\/wp\/v2\/users\/1"}],"replies":[{"embeddable":true,"href":"https:\/\/tostamaa.edu.ee\/index.php?rest_route=%2Fwp%2Fv2%2Fcomments&post=183"}],"version-history":[{"count":9,"href":"https:\/\/tostamaa.edu.ee\/index.php?rest_route=\/wp\/v2\/pages\/183\/revisions"}],"predecessor-version":[{"id":9782,"href":"https:\/\/tostamaa.edu.ee\/index.php?rest_route=\/wp\/v2\/pages\/183\/revisions\/9782"}],"up":[{"embeddable":true,"href":"https:\/\/tostamaa.edu.ee\/index.php?rest_route=\/wp\/v2\/pages\/157"}],"wp:attachment":[{"href":"https:\/\/tostamaa.edu.ee\/index.php?rest_route=%2Fwp%2Fv2%2Fmedia&parent=183"}],"curies":[{"name":"wp","href":"https:\/\/api.w.org\/{rel}","templated":true}]}}