{"id":2,"date":"2015-01-29T12:05:46","date_gmt":"2015-01-29T12:05:46","guid":{"rendered":"https:\/\/tostamaa.edu.ee\/?page_id=2"},"modified":"2017-11-02T18:55:24","modified_gmt":"2017-11-02T16:55:24","slug":"demoleht","status":"publish","type":"page","link":"https:\/\/tostamaa.edu.ee\/?page_id=2","title":{"rendered":"Projektid"},"content":{"rendered":"<p><strong>Comenius 2013 &#8211; 2015<\/strong> \u2013 Euroopa koolide \u00fchisprojekt \u00f5pilastele ja \u00f5petajatele. Osalevad 8 riigi 9 kooli.<\/p>\n<hr \/>\n<p>&nbsp;<\/p>\n<p>&#8220;<strong>T\u00d5STAMAA M\u00d5ISAKOOLI ARENDAMINE ATRAKTIIVSEKS JA MITMEK\u00dcLGSEKS KOGUKONNA TURISMI- JA KULTUURIKESKUSEKS<\/strong>&#8221; &#8211; Euroopa Majanduspiirkonna finantsmehanismi 2009 &#8211; 2014 programmist &#8220;M\u00f5isakoolid \u2013 s\u00e4ilitamine l\u00e4bi kasutamise &#8221; projekt T\u00f5stamaa m\u00f5isakooli arendamiseks. Projekti tegevused kestavad poolteist aastat kuni 2015. aasta l\u00f5puni ning h\u00f5lmavad nii koolitusi kui teenuste v\u00e4ljaarendamist.<\/p>\n<hr \/>\n<p>&nbsp;<\/p>\n<p><strong>Saali toolid<\/strong> (130 tk) \u2013 Kultuuriministeeriumi m\u00f5isakoolide riiklik programm<\/p>\n<hr \/>\n<p>&nbsp;<\/p>\n<p><strong>KIKi keskkonnaprogramm<\/strong> p\u00f5hikoolile, viivad l\u00e4bi P\u00e4rnu Loodus- ja Tehnikamaja ja P\u00e4rnumaa Keskkonnahariduskeskus<\/p>\n<hr \/>\n<p>&nbsp;<\/p>\n<p><strong>KIVa \u2013 \u201eKiusamisvaba kool\u201c<\/strong> 2014 \u2013 2016, 2014 esimene etapp &#8211; taotlus ja ettevalmistavad tegevused, 2015 \u2013 2016 teine etapp<\/p>\n<hr \/>\n<p>&nbsp;<\/p>\n<p><strong>Keemi ja f\u00fc\u00fcsika \u00f5pikodade programm<\/strong> \u2013 Eesti F\u00fc\u00fcsika Seltsi, T\u00dc loodus- ja tehnoloogiateaduskonna, T\u00dc f\u00fc\u00fcsika instituudi ja T\u00dc Teaduskooli arendatav programm<\/p>\n<hr \/>\n<p>&nbsp;<\/p>\n<p>T\u00f5stamaa Keskkool teeb\u00a0koost\u00f6\u00f6d \u00a0<a href=\"http:\/\/charlottenlund.vgs.no\/\"> Charlottenlundi \u00a0Keskkooliga <\/a>Trondheimist Norras. Projekti nimi on\u00a0 <strong>\u201eHappy School\u201c<\/strong> ning peamiseks eesm\u00e4rgiks on koost\u00f6\u00f6s partneriga <span style=\"text-decoration: underline;\">v\u00e4lja t\u00f6\u00f6tada uusi atraktiivseid ja uuenduslikke \u00f5ppemeetodeid <\/span>ainetes, mis kipuvad olema \u00f5pilastele vahel igavad ja ebahuvitavad.<\/p>\n<p>Projekti sihtgrupiks on \u00f5petajad, kes koost\u00f6\u00f6 k\u00e4igus anal\u00fc\u00fcsivad \u00f5petamise ja klassit\u00f6\u00f6ga seotud peamisi probleeme ning p\u00fc\u00fcavad leida lahendusi muutmaks \u00f5ppimist tegevuseks, mida \u00f5pilased ise TAHAVAD\u00a0 teha. See on suur v\u00e4ljakutse ning me loodame antud projekti k\u00e4igus selle \u00fclesandega hakkama saada.<\/p>\n<p>Projekti esimene sissejuhatav t\u00f6\u00f6koosolek toimus T\u00f5stamaal <strong>13.-16. oktoobril 2014<\/strong>. Kogu t\u00f6\u00f6perioodi v\u00e4ltel k\u00fclastavad meie \u00f5petajad partnerkooli Trondheimis kolmel korral ning nemad meid peale sissejuhatavat koosolekut kahel korral.<\/p>\n<p>Eestipoolseks projektijuhiks ja koordinaatoriks on Liina K\u00e4\u00e4r, <a href=\"mailto:liina@tostamaa.ee\">liina@tostamaa.ee<\/a><\/p>\n<p>Koost\u00f6\u00f6projekti toetatakse Euroopa Majanduspiirkonna Norra stipendiumiprogrammist ning projektiperiood on 1. septembrist 2014 kuni 30.augustini 2016.<\/p>\n<p><a href=\"https:\/\/happyschoolproject.wordpress.com\/\">Projekti kodulehek\u00fcljele&#8230;<\/a><\/p>\n<p>&nbsp;<\/p>\n","protected":false},"excerpt":{"rendered":"<p>Comenius 2013 &#8211; 2015 \u2013 Euroopa koolide \u00fchisprojekt \u00f5pilastele ja \u00f5petajatele. Osalevad 8 riigi 9 kooli. &nbsp; &#8220;T\u00d5STAMAA M\u00d5ISAKOOLI ARENDAMINE ATRAKTIIVSEKS JA MITMEK\u00dcLGSEKS KOGUKONNA TURISMI- JA KULTUURIKESKUSEKS&#8221; &#8211; Euroopa Majanduspiirkonna finantsmehanismi 2009 &#8211; 2014 programmist &#8220;M\u00f5isakoolid \u2013 s\u00e4ilitamine l\u00e4bi kasutamise &#8221; projekt T\u00f5stamaa m\u00f5isakooli arendamiseks. Projekti tegevused kestavad poolteist aastat kuni 2015. aasta l\u00f5puni ning &hellip; <\/p>\n<p><a class=\"more-link btn\" href=\"https:\/\/tostamaa.edu.ee\/?page_id=2\">J\u00e4tka lugemist<\/a><\/p>\n","protected":false},"author":1,"featured_media":0,"parent":0,"menu_order":0,"comment_status":"open","ping_status":"open","template":"","meta":{"footnotes":""},"_links":{"self":[{"href":"https:\/\/tostamaa.edu.ee\/index.php?rest_route=\/wp\/v2\/pages\/2"}],"collection":[{"href":"https:\/\/tostamaa.edu.ee\/index.php?rest_route=\/wp\/v2\/pages"}],"about":[{"href":"https:\/\/tostamaa.edu.ee\/index.php?rest_route=\/wp\/v2\/types\/page"}],"author":[{"embeddable":true,"href":"https:\/\/tostamaa.edu.ee\/index.php?rest_route=\/wp\/v2\/users\/1"}],"replies":[{"embeddable":true,"href":"https:\/\/tostamaa.edu.ee\/index.php?rest_route=%2Fwp%2Fv2%2Fcomments&post=2"}],"version-history":[{"count":5,"href":"https:\/\/tostamaa.edu.ee\/index.php?rest_route=\/wp\/v2\/pages\/2\/revisions"}],"predecessor-version":[{"id":229,"href":"https:\/\/tostamaa.edu.ee\/index.php?rest_route=\/wp\/v2\/pages\/2\/revisions\/229"}],"wp:attachment":[{"href":"https:\/\/tostamaa.edu.ee\/index.php?rest_route=%2Fwp%2Fv2%2Fmedia&parent=2"}],"curies":[{"name":"wp","href":"https:\/\/api.w.org\/{rel}","templated":true}]}}