{"id":21,"date":"2015-01-29T15:45:35","date_gmt":"2015-01-29T17:45:35","guid":{"rendered":"https:\/\/tostamaa.edu.ee\/?page_id=21"},"modified":"2015-03-01T15:11:28","modified_gmt":"2015-03-01T13:11:28","slug":"comenius-2010-2012","status":"publish","type":"page","link":"https:\/\/tostamaa.edu.ee\/?page_id=21","title":{"rendered":"Comenius 2010 &#8211; 2012"},"content":{"rendered":"<p style=\"text-align: left;\"><strong>2010 &#8211; 2012 \u00f5ppeaastal osales T\u00f5stamaa Keskkool Euroopa elukestva \u00f5ppe programmi<br \/>\nComenius koolide koost\u00f6\u00f6projektis:<\/strong><\/p>\n<p style=\"text-align: left;\" align=\"center\">\u201cProblem-busters \u2013 a European dimension\u00a0in the fight for human rights.<br \/>\nDealing with problems\u00a0through drama and intercultural co-operation\u201d<\/p>\n<p><a href=\"https:\/\/problemsbusters.wordpress.com\"><img decoding=\"async\" loading=\"lazy\" class=\"alignnone size-full wp-image-377\" src=\"https:\/\/tostamaa.edu.ee\/wp-content\/uploads\/2015\/01\/problem_busters_logo_big.jpg\" alt=\"problem_busters_logo_big\" width=\"614\" height=\"205\" srcset=\"https:\/\/tostamaa.edu.ee\/wp-content\/uploads\/2015\/01\/problem_busters_logo_big.jpg 614w, https:\/\/tostamaa.edu.ee\/wp-content\/uploads\/2015\/01\/problem_busters_logo_big-300x100.jpg 300w\" sizes=\"(max-width: 614px) 100vw, 614px\" \/><\/a><\/p>\n<p><span style=\"font-size: large;\"><strong><span style=\"color: #000000;\">Tutvu kodulehega:<\/span> <\/strong><\/span><\/p>\n<p style=\"text-align: left;\" align=\"center\"><span style=\"font-size: large;\"><strong><a href=\"https:\/\/problemsbusters.wordpress.com\"><img decoding=\"async\" loading=\"lazy\" class=\"alignnone size-full wp-image-378\" src=\"https:\/\/tostamaa.edu.ee\/wp-content\/uploads\/2015\/01\/problem_busters_homepage.jpg\" alt=\"problem_busters_homepage\" width=\"999\" height=\"903\" srcset=\"https:\/\/tostamaa.edu.ee\/wp-content\/uploads\/2015\/01\/problem_busters_homepage.jpg 999w, https:\/\/tostamaa.edu.ee\/wp-content\/uploads\/2015\/01\/problem_busters_homepage-300x271.jpg 300w\" sizes=\"(max-width: 999px) 100vw, 999px\" \/><\/a><\/strong><\/span><a href=\"http:\/\/problemsbusters.wordpress.com\/\"><span style=\"font-size: large;\"><strong>http:\/\/problemsbusters.wordpress.com\/<\/strong><\/span><\/a><\/p>\n<div class=\"embed-container\"><iframe loading=\"lazy\" title=\"Comenius meeting. BULGARIA Razlog 2012\" width=\"944\" height=\"531\" src=\"https:\/\/www.youtube.com\/embed\/9jJMA8HTn0o?feature=oembed\" frameborder=\"0\" allow=\"accelerometer; autoplay; clipboard-write; encrypted-media; gyroscope; picture-in-picture; web-share\" allowfullscreen><\/iframe><\/div>\n<div><span style=\"font-family: Arial; font-size: small;\">Filmifestivali jaoks valminud <strong>videoklipid<\/strong>:<\/span><\/div>\n<div><span style=\"font-family: Arial; font-size: small;\">I osa: <\/span><a href=\"http:\/\/youtu.be\/v4wfdrM1GZs\"><span style=\"text-decoration: underline;\"><span style=\"color: #0066cc; font-family: Arial; font-size: small;\">http:\/\/youtu.be\/v4wfdrM1GZs<\/span><\/span><\/a><\/div>\n<div><span style=\"font-family: Arial; font-size: small;\">II osa: <\/span><a href=\"http:\/\/youtu.be\/0lX8FVFHdFY\"><span style=\"text-decoration: underline;\"><span style=\"color: #0066cc; font-family: Arial; font-size: small;\">http:\/\/youtu.be\/0lX8FVFHdFY<\/span><\/span><\/a><\/div>\n<p style=\"text-align: left;\" align=\"center\"><strong>Projekti toetas\u00a0<\/strong><a href=\"http:\/\/www.archimedes.ee\/\"><strong>SA Archimedes <\/strong><\/a><strong>ja <\/strong><a href=\"http:\/\/ec.europa.eu\/index_et.htm\"><strong>Euroopa Komisjon<\/strong><\/a><\/p>\n<p style=\"text-align: left;\" align=\"center\"><a href=\"https:\/\/tostamaa.edu.ee\/wp-content\/uploads\/2015\/01\/comenius-llp-logo-jpg.jpg\"><img decoding=\"async\" loading=\"lazy\" class=\"alignnone size-full wp-image-373\" src=\"https:\/\/tostamaa.edu.ee\/wp-content\/uploads\/2015\/01\/comenius-llp-logo-jpg.jpg\" alt=\"comenius-llp-logo-jpg\" width=\"1122\" height=\"454\" srcset=\"https:\/\/tostamaa.edu.ee\/wp-content\/uploads\/2015\/01\/comenius-llp-logo-jpg.jpg 1122w, https:\/\/tostamaa.edu.ee\/wp-content\/uploads\/2015\/01\/comenius-llp-logo-jpg-300x121.jpg 300w, https:\/\/tostamaa.edu.ee\/wp-content\/uploads\/2015\/01\/comenius-llp-logo-jpg-1024x414.jpg 1024w\" sizes=\"(max-width: 1122px) 100vw, 1122px\" \/><\/a><\/p>\n","protected":false},"excerpt":{"rendered":"<p>2010 &#8211; 2012 \u00f5ppeaastal osales T\u00f5stamaa Keskkool Euroopa elukestva \u00f5ppe programmi Comenius koolide koost\u00f6\u00f6projektis: \u201cProblem-busters \u2013 a European dimension\u00a0in the fight for human rights. Dealing with problems\u00a0through drama and intercultural co-operation\u201d Tutvu kodulehega: http:\/\/problemsbusters.wordpress.com\/ Filmifestivali jaoks valminud videoklipid: I osa: http:\/\/youtu.be\/v4wfdrM1GZs II osa: http:\/\/youtu.be\/0lX8FVFHdFY Projekti toetas\u00a0SA Archimedes ja Euroopa Komisjon<\/p>\n","protected":false},"author":1,"featured_media":0,"parent":2,"menu_order":0,"comment_status":"closed","ping_status":"open","template":"","meta":{"footnotes":""},"_links":{"self":[{"href":"https:\/\/tostamaa.edu.ee\/index.php?rest_route=\/wp\/v2\/pages\/21"}],"collection":[{"href":"https:\/\/tostamaa.edu.ee\/index.php?rest_route=\/wp\/v2\/pages"}],"about":[{"href":"https:\/\/tostamaa.edu.ee\/index.php?rest_route=\/wp\/v2\/types\/page"}],"author":[{"embeddable":true,"href":"https:\/\/tostamaa.edu.ee\/index.php?rest_route=\/wp\/v2\/users\/1"}],"replies":[{"embeddable":true,"href":"https:\/\/tostamaa.edu.ee\/index.php?rest_route=%2Fwp%2Fv2%2Fcomments&post=21"}],"version-history":[{"count":5,"href":"https:\/\/tostamaa.edu.ee\/index.php?rest_route=\/wp\/v2\/pages\/21\/revisions"}],"predecessor-version":[{"id":382,"href":"https:\/\/tostamaa.edu.ee\/index.php?rest_route=\/wp\/v2\/pages\/21\/revisions\/382"}],"up":[{"embeddable":true,"href":"https:\/\/tostamaa.edu.ee\/index.php?rest_route=\/wp\/v2\/pages\/2"}],"wp:attachment":[{"href":"https:\/\/tostamaa.edu.ee\/index.php?rest_route=%2Fwp%2Fv2%2Fmedia&parent=21"}],"curies":[{"name":"wp","href":"https:\/\/api.w.org\/{rel}","templated":true}]}}