{"id":24,"date":"2015-01-29T15:47:59","date_gmt":"2015-01-29T17:47:59","guid":{"rendered":"https:\/\/tostamaa.edu.ee\/?page_id=24"},"modified":"2015-03-01T18:38:16","modified_gmt":"2015-03-01T16:38:16","slug":"comenius-2007-2009","status":"publish","type":"page","link":"https:\/\/tostamaa.edu.ee\/?page_id=24","title":{"rendered":"Comenius 2007 &#8211; 2009"},"content":{"rendered":"<p><a href=\"https:\/\/tostamaa.edu.ee\/wp-content\/uploads\/2015\/01\/comenius_vastse_kuuste.jpg\"><img decoding=\"async\" loading=\"lazy\" class=\"alignnone size-large wp-image-393\" src=\"https:\/\/tostamaa.edu.ee\/wp-content\/uploads\/2015\/01\/comenius_vastse_kuuste-1024x675.jpg\" alt=\"OLYMPUS DIGITAL CAMERA\" width=\"1024\" height=\"675\" srcset=\"https:\/\/tostamaa.edu.ee\/wp-content\/uploads\/2015\/01\/comenius_vastse_kuuste-1024x675.jpg 1024w, https:\/\/tostamaa.edu.ee\/wp-content\/uploads\/2015\/01\/comenius_vastse_kuuste-300x198.jpg 300w\" sizes=\"(max-width: 1024px) 100vw, 1024px\" \/><\/a><\/p>\n<p><strong>Vastse-Kuuste teatrifestivali videod<\/strong><\/p>\n<div>\n<div><span style=\"font-size: small;\"><br \/>\n<strong>Saksamaa, Otto-Hahn-Gymnasium G\u00f6ttingen:<\/strong><\/span><\/div>\n<div>\n<div><a href=\"http:\/\/www.youtube.com\/watch?v=R7yS5Hc71BA\"><span style=\"color: #000000; font-size: small;\">osa 1<\/span><\/a><span style=\"font-size: small;\"> &#8211; <\/span><a href=\"http:\/\/www.youtube.com\/watch?v=R7yS5Hc71BA\"><span style=\"color: #000000; font-size: small;\">http:\/\/www.youtube.com\/watch?v=R7yS5Hc71BA<\/span><\/a><\/div>\n<div><a href=\"http:\/\/www.youtube.com\/watch?v=yhkGIxe5MOs\"><span style=\"color: #000000; font-size: small;\">osa 2 <\/span><\/a><span style=\"font-size: small;\">&#8211; <\/span><a href=\"http:\/\/www.youtube.com\/watch?v=yhkGIxe5MOs\"><span style=\"color: #000000; font-size: small;\">http:\/\/www.youtube.com\/watch?v=yhkGIxe5MOs<\/span><\/a><\/div>\n<div><a href=\"http:\/\/www.youtube.com\/watch?v=5SsdOfiZG44\"><span style=\"color: #000000; font-size: small;\">osa 3<\/span><\/a><span style=\"font-size: small;\"> &#8211; <\/span><a href=\"http:\/\/www.youtube.com\/watch?v=5SsdOfiZG44\"><span style=\"color: #000000; font-size: small;\">http:\/\/www.youtube.com\/watch?v=5SsdOfiZG44<\/span><\/a><\/div>\n<\/div>\n<div><\/div>\n<div>\n<div><span style=\"font-size: small;\"><strong>Eesti, Vastse-Kuuste kool:<\/strong><\/span><\/div>\n<div><a href=\"http:\/\/www.youtube.com\/watch?v=zIKrZRgyFaE\"><span style=\"color: #000000; font-size: small;\">http:\/\/www.youtube.com\/watch?v=zIKrZRgyFaE<\/span><\/a><\/div>\n<div><\/div>\n<div>\n<div><span style=\"font-size: small;\"><strong>Soome, Imatran yhteislukio:<\/strong><\/span><\/div>\n<div><a href=\"http:\/\/www.youtube.com\/watch?v=AAFsoodBO7w\"><span style=\"color: #000000; font-size: small;\">http:\/\/www.youtube.com\/watch?v=AAFsoodBO7w<\/span><\/a><\/div>\n<div><\/div>\n<div>\n<div><span style=\"font-size: small;\"><strong>T\u00fcrgi, Osmaniye Mehmet Akif Ersoy Lisesi M\u00fcd\u00fcrl\u00fcg\u00fc:<\/strong><\/span><\/div>\n<div><a href=\"http:\/\/www.youtube.com\/watch?v=PBpdF0yWmlk\"><span style=\"color: #000000; font-size: small;\">http:\/\/www.youtube.com\/watch?v=PBpdF0yWmlk<\/span><\/a><\/div>\n<div><\/div>\n<\/div>\n<\/div>\n<\/div>\n<\/div>\n<div><span style=\"font-size: small;\"><strong>Itaalia, Scandicci Istituto Comprensivo Scandicci 1:<\/strong><\/span><\/div>\n<div><span style=\"font-size: small;\">osa 1 &#8211; <\/span><a href=\"http:\/\/www.youtube.com\/watch?v=ifR_i2BKXIE\"><span style=\"color: #000000; font-size: small;\">http:\/\/www.youtube.com\/watch?v=ifR_i2BKXIE<\/span><\/a><\/div>\n<div><span style=\"font-size: small;\">osa 2 &#8211; <\/span><a href=\"http:\/\/www.youtube.com\/watch?v=tCtyk2fBZRc\"><span style=\"color: #000000; font-size: small;\">http:\/\/www.youtube.com\/watch?v=tCtyk2fBZRc<\/span><\/a><\/div>\n<div><span style=\"font-size: small;\">osa 3 &#8211; <\/span><a href=\"http:\/\/www.youtube.com\/watch?v=r7GVd0Wrl1Q\"><span style=\"color: #000000; font-size: small;\">http:\/\/www.youtube.com\/watch?v=r7GVd0Wrl1Q<\/span><\/a><\/div>\n<div><\/div>\n<div>\n<p><span style=\"font-size: small;\"><strong>T\u00fcrgi, Gazi High School Izmit:<\/strong><\/span><\/p>\n<div><span style=\"font-size: small;\">osa 1 &#8211; <\/span><a href=\"http:\/\/www.youtube.com\/watch?v=deFWIh5CoUk\"><span style=\"color: #000000; font-size: small;\">http:\/\/www.youtube.com\/watch?v=deFWIh5CoUk<\/span><\/a><\/div>\n<div><span style=\"font-size: small;\">osa 2 &#8211; <\/span><a href=\"http:\/\/www.youtube.com\/watch?v=z3xNolWQ7Rs\"><span style=\"color: #000000; font-size: small;\">http:\/\/www.youtube.com\/watch?v=z3xNolWQ7Rs<\/span><\/a><\/div>\n<div><\/div>\n<div><span style=\"font-size: small;\"><strong>T\u00f5stamaa Keskkool<\/strong><\/span><\/div>\n<div>\n<div><span style=\"font-size: small;\">osa 1 &#8211; <\/span><a href=\"http:\/\/www.youtube.com\/watch?v=q5WP6HhzcUs\"><span style=\"color: #000000; font-size: small;\">http:\/\/www.youtube.com\/watch?v=q5WP6HhzcUs<\/span><\/a><\/div>\n<\/div>\n<div><span style=\"font-size: small;\">osa 2 &#8211; <\/span><a href=\"http:\/\/www.youtube.com\/watch?v=TU7fpJY3tfs\"><span style=\"color: #000000; font-size: small;\">http:\/\/www.youtube.com\/watch?v=TU7fpJY3tfs<\/span><\/a><\/div>\n<div><span style=\"font-size: small;\">osa 3 &#8211; <\/span><a href=\"http:\/\/www.youtube.com\/watch?v=dvpG3cDxFrU\"><span style=\"color: #000000; font-size: small;\">http:\/\/www.youtube.com\/watch?v=dvpG3cDxFrU<\/span><\/a><\/div>\n<div><span style=\"font-size: small;\">terve etendus:<br \/>\n<\/span><a href=\"http:\/\/pildid.tostamaa.ee\/VALLAVIDEOD\/our_story_of_drugs.wmv\"><span style=\"color: #000000; font-size: small;\">http:\/\/pildid.tostamaa.ee\/VALLAVIDEOD\/our_story_of_drugs.wmv<\/span><\/a><\/div>\n<div><\/div>\n<div><span style=\"font-size: small;\"><strong>Projektikohtumise video<\/strong><br \/>\n<\/span><a href=\"http:\/\/pildid.tostamaa.ee\/VALLAVIDEOD\/com_vastsekuuste09.wmv\"><span style=\"color: #000000; font-size: small;\">http:\/\/pildid.tostamaa.ee\/VALLAVIDEOD\/com_vastsekuuste09.wmv<\/span><\/a><\/div>\n<\/div>\n<ul>\n<li><a href=\"http:\/\/pildid.tostamaa.ee\/com_est09\/index.html\"><strong><span style=\"color: #000000; font-size: small;\">Comenius Eestis Vastse-Kuuste 2009 pildid<\/span><\/strong><\/a><\/li>\n<li><strong><span style=\"color: #000000; font-size: small;\"><a href=\"http:\/\/pildid.tostamaa.ee\/com_italy09\/index.html\">Comenius Itaalias Scandicci 2009 pildid<\/a><\/span><\/strong><\/li>\n<\/ul>\n<ul>\n<li><a href=\"http:\/\/pildid.tostamaa.ee\/com_imatra\/index.html\"><strong><span style=\"color: #000000; font-size: small;\">Comenius Soome Imatra 26. &#8211; 31. oktoober 2008 pildid<\/span><\/strong><\/a><\/li>\n<li><a href=\"https:\/\/tostamaa.edu.ee\/default.asp?id=462\"><strong><span style=\"color: #000000; font-size: small;\">Comenius Imatra Youtube video I<\/span><\/strong><\/a><\/li>\n<li><a href=\"https:\/\/tostamaa.edu.ee\/default.asp?id=463\"><strong><span style=\"color: #000000; font-size: small;\">Comenius Imatra Youtube video II<\/span><\/strong><\/a><\/li>\n<li><a href=\"https:\/\/tostamaa.edu.ee\/default.asp?id=464\"><strong><span style=\"color: #000000; font-size: small;\">Comenius Imatra Youtube video III<\/span><\/strong><\/a><\/li>\n<li><a href=\"http:\/\/pildid.tostamaa.ee\/com_gott_08\/\"><strong><span style=\"color: #000000; font-size: small;\">Comenius Saksamaa G\u00f6ttingen 14. &#8211; 19. mai 2008 pildid<\/span><\/strong><\/a><\/li>\n<li><span style=\"font-size: small;\">G\u00f6ttingeni teatrifestivali etenduste videod:<\/span>\n<ul>\n<li><span style=\"color: #000000; font-size: small;\"><a href=\"http:\/\/youtube.com\/watch?v=N1-fEx9Lw3Q\"><strong>Italy part I<\/strong><\/a><\/span><\/li>\n<li><span style=\"font-size: small;\"><a href=\"http:\/\/youtube.com\/watch?v=180WIlTHFjw\"><strong><span style=\"color: #000000;\">Italy part II<\/span><\/strong><\/a><\/span><\/li>\n<li><span style=\"color: #000000; font-size: small;\"><a href=\"http:\/\/youtube.com\/watch?v=p-RetFkFBnY\"><strong>Germany part I<\/strong><\/a><\/span><\/li>\n<li><span style=\"font-size: small;\"><a href=\"http:\/\/youtube.com\/watch?v=HDjXMmgV8Hw\"><strong><span style=\"color: #000000;\">Germany part II<\/span><\/strong><\/a><\/span><\/li>\n<li><span style=\"font-size: small;\"><a href=\"http:\/\/youtube.com\/watch?v=OJP2WViIJyc\"><strong><span style=\"color: #000000;\">Finland part I<\/span><\/strong><\/a><\/span><\/li>\n<li><span style=\"font-size: small;\"><a href=\"http:\/\/youtube.com\/watch?v=DnjdezV4AW8\"><strong><span style=\"color: #000000;\">Finland part II<\/span><\/strong><\/a><\/span><\/li>\n<li><span style=\"font-size: small;\"><a href=\"http:\/\/youtube.com\/watch?v=hBCLtditkA8\"><strong><span style=\"color: #000000;\">Estonia Vastse-Kuuste<\/span><\/strong><\/a><\/span><\/li>\n<li><span style=\"font-size: small;\"><a href=\"http:\/\/youtube.com\/watch?v=96OXHYepjyY\"><strong><span style=\"color: #000000;\">Estonia T\u00f5stamaa<\/span><\/strong><\/a><\/span><\/li>\n<\/ul>\n<\/li>\n<li><a href=\"http:\/\/pildid.tostamaa.ee\/com_izmit_08\/index.html\"><strong><span style=\"color: #000000; font-size: small;\">Comenius T\u00fcrgi Izmit 10. &#8211; 16. veebruar 2008 pildid<\/span><\/strong><\/a><\/li>\n<li><a href=\"http:\/\/pildid.tostamaa.ee\/comenius07\/index.html\"><strong><span style=\"color: #000000; font-size: small;\">Comenius Eesti T\u00f5stamaa 6. &#8211; 12. november 2008 pildid<\/span><\/strong><\/a><\/li>\n<\/ul>\n<ul>\n<li><a href=\"https:\/\/tostamaa.edu.ee\/default.asp?id=455\"><strong><span style=\"color: #000000; font-size: small;\">Comenius T\u00f5stamaal 2007<\/span><\/strong><\/a><\/li>\n<li><strong><span style=\"color: #cc6600;\"><span style=\"text-decoration: underline;\">loe artiklit &#8220;P\u00e4rnu Postimehes&#8221;<\/span><\/span><\/strong>\n<p><a href=\"http:\/\/pildid.tostamaa.ee\/com_izmit_08\/index.html\"><strong><span style=\"text-decoration: underline;\">vaata pilte<\/span><\/strong><\/a><\/li>\n<\/ul>\n<p><strong><span style=\"color: #990000; font-size: large;\">PROJEKTI LAUL:<br \/>\n<\/span><\/strong><br \/>\nWHEN YOU&#8217;RE DOWN AND TROUBLED<br \/>\nAND YOU NEED SOME LOVING CARE<br \/>\nAND NOTHING, NOTHING IS GOING RIGHT<br \/>\nCLOSE YOUR EYES AND THINK OF ME<br \/>\nAND SOON I WILL BE THERE<br \/>\nTO BRIGHTEN UP EVEN YOUR DARKEST NIGHT<br \/>\nYOU JUST CALL OUT MY NAME<br \/>\nAND YOU KNOW WHEREVER I AM<br \/>\nI&#8217;LL COME RUNNING TO SEE YOU AGAIN<br \/>\nWINTER, SPRING, SUMMER OR FALL<br \/>\nALL YOU HAVE TO DO IS CALL<br \/>\nAND I&#8217;LL BE THERE, YES I WILL<br \/>\n<strong>YOU&#8217;VE GOT A FRIEND&#8230;..<br \/>\n<\/strong>IF THE SKY ABOVE YOU<br \/>\nGROWS DARK AND FULL OF CLOUDS<br \/>\nAND THAT OLD NORTH WIND BEGINS TO BLOW<br \/>\nKEEP YOUR HEAD TOGETHER<br \/>\nAND CALL MY NAME OUT LOUD<br \/>\nSOON I&#8217;LL HEAR ME KNOCKING AT YOUR DOOR<br \/>\nYOU JUST CALL OUT MY NAME<br \/>\nAND YOU KNOW WHEREVER I AM<br \/>\nI&#8217;LL COME RUNNING, RUNNING<br \/>\nTO SEE YOU AGAIN<br \/>\nWINTER, SPRING, SUMMER OR FALL<br \/>\nALL YOU HAVE TO DO IS CALL<br \/>\nAND I&#8217;LL BE THERE YEH YEH YEH<br \/>\nOH AIN&#8217;T IT GOOD TO KNOW THAT YOU&#8217;VE GOT A FRIEND<br \/>\nWHEN PEOPLE CAN BE SO COLD<br \/>\nTHEY&#8217;LL HURT YOU, AND DESERT YOU<br \/>\nAND TAKE YOUR SOUL IF YOU LET THEM<br \/>\nOH, BUT DON&#8217;T YOU LET THEM<br \/>\nYOU JUST CALL OUT MY NAME<br \/>\nAND YOU KNOW WHEREVER I AM<br \/>\nI&#8217;LL COME RUNNING, RUNNING<br \/>\nTO SEE YOU AGAIN<br \/>\nWINTER, SPRING, SUMMER OR FALL<br \/>\nALL YOU HAVE TO DO IS CALL<br \/>\nAND I&#8217;LL BE THERE, YES I WILL<br \/>\n<strong>YOU&#8217;VE GOT A FRIEND, YOU&#8217;VE GOT A FRIEND<\/strong><\/p>\n","protected":false},"excerpt":{"rendered":"<p>Vastse-Kuuste teatrifestivali videod Saksamaa, Otto-Hahn-Gymnasium G\u00f6ttingen: osa 1 &#8211; http:\/\/www.youtube.com\/watch?v=R7yS5Hc71BA osa 2 &#8211; http:\/\/www.youtube.com\/watch?v=yhkGIxe5MOs osa 3 &#8211; http:\/\/www.youtube.com\/watch?v=5SsdOfiZG44 Eesti, Vastse-Kuuste kool: http:\/\/www.youtube.com\/watch?v=zIKrZRgyFaE Soome, Imatran yhteislukio: http:\/\/www.youtube.com\/watch?v=AAFsoodBO7w T\u00fcrgi, Osmaniye Mehmet Akif Ersoy Lisesi M\u00fcd\u00fcrl\u00fcg\u00fc: http:\/\/www.youtube.com\/watch?v=PBpdF0yWmlk Itaalia, Scandicci Istituto Comprensivo Scandicci 1: osa 1 &#8211; http:\/\/www.youtube.com\/watch?v=ifR_i2BKXIE osa 2 &#8211; http:\/\/www.youtube.com\/watch?v=tCtyk2fBZRc osa 3 &#8211; http:\/\/www.youtube.com\/watch?v=r7GVd0Wrl1Q T\u00fcrgi, Gazi High &hellip; <\/p>\n<p><a class=\"more-link btn\" href=\"https:\/\/tostamaa.edu.ee\/?page_id=24\">J\u00e4tka lugemist<\/a><\/p>\n","protected":false},"author":1,"featured_media":0,"parent":2,"menu_order":0,"comment_status":"closed","ping_status":"open","template":"","meta":{"footnotes":""},"_links":{"self":[{"href":"https:\/\/tostamaa.edu.ee\/index.php?rest_route=\/wp\/v2\/pages\/24"}],"collection":[{"href":"https:\/\/tostamaa.edu.ee\/index.php?rest_route=\/wp\/v2\/pages"}],"about":[{"href":"https:\/\/tostamaa.edu.ee\/index.php?rest_route=\/wp\/v2\/types\/page"}],"author":[{"embeddable":true,"href":"https:\/\/tostamaa.edu.ee\/index.php?rest_route=\/wp\/v2\/users\/1"}],"replies":[{"embeddable":true,"href":"https:\/\/tostamaa.edu.ee\/index.php?rest_route=%2Fwp%2Fv2%2Fcomments&post=24"}],"version-history":[{"count":5,"href":"https:\/\/tostamaa.edu.ee\/index.php?rest_route=\/wp\/v2\/pages\/24\/revisions"}],"predecessor-version":[{"id":396,"href":"https:\/\/tostamaa.edu.ee\/index.php?rest_route=\/wp\/v2\/pages\/24\/revisions\/396"}],"up":[{"embeddable":true,"href":"https:\/\/tostamaa.edu.ee\/index.php?rest_route=\/wp\/v2\/pages\/2"}],"wp:attachment":[{"href":"https:\/\/tostamaa.edu.ee\/index.php?rest_route=%2Fwp%2Fv2%2Fmedia&parent=24"}],"curies":[{"name":"wp","href":"https:\/\/api.w.org\/{rel}","templated":true}]}}