{"id":2543,"date":"2017-04-04T14:10:55","date_gmt":"2017-04-04T12:10:55","guid":{"rendered":"https:\/\/tostamaa.edu.ee\/?page_id=2543"},"modified":"2021-02-10T12:09:20","modified_gmt":"2021-02-10T10:09:20","slug":"pria-seotud-tegevused","status":"publish","type":"page","link":"https:\/\/tostamaa.edu.ee\/?page_id=2543","title":{"rendered":"PRIA koolikava haridusmeede (seotud tegevused)"},"content":{"rendered":"<p>Sellele lehek\u00fcljele koondatakse info PRIA koolipuuvilja-ja k\u00e4\u00e4giviljatoetuse seotud tegevuste projektitegemisest<\/p>\n","protected":false},"excerpt":{"rendered":"<p>Sellele lehek\u00fcljele koondatakse info PRIA koolipuuvilja-ja k\u00e4\u00e4giviljatoetuse seotud tegevuste projektitegemisest<\/p>\n","protected":false},"author":3,"featured_media":0,"parent":2,"menu_order":0,"comment_status":"closed","ping_status":"closed","template":"","meta":{"footnotes":""},"_links":{"self":[{"href":"https:\/\/tostamaa.edu.ee\/index.php?rest_route=\/wp\/v2\/pages\/2543"}],"collection":[{"href":"https:\/\/tostamaa.edu.ee\/index.php?rest_route=\/wp\/v2\/pages"}],"about":[{"href":"https:\/\/tostamaa.edu.ee\/index.php?rest_route=\/wp\/v2\/types\/page"}],"author":[{"embeddable":true,"href":"https:\/\/tostamaa.edu.ee\/index.php?rest_route=\/wp\/v2\/users\/3"}],"replies":[{"embeddable":true,"href":"https:\/\/tostamaa.edu.ee\/index.php?rest_route=%2Fwp%2Fv2%2Fcomments&post=2543"}],"version-history":[{"count":2,"href":"https:\/\/tostamaa.edu.ee\/index.php?rest_route=\/wp\/v2\/pages\/2543\/revisions"}],"predecessor-version":[{"id":5815,"href":"https:\/\/tostamaa.edu.ee\/index.php?rest_route=\/wp\/v2\/pages\/2543\/revisions\/5815"}],"up":[{"embeddable":true,"href":"https:\/\/tostamaa.edu.ee\/index.php?rest_route=\/wp\/v2\/pages\/2"}],"wp:attachment":[{"href":"https:\/\/tostamaa.edu.ee\/index.php?rest_route=%2Fwp%2Fv2%2Fmedia&parent=2543"}],"curies":[{"name":"wp","href":"https:\/\/api.w.org\/{rel}","templated":true}]}}