{"id":2545,"date":"2017-04-04T14:11:52","date_gmt":"2017-04-04T12:11:52","guid":{"rendered":"https:\/\/tostamaa.edu.ee\/?page_id=2545"},"modified":"2017-06-01T11:42:51","modified_gmt":"2017-06-01T09:42:51","slug":"2015-2016","status":"publish","type":"page","link":"https:\/\/tostamaa.edu.ee\/?page_id=2545","title":{"rendered":"Tegevused 2015\/2016"},"content":{"rendered":"<p><span lang=\"ET\" style=\"margin: 0px; font-family: 'Roboto Condensed'; font-size: 11pt;\"><span style=\"color: #000000;\">PRIA toetusel saavad T\u00f5stamaa Keskkooli \u00f5pilased 2015\/2016 \u00f5ppeaastal osa j\u00e4rgnevatest tegevustest:<\/span><\/span><\/p>\n<ol>\n<li><span lang=\"ET\" style=\"margin: 0px; font-family: 'Roboto Condensed'; font-size: 11pt;\"><span style=\"color: #000000;\">1.-4.klassi \u00f5ppereis P\u00f5ltsamaa Felixisse. Tutvustatakse ettev\u00f5tte tegevust ning neil kehtivaid reegleid, samuti n\u00e4idatakse tootmist. \u00d5pilased saavad degusteerida neil toodetud mahlu.<\/span><\/span><\/li>\n<li><span lang=\"ET\" style=\"margin: 0px; font-family: 'Roboto Condensed'; font-size: 11pt;\"><span style=\"color: #000000;\">K\u00f6\u00f6giviljataimede, seemnete soetamine on otseselt seotud 1.-5. klassi \u00f5pilastega, sest neid kaasatakse taimede istutamisesse, seemnete k\u00fclvamisse ja nende edasisele hoolitsemisele. Valminud vilju saavad s\u00fc\u00fca T\u00f5stamaa Keskkooli \u00f5pilased. Tegemist on j\u00e4tkusuutiku tegevusega, mis toimub igal \u00f5ppeaastal.<\/span><\/span><\/li>\n<li><span lang=\"ET\" style=\"margin: 0px; font-family: 'Roboto Condensed'; font-size: 11pt;\"><span style=\"color: #000000; font-family: Times New Roman;\">\u00d5ppep\u00e4eva &#8220;Igap\u00e4evased valikud toidulaual\u201c ja \u00f5pitubade \u201eLihtsad smuutid\u201c korraldamine ja l\u00e4biviimine, mille k\u00e4igus \u00f5pivad \u00f5pilased tegema teadlikuid valikuid oma s\u00f6\u00f6misharjumustes, samuti saavad nad \u00f5pitubades osalemisest praktilisi oskuseid lihtsamate smuutide valmistamiseks.<\/span><\/span><\/li>\n<\/ol>\n<p><span lang=\"ET\" style=\"margin: 0px; font-family: 'Roboto Condensed'; font-size: 11pt;\"><span style=\"color: #000000;\">Projekti k\u00e4igus soetati kooli kodunduse klassi \u00f5ppep\u00e4eva tarbeks ja hiljem \u00f5pilaste kasutamiseks blender.<\/span><\/span><\/p>\n<p>Projekti eelarve oli 1620.08 eurot, millest PRIA kattis 1350.07 eurot<\/p>\n<p><a href=\"https:\/\/tostamaa.edu.ee\/wp-content\/uploads\/2017\/04\/smuutid.jpg\"><img decoding=\"async\" loading=\"lazy\" class=\"wp-image-2857 aligncenter\" src=\"https:\/\/tostamaa.edu.ee\/wp-content\/uploads\/2017\/04\/smuutid-1024x683.jpg\" alt=\"\" width=\"569\" height=\"379\" srcset=\"https:\/\/tostamaa.edu.ee\/wp-content\/uploads\/2017\/04\/smuutid-1024x683.jpg 1024w, https:\/\/tostamaa.edu.ee\/wp-content\/uploads\/2017\/04\/smuutid-300x200.jpg 300w, https:\/\/tostamaa.edu.ee\/wp-content\/uploads\/2017\/04\/smuutid-768x512.jpg 768w, https:\/\/tostamaa.edu.ee\/wp-content\/uploads\/2017\/04\/smuutid.jpg 2048w\" sizes=\"(max-width: 569px) 100vw, 569px\" \/><\/a><\/p>\n<p>&nbsp;<\/p>\n","protected":false},"excerpt":{"rendered":"<p>PRIA toetusel saavad T\u00f5stamaa Keskkooli \u00f5pilased 2015\/2016 \u00f5ppeaastal osa j\u00e4rgnevatest tegevustest: 1.-4.klassi \u00f5ppereis P\u00f5ltsamaa Felixisse. Tutvustatakse ettev\u00f5tte tegevust ning neil kehtivaid reegleid, samuti n\u00e4idatakse tootmist. \u00d5pilased saavad degusteerida neil toodetud mahlu. K\u00f6\u00f6giviljataimede, seemnete soetamine on otseselt seotud 1.-5. klassi \u00f5pilastega, sest neid kaasatakse taimede istutamisesse, seemnete k\u00fclvamisse ja nende edasisele hoolitsemisele. Valminud vilju saavad s\u00fc\u00fca &hellip; <\/p>\n<p><a class=\"more-link btn\" href=\"https:\/\/tostamaa.edu.ee\/?page_id=2545\">J\u00e4tka lugemist<\/a><\/p>\n","protected":false},"author":3,"featured_media":0,"parent":2543,"menu_order":0,"comment_status":"closed","ping_status":"closed","template":"","meta":{"footnotes":""},"_links":{"self":[{"href":"https:\/\/tostamaa.edu.ee\/index.php?rest_route=\/wp\/v2\/pages\/2545"}],"collection":[{"href":"https:\/\/tostamaa.edu.ee\/index.php?rest_route=\/wp\/v2\/pages"}],"about":[{"href":"https:\/\/tostamaa.edu.ee\/index.php?rest_route=\/wp\/v2\/types\/page"}],"author":[{"embeddable":true,"href":"https:\/\/tostamaa.edu.ee\/index.php?rest_route=\/wp\/v2\/users\/3"}],"replies":[{"embeddable":true,"href":"https:\/\/tostamaa.edu.ee\/index.php?rest_route=%2Fwp%2Fv2%2Fcomments&post=2545"}],"version-history":[{"count":5,"href":"https:\/\/tostamaa.edu.ee\/index.php?rest_route=\/wp\/v2\/pages\/2545\/revisions"}],"predecessor-version":[{"id":2859,"href":"https:\/\/tostamaa.edu.ee\/index.php?rest_route=\/wp\/v2\/pages\/2545\/revisions\/2859"}],"up":[{"embeddable":true,"href":"https:\/\/tostamaa.edu.ee\/index.php?rest_route=\/wp\/v2\/pages\/2543"}],"wp:attachment":[{"href":"https:\/\/tostamaa.edu.ee\/index.php?rest_route=%2Fwp%2Fv2%2Fmedia&parent=2545"}],"curies":[{"name":"wp","href":"https:\/\/api.w.org\/{rel}","templated":true}]}}