{"id":2646,"date":"2017-05-03T09:06:54","date_gmt":"2017-05-03T07:06:54","guid":{"rendered":"https:\/\/tostamaa.edu.ee\/?page_id=2646"},"modified":"2026-03-30T12:51:55","modified_gmt":"2026-03-30T10:51:55","slug":"vastuvott-10-klassi-201718","status":"publish","type":"page","link":"https:\/\/tostamaa.edu.ee\/?page_id=2646","title":{"rendered":"Vastuv\u00f5tt kooli"},"content":{"rendered":"\n<h2 class=\"wp-block-heading\">Vastuv\u00f5tt 1. klassi ja \u00fcleminekuklassidesse<\/h2>\n\n\n\n<p>\u00d5pilase vastuv\u00f5tmiseks meie kooli esitab <strong>vanem<\/strong>&nbsp;<span style=\"text-decoration: underline;\"><a href=\"http:\/\/pass.piksel.ee\/ctrl\/et\/Auth\/login\/arno_parnu\/?back_url=https%3A%2F%2Farno.parnu.ee%2Fctrl%2Fee%2FLogin%2Flogin%2F&amp;vn=::0\">veebikeskkonnas ARNO taotluse<\/a>,<\/span><\/p>\n\n\n\n<h2 class=\"wp-block-heading\">Vastuv\u00f5tt 10. klassi<\/h2>\n\n\n<div class=\"wp-block-image\">\n<figure class=\"aligncenter size-large is-resized\"><a href=\"https:\/\/tostamaa.edu.ee\/wp-content\/uploads\/2026\/03\/vastuvotuinfo2026_2.png\"><img decoding=\"async\" loading=\"lazy\" width=\"731\" height=\"1024\" src=\"https:\/\/tostamaa.edu.ee\/wp-content\/uploads\/2026\/03\/vastuvotuinfo2026_2-731x1024.png\" alt=\"\" class=\"wp-image-9719\" style=\"aspect-ratio:0.7138671875;width:501px;height:auto\" srcset=\"https:\/\/tostamaa.edu.ee\/wp-content\/uploads\/2026\/03\/vastuvotuinfo2026_2-731x1024.png 731w, https:\/\/tostamaa.edu.ee\/wp-content\/uploads\/2026\/03\/vastuvotuinfo2026_2-214x300.png 214w, https:\/\/tostamaa.edu.ee\/wp-content\/uploads\/2026\/03\/vastuvotuinfo2026_2-768x1076.png 768w, https:\/\/tostamaa.edu.ee\/wp-content\/uploads\/2026\/03\/vastuvotuinfo2026_2.png 850w\" sizes=\"(max-width: 731px) 100vw, 731px\" \/><\/a><\/figure><\/div>\n\n<h2><strong>10. klassi vastuv\u00f5tu tingimused ja kord<\/strong><\/h2>\n<p>P\u00f5hikooli l\u00f5petajate p\u00f5hivastuv\u00f5tt algab <strong>30. m\u00e4rtsil<\/strong> ja l\u00f5peb <strong>30. juunil.<\/strong> <br \/>Avalduste esitamine kestab kuni <strong>7. juunini.<\/strong> <br \/>9. klassi <strong>klassitunnistus<\/strong> tuleb laadida ARNO-sse hiljemalt\u00a0 <strong>7. juunil<\/strong>. <br \/>Alates 9. juunist hakkame \u00f5pilastele pakkuma \u00f5ppekohti.<\/p>\n<div class=\"flex flex-col text-sm pb-25\">\n<section class=\"text-token-text-primary w-full focus:outline-none [--shadow-height:45px] has-data-writing-block:pointer-events-none has-data-writing-block:-mt-(--shadow-height) has-data-writing-block:pt-(--shadow-height) [&amp;:has([data-writing-block])&gt;*]:pointer-events-auto scroll-mt-[calc(var(--header-height)+min(200px,max(70px,20svh)))]\" dir=\"auto\" data-turn-id=\"request-WEB:33fc8ecf-5c58-4e40-8353-d01f7d335441-1\" data-testid=\"conversation-turn-4\" data-scroll-anchor=\"true\" data-turn=\"assistant\">\n<div class=\"text-base my-auto mx-auto pb-10 [--thread-content-margin:var(--thread-content-margin-xs,calc(var(--spacing)*4))] @w-sm\/main:[--thread-content-margin:var(--thread-content-margin-sm,calc(var(--spacing)*6))] @w-lg\/main:[--thread-content-margin:var(--thread-content-margin-lg,calc(var(--spacing)*16))] px-(--thread-content-margin)\">\n<div class=\"[--thread-content-max-width:40rem] @w-lg\/main:[--thread-content-max-width:48rem] mx-auto max-w-(--thread-content-max-width) flex-1 group\/turn-messages focus-visible:outline-hidden relative flex w-full min-w-0 flex-col agent-turn\">\n<div class=\"flex max-w-full flex-col gap-4 grow\">\n<div class=\"min-h-8 text-message relative flex w-full flex-col items-end gap-2 text-start break-words whitespace-normal outline-none keyboard-focused:focus-ring [.text-message+&amp;]:mt-1\" dir=\"auto\" tabindex=\"0\" data-message-author-role=\"assistant\" data-message-id=\"be1aba80-323b-4a14-a439-2b771a62fc61\" data-message-model-slug=\"gpt-5-4-thinking\" data-turn-start-message=\"true\">\n<div class=\"flex w-full flex-col gap-1 empty:hidden\">\n<div class=\"markdown prose dark:prose-invert w-full wrap-break-word light markdown-new-styling\">\n<p data-start=\"179\" data-end=\"312\" data-is-last-node=\"\" data-is-only-node=\"\">P\u00e4rast \u00f5ppimiskutse saamist e-kirjaga, tuleb sisseastujal sellele vastata 30. juuniks, <strong>kas ta v\u00f5tab kutse vastu v\u00f5i loobub sellest.<\/strong><\/p>\n<\/div>\n<\/div>\n<\/div>\n<\/div>\n<div class=\"z-0 flex min-h-[46px] justify-start\"><span style=\"font-size: revert;\">Neile, kes selleks ajaks koolikohta ei ole saanud, algab <\/span><strong style=\"font-size: revert;\">j\u00e4tkuvastuv\u00f5tt,<\/strong><span style=\"font-size: revert;\"> mis kestab vabade \u00f5ppekohtade t\u00e4itumiseni.<\/span><\/div>\n<\/div>\n<\/div>\n<\/section>\n<\/div>\n<p>J\u00e4tkuvastuv\u00f5tuga seonduvaid tegevusi viiakse l\u00e4bi kuni 31. augustini.\u00a0<\/p>\n<p>10. klassi (<em>v\u00f5i teistesse g\u00fcmnaasiumiklassidesse<\/em>) astuv\u00f5tmiseks<br \/>esitab sisseastuja <strong>vanem<\/strong>\u00a0<a href=\"https:\/\/arno.parnu.ee\/\">veebikeskkonnas ARNO taotluse<\/a>,<br \/>(siseneda hariduss\u00fcsteemi ja valida link &#8220;Minu lapsed&#8221; -&gt;&#8221;Taotlused&#8221;). J\u00e4lgida \u00f5iget \u00f5ppeaastat (2026\/27)<\/p>\n<p><a href=\"https:\/\/arno.parnu.ee\/\"><img decoding=\"async\" loading=\"lazy\" class=\"aligncenter wp-image-9711 \" src=\"https:\/\/tostamaa.edu.ee\/wp-content\/uploads\/2026\/03\/arno.png\" alt=\"\" width=\"529\" height=\"303\" srcset=\"https:\/\/tostamaa.edu.ee\/wp-content\/uploads\/2026\/03\/arno.png 1271w, https:\/\/tostamaa.edu.ee\/wp-content\/uploads\/2026\/03\/arno-300x172.png 300w, https:\/\/tostamaa.edu.ee\/wp-content\/uploads\/2026\/03\/arno-1024x586.png 1024w, https:\/\/tostamaa.edu.ee\/wp-content\/uploads\/2026\/03\/arno-768x439.png 768w, https:\/\/tostamaa.edu.ee\/wp-content\/uploads\/2026\/03\/arno-944x540.png 944w\" sizes=\"(max-width: 529px) 100vw, 529px\" \/><\/a><\/p>\n<p>10. klass komplekteeritakse p\u00f5hikooli klassitunnistuse keskmise ja l\u00f5pueksamite keskmise hinnete <strong>pingerea<\/strong> alusel.<br \/>Vajadusel kutsutakse \u00f5pilane kooli direktori vestlusele, millest teavitatakse ette 3 t\u00f6\u00f6p\u00e4eva jooksul.<\/p>\n<p>Kooli vastuv\u00f5tmisest teatatakse esitatud kontaktandmetele esimesel v\u00f5imalusel.<\/p>\n<ul>\n<li>koolil on <strong>\u00f5pilaskodu<\/strong><\/li>\n<li>P\u00e4rnu kesklinnast saab hommikul kooli tulla ja \u00f5htul koju tagasi <strong>liinibussidega<\/strong><\/li>\n<li>busside s\u00f5idugraafiku leiab kooli <strong><a href=\"https:\/\/tostamaa.edu.ee\/?page_id=292\">kodulehelt<\/a> <\/strong>ja keskkonnast<strong> <a href=\"https:\/\/www.tpilet.ee\/\">https:\/\/www.tpilet.ee\/<\/a><\/strong><\/li>\n<\/ul>\n<p><strong><span style=\"color: #993300;\"><em>K\u00fcsimuste korral saab infot kooli direktorilt: tel <span style=\"text-decoration: underline;\">526 1935; toomas.mitt@tostamaa.ee<\/span><\/em><\/span><\/strong><\/p>\n<figure class=\"wp-block-image size-large\">\n<h2><a href=\"https:\/\/tostamaa.edu.ee\/wp-content\/uploads\/2026\/03\/Tostamaa-kool-2026-info.png\"><img decoding=\"async\" loading=\"lazy\" class=\"aligncenter wp-image-9720 size-full\" src=\"https:\/\/tostamaa.edu.ee\/wp-content\/uploads\/2026\/03\/Tostamaa-kool-2026-info.png\" alt=\"\" width=\"2880\" height=\"2035\" srcset=\"https:\/\/tostamaa.edu.ee\/wp-content\/uploads\/2026\/03\/Tostamaa-kool-2026-info.png 2880w, https:\/\/tostamaa.edu.ee\/wp-content\/uploads\/2026\/03\/Tostamaa-kool-2026-info-300x212.png 300w, https:\/\/tostamaa.edu.ee\/wp-content\/uploads\/2026\/03\/Tostamaa-kool-2026-info-1024x724.png 1024w, https:\/\/tostamaa.edu.ee\/wp-content\/uploads\/2026\/03\/Tostamaa-kool-2026-info-768x543.png 768w, https:\/\/tostamaa.edu.ee\/wp-content\/uploads\/2026\/03\/Tostamaa-kool-2026-info-1536x1085.png 1536w, https:\/\/tostamaa.edu.ee\/wp-content\/uploads\/2026\/03\/Tostamaa-kool-2026-info-2048x1447.png 2048w, https:\/\/tostamaa.edu.ee\/wp-content\/uploads\/2026\/03\/Tostamaa-kool-2026-info-944x667.png 944w\" sizes=\"(max-width: 2880px) 100vw, 2880px\" \/><\/a><\/h2>\n<p><a href=\"https:\/\/tostamaa.edu.ee\/wp-content\/uploads\/2026\/03\/PAVILJONILE-2026.png\"><img decoding=\"async\" loading=\"lazy\" class=\"aligncenter wp-image-9722 size-full\" src=\"https:\/\/tostamaa.edu.ee\/wp-content\/uploads\/2026\/03\/PAVILJONILE-2026.png\" alt=\"\" width=\"3087\" height=\"4583\" srcset=\"https:\/\/tostamaa.edu.ee\/wp-content\/uploads\/2026\/03\/PAVILJONILE-2026.png 3087w, https:\/\/tostamaa.edu.ee\/wp-content\/uploads\/2026\/03\/PAVILJONILE-2026-202x300.png 202w, https:\/\/tostamaa.edu.ee\/wp-content\/uploads\/2026\/03\/PAVILJONILE-2026-690x1024.png 690w, https:\/\/tostamaa.edu.ee\/wp-content\/uploads\/2026\/03\/PAVILJONILE-2026-768x1140.png 768w, https:\/\/tostamaa.edu.ee\/wp-content\/uploads\/2026\/03\/PAVILJONILE-2026-1035x1536.png 1035w, https:\/\/tostamaa.edu.ee\/wp-content\/uploads\/2026\/03\/PAVILJONILE-2026-1379x2048.png 1379w, https:\/\/tostamaa.edu.ee\/wp-content\/uploads\/2026\/03\/PAVILJONILE-2026-944x1401.png 944w\" sizes=\"(max-width: 3087px) 100vw, 3087px\" \/><\/a><\/p>\n<\/figure>\n\n\n\n\n<figure class=\"wp-block-embed is-type-video is-provider-youtube wp-block-embed-youtube wp-embed-aspect-16-9 wp-has-aspect-ratio\"><div class=\"wp-block-embed__wrapper\">\n<iframe loading=\"lazy\" title=\"Milline kool on T\u00f5stamaa Keskkool?\" width=\"944\" height=\"531\" src=\"https:\/\/www.youtube.com\/embed\/brS81RE3Vq0?feature=oembed\" frameborder=\"0\" allow=\"accelerometer; autoplay; clipboard-write; encrypted-media; gyroscope; picture-in-picture; web-share\" referrerpolicy=\"strict-origin-when-cross-origin\" allowfullscreen><\/iframe>\n<\/div><\/figure>\n","protected":false},"excerpt":{"rendered":"<p>Vastuv\u00f5tt 1. klassi ja \u00fcleminekuklassidesse \u00d5pilase vastuv\u00f5tmiseks meie kooli esitab vanem&nbsp;veebikeskkonnas ARNO taotluse, Vastuv\u00f5tt 10. klassi 10. klassi vastuv\u00f5tu tingimused ja kord P\u00f5hikooli l\u00f5petajate p\u00f5hivastuv\u00f5tt algab 30. m\u00e4rtsil ja l\u00f5peb 30. juunil. Avalduste esitamine kestab kuni 7. juunini. 9. klassi klassitunnistus tuleb laadida ARNO-sse hiljemalt\u00a0 7. juunil. Alates 9. juunist hakkame \u00f5pilastele pakkuma \u00f5ppekohti. P\u00e4rast &hellip; <\/p>\n<p><a class=\"more-link btn\" href=\"https:\/\/tostamaa.edu.ee\/?page_id=2646\">J\u00e4tka lugemist<\/a><\/p>\n","protected":false},"author":1,"featured_media":0,"parent":17,"menu_order":0,"comment_status":"closed","ping_status":"closed","template":"template-twocolumnsleft.php","meta":{"footnotes":""},"_links":{"self":[{"href":"https:\/\/tostamaa.edu.ee\/index.php?rest_route=\/wp\/v2\/pages\/2646"}],"collection":[{"href":"https:\/\/tostamaa.edu.ee\/index.php?rest_route=\/wp\/v2\/pages"}],"about":[{"href":"https:\/\/tostamaa.edu.ee\/index.php?rest_route=\/wp\/v2\/types\/page"}],"author":[{"embeddable":true,"href":"https:\/\/tostamaa.edu.ee\/index.php?rest_route=\/wp\/v2\/users\/1"}],"replies":[{"embeddable":true,"href":"https:\/\/tostamaa.edu.ee\/index.php?rest_route=%2Fwp%2Fv2%2Fcomments&post=2646"}],"version-history":[{"count":5,"href":"https:\/\/tostamaa.edu.ee\/index.php?rest_route=\/wp\/v2\/pages\/2646\/revisions"}],"predecessor-version":[{"id":9724,"href":"https:\/\/tostamaa.edu.ee\/index.php?rest_route=\/wp\/v2\/pages\/2646\/revisions\/9724"}],"up":[{"embeddable":true,"href":"https:\/\/tostamaa.edu.ee\/index.php?rest_route=\/wp\/v2\/pages\/17"}],"wp:attachment":[{"href":"https:\/\/tostamaa.edu.ee\/index.php?rest_route=%2Fwp%2Fv2%2Fmedia&parent=2646"}],"curies":[{"name":"wp","href":"https:\/\/api.w.org\/{rel}","templated":true}]}}