{"id":292,"date":"2015-02-28T22:17:37","date_gmt":"2015-02-28T20:17:37","guid":{"rendered":"https:\/\/tostamaa.edu.ee\/?page_id=292"},"modified":"2025-10-13T09:04:55","modified_gmt":"2025-10-13T07:04:55","slug":"busside-graafik","status":"publish","type":"page","link":"https:\/\/tostamaa.edu.ee\/?page_id=292","title":{"rendered":"Busside graafik"},"content":{"rendered":"<table style=\"height: 2220px;\" border=\"0\" width=\"943\" cellspacing=\"0\" cellpadding=\"0\">\n<tbody>\n<tr>\n<td><strong>liin<\/strong><\/td>\n<td width=\"140\"><\/td>\n<td style=\"text-align: center;\" width=\"120\"><\/td>\n<\/tr>\n<tr>\n<td style=\"text-align: left;\" height=\"18\">liinibuss P\u00e4rnu-Munalaiu-T\u00f5stamaa (nr 66)<\/td>\n<td style=\"text-align: left;\">P\u00e4rnu kell 6.35<\/td>\n<td style=\"text-align: left;\">T\u00f5stamaal kell 7.57<\/td>\n<\/tr>\n<tr>\n<td>liinibuss P\u00e4rnu-Kihlepa-T\u00f5stamaa-Varbla (nr 62-1 ja nr 62-2)<\/td>\n<td>P\u00e4rnu kell 7.00<\/td>\n<td style=\"text-align: left;\">T\u00f5stamaal kell 7.53<\/td>\n<\/tr>\n<tr>\n<td>liinibuss\u00a0 P\u00e4rnu-Munalaiu-T\u00f5stamaa) (nr 65)<\/td>\n<td>P\u00e4rnu kell 7.15<\/td>\n<td class=\"xl33\" style=\"text-align: left;\">T\u00f5stamaal kell 8.28<\/td>\n<\/tr>\n<tr>\n<td>liinibuss\u00a0 P\u00e4rnu-Kavaru-T\u00f5stamaa (nr 67)<\/td>\n<td>P\u00e4rnu kell 8.45<\/td>\n<td class=\"xl33\" style=\"text-align: left;\">T\u00f5stamaal kell 9.56<\/td>\n<\/tr>\n<tr>\n<td>liinibuss P\u00e4rnu-Munalaiu-T\u00f5stamaa (nr 65-1)<\/td>\n<td>P\u00e4rnu kell 10.05<\/td>\n<td class=\"xl33\" style=\"text-align: left;\">T\u00f5stamaal kell 11.29<\/td>\n<\/tr>\n<tr>\n<td class=\"xl34\" style=\"text-align: left;\" height=\"18\">liinibuss P\u00e4rnu-Pootsi-T\u00f5stamaa (nr 362)<\/td>\n<td class=\"xl35\" style=\"text-align: left;\">P\u00e4rnu kell 12.50<\/td>\n<td class=\"xl33\" style=\"text-align: left;\">T\u00f5stamaal kell 13.47<\/td>\n<\/tr>\n<tr>\n<td height=\"18\">liinibuss P\u00e4rnu-Pootsi-T\u00f5stamaa (nr 66)<\/td>\n<td>P\u00e4rnu kell 15.35<\/td>\n<td class=\"xl38\" style=\"text-align: left;\">T\u00f5stamaal kell 16.54<\/td>\n<\/tr>\n<tr>\n<td class=\"xl39\" height=\"18\">liinibuss P\u00e4rnu-Pootsi-T\u00f5stamaa (nr 68)<\/td>\n<td class=\"xl41\">P\u00e4rnu kell 16.35<\/td>\n<td class=\"xl42\" style=\"text-align: left;\">T\u00f5stamaal kell 17.45<\/td>\n<\/tr>\n<tr>\n<td class=\"xl27\" height=\"18\">liinibuss P\u00e4rnu-Pootsi-T\u00f5stamaa (nr 67)<\/td>\n<td class=\"xl29\">P\u00e4rnu kell 17.10<\/td>\n<td class=\"xl29\" style=\"text-align: left;\">T\u00f5stamaal kell 18.20<\/td>\n<\/tr>\n<tr>\n<td class=\"xl34\" height=\"18\">liinibuss P\u00e4rnu-Soomra-T\u00f5stamaa (nr 64)<\/td>\n<td class=\"xl35\">P\u00e4rnu kell 17.35<\/td>\n<td class=\"xl35\" style=\"text-align: left;\">T\u00f5stamaal kell 18.32<\/td>\n<\/tr>\n<tr>\n<td class=\"xl43\" height=\"18\">liinibuss P\u00e4rnu&#8211;Pootsi-T\u00f5stamaa (nr 326)<\/td>\n<td class=\"xl45\">P\u00e4rnu kell 18.00<\/td>\n<td class=\"xl45\" style=\"text-align: left;\">T\u00f5stamaal kell 18.57<\/td>\n<\/tr>\n<tr>\n<td class=\"xl46\" height=\"18\">liinibuss P\u00e4rnu-Pootsi-T\u00f5stamaa (nr 67)<\/td>\n<td class=\"xl48\">P\u00e4rnu kell 19.25<\/td>\n<td class=\"xl48\" style=\"text-align: left;\">T\u00f5stamaal kell 20.45<\/td>\n<\/tr>\n<tr>\n<td class=\"xl46\" height=\"18\"><\/td>\n<td class=\"xl48\"><\/td>\n<td class=\"xl48\" style=\"text-align: center;\"><\/td>\n<\/tr>\n<tr>\n<td class=\"xl46\" height=\"18\"><\/td>\n<td class=\"xl48\" style=\"text-align: left;\"><strong>v\u00e4ljub \u00a0peatusest<\/strong><\/td>\n<td class=\"xl48\" style=\"text-align: center;\">\u00a0<strong>kell<\/strong><\/td>\n<\/tr>\n<tr>\n<td class=\"xl27\" height=\"18\"><strong>koolibuss<\/strong><\/td>\n<td class=\"xl29\">Paatsalu<\/td>\n<td class=\"xl29\">\n<div align=\"center\">07.20<\/div>\n<\/td>\n<\/tr>\n<tr>\n<td class=\"xl49\" height=\"18\"><\/td>\n<td class=\"xl51\">Varbla<\/td>\n<td class=\"xl51\">\n<div align=\"center\">07.30<\/div>\n<\/td>\n<\/tr>\n<tr>\n<td class=\"xl49\" height=\"18\"><\/td>\n<td class=\"xl52\">Saulepi<\/td>\n<td class=\"xl52\">\n<div align=\"center\">07.35<\/div>\n<\/td>\n<\/tr>\n<tr>\n<td class=\"xl53\" height=\"18\"><\/td>\n<td class=\"xl55\">kooli juures<\/td>\n<td class=\"xl55\">\u00a0 \u00a0 \u00a0 \u00a0 \u00a0 07.55<\/td>\n<\/tr>\n<tr>\n<td class=\"xl27\" height=\"18\">liinibuss T\u00f5hela-T\u00f5stamaa-P\u00e4rnu (nr 64)<\/td>\n<td class=\"xl29\">Kiraste<\/td>\n<td class=\"xl29\">\n<div align=\"center\">07.30<\/div>\n<\/td>\n<\/tr>\n<tr>\n<td class=\"xl34\" height=\"18\"><\/td>\n<td class=\"xl35\">T\u00f5hela rahvamaja<\/td>\n<td class=\"xl35\">\n<div align=\"center\">07.35<\/div>\n<\/td>\n<\/tr>\n<tr>\n<td class=\"xl56\" height=\"18\"><\/td>\n<td class=\"xl35\">kooli juures<\/td>\n<td class=\"xl35\">\n<div align=\"center\">07.50<\/div>\n<\/td>\n<\/tr>\n<tr>\n<td class=\"xl56\" height=\"18\"><\/td>\n<td class=\"xl35\">V\u00e4rati<\/td>\n<td class=\"xl35\">\n<div align=\"center\">07.55<\/div>\n<\/td>\n<\/tr>\n<tr>\n<td class=\"xl43\" height=\"18\"><\/td>\n<td>alevi bussijaam<\/td>\n<td class=\"xl57\">\n<div align=\"center\">08.00<\/div>\n<\/td>\n<\/tr>\n<tr>\n<td class=\"xl58\" height=\"18\"><\/td>\n<td class=\"xl58\">kooli juures<\/td>\n<td class=\"xl58\" style=\"text-align: center;\">08.02<\/td>\n<\/tr>\n<tr>\n<td height=\"18\"><strong>liin<\/strong><\/td>\n<td><strong>T\u00f5stamaalt<\/strong><\/td>\n<td>\n<div align=\"center\"><strong>P\u00e4rnus<\/strong><\/div>\n<\/td>\n<\/tr>\n<tr>\n<td height=\"18\">T\u00f5stamaa-Pootsi-P\u00e4rnu (nr 67)<\/td>\n<td>kell 05.45<\/td>\n<td style=\"text-align: center;\">kell 06.59<\/td>\n<\/tr>\n<tr>\n<td height=\"18\">T\u00f5stamaa-Pootsi-P\u00e4rnu (nr 326)<\/td>\n<td>kell 06.44<\/td>\n<td>\n<div align=\"center\">kell 07.38<\/div>\n<\/td>\n<\/tr>\n<tr>\n<td height=\"18\">T\u00f5hela-T\u00f5stamaa-Kihlepa-P\u00e4rnu (nr 64)<\/td>\n<td>kell 08.00<\/td>\n<td>\n<div align=\"center\">kell 08.54<\/div>\n<\/td>\n<\/tr>\n<tr>\n<td height=\"18\">T\u00f5stamaa-Munalaiu-P\u00e4rnu (nr 66)<\/td>\n<td>kell 08.02<\/td>\n<td>\n<div align=\"center\">kell 09.14<\/div>\n<\/td>\n<\/tr>\n<tr>\n<td height=\"18\">T\u00f5stamaa-Kavaru-P\u00e4rnu (nr 67)<\/td>\n<td>kell 10.00<\/td>\n<td>\n<div align=\"center\">kell 11.11<\/div>\n<\/td>\n<\/tr>\n<tr>\n<td height=\"18\">T\u00f5stamaa-Munalaiu-P\u00e4rnu (nr 65)<\/td>\n<td>kell 11.00<\/td>\n<td>\n<div align=\"center\">kell 12.20<\/div>\n<\/td>\n<\/tr>\n<tr>\n<td height=\"18\">(Lihula)-Varbla-T\u00f5stamaa-Kihlepa-P\u00e4rnu (nr 62-1 ja nr 62-2)<\/td>\n<td>kell 11.31<\/td>\n<td>\n<div align=\"center\">kell 12.22<\/div>\n<\/td>\n<\/tr>\n<tr>\n<td height=\"18\">T\u00f5stamaa-Pootsi-P\u00e4rnu (nr 65-1) (alates 01.09.2025)<\/td>\n<td>kell 14.15<\/td>\n<td>\n<div align=\"center\">kell 15.32<\/div>\n<\/td>\n<\/tr>\n<tr>\n<td height=\"18\">Vatla-T\u00f5stamaa-Pootsi-P\u00e4rnu (nr 326)<\/td>\n<td>kell 16.14<\/td>\n<td>\n<div align=\"center\">kell 17.07<\/div>\n<\/td>\n<\/tr>\n<tr>\n<td height=\"18\">T\u00f5stamaa-Munalaiu-P\u00e4rnu (nr 67)<\/td>\n<td>kell 17.05<\/td>\n<td class=\"xl63\">\n<div align=\"center\">kell 18.25<\/div>\n<\/td>\n<\/tr>\n<tr>\n<td height=\"18\">T\u00f5stamaa-Soomra-P\u00e4rnu (nr 64)<\/td>\n<td>kell 19.30<\/td>\n<td class=\"xl63\">\n<div align=\"center\">kell 20.21<\/div>\n<\/td>\n<\/tr>\n<tr>\n<td height=\"18\">T\u00f5stamaa-Munalaiu-P\u00e4rnu (nr 68)<\/td>\n<td>kell 20.05<\/td>\n<td class=\"xl63\">\n<div align=\"center\">kell 21.15<\/div>\n<\/td>\n<\/tr>\n<tr>\n<td height=\"18\"><\/td>\n<td><\/td>\n<td><\/td>\n<\/tr>\n<tr>\n<td height=\"18\"><strong>koolibuss (<\/strong>alates 13.10.2025)<\/td>\n<td><strong>kooli juurest<\/strong><\/td>\n<td style=\"text-align: center;\">\u00a0<strong>kell<\/strong><\/td>\n<\/tr>\n<tr>\n<td><\/td>\n<td>Kastna\/Varbla\/Paatsalu<\/td>\n<td>\n<div align=\"center\"><strong>E-N<\/strong>\u00a0 \u00a016.00<\/div>\n<\/td>\n<\/tr>\n<tr>\n<td class=\"xl56\" height=\"18\"><\/td>\n<td class=\"xl51\">T\u00f5helasse<\/td>\n<td class=\"xl51\" style=\"text-align: center;\"><strong>E-N<\/strong>\u00a0 \u00a017.00<\/td>\n<\/tr>\n<tr>\n<td class=\"xl56\" height=\"18\"><\/td>\n<td class=\"xl51\">Kastna\/Varbla\/Paatsalu<\/td>\n<td class=\"xl51\" style=\"text-align: center;\"><strong>R<\/strong>\u00a0 \u00a015.00<\/td>\n<\/tr>\n<tr>\n<td height=\"18\"><\/td>\n<td>T\u00f5helasse<\/td>\n<td style=\"text-align: center;\"><strong>R<\/strong> 16.00<\/td>\n<\/tr>\n<tr>\n<td height=\"18\"><\/td>\n<td><\/td>\n<td><\/td>\n<\/tr>\n<tr>\n<td height=\"18\"><strong>liinibuss<\/strong><\/td>\n<td><strong>T\u00f5stamaalt<\/strong><\/td>\n<td style=\"text-align: center;\"><\/td>\n<\/tr>\n<tr>\n<td height=\"18\">P\u00e4rnu-T\u00f5stamaa-Vatla (nr 326)<\/td>\n<td>Varblasse\/Kastnasse<\/td>\n<td>\n<div align=\"center\">13.47<\/div>\n<\/td>\n<\/tr>\n<tr>\n<td height=\"18\">P\u00e4rnu-T\u00f5stamaa-Varbla (nr 68)<\/td>\n<td>Varblasse\/Kastnasse<\/td>\n<td>\n<div align=\"center\">17.45<\/div>\n<\/td>\n<\/tr>\n<tr>\n<td height=\"18\">P\u00e4rnu-T\u00f5stamaa-Vatla (nr 326)<\/td>\n<td>Varblasse\/Kastnasse<\/td>\n<td>\n<div align=\"center\">18.57<\/div>\n<\/td>\n<\/tr>\n<tr>\n<td height=\"18\">P\u00e4rnu-T\u00f5stamaa-T\u00f5hela (nr 64)<\/td>\n<td>T\u00f5helasse<\/td>\n<td>\n<div align=\"center\">18.35<\/div>\n<\/td>\n<\/tr>\n<\/tbody>\n<\/table>\n<p><a href=\"https:\/\/docs.google.com\/spreadsheets\/d\/13WWKlauBDX5Y4k2Sl-hCG2zokpVoG2MQajeS5J7KZ2s\/edit?usp=sharing\"><img decoding=\"async\" loading=\"lazy\" class=\"alignnone wp-image-1275 size-full\" src=\"https:\/\/tostamaa.edu.ee\/wp-content\/uploads\/2015\/02\/bussipeatus2.jpg\" alt=\"\" width=\"187\" height=\"292\" \/><\/a><\/p>\n","protected":false},"excerpt":{"rendered":"<p>liin liinibuss P\u00e4rnu-Munalaiu-T\u00f5stamaa (nr 66) P\u00e4rnu kell 6.35 T\u00f5stamaal kell 7.57 liinibuss P\u00e4rnu-Kihlepa-T\u00f5stamaa-Varbla (nr 62-1 ja nr 62-2) P\u00e4rnu kell 7.00 T\u00f5stamaal kell 7.53 liinibuss\u00a0 P\u00e4rnu-Munalaiu-T\u00f5stamaa) (nr 65) P\u00e4rnu kell 7.15 T\u00f5stamaal kell 8.28 liinibuss\u00a0 P\u00e4rnu-Kavaru-T\u00f5stamaa (nr 67) P\u00e4rnu kell 8.45 T\u00f5stamaal kell 9.56 liinibuss P\u00e4rnu-Munalaiu-T\u00f5stamaa (nr 65-1) P\u00e4rnu kell 10.05 T\u00f5stamaal kell 11.29 liinibuss &hellip; <\/p>\n<p><a class=\"more-link btn\" href=\"https:\/\/tostamaa.edu.ee\/?page_id=292\">J\u00e4tka lugemist<\/a><\/p>\n","protected":false},"author":1,"featured_media":0,"parent":66,"menu_order":0,"comment_status":"closed","ping_status":"closed","template":"","meta":{"footnotes":""},"_links":{"self":[{"href":"https:\/\/tostamaa.edu.ee\/index.php?rest_route=\/wp\/v2\/pages\/292"}],"collection":[{"href":"https:\/\/tostamaa.edu.ee\/index.php?rest_route=\/wp\/v2\/pages"}],"about":[{"href":"https:\/\/tostamaa.edu.ee\/index.php?rest_route=\/wp\/v2\/types\/page"}],"author":[{"embeddable":true,"href":"https:\/\/tostamaa.edu.ee\/index.php?rest_route=\/wp\/v2\/users\/1"}],"replies":[{"embeddable":true,"href":"https:\/\/tostamaa.edu.ee\/index.php?rest_route=%2Fwp%2Fv2%2Fcomments&post=292"}],"version-history":[{"count":5,"href":"https:\/\/tostamaa.edu.ee\/index.php?rest_route=\/wp\/v2\/pages\/292\/revisions"}],"predecessor-version":[{"id":9421,"href":"https:\/\/tostamaa.edu.ee\/index.php?rest_route=\/wp\/v2\/pages\/292\/revisions\/9421"}],"up":[{"embeddable":true,"href":"https:\/\/tostamaa.edu.ee\/index.php?rest_route=\/wp\/v2\/pages\/66"}],"wp:attachment":[{"href":"https:\/\/tostamaa.edu.ee\/index.php?rest_route=%2Fwp%2Fv2%2Fmedia&parent=292"}],"curies":[{"name":"wp","href":"https:\/\/api.w.org\/{rel}","templated":true}]}}