{"id":2962,"date":"2017-08-29T09:35:38","date_gmt":"2017-08-29T07:35:38","guid":{"rendered":"https:\/\/tostamaa.edu.ee\/?page_id=2962"},"modified":"2024-09-20T14:31:54","modified_gmt":"2024-09-20T12:31:54","slug":"haldusjarelvalve","status":"publish","type":"page","link":"https:\/\/tostamaa.edu.ee\/?page_id=2962","title":{"rendered":"Haldusj\u00e4relvalve"},"content":{"rendered":"\n<h2 class=\"wp-block-heading\">T\u00f5stamaa Keskkooli \u00fcle haldusj\u00e4relevalvet teostavate asutuste kontaktandmed:<\/h2>\n\n\n\n<hr class=\"wp-block-separator has-alpha-channel-opacity\"\/>\n\n\n\n<p><strong>P\u00e4rnu Linnavalitsus<\/strong><br>Suur-Sepa 16 80098&nbsp;P\u00e4rnu&nbsp;linn<\/p>\n\n\n\n<p><strong>ametnike kontaktandmed:<\/strong><\/p>\n\n\n\n<figure class=\"wp-block-image size-large\"><a href=\"https:\/\/tostamaa.edu.ee\/wp-content\/uploads\/2024\/09\/haridusosakond.jpg\"><img decoding=\"async\" loading=\"lazy\" width=\"1024\" height=\"291\" src=\"https:\/\/tostamaa.edu.ee\/wp-content\/uploads\/2024\/09\/haridusosakond-1024x291.jpg\" alt=\"\" class=\"wp-image-8355\" srcset=\"https:\/\/tostamaa.edu.ee\/wp-content\/uploads\/2024\/09\/haridusosakond-1024x291.jpg 1024w, https:\/\/tostamaa.edu.ee\/wp-content\/uploads\/2024\/09\/haridusosakond-300x85.jpg 300w, https:\/\/tostamaa.edu.ee\/wp-content\/uploads\/2024\/09\/haridusosakond-768x218.jpg 768w, https:\/\/tostamaa.edu.ee\/wp-content\/uploads\/2024\/09\/haridusosakond-944x268.jpg 944w, https:\/\/tostamaa.edu.ee\/wp-content\/uploads\/2024\/09\/haridusosakond.jpg 1057w\" sizes=\"(max-width: 1024px) 100vw, 1024px\" \/><\/a><\/figure>\n\n\n<div class=\"postcontent postcontent-0 clearfix\"><hr \/>\n<p><strong>Haridus- ja Teadusministeerium<\/strong><br \/>Munga 18<br \/>50088 Tartu<br \/>info tel 73 50 222<br \/>e-post\u00a0<a href=\"mailto:hm@hm.ee\">hm@hm.ee<\/a><\/p>\n<p class=\"x_Default\"><span lang=\"ET\">\u00d5ppeasutuste ja nende pidajate n\u00f5ustamist korraldab ning j\u00e4relevalvet viib l\u00e4bi Haridus- ja Teadusministeerium. Neljas piirkonnas t\u00f6\u00f6tavaad eksperdid, kelle p\u00f5hi\u00fclesandeks on \u00f5ppeasutuste ja nende pidajate tegevuse \u00f5igusp\u00e4rasuse, kvaliteedi ja tulemuslikkuse seiramine; j\u00e4relevalve planeerimine ja l\u00e4biviimine; \u00f5ppeasutuste ja pidajate n\u00f5ustamine ning teavitamine oma piirkonnas; teaben\u00f5uetele, m\u00e4rgukirjadele ja selgitustaotlustele vastamine ning kaebuste lahendamine; info koondamine ja anal\u00fc\u00fcsimine \u00f5ppeasutuste ja nende pidajate tegevuse seiramise tulemuste, j\u00e4relevalve tulemuste ning lahendatud kaebuste kohta oma piirkonnas.<\/span><\/p>\n<\/div>\n<hr \/>\n<p><a href=\"https:\/\/docs.google.com\/document\/d\/1hkQJFUzzdfPolw5XO8BldQP6pnXkht8NqdChmWaVjG4\/edit?usp=sharing\">Teated toimingupiirangu kohaldamata j\u00e4tmise kohta&#8230;<\/a><\/p>\n<p><a href=\"https:\/\/tostamaa.edu.ee\/wp-content\/uploads\/2017\/08\/DSC_9284.jpg\"><img decoding=\"async\" loading=\"lazy\" class=\"aligncenter size-full wp-image-4201\" src=\"https:\/\/tostamaa.edu.ee\/wp-content\/uploads\/2017\/08\/DSC_9284.jpg\" alt=\"\" width=\"2560\" height=\"1563\" srcset=\"https:\/\/tostamaa.edu.ee\/wp-content\/uploads\/2017\/08\/DSC_9284.jpg 2560w, https:\/\/tostamaa.edu.ee\/wp-content\/uploads\/2017\/08\/DSC_9284-300x183.jpg 300w, https:\/\/tostamaa.edu.ee\/wp-content\/uploads\/2017\/08\/DSC_9284-768x469.jpg 768w, https:\/\/tostamaa.edu.ee\/wp-content\/uploads\/2017\/08\/DSC_9284-1024x625.jpg 1024w\" sizes=\"(max-width: 2560px) 100vw, 2560px\" \/><\/a><\/p>","protected":false},"excerpt":{"rendered":"<p>T\u00f5stamaa Keskkooli \u00fcle haldusj\u00e4relevalvet teostavate asutuste kontaktandmed: P\u00e4rnu LinnavalitsusSuur-Sepa 16 80098&nbsp;P\u00e4rnu&nbsp;linn ametnike kontaktandmed: Haridus- ja TeadusministeeriumMunga 1850088 Tartuinfo tel 73 50 222e-post\u00a0hm@hm.ee \u00d5ppeasutuste ja nende pidajate n\u00f5ustamist korraldab ning j\u00e4relevalvet viib l\u00e4bi Haridus- ja Teadusministeerium. Neljas piirkonnas t\u00f6\u00f6tavaad eksperdid, kelle p\u00f5hi\u00fclesandeks on \u00f5ppeasutuste ja nende pidajate tegevuse \u00f5igusp\u00e4rasuse, kvaliteedi ja tulemuslikkuse seiramine; j\u00e4relevalve planeerimine ja &hellip; <\/p>\n<p><a class=\"more-link btn\" href=\"https:\/\/tostamaa.edu.ee\/?page_id=2962\">J\u00e4tka lugemist<\/a><\/p>\n","protected":false},"author":1,"featured_media":0,"parent":44,"menu_order":0,"comment_status":"closed","ping_status":"closed","template":"","meta":{"footnotes":""},"_links":{"self":[{"href":"https:\/\/tostamaa.edu.ee\/index.php?rest_route=\/wp\/v2\/pages\/2962"}],"collection":[{"href":"https:\/\/tostamaa.edu.ee\/index.php?rest_route=\/wp\/v2\/pages"}],"about":[{"href":"https:\/\/tostamaa.edu.ee\/index.php?rest_route=\/wp\/v2\/types\/page"}],"author":[{"embeddable":true,"href":"https:\/\/tostamaa.edu.ee\/index.php?rest_route=\/wp\/v2\/users\/1"}],"replies":[{"embeddable":true,"href":"https:\/\/tostamaa.edu.ee\/index.php?rest_route=%2Fwp%2Fv2%2Fcomments&post=2962"}],"version-history":[{"count":5,"href":"https:\/\/tostamaa.edu.ee\/index.php?rest_route=\/wp\/v2\/pages\/2962\/revisions"}],"predecessor-version":[{"id":8356,"href":"https:\/\/tostamaa.edu.ee\/index.php?rest_route=\/wp\/v2\/pages\/2962\/revisions\/8356"}],"up":[{"embeddable":true,"href":"https:\/\/tostamaa.edu.ee\/index.php?rest_route=\/wp\/v2\/pages\/44"}],"wp:attachment":[{"href":"https:\/\/tostamaa.edu.ee\/index.php?rest_route=%2Fwp%2Fv2%2Fmedia&parent=2962"}],"curies":[{"name":"wp","href":"https:\/\/api.w.org\/{rel}","templated":true}]}}