{"id":32,"date":"2015-01-29T15:54:02","date_gmt":"2015-01-29T17:54:02","guid":{"rendered":"https:\/\/tostamaa.edu.ee\/?page_id=32"},"modified":"2025-09-18T08:14:46","modified_gmt":"2025-09-18T06:14:46","slug":"konsultatsioonid","status":"publish","type":"page","link":"https:\/\/tostamaa.edu.ee\/?page_id=32","title":{"rendered":"Konsultatsioonid ja j\u00e4relvastamine"},"content":{"rendered":"<p>\u00d5pilastel on v\u00f5imalus saada vajadusel k\u00f5ikidelt aine\u00f5petajatelt lisakonsultatsioone ja parandada hindeid. Eelneval kokkuleppel \u00f5petajaga v\u00f5ivad konsultatsioonid ja j\u00e4relevastamised toimuda ka muudel aegadel (n\u00e4iteks kui Sulle ei sobi tabelis olev aeg, r\u00e4\u00e4gi \u00f5petajaga ja leiate sobiliku lahenduse).<\/p>\n<table style=\"height: 949px;\" border=\"0\" width=\"973\" cellspacing=\"0\" cellpadding=\"0\">\n<tbody>\n<tr>\n<td><strong>Konsultatsioonid<\/strong><\/p>\n<table style=\"height: 489px;\" width=\"640\">\n<tbody>\n<tr>\n<td width=\"166\"><strong><strong>NIMI<\/strong><\/strong><\/td>\n<td width=\"282\"><strong><strong>AEG<\/strong><\/strong><\/td>\n<td width=\"196\"><strong>Toimumise koht<\/strong><\/td>\n<\/tr>\n<tr>\n<td width=\"166\">Maris Adler<\/td>\n<td width=\"282\">kokkuleppel \u00f5petajaga<\/td>\n<td width=\"196\">\u00f5ppejuhi kabinet<\/td>\n<\/tr>\n<tr>\n<td width=\"166\">Maili Arusalu<\/td>\n<td width=\"282\">+ kokkuleppel \u00f5petajaga<\/td>\n<td width=\"196\">matemaatikaklass<\/td>\n<\/tr>\n<tr>\n<td width=\"166\">Laura J\u00f5e<\/td>\n<td width=\"282\">kokkuleppel \u00f5petajaga<\/td>\n<td width=\"196\">eesti keele klass<\/td>\n<\/tr>\n<tr>\n<td width=\"166\">Ivi Kask<\/td>\n<td width=\"282\">kokkuleppel \u00f5petajaga<\/td>\n<td width=\"196\">muusikaklass<\/td>\n<\/tr>\n<tr>\n<td width=\"166\">Karoliine Kask<\/td>\n<td width=\"282\">\u00a0+\u00a0 kokkuleppel \u00f5petajaga<\/td>\n<td width=\"196\">arvutiklass<\/td>\n<\/tr>\n<tr>\n<td width=\"166\">Rene Kask<\/td>\n<td width=\"282\">kokkuleppel \u00f5petajaga<\/td>\n<td width=\"196\">t\u00f6\u00f6\u00f5petuse klass<\/td>\n<\/tr>\n<tr>\n<td width=\"166\">Mark Kiradi<\/td>\n<td width=\"282\">kokkuleppel \u00f5petajaga<\/td>\n<td width=\"196\">vene keele klass<\/td>\n<\/tr>\n<tr>\n<td width=\"166\">Ene Lehtsalu<\/td>\n<td width=\"282\">\u00a0+ kokkuleppel \u00f5petajaga<\/td>\n<td width=\"196\">staadion<\/td>\n<\/tr>\n<tr>\n<td width=\"166\">Mari L\u00fchiste<\/td>\n<td width=\"282\">kokkuleppel \u00f5petajaga<\/td>\n<td width=\"196\">raamatukogu<\/td>\n<\/tr>\n<tr>\n<td width=\"166\">Kaia Maasalu<\/td>\n<td width=\"282\">kokkuleppel \u00f5petajaga<\/td>\n<td width=\"196\">eesti keele klass<\/td>\n<\/tr>\n<tr>\n<td width=\"166\">Karin Mitt<\/td>\n<td width=\"282\"><strong>E\u00a0 \u00a0 \u00a0<\/strong>8. tund\u00a0 \u00a0 \u00a0VI, VII, VIII klass<strong><br \/>\nT<\/strong>\u00a0 \u00a0 \u00a06. tund\u00a0 \u00a0 \u00a0 V klass<br \/>\n7. tund\u00a0 \u00a0 \u00a0 VIII klass<br \/>\n<strong>K<\/strong>\u00a0 \u00a0 7. tund\u00a0 \u00a0 \u00a0 VIII klass<br \/>\n+ kokkuleppel \u00f5petajaga<\/td>\n<td width=\"196\">matemaatikaklass<\/td>\n<\/tr>\n<tr>\n<td width=\"166\">Kaidi Pirso<\/td>\n<td width=\"282\">\u00a0+ kokkuleppel \u00f5petajaga<\/td>\n<td width=\"196\">1. klass<\/td>\n<\/tr>\n<tr>\n<td width=\"166\">Kati Rahuoja<\/td>\n<td width=\"282\">kokkuleppel \u00f5petajaga<\/td>\n<td width=\"196\">3. klass<\/td>\n<\/tr>\n<tr>\n<td width=\"166\">Epp Reinfeldt<\/td>\n<td width=\"282\">kokkuleppel \u00f5petajaga<\/td>\n<td width=\"196\">4. klass<\/td>\n<\/tr>\n<tr>\n<td width=\"166\">Urmas Reinfeldt<\/td>\n<td width=\"282\">kokkuleppel \u00f5petajaga<\/td>\n<td width=\"196\">keemiaklass<\/td>\n<\/tr>\n<tr>\n<td width=\"166\">Kaarin Reinson<\/td>\n<td width=\"282\">kokkuleppel \u00f5petajaga<\/td>\n<td width=\"196\">2. klass<\/td>\n<\/tr>\n<tr>\n<td width=\"166\">Margit Salmar<\/td>\n<td width=\"282\">kokkuleppel \u00f5petajaga<\/td>\n<td width=\"196\">keelteklass<\/td>\n<\/tr>\n<tr>\n<td width=\"166\">Aimar Siliv\u00e4lja<\/td>\n<td width=\"282\">kokkuleppel \u00f5petajaga<\/td>\n<td width=\"196\">ajalooklass<\/td>\n<\/tr>\n<tr>\n<td width=\"166\">Jaanika Soosaar<\/td>\n<td width=\"282\">\u00a0+ kokkuleppel \u00f5petajaga<\/td>\n<td width=\"196\">inglise keele klass<\/td>\n<\/tr>\n<tr>\n<td width=\"166\">Sven Tallo<\/td>\n<td width=\"282\">kokkuleppel \u00f5petajaga<\/td>\n<td width=\"196\">inglise keele klass<\/td>\n<\/tr>\n<tr>\n<td width=\"166\">Kirsti Talu<\/td>\n<td width=\"282\">kokkuleppel \u00f5petajaga<\/td>\n<td width=\"196\">keelteklass<\/td>\n<\/tr>\n<tr>\n<td width=\"166\">Heili Timm<\/td>\n<td width=\"282\">kokkuleppel \u00f5petajaga<\/td>\n<td width=\"196\">loodusainete klass<\/td>\n<\/tr>\n<tr>\n<td width=\"166\">Ivo Uutar<\/td>\n<td width=\"282\">kokkuleppel \u00f5petajaga<\/td>\n<td width=\"196\">arvutiklass<\/td>\n<\/tr>\n<tr>\n<td width=\"166\">Inger Vahuvee<\/td>\n<td width=\"282\">kokkuleppel \u00f5petajaga<\/td>\n<td width=\"196\">k\u00e4sit\u00f6\u00f6klass<\/td>\n<\/tr>\n<\/tbody>\n<\/table>\n<\/td>\n<\/tr>\n<\/tbody>\n<\/table>\n<p><a href=\"https:\/\/tostamaa.edu.ee\/wp-content\/uploads\/2016\/05\/ouesope3.jpg\"><img decoding=\"async\" loading=\"lazy\" class=\"alignnone size-full wp-image-1533\" src=\"https:\/\/tostamaa.edu.ee\/wp-content\/uploads\/2016\/05\/ouesope3.jpg\" alt=\"ouesope3\" width=\"2048\" height=\"1368\" srcset=\"https:\/\/tostamaa.edu.ee\/wp-content\/uploads\/2016\/05\/ouesope3.jpg 2048w, https:\/\/tostamaa.edu.ee\/wp-content\/uploads\/2016\/05\/ouesope3-300x200.jpg 300w, https:\/\/tostamaa.edu.ee\/wp-content\/uploads\/2016\/05\/ouesope3-1024x684.jpg 1024w\" sizes=\"(max-width: 2048px) 100vw, 2048px\" \/><\/a><\/p>\n","protected":false},"excerpt":{"rendered":"<p>\u00d5pilastel on v\u00f5imalus saada vajadusel k\u00f5ikidelt aine\u00f5petajatelt lisakonsultatsioone ja parandada hindeid. Eelneval kokkuleppel \u00f5petajaga v\u00f5ivad konsultatsioonid ja j\u00e4relevastamised toimuda ka muudel aegadel (n\u00e4iteks kui Sulle ei sobi tabelis olev aeg, r\u00e4\u00e4gi \u00f5petajaga ja leiate sobiliku lahenduse). Konsultatsioonid NIMI AEG Toimumise koht Maris Adler kokkuleppel \u00f5petajaga \u00f5ppejuhi kabinet Maili Arusalu + kokkuleppel \u00f5petajaga matemaatikaklass Laura J\u00f5e &hellip; <\/p>\n<p><a class=\"more-link btn\" href=\"https:\/\/tostamaa.edu.ee\/?page_id=32\">J\u00e4tka lugemist<\/a><\/p>\n","protected":false},"author":1,"featured_media":0,"parent":17,"menu_order":0,"comment_status":"closed","ping_status":"open","template":"","meta":{"footnotes":""},"_links":{"self":[{"href":"https:\/\/tostamaa.edu.ee\/index.php?rest_route=\/wp\/v2\/pages\/32"}],"collection":[{"href":"https:\/\/tostamaa.edu.ee\/index.php?rest_route=\/wp\/v2\/pages"}],"about":[{"href":"https:\/\/tostamaa.edu.ee\/index.php?rest_route=\/wp\/v2\/types\/page"}],"author":[{"embeddable":true,"href":"https:\/\/tostamaa.edu.ee\/index.php?rest_route=\/wp\/v2\/users\/1"}],"replies":[{"embeddable":true,"href":"https:\/\/tostamaa.edu.ee\/index.php?rest_route=%2Fwp%2Fv2%2Fcomments&post=32"}],"version-history":[{"count":5,"href":"https:\/\/tostamaa.edu.ee\/index.php?rest_route=\/wp\/v2\/pages\/32\/revisions"}],"predecessor-version":[{"id":9344,"href":"https:\/\/tostamaa.edu.ee\/index.php?rest_route=\/wp\/v2\/pages\/32\/revisions\/9344"}],"up":[{"embeddable":true,"href":"https:\/\/tostamaa.edu.ee\/index.php?rest_route=\/wp\/v2\/pages\/17"}],"wp:attachment":[{"href":"https:\/\/tostamaa.edu.ee\/index.php?rest_route=%2Fwp%2Fv2%2Fmedia&parent=32"}],"curies":[{"name":"wp","href":"https:\/\/api.w.org\/{rel}","templated":true}]}}