{"id":34,"date":"2015-01-29T15:54:38","date_gmt":"2015-01-29T17:54:38","guid":{"rendered":"https:\/\/tostamaa.edu.ee\/?page_id=34"},"modified":"2026-01-26T08:19:38","modified_gmt":"2026-01-26T06:19:38","slug":"tundide-ajad-ja-vaheajad","status":"publish","type":"page","link":"https:\/\/tostamaa.edu.ee\/?page_id=34","title":{"rendered":"P\u00e4evaplaan"},"content":{"rendered":"<h3>Hommikupuder<\/h3>\n<p>kell 7.50 &#8211; 8.10<\/p>\n<h3>Ainetundide toimumisajad<\/h3>\n<p>1. 8.15 -9.00<br \/>\n2. 9.10 &#8211; 9.55<br \/>\n3. 10.05 &#8211; 10.50<br \/>\n4. 11.15 &#8211; 12.00<br \/>\n5. 12.25 &#8211; 13.10<br \/>\n6. 13.20 &#8211; 14.05<br \/>\n7. 14.10 &#8211; 14.55<br \/>\n8. 15.00 &#8211; 15.45<\/p>\n<p><u>I s\u00f6\u00f6givahetund<\/u><strong><u><br \/>\n<\/u><\/strong><strong>Kell 10.50<\/strong> \u2013 1. &#8211; 7. klass<\/p>\n<p><u>II s\u00f6\u00f6givahetund<\/u><strong><u><br \/>\n<\/u><\/strong><strong>Kell 12.00<\/strong> \u2013 8. &#8211; 12. klass<\/p>\n<p><u>I liikumisvahetund<\/u><strong><u><br \/>\n<\/u><\/strong><strong>Kell 10.50<\/strong> \u2013 8. &#8211; 12. klass<\/p>\n<p><u>II liikumisvahetund<\/u><strong><u><br \/>\n<\/u><\/strong><strong>Kell 12.00<\/strong> \u2013 1. &#8211; 7. klass<\/p>\n<h3>Oode<\/h3>\n<p>kell 13.45 &#8211; 14.15<\/p>\n<h3>\u00d5piabi<\/h3>\n<p>vastavalt\u00a0\u00f5piabi tunniplaanile<\/p>\n<h3>Pikap\u00e4evar\u00fchm<strong>\u00a0<\/strong><\/h3>\n<p>E kell 12.00 &#8211; 17.00 &#8211; Epp Reinfeldt<br \/>\nT kell 12.00 &#8211; 17.00 &#8211; Aimar Siliv\u00e4lja<br \/>\nK kell 12.00 &#8211; 17.00 &#8211; Epp Reinfeldt<br \/>\nN kell 12.00 &#8211; 17.00 &#8211; Epp Reinfeldt<br \/>\nR kell\u00a0 12.00 &#8211; 16.00 &#8211; Aimar Siliv\u00e4lja<\/p>\n<ul>\n<li><a title=\"Busside graafik\" href=\"https:\/\/tostamaa.edu.ee\/?page_id=292\">Busside s\u00f5idugraafik<\/a><\/li>\n<li><a href=\"https:\/\/www.riigiteataja.ee\/akt\/12782669?leiaKehtiv\">Tervisekaitsen\u00f5uded kooli p\u00e4evakavale ja \u00f5ppekorraldusele<\/a><\/li>\n<li><a href=\"http:\/\/www.terviseamet.ee\/keskkonnatervis\/valisohk\/tuule-kulma-indeks.html\">Tuule-k\u00fclma indeks<\/a><\/li>\n<\/ul>\n<p><a href=\"https:\/\/docs.google.com\/presentation\/d\/1tJhKi9B4k1D2QBMYwbFzMejdrBrLruD8a9q6ODvDztQ\/edit?usp=sharing\">..<\/a><\/p>\n","protected":false},"excerpt":{"rendered":"<p>Hommikupuder kell 7.50 &#8211; 8.10 Ainetundide toimumisajad 1. 8.15 -9.00 2. 9.10 &#8211; 9.55 3. 10.05 &#8211; 10.50 4. 11.15 &#8211; 12.00 5. 12.25 &#8211; 13.10 6. 13.20 &#8211; 14.05 7. 14.10 &#8211; 14.55 8. 15.00 &#8211; 15.45 I s\u00f6\u00f6givahetund Kell 10.50 \u2013 1. &#8211; 7. klass II s\u00f6\u00f6givahetund Kell 12.00 \u2013 8. &#8211; 12. &hellip; <\/p>\n<p><a class=\"more-link btn\" href=\"https:\/\/tostamaa.edu.ee\/?page_id=34\">J\u00e4tka lugemist<\/a><\/p>\n","protected":false},"author":1,"featured_media":0,"parent":17,"menu_order":0,"comment_status":"closed","ping_status":"open","template":"","meta":{"footnotes":""},"_links":{"self":[{"href":"https:\/\/tostamaa.edu.ee\/index.php?rest_route=\/wp\/v2\/pages\/34"}],"collection":[{"href":"https:\/\/tostamaa.edu.ee\/index.php?rest_route=\/wp\/v2\/pages"}],"about":[{"href":"https:\/\/tostamaa.edu.ee\/index.php?rest_route=\/wp\/v2\/types\/page"}],"author":[{"embeddable":true,"href":"https:\/\/tostamaa.edu.ee\/index.php?rest_route=\/wp\/v2\/users\/1"}],"replies":[{"embeddable":true,"href":"https:\/\/tostamaa.edu.ee\/index.php?rest_route=%2Fwp%2Fv2%2Fcomments&post=34"}],"version-history":[{"count":5,"href":"https:\/\/tostamaa.edu.ee\/index.php?rest_route=\/wp\/v2\/pages\/34\/revisions"}],"predecessor-version":[{"id":9610,"href":"https:\/\/tostamaa.edu.ee\/index.php?rest_route=\/wp\/v2\/pages\/34\/revisions\/9610"}],"up":[{"embeddable":true,"href":"https:\/\/tostamaa.edu.ee\/index.php?rest_route=\/wp\/v2\/pages\/17"}],"wp:attachment":[{"href":"https:\/\/tostamaa.edu.ee\/index.php?rest_route=%2Fwp%2Fv2%2Fmedia&parent=34"}],"curies":[{"name":"wp","href":"https:\/\/api.w.org\/{rel}","templated":true}]}}