{"id":353,"date":"2015-03-01T13:18:11","date_gmt":"2015-03-01T11:18:11","guid":{"rendered":"https:\/\/tostamaa.edu.ee\/?page_id=353"},"modified":"2025-10-13T09:17:04","modified_gmt":"2025-10-13T07:17:04","slug":"tugisusteemid","status":"publish","type":"page","link":"https:\/\/tostamaa.edu.ee\/?page_id=353","title":{"rendered":"Tugis\u00fcsteemid"},"content":{"rendered":"<h2><span style=\"color: #800000;\"><strong>Kooli sisesed\u00a0tugiteenused<\/strong><\/span><\/h2>\n<p><strong>Tugiteenuste eesm\u00e4rk: aidata probleemidega v\u00f5i haigel \u00f5pilasel omandada individuaalplaani alusel kooli \u00f5ppekavas etten\u00e4htud \u00f5ppet\u00f6\u00f6 maht.<\/strong><\/p>\n<p><span style=\"text-decoration: underline;\"><strong>Tugiteenuseid ja \u00f5piabi osutavad:<\/strong><br \/><\/span>Koolips\u00fchholoog <strong>Eve R\u00f5hu<br \/><strong>T 8.00 &#8211; 16.00<\/strong><br \/><strong>K 8.00 &#8211; 17.00<\/strong><br \/><strong>N 8.00 &#8211; 14.00<br \/><\/strong><\/strong>N 14.00 &#8211; 17.00 N\u00d5USTAMISKESKUSES<strong><strong><br \/><\/strong><\/strong>Palun kohtumine eelnevalt kokku leppida\u00a0(eve.rohu@onk.parnu.ee).<\/p>\n<p>Pikap\u00e4evar\u00fchma kasvataja <br \/>E\u00a0 13.00 &#8211; 17.00<br \/>T 13.00 &#8211; 17.00<br \/>K 12.00 &#8211; 17.00<br \/>N 12.00 &#8211; 17.00<br \/>R 12.00 &#8211; 16.00<\/p>\n<p>Aine\u00f5petajad, klassijuhatajad<\/p>\n<p>Sotsiaalpedagoog,\u00a0 koolisotsiaaln\u00f5ustaja<strong> Kirsti Talu<br \/><\/strong><strong>E 8.00 &#8211; 14.00<\/strong> koolis<br \/><strong>T 8.00 &#8211; 14.00<\/strong> koolis<br \/><strong>K 8.00 &#8211; 16.00<\/strong> koolis<br \/>N 14.00 &#8211; 16.00 N\u00d5USTAMISKESKUSES<br \/>Palun n\u00f5ustamisaeg eelnevalt kokku leppida (kirsti.talu@tostamaakool.parnu.ee).<\/p>\n<p><strong>J\u00e4releaitamise-ja konsultatsiooni tunnid<\/strong><br \/>Aine\u00f5petajate <span style=\"color: #990033;\">j\u00e4relaitamise- ja <\/span><a href=\"https:\/\/tostamaa.edu.ee\/default.asp?id=97\"><span style=\"color: #990033;\">konsultatsioonitundide graafik <\/span><\/a>on avaldatud kooli kodulehel.<br \/><span style=\"text-decoration: underline;\">Eesm\u00e4rk:<\/span> kontrollt\u00f6\u00f6de j\u00e4rele vastamine, \u00f5pilase individuaalne n\u00f5ustamine ja abistamine.<br \/>\u00d5pilane v\u00f5ib osaleda \u00f5petaja j\u00e4relaitamise tundides vastavalt \u00f5petajate poolt m\u00e4\u00e4ratud ajal.<\/p>\n<p><strong>Tugi\u00f5pe<\/strong><br \/>Vastavalt hindamisjuhendile m\u00e4\u00e4ratakse tugi\u00f5pe \u00f5pilasele, kelle trimestrihinne on \u201epuudulik&#8221; (2) v\u00f5i \u201en\u00f5rk&#8221; (1)<br \/><span style=\"text-decoration: underline;\">Eesm\u00e4rk:<\/span> \u00f5pilase individuaalne j\u00e4releaitamine ja juhendamine \u00f5ppeaines, mille trimestrihinne on \u201epuudulik&#8221; v\u00f5i \u201en\u00f5rk&#8221;. \u00d5pilane saab tugi\u00f5ppe lehe, kuhu vastava aine \u00f5petaja m\u00e4rgib tugi\u00f5ppes osalemise aja ja hinde. \u00d5pilane peab tugi\u00f5ppes osalema v\u00e4hemalt 1x n\u00e4dalas, mis toimub aine\u00f5petaja konsultatsioonitunnis. Tugi\u00f5ppes osalemist kontrollib igal n\u00e4dalal klassijuhataja. Tugi\u00f5ppe leht tagastatakse \u00f5ppealajuhatajale \u00f5ppetrimestri\/\u00f5ppeaasta l\u00f5pul.<\/p>\n<p><strong>Pikap\u00e4evar\u00fchm<\/strong><br \/>Pikap\u00e4evar\u00fchma v\u00f5etakse \u00f5pilane lapsevanema, eestkostja kirjaliku avalduse alusel.<br \/><span style=\"text-decoration: underline;\">Eesm\u00e4rk:<\/span> \u00f5pilaste vaba aja sisustamine, koduste \u00f5pi\u00fclesannete t\u00e4itmine, \u00f5pilase individuaalne juhendamine ja huvitegevuse suunamine<\/p>\n<p><strong>\u00d5piabi<\/strong><br \/>\u00d5piabi\u00a0vajaduse selgitab v\u00e4lja\u00a0aine\u00f5petaja koos klassijuhatajaga ning kinnitab \u00f5ppen\u00f5ukogu.<br \/><span style=\"text-decoration: underline;\">Eesm\u00e4rk: <\/span>\u00a0\u00f5piabi on m\u00f5eldud lastele, kes vajavad t\u00e4helepanu, taju, m\u00e4lu ja m\u00f5tlemise treeningut, funktsionaalse lugemisoskuse parandamist ja \u00f5pioskuste juhendamist.\u00a0\u00d5piabi tund toimub 1-2 korda n\u00e4dalas.<br \/>\u00d5piabitunde viivad l\u00e4bi kooli \u00f5piabi\u00f5petajad.<\/p>\n<p><strong>V\u00f5rgustikut\u00f6\u00f6<\/strong><br \/>V\u00f5rgustikut\u00f6\u00f6st v\u00f5tavad osa:\u00a0koolips\u00fchholoog, sotsiaalpedagoog, HEV koordineerija,\u00a0\u00f5ppealajuhataja, klassijuhataja, vajadusel ka aine\u00f5petajad ja lasteps\u00fchhiaater ning teised tugispetsialistid. V\u00f5rgustikut\u00f6\u00f6st v\u00f5tab osa kindlasti \u00f5pilane koos vanemaga.<br \/><span style=\"text-decoration: underline;\">Eesm\u00e4rk:<\/span> eriti keeruliste ps\u00fchholoogilis-pedagoogiliste probleemide arutamine.<br \/>V\u00f5rgustikut\u00f6\u00f6s toimub enamasti \u00f5piraskuste, h\u00fcperaktiivsete laste ja nende vanemate n\u00f5ustamine, vajadusel ettepanekute tegemine \u00f5pilasele sobiva \u00f5ppevormi leidmiseks: individuaal\u00f5pe, kodu\u00f5pe, vajadusel suunatakse \u00f5pilane edasi n\u00f5ustamiskomisjoni, kes leiab \u00f5pilasele sobiva koolit\u00fc\u00fcbi.<\/p>\n<p><strong>Individuaalne \u00f5ppekava<br \/><\/strong>Individuaalne \u00f5ppekava on ette n\u00e4htud \u00f5pilasele, kellel on raskusi t\u00f6\u00f6tada koos teistega, kelle k\u00e4itumuslikud v\u00f5i ps\u00fc\u00fchilised ise\u00e4rasused ei v\u00f5imalda \u00f5ppida samas tempos klassikaaslastega, kelle vaimsed v\u00f5imed on n\u00f5rgad\/ k\u00f5rged \u00fcksikutes ainetes. Individuaalne \u00f5ppekava m\u00e4\u00e4ratakse \u00f5pilasele \u00f5ppen\u00f5ukogu otsuse alusel v\u00f5i lapsevanema vastava avalduse alusel, mille samuti kinnitab \u00f5ppen\u00f5ukogu.<br \/><span style=\"text-decoration: underline;\">Eesm\u00e4rk: <\/span>omandada riiklikus \u00f5ppekavas etten\u00e4htud n\u00f5uded aeglasemas\/kiiremas tempos.<\/p>\n<p><strong>Kodu\u00f5pe<\/strong><br \/>Kodu\u00f5pe m\u00e4\u00e4ratakse \u00f5pilasele, kes oma tervisliku seisundi t\u00f5ttu (rasked kroonilised somaatilised haigused v\u00f5i seisundid) ei saa koolit\u00f6\u00f6st osa v\u00f5tta.<br \/>\u00d5pilase kodu\u00f5ppele viimise ja talle individuaalse \u00f5ppekava rakendamise otsustab \u00f5ppen\u00f5ukogu lapsevanema avalduse alusel ja perearsti \/eriarsti m\u00e4\u00e4rangu alusel.<br \/><span style=\"text-decoration: underline;\">Eesm\u00e4rk:<\/span> aidata probleemidega\/haigel \u00f5pilasel omandada p\u00f5hikooli-g\u00fcmnaasiumi \u00f5ppekava individuaalplaani alusel<\/p>\n<h2><strong><span style=\"color: #800000;\">Kooliv\u00e4lised tugiteenused<\/span><\/strong><\/h2>\n<p><strong>P\u00e4rnumaa Rajaleidja keskus<\/strong> <strong>(aadress: Metsa 1, 80010 P\u00e4rnu; telefon: 5886 0710; e-post: <\/strong><a href=\"mailto:parnumaa@rajaleidja.ee\"><strong>parnumaa@rajaleidja.ee<\/strong><\/a><strong>; koduleht http:\/\/rajaleidja.ee\/parnumaa\/)<\/strong><\/p>\n<p>Rajaleidja keskus\u00a0 pakub karj\u00e4\u00e4ri- ja \u00f5ppen\u00f5ustamisteenuseid kuni\u00a026-aastastele lastele ja noortele ning\u00a0tuge \u00f5petajatele, lastevanematele ja haridusametnikele. \u00dchtlasi korraldab Rajaleidja keskus\u00a0maakonna\u00a0n\u00f5ustamiskomisjoni\u00a0t\u00f6\u00f6d. Oleme osa \u00fcle-eestilisest SA Innove juhitavast v\u00f5rgustikust, mis toetab haridustugiteenuste kaudu \u00f5ppurit haridus- ja t\u00f6\u00f6maailmas orienteerumisel. <strong>Rajaleidja teenused on tasuta!<\/strong><\/p>\n<h1>Karj\u00e4\u00e4riteenused<\/h1>\n<p>Karj\u00e4\u00e4riinfo spetsialist ja karj\u00e4\u00e4rin\u00f5ustaja toetavad noori teadlike karj\u00e4\u00e4rivalikute tegemisel.<\/p>\n<p><strong>Karj\u00e4\u00e4riinfo<\/strong> teenuse toel arendab noor info otsimise oskust ja harjumust ning kasutab karj\u00e4\u00e4ri planeerimisel asjakohast hariduse, t\u00f6\u00f6turu ja kutsetega seotud infot.<\/p>\n<p><strong>Karj\u00e4\u00e4rin\u00f5ustamise<\/strong> toel arendab noor eneseteadvust, anal\u00fc\u00fcsi ja otsustamisega seotud oskusi, p\u00fcstitab karj\u00e4\u00e4riga seotud eesm\u00e4rgid ja kavandab sammud nende elluviimiseks. Keskendume kolmele teemale:<\/p>\n<ul>\n<li>Enesetundmine<\/li>\n<li>Hariduse ja t\u00f6\u00f6turu vahelised seosed<\/li>\n<li>Planeerimine ja otsustamine<\/li>\n<\/ul>\n<p>Meie karj\u00e4\u00e4rispetsialistid valivad ja kohandavad k\u00f5ik teemad ja tegevused noorte huvide ja vajaduste j\u00e4rgi.<\/p>\n<p>\u00d5ppen\u00f5ustamine aitab lapsi, lapsevanemaid, noori ja lastega ning noortega t\u00f6\u00f6tavaid inimesi lapse v\u00f5imete ning arenguv\u00f5imaluste v\u00e4ljaselgitamisel ning \u00f5ppimise ja k\u00e4itumisega seotud probleemide<\/p>\n<p>ennetamisel ning lahendamisel.<\/p>\n<p><strong>Eripedagoog<\/strong> selgitab v\u00e4lja lapse vajadused ja \u00f5pitaseme ning n\u00f5ustab t\u00e4iskasvanut lapse arendamiseks ja toimetuleku toetamiseks vajalike tugiteenuste, v\u00f5imetekohase \u00f5ppekava ja -vormi ning \u00f5pikeskkonna v\u00f5imaluste leidmiseks.<\/p>\n<p><strong>Logopeed<\/strong> selgitab v\u00e4lja lapse k\u00f5nearengu taseme ja kommunikatsioonioskuse ning n\u00f5ustab t\u00e4iskasvanut lapse arendamise v\u00f5imaluste leidmiseks.<\/p>\n<p><strong>Ps\u00fchholoog<\/strong> selgitab v\u00e4lja lapse vajadused, arengutingimused ja lapse toetamise v\u00f5imalused ning n\u00f5ustab t\u00e4iskasvanut lapse arengu-, suhtlemis- ja k\u00e4itumisprobleemide lahendamiseks.<\/p>\n<p><strong>Sotsiaalpedagoog<\/strong> selgitab v\u00e4lja lapse toimetulekut m\u00f5jutavad tegurid ning n\u00f5ustab t\u00e4iskasvanut lapse heaolu tagamise ning toimetulekuraskuste ennetamiseks ja lahendamiseks.<\/p>\n<p>Spetsialistid n\u00f5ustavad<\/p>\n<ul>\n<li>eelkooliealisi lapsi<\/li>\n<li>\u00fcldharidus- ja kutse\u00f5ppeasutuste \u00f5ppureid<\/li>\n<li>lapsevanemaid<\/li>\n<li>haridusasutuste t\u00f6\u00f6tajaid<\/li>\n<li>kohalike omavalitsuste sotsiaal- ja haridusametnikke<\/li>\n<\/ul>\n<p>ning juhte lapse arendamisel ja toetamisel<\/p>\n<p>Pakume individuaalseid ja grupin\u00f5ustamisi, teemap\u00e4evi ja infoloenguid nii Rajaleidja keskuses kui haridusasutuses kohapeal.<\/p>\n<p>\u00d5ppen\u00f5ustamisteenuseid pakutakse lastele ja noortele vanuses 1,5-26.<\/p>\n<p><strong>Kui Te ei tea, millise spetsialisti poole p\u00f6\u00f6rduda, k\u00fcsige n\u00f5u Rajaleidja keskusest, kus selgitatakse v\u00e4lja probleemi p\u00f5hiolemus ning suunatakse sobiva n\u00f5ustaja juurde.<\/strong><\/p>\n<p><a href=\"http:\/\/www.rajaleidja.ee\"><img decoding=\"async\" loading=\"lazy\" class=\"alignnone wp-image-1139 size-full\" src=\"https:\/\/tostamaa.edu.ee\/wp-content\/uploads\/2015\/03\/Innove_rajaleidja_logo.jpg\" alt=\"Innove_rajaleidja_logo\" width=\"160\" height=\"63\" \/><\/a><\/p>\n<p><a href=\"http:\/\/pildid.tostamaa.ee\/doc\/TUGIMEESKOND%20KOOLIS.pdf\">Esitlus tugis\u00fcsteemidest&#8230;<\/a><\/p>\n\n\n<figure class=\"wp-block-image size-large\"><a href=\"http:\/\/pildid.tostamaa.ee\/doc\/TUGIMEESKOND%20KOOLIS.pdf\"><img decoding=\"async\" loading=\"lazy\" width=\"1024\" height=\"574\" src=\"https:\/\/tostamaa.edu.ee\/wp-content\/uploads\/2025\/10\/karin_tugimeeskond-1024x574.png\" alt=\"\" class=\"wp-image-9391\" srcset=\"https:\/\/tostamaa.edu.ee\/wp-content\/uploads\/2025\/10\/karin_tugimeeskond-1024x574.png 1024w, https:\/\/tostamaa.edu.ee\/wp-content\/uploads\/2025\/10\/karin_tugimeeskond-300x168.png 300w, https:\/\/tostamaa.edu.ee\/wp-content\/uploads\/2025\/10\/karin_tugimeeskond-768x430.png 768w, https:\/\/tostamaa.edu.ee\/wp-content\/uploads\/2025\/10\/karin_tugimeeskond-1536x861.png 1536w, https:\/\/tostamaa.edu.ee\/wp-content\/uploads\/2025\/10\/karin_tugimeeskond-2048x1148.png 2048w, https:\/\/tostamaa.edu.ee\/wp-content\/uploads\/2025\/10\/karin_tugimeeskond-944x529.png 944w\" sizes=\"(max-width: 1024px) 100vw, 1024px\" \/><\/a><\/figure>\n","protected":false},"excerpt":{"rendered":"<p>Kooli sisesed\u00a0tugiteenused Tugiteenuste eesm\u00e4rk: aidata probleemidega v\u00f5i haigel \u00f5pilasel omandada individuaalplaani alusel kooli \u00f5ppekavas etten\u00e4htud \u00f5ppet\u00f6\u00f6 maht. Tugiteenuseid ja \u00f5piabi osutavad:Koolips\u00fchholoog Eve R\u00f5huT 8.00 &#8211; 16.00K 8.00 &#8211; 17.00N 8.00 &#8211; 14.00N 14.00 &#8211; 17.00 N\u00d5USTAMISKESKUSESPalun kohtumine eelnevalt kokku leppida\u00a0(eve.rohu@onk.parnu.ee). Pikap\u00e4evar\u00fchma kasvataja E\u00a0 13.00 &#8211; 17.00T 13.00 &#8211; 17.00K 12.00 &#8211; 17.00N 12.00 &#8211; 17.00R &hellip; <\/p>\n<p><a class=\"more-link btn\" href=\"https:\/\/tostamaa.edu.ee\/?page_id=353\">J\u00e4tka lugemist<\/a><\/p>\n","protected":false},"author":1,"featured_media":0,"parent":17,"menu_order":0,"comment_status":"closed","ping_status":"closed","template":"","meta":{"footnotes":""},"_links":{"self":[{"href":"https:\/\/tostamaa.edu.ee\/index.php?rest_route=\/wp\/v2\/pages\/353"}],"collection":[{"href":"https:\/\/tostamaa.edu.ee\/index.php?rest_route=\/wp\/v2\/pages"}],"about":[{"href":"https:\/\/tostamaa.edu.ee\/index.php?rest_route=\/wp\/v2\/types\/page"}],"author":[{"embeddable":true,"href":"https:\/\/tostamaa.edu.ee\/index.php?rest_route=\/wp\/v2\/users\/1"}],"replies":[{"embeddable":true,"href":"https:\/\/tostamaa.edu.ee\/index.php?rest_route=%2Fwp%2Fv2%2Fcomments&post=353"}],"version-history":[{"count":5,"href":"https:\/\/tostamaa.edu.ee\/index.php?rest_route=\/wp\/v2\/pages\/353\/revisions"}],"predecessor-version":[{"id":9424,"href":"https:\/\/tostamaa.edu.ee\/index.php?rest_route=\/wp\/v2\/pages\/353\/revisions\/9424"}],"up":[{"embeddable":true,"href":"https:\/\/tostamaa.edu.ee\/index.php?rest_route=\/wp\/v2\/pages\/17"}],"wp:attachment":[{"href":"https:\/\/tostamaa.edu.ee\/index.php?rest_route=%2Fwp%2Fv2%2Fmedia&parent=353"}],"curies":[{"name":"wp","href":"https:\/\/api.w.org\/{rel}","templated":true}]}}