{"id":3561,"date":"2018-04-06T13:29:16","date_gmt":"2018-04-06T11:29:16","guid":{"rendered":"https:\/\/tostamaa.edu.ee\/?page_id=3561"},"modified":"2022-06-09T12:05:34","modified_gmt":"2022-06-09T10:05:34","slug":"kokkutulek","status":"publish","type":"page","link":"https:\/\/tostamaa.edu.ee\/?page_id=3561","title":{"rendered":"Kokkutulekud"},"content":{"rendered":"\n<p>Ait\u00e4h kokkutulekul osalejatele ja korraldajatele!<\/p>\n\n\n\n<figure class=\"wp-block-embed is-type-video is-provider-youtube wp-block-embed-youtube wp-embed-aspect-16-9 wp-has-aspect-ratio\"><div class=\"wp-block-embed__wrapper\">\n<iframe loading=\"lazy\" title=\"T\u00f5stamaa m\u00f5isakool 100. Kooli kokkutulek 04.06.2022\" width=\"944\" height=\"531\" src=\"https:\/\/www.youtube.com\/embed\/PXftJVtYqWw?feature=oembed\" frameborder=\"0\" allow=\"accelerometer; autoplay; clipboard-write; encrypted-media; gyroscope; picture-in-picture; web-share\" allowfullscreen><\/iframe>\n<\/div><\/figure>\n\n\n\n<p>T\u00f5stamaa m\u00f5isakool 100 \u2013 kooli kokkutulek laup\u00e4eval 4. juunil 2022<\/p>\n\n\n\n<div class=\"wp-block-image\"><figure class=\"aligncenter size-large\"><a href=\"https:\/\/tostamaa.edu.ee\/wp-content\/uploads\/2022\/05\/kokkutuleku-kava.jpg\"><img decoding=\"async\" loading=\"lazy\" width=\"719\" height=\"1024\" src=\"https:\/\/tostamaa.edu.ee\/wp-content\/uploads\/2022\/05\/kokkutuleku-kava-719x1024.jpg\" alt=\"\" class=\"wp-image-6692\" srcset=\"https:\/\/tostamaa.edu.ee\/wp-content\/uploads\/2022\/05\/kokkutuleku-kava-719x1024.jpg 719w, https:\/\/tostamaa.edu.ee\/wp-content\/uploads\/2022\/05\/kokkutuleku-kava-211x300.jpg 211w, https:\/\/tostamaa.edu.ee\/wp-content\/uploads\/2022\/05\/kokkutuleku-kava-768x1094.jpg 768w, https:\/\/tostamaa.edu.ee\/wp-content\/uploads\/2022\/05\/kokkutuleku-kava-1079x1536.jpg 1079w, https:\/\/tostamaa.edu.ee\/wp-content\/uploads\/2022\/05\/kokkutuleku-kava-1438x2048.jpg 1438w, https:\/\/tostamaa.edu.ee\/wp-content\/uploads\/2022\/05\/kokkutuleku-kava.jpg 1642w\" sizes=\"(max-width: 719px) 100vw, 719px\" \/><\/a><\/figure><\/div>\n\n\n\n<p><\/p>\n\n\n\n<p>Osalustasu enne 4. juunit 20 \u20ac, pileteid m\u00fc\u00fcb T\u00f5stamaa raamatukogu v\u00f5i eelregistreerumisel (helistades numbril 52 20 300 ja nime kirja pannes) saab pileti lunastada registreerimislauas;<\/p>\n\n\n\n<p>kohapeal&nbsp; pileti hind 25 \u20ac<br>vaid tantsu\u00f5htul osalemise tasu 10 \u20ac<br><em>**endistele t\u00f6\u00f6tajatele kokkutulek tasuta<\/em><br>Lisainfo: 5261935 v\u00f5i <a href=\"mailto:kool@tostamaa.ee\">kool@tostamaa.ee<\/a><\/p>\n\n\n<h1>&nbsp;<\/h1>\n<p><iframe loading=\"lazy\" title=\"M\u00d5ISAKOOL 100\/KOOLIKOKKUTULEK\" width=\"944\" height=\"531\" src=\"https:\/\/www.youtube.com\/embed\/PwqKGlTHLaQ?feature=oembed\" frameborder=\"0\" allow=\"accelerometer; autoplay; clipboard-write; encrypted-media; gyroscope; picture-in-picture; web-share\" allowfullscreen><\/iframe><\/p>\n<p>Kas on Teil ettepanekuid? Palun v\u00f5tke sel teemal meiega \u00fchendust, saates ettepanek e-mailile <a href=\"mailto:kool@tostamaa.ee\">kool@tostamaa.ee<\/a><\/p>\n<p><\/p>\n<p><a href=\"https:\/\/tostamaa.edu.ee\/wp-content\/uploads\/2018\/04\/MGL4848mv.jpg\"><img decoding=\"async\" loading=\"lazy\" class=\"aligncenter size-full wp-image-5852\" src=\"https:\/\/tostamaa.edu.ee\/wp-content\/uploads\/2018\/04\/MGL4848mv.jpg\" alt=\"\" width=\"5188\" height=\"3840\" srcset=\"https:\/\/tostamaa.edu.ee\/wp-content\/uploads\/2018\/04\/MGL4848mv.jpg 5188w, https:\/\/tostamaa.edu.ee\/wp-content\/uploads\/2018\/04\/MGL4848mv-300x222.jpg 300w, https:\/\/tostamaa.edu.ee\/wp-content\/uploads\/2018\/04\/MGL4848mv-768x568.jpg 768w, https:\/\/tostamaa.edu.ee\/wp-content\/uploads\/2018\/04\/MGL4848mv-1024x758.jpg 1024w\" sizes=\"(max-width: 5188px) 100vw, 5188px\" \/><\/a>Tantsuks ansambel <a href=\"https:\/\/www.youtube.com\/watch?v=7MZ9HbChkLY\">KARDEMON<\/a><\/p>\n<p><iframe loading=\"lazy\" title=\"ansambel Kardemon\" width=\"944\" height=\"531\" src=\"https:\/\/www.youtube.com\/embed\/7MZ9HbChkLY?feature=oembed\" frameborder=\"0\" allow=\"accelerometer; autoplay; clipboard-write; encrypted-media; gyroscope; picture-in-picture; web-share\" allowfullscreen><\/iframe><\/p>\n<p><a href=\"https:\/\/tostamaa.edu.ee\/wp-content\/uploads\/2018\/04\/162117558_947599446022065_6389019059672537357_n.jpg\"><img decoding=\"async\" loading=\"lazy\" class=\"aligncenter size-full wp-image-5930\" src=\"https:\/\/tostamaa.edu.ee\/wp-content\/uploads\/2018\/04\/162117558_947599446022065_6389019059672537357_n.jpg\" alt=\"\" width=\"1500\" height=\"726\" srcset=\"https:\/\/tostamaa.edu.ee\/wp-content\/uploads\/2018\/04\/162117558_947599446022065_6389019059672537357_n.jpg 1500w, https:\/\/tostamaa.edu.ee\/wp-content\/uploads\/2018\/04\/162117558_947599446022065_6389019059672537357_n-300x145.jpg 300w, https:\/\/tostamaa.edu.ee\/wp-content\/uploads\/2018\/04\/162117558_947599446022065_6389019059672537357_n-768x372.jpg 768w, https:\/\/tostamaa.edu.ee\/wp-content\/uploads\/2018\/04\/162117558_947599446022065_6389019059672537357_n-1024x496.jpg 1024w\" sizes=\"(max-width: 1500px) 100vw, 1500px\" \/><\/a><\/p>\n<hr>\n<hr>\n<hr>\n<h1>T\u00e4name 2018 a kokkutulekul osalejaid!<\/h1>\n<p><a href=\"https:\/\/tostamaa.edu.ee\/wp-content\/uploads\/2018\/08\/TOM_6163.jpg\"><img decoding=\"async\" loading=\"lazy\" class=\"aligncenter size-full wp-image-3788\" src=\"https:\/\/tostamaa.edu.ee\/wp-content\/uploads\/2018\/08\/TOM_6163.jpg\" alt=\"\" width=\"1854\" height=\"1044\" srcset=\"https:\/\/tostamaa.edu.ee\/wp-content\/uploads\/2018\/08\/TOM_6163.jpg 1854w, https:\/\/tostamaa.edu.ee\/wp-content\/uploads\/2018\/08\/TOM_6163-300x169.jpg 300w, https:\/\/tostamaa.edu.ee\/wp-content\/uploads\/2018\/08\/TOM_6163-768x432.jpg 768w, https:\/\/tostamaa.edu.ee\/wp-content\/uploads\/2018\/08\/TOM_6163-1024x577.jpg 1024w\" sizes=\"(max-width: 1854px) 100vw, 1854px\" \/><\/a><\/p>\n<p><a href=\"http:\/\/pildid.tostamaa.ee\/2018\/330\/\">Vaata 11.08.2018 toimunud kokkutuleku pilte&#8230;<\/a><\/p>\n<hr>\n<h2><a href=\"https:\/\/tostamaa.edu.ee\/wp-content\/uploads\/2018\/04\/330.jpg\"><img decoding=\"async\" loading=\"lazy\" class=\"aligncenter wp-image-3562\" src=\"https:\/\/tostamaa.edu.ee\/wp-content\/uploads\/2018\/04\/330.jpg\" alt=\"\" width=\"662\" height=\"662\" srcset=\"https:\/\/tostamaa.edu.ee\/wp-content\/uploads\/2018\/04\/330.jpg 400w, https:\/\/tostamaa.edu.ee\/wp-content\/uploads\/2018\/04\/330-150x150.jpg 150w, https:\/\/tostamaa.edu.ee\/wp-content\/uploads\/2018\/04\/330-300x300.jpg 300w\" sizes=\"(max-width: 662px) 100vw, 662px\" \/><\/a><\/h2>\n<p><a href=\"https:\/\/tostamaa.edu.ee\/wp-content\/uploads\/2018\/04\/325.jpg\"><img decoding=\"async\" loading=\"lazy\" class=\"aligncenter size-full wp-image-3595\" src=\"https:\/\/tostamaa.edu.ee\/wp-content\/uploads\/2018\/04\/325.jpg\" alt=\"\" width=\"1012\" height=\"670\" srcset=\"https:\/\/tostamaa.edu.ee\/wp-content\/uploads\/2018\/04\/325.jpg 1012w, https:\/\/tostamaa.edu.ee\/wp-content\/uploads\/2018\/04\/325-300x199.jpg 300w, https:\/\/tostamaa.edu.ee\/wp-content\/uploads\/2018\/04\/325-768x508.jpg 768w\" sizes=\"(max-width: 1012px) 100vw, 1012px\" \/><\/a><\/p>\n\n","protected":false},"excerpt":{"rendered":"<p>Ait\u00e4h kokkutulekul osalejatele ja korraldajatele! T\u00f5stamaa m\u00f5isakool 100 \u2013 kooli kokkutulek laup\u00e4eval 4. juunil 2022 Osalustasu enne 4. juunit 20 \u20ac, pileteid m\u00fc\u00fcb T\u00f5stamaa raamatukogu v\u00f5i eelregistreerumisel (helistades numbril 52 20 300 ja nime kirja pannes) saab pileti lunastada registreerimislauas; kohapeal&nbsp; pileti hind 25 \u20acvaid tantsu\u00f5htul osalemise tasu 10 \u20ac**endistele t\u00f6\u00f6tajatele kokkutulek tasutaLisainfo: 5261935 v\u00f5i &hellip; <\/p>\n<p><a class=\"more-link btn\" href=\"https:\/\/tostamaa.edu.ee\/?page_id=3561\">J\u00e4tka lugemist<\/a><\/p>\n","protected":false},"author":1,"featured_media":0,"parent":157,"menu_order":0,"comment_status":"closed","ping_status":"closed","template":"","meta":{"footnotes":""},"_links":{"self":[{"href":"https:\/\/tostamaa.edu.ee\/index.php?rest_route=\/wp\/v2\/pages\/3561"}],"collection":[{"href":"https:\/\/tostamaa.edu.ee\/index.php?rest_route=\/wp\/v2\/pages"}],"about":[{"href":"https:\/\/tostamaa.edu.ee\/index.php?rest_route=\/wp\/v2\/types\/page"}],"author":[{"embeddable":true,"href":"https:\/\/tostamaa.edu.ee\/index.php?rest_route=\/wp\/v2\/users\/1"}],"replies":[{"embeddable":true,"href":"https:\/\/tostamaa.edu.ee\/index.php?rest_route=%2Fwp%2Fv2%2Fcomments&post=3561"}],"version-history":[{"count":5,"href":"https:\/\/tostamaa.edu.ee\/index.php?rest_route=\/wp\/v2\/pages\/3561\/revisions"}],"predecessor-version":[{"id":6731,"href":"https:\/\/tostamaa.edu.ee\/index.php?rest_route=\/wp\/v2\/pages\/3561\/revisions\/6731"}],"up":[{"embeddable":true,"href":"https:\/\/tostamaa.edu.ee\/index.php?rest_route=\/wp\/v2\/pages\/157"}],"wp:attachment":[{"href":"https:\/\/tostamaa.edu.ee\/index.php?rest_route=%2Fwp%2Fv2%2Fmedia&parent=3561"}],"curies":[{"name":"wp","href":"https:\/\/api.w.org\/{rel}","templated":true}]}}