{"id":36,"date":"2015-01-29T15:55:13","date_gmt":"2015-01-29T17:55:13","guid":{"rendered":"https:\/\/tostamaa.edu.ee\/?page_id=36"},"modified":"2026-01-21T12:46:02","modified_gmt":"2026-01-21T10:46:02","slug":"eksamid-ja-tasemetood","status":"publish","type":"page","link":"https:\/\/tostamaa.edu.ee\/?page_id=36","title":{"rendered":"Eksamid ja tasemet\u00f6\u00f6d"},"content":{"rendered":"<div><strong style=\"color: inherit; font-family: inherit; font-size: 36px;\">https:\/\/harno.ee\/riigieksamid<\/strong><\/div>\n<h2><span style=\"color: #0000ff;\"><strong>K\u00f5ik eksamid algavad kell 10:00<\/strong><\/span><\/h2>\n<p><img decoding=\"async\" src=\"https:\/\/www.hm.ee\/sites\/default\/files\/2025-09\/T%C3%A4iendatud%2010.09.25_0.png\" \/><\/p>\n<div>\n<hr \/>\n<\/div>\n<h1>Riigieksamite vormid ja ajad, \u00fchtsete p\u00f5hikooli l\u00f5pueksamite ning tasemet\u00f6\u00f6de \u00f5ppeained, vormid ja ajad 2025\/2026.\u00a0\u00f5ppeaastal<\/h1>\n<p class=\"vv\">Vastu v\u00f5etud 04.04.2025 nr 14<\/p>\n<p>M\u00e4\u00e4rus kehtestatakse\u00a0<a href=\"https:\/\/www.riigiteataja.ee\/akt\/dyn=110042025008&amp;id=126042024012!pr30lg4\">p\u00f5hikooli- ja g\u00fcmnaasiumiseaduse<\/a>\u00a0\u00a7\u00a030 l\u00f5ike\u00a04, \u00a7\u00a031 l\u00f5ike\u00a04 ning \u00a7\u00a034 l\u00f5ike\u00a03 alusel.<\/p>\n<h3><strong>\u00a7 1.<\/strong><a name=\"para1\"><\/a>\u00a0\u00a0Riigieksamite vormid ja ajad<\/h3>\n<p><a name=\"para1lg1\"><\/a>\u00a0\u00a0(1) Riigieksamite vormid ja ajad on j\u00e4rgmised:<br \/>\n<a name=\"para1lg1p1\"><\/a>\u00a0\u00a01)<span class=\"tyhik\">\u00a0<\/span>eesti keel (kirjalik) \u2013 13. aprill 2026. a;<br \/>\n<a name=\"para1lg1p2\"><\/a>\u00a0\u00a02)<span class=\"tyhik\">\u00a0<\/span>B2-taseme eksamiga \u00fchitatud eesti keel teise keelena (kirjalik) \u2013 14.\u00a0aprill 2026.\u00a0a;<br \/>\n<a name=\"para1lg1p3\"><\/a>\u00a0\u00a03)<span class=\"tyhik\">\u00a0<\/span>B2-taseme eksamiga \u00fchitatud eesti keel teise keelena (suuline) \u2013 14.\u201317.\u00a0aprill 2026.\u00a0a;<br \/>\n<a name=\"para1lg1p4\"><\/a>\u00a0\u00a04)<span class=\"tyhik\">\u00a0<\/span>inglise keel v\u00f5\u00f5rkeelena B1\/B2-tasemel (kirjalik) \u2013 27.\u00a0aprill 2026.\u00a0a;<br \/>\n<a name=\"para1lg1p5\"><\/a>\u00a0\u00a05)<span class=\"tyhik\">\u00a0<\/span>inglise keel v\u00f5\u00f5rkeelena B1\/B2-tasemel (suuline) \u2013 27.\u201330.\u00a0aprill 2026.\u00a0a;<br \/>\n<a name=\"para1lg1p6\"><\/a>\u00a0\u00a06)<span class=\"tyhik\">\u00a0<\/span>matemaatika (kirjalik) \u2013 20. mai 2026. a.<\/p>\n<p><a name=\"para1lg2\"><\/a>\u00a0\u00a0(2) Inglise, prantsuse ja saksa keele riigieksamid on p\u00f5hikooli- ja g\u00fcmnaasiumiseaduse \u00a7\u00a031 l\u00f5ike\u00a02 alusel m\u00e4\u00e4rusega kehtestatud tingimustel ja korras asendatud rahvusvaheliselt tunnustatud eksamitega samas keeles ning nende eksamite vormid ja ajad tehakse hiljemalt 30.\u00a0septembriks 2025.\u00a0a teatavaks Haridus- ja Teadusministeeriumi veebilehel.<\/p>\n<h3><strong>\u00a7 2.<\/strong><a name=\"para2\"><\/a>\u00a0\u00a0Riigieksamite lisaeksamite vormid ja ajad<\/h3>\n<p><a name=\"para2lg1\"><\/a>\u00a0\u00a0(1) Riigieksamite lisaeksamite vormid ja ajad on j\u00e4rgmised:<br \/>\n<a name=\"para2lg1p1\"><\/a>\u00a0\u00a01)<span class=\"tyhik\">\u00a0<\/span>eesti keel (kirjalik) \u2013 25. mai 2026. a;<br \/>\n<a name=\"para2lg1p2\"><\/a>\u00a0\u00a02)<span class=\"tyhik\">\u00a0<\/span>B2-taseme eksamiga \u00fchitatud eesti keel teise keelena (kirjalik) \u2013 26.\u00a0mai 2026.\u00a0a;<br \/>\n<a name=\"para2lg1p3\"><\/a>\u00a0\u00a03)<span class=\"tyhik\">\u00a0<\/span>B2-taseme eksamiga \u00fchitatud eesti keel teise keelena (suuline) \u2013 26.\u201327.\u00a0mai 2026.\u00a0a;<br \/>\n<a name=\"para2lg1p4\"><\/a>\u00a0\u00a04)<span class=\"tyhik\">\u00a0<\/span>inglise keel v\u00f5\u00f5rkeelena B1\/B2-tasemel (kirjalik) \u2013 28. mai 2026.\u00a0a;<br \/>\n<a name=\"para2lg1p5\"><\/a>\u00a0\u00a05)<span class=\"tyhik\">\u00a0<\/span>inglise keel v\u00f5\u00f5rkeelena B1\/B2-tasemel (suuline) \u2013 28.\u201329.\u00a0mai 2026.\u00a0a;<br \/>\n<a name=\"para2lg1p6\"><\/a>\u00a0\u00a06)<span class=\"tyhik\">\u00a0<\/span>matemaatika (kirjalik) \u2013 03. juuni 2026. a.<\/p>\n<p><a name=\"para2lg2\"><\/a>\u00a0\u00a0(2) Inglise, prantsuse ja saksa keele riigieksamid on p\u00f5hikooli- ja g\u00fcmnaasiumiseaduse \u00a7\u00a031 l\u00f5ike\u00a02 alusel m\u00e4\u00e4rusega kehtestatud tingimustel ja korras asendatud rahvusvaheliselt tunnustatud eksamitega samas keeles ning nende lisaeksamite vormid ja ajad tehakse hiljemalt 25.\u00a0maiks 2025.\u00a0a teatavaks Haridus- ja Teadusministeeriumi veebilehel.<\/p>\n<h3><strong>\u00a7 3.<\/strong><a name=\"para3\"><\/a>\u00a0\u00a0\u00dchtsete p\u00f5hikooli l\u00f5pueksamite \u00f5ppeained, vormid ja ajad<\/h3>\n<p><a name=\"para3lg1\"><\/a>\u00a0\u00a0(1) \u00dchtsete p\u00f5hikooli l\u00f5pueksamite \u00f5ppeained, vormid ja ajad on j\u00e4rgmised:<br \/>\n<a name=\"para3lg1p1\"><\/a>\u00a0\u00a01)<span class=\"tyhik\">\u00a0<\/span>eesti keel (kirjalik) \u2013 21. aprill 2026. a;<br \/>\n<a name=\"para3lg1p2\"><\/a>\u00a0\u00a02)<span class=\"tyhik\">\u00a0<\/span>B1-taseme eksamiga \u00fchitatud eesti keel teise keelena (kirjalik) \u2013 21.\u00a0aprill 2026.\u00a0a;<br \/>\n<a name=\"para3lg1p3\"><\/a>\u00a0\u00a03)<span class=\"tyhik\">\u00a0<\/span>B1-taseme eksamiga \u00fchitatud eesti keel teise keelena (suuline) \u2013 21.\u201324.\u00a0aprill 2026.\u00a0a;<br \/>\n<a name=\"para3lg1p4\"><\/a>\u00a0\u00a04)<span class=\"tyhik\">\u00a0<\/span>matemaatika (kirjalik) \u2013 29. aprill 2026. a;<br \/>\n<a name=\"para3lg1p5\"><\/a>\u00a0\u00a05)<span class=\"tyhik\">\u00a0<\/span>valikeksam vene keeles, bioloogias, keemias, f\u00fc\u00fcsikas, geograafias, ajaloos, \u00fchiskonna\u00f5petuses (kirjalik), inglise keeles (B1-tasemel) (kirjalik) v\u00f5i vene keeles v\u00f5\u00f5rkeelena (B1-tasemel) (kirjalik ja suuline)\u00a0\u2013 06.\u00a0mai 2026.\u00a0a;<br \/>\n<a name=\"para3lg1p6\"><\/a>\u00a0\u00a06)<span class=\"tyhik\">\u00a0<\/span>valikeksam inglise keeles (B1-tasemel) (suuline) \u2013 06.\u201308.\u00a0mai 2026.\u00a0a;<br \/>\n<a name=\"para3lg1p7\"><\/a>\u00a0\u00a07)<span class=\"tyhik\">\u00a0<\/span>valikeksam vene keeles v\u00f5\u00f5rkeelena (B1-tasemel) (suuline) \u2013 06.\u201307.\u00a0mai 2026.\u00a0a.<\/p>\n<p><a name=\"para3lg2\"><\/a>\u00a0\u00a0(2) Prantsuse ja saksa keele \u00fchtsed p\u00f5hikooli l\u00f5pueksamid on p\u00f5hikooli- ja g\u00fcmnaasiumiseaduse \u00a7\u00a030 l\u00f5ike\u00a03<sup>1<\/sup>\u00a0alusel m\u00e4\u00e4rusega kehtestatud tingimustel ja korras asendatud rahvusvaheliselt tunnustatud eksamitega samas keeles ning nende eksamite vormid ja ajad tehakse hiljemalt 30.\u00a0septembriks 2025.\u00a0a teatavaks Haridus- ja Teadusministeeriumi veebilehel.<\/p>\n<h3><strong>\u00a7 4.<\/strong><a name=\"para4\"><\/a>\u00a0\u00a0Tasemet\u00f6\u00f6de ainevaldkonnad, \u00f5ppeained, vormid ja ajad<\/h3>\n<p><a name=\"para4lg1\"><\/a>\u00a0\u00a0(1) 3. klassi tasemet\u00f6\u00f6de ainevaldkonnad, \u00f5ppeained, vormid ja ajad on j\u00e4rgmised:<br \/>\n<a name=\"para4lg1p1\"><\/a>\u00a0\u00a01)<span class=\"tyhik\">\u00a0<\/span>sotsiaalained 3. klass \u2013 13.\u201315. mai 2026. a.<\/p>\n<p><a name=\"para4lg2\"><\/a>\u00a0\u00a0(2) 4. klassi tasemet\u00f6\u00f6de ainevaldkonnad, \u00f5ppeained, vormid ja ajad on j\u00e4rgmised:<br \/>\n<a name=\"para4lg2p1\"><\/a>\u00a0\u00a01)<span class=\"tyhik\">\u00a0<\/span>eesti keel (kirjalik) \u2013 08.\u201310. oktoober 2025. a;<br \/>\n<a name=\"para4lg2p2\"><\/a>\u00a0\u00a02)<span class=\"tyhik\">\u00a0<\/span>vene keel (kirjalik) \u2013 08.\u201309. oktoober 2025. a;<br \/>\n<a name=\"para4lg2p3\"><\/a>\u00a0\u00a03)<span class=\"tyhik\">\u00a0<\/span>A1-keeletasemel eesti keel teise keelena (esimene p\u00e4ev kirjalik ja suuline, teistel p\u00e4evadel ainult suuline)\u00a0\u2013 30.\u00a0september\u00a0\u2013\u00a002.\u00a0oktoober; 06.\u00a0oktoober 2025.\u00a0a;<br \/>\n<a name=\"para4lg2p4\"><\/a>\u00a0\u00a04)<span class=\"tyhik\">\u00a0<\/span>matemaatika (kirjalik) \u2013 10. oktoober; 13.\u201314. oktoober 2025. a;<br \/>\n<a name=\"para4lg2p5\"><\/a>\u00a0\u00a05)<span class=\"tyhik\">\u00a0<\/span>loodus\u00f5petus (kirjalik) \u2013 24.\u201326. september 2025. a.<\/p>\n<p><a name=\"para4lg3\"><\/a>\u00a0\u00a0(3) 6. klassi tasemet\u00f6\u00f6de ainevaldkonnad, \u00f5ppeained, vormid ja ajad on j\u00e4rgmised:<br \/>\n<a name=\"para4lg3p1\"><\/a>\u00a0\u00a01)<span class=\"tyhik\">\u00a0<\/span>sotsiaalained 6. klass \u2013 19.\u201321. mai 2026. a.<\/p>\n<p><a name=\"para4lg4\"><\/a>\u00a0\u00a0(4) 7. klassi tasemet\u00f6\u00f6de ainevaldkonnad, \u00f5ppeained, vormid ja ajad on j\u00e4rgmised:<br \/>\n<a name=\"para4lg4p1\"><\/a>\u00a0\u00a01)<span class=\"tyhik\">\u00a0<\/span>eesti keel (kirjalik) \u2013 25.\u201326. september; 29.\u00a0september 2025. a;<br \/>\n<a name=\"para4lg4p2\"><\/a>\u00a0\u00a02)<span class=\"tyhik\">\u00a0<\/span>vene keel (kirjalik) \u2013 25.\u201326. september 2025. a;<br \/>\n<a name=\"para4lg4p3\"><\/a>\u00a0\u00a03)<span class=\"tyhik\">\u00a0<\/span>A2-keeletasemel eesti keel teise keelena (kirjalik ja suuline)\u00a0\u2013 13.\u201316.\u00a0oktoober 2025.\u00a0a;<br \/>\n<a name=\"para4lg4p4\"><\/a>\u00a0\u00a04)<span class=\"tyhik\">\u00a0<\/span>matemaatika (kirjalik) \u2013 07.\u201309. oktoober 2025. a;<br \/>\n<a name=\"para4lg4p5\"><\/a>\u00a0\u00a05)<span class=\"tyhik\">\u00a0<\/span>loodus\u00f5petus (kirjalik) \u2013 01.\u201302. oktoober; 06.\u00a0oktoober 2025.\u00a0a.<\/p>\n<p><a name=\"para4lg5\"><\/a>\u00a0\u00a0(5) III kooliastme tasemet\u00f6\u00f6de ainevaldkonnad, \u00f5ppeained, vormid ja ajad on j\u00e4rgmised:<br \/>\n<a name=\"para4lg5p1\"><\/a>\u00a0\u00a01)<span class=\"tyhik\">\u00a0<\/span>A2-keeletasemel inglise keel (kirjalik) \u2013 28. oktoober 2025. a;<br \/>\n<a name=\"para4lg5p2\"><\/a>\u00a0\u00a02)<span class=\"tyhik\">\u00a0<\/span>A2-keeletasemel inglise keel (suuline) \u2013 28.\u201331. oktoober 2025. a;<br \/>\n<a name=\"para4lg5p3\"><\/a>\u00a0\u00a03)<span class=\"tyhik\">\u00a0<\/span>A2-keeletasemel saksa keel (esimene p\u00e4ev kirjalik ja suuline, teistel p\u00e4evadel ainult suuline)\u00a0\u2013 20.\u201321.\u00a0jaanuar 2026.\u00a0a;<br \/>\n<a name=\"para4lg5p4\"><\/a>\u00a0\u00a04)<span class=\"tyhik\">\u00a0<\/span>A2-keeletasemel vene keel (esimene p\u00e4ev kirjalik ja suuline, teistel p\u00e4evadel ainult suuline)\u00a0\u2013 20.\u201321.\u00a0jaanuar 2026.\u00a0a;<br \/>\n<a name=\"para4lg5p5\"><\/a>\u00a0\u00a05)<span class=\"tyhik\">\u00a0<\/span>loodusvaldkond (kirjalik) \u2013 18.\u201319. september; 22.\u201323.\u00a0september 2025.\u00a0a;<br \/>\n<a name=\"para4lg5p6\"><\/a>\u00a0\u00a06)<span class=\"tyhik\">\u00a0<\/span>sotsiaalained (kirjalik) \u2013 31. m\u00e4rts \u2013 02. aprill 2026.\u00a0a.<\/p>\n<p><a name=\"para4lg6\"><\/a>\u00a0\u00a0(6) IV kooliastme tasemet\u00f6\u00f6de ainevaldkonnad, \u00f5ppeained, vormid ja ajad on j\u00e4rgmised:<br \/>\n<a name=\"para4lg6p1\"><\/a>\u00a0\u00a01)<span class=\"tyhik\">\u00a0<\/span>sotsiaalained (kirjalik) \u2013 03.\u201305. m\u00e4rts 2026. a;<br \/>\n<a name=\"para4lg6p2\"><\/a>\u00a0\u00a02)<span class=\"tyhik\">\u00a0<\/span>loodusvaldkond (kirjalik) \u2013 10.\u201312. m\u00e4rts 2026. a.<\/p>\n<div class=\"signature\">\n<p>Kristina Kallas<br \/>\nMinister<\/p>\n<p>Triin Laasi-\u00d5ige<br \/>\nKantsler<\/p>\n<\/div>\n<h1><span style=\"font-size: revert;\">\u00a0<\/span><br style=\"font-size: revert;\" \/>Ol\u00fcmpiaadide kava<\/h1>\n<p><a href=\"https:\/\/tostamaa.edu.ee\/wp-content\/uploads\/2015\/01\/T\u00f5stamaa_kool_2.jpg\"><img decoding=\"async\" loading=\"lazy\" class=\"aligncenter size-full wp-image-3135\" src=\"https:\/\/tostamaa.edu.ee\/wp-content\/uploads\/2015\/01\/T\u00f5stamaa_kool_2.jpg\" alt=\"\" width=\"2480\" height=\"1645\" srcset=\"https:\/\/tostamaa.edu.ee\/wp-content\/uploads\/2015\/01\/T\u00f5stamaa_kool_2.jpg 2480w, https:\/\/tostamaa.edu.ee\/wp-content\/uploads\/2015\/01\/T\u00f5stamaa_kool_2-300x199.jpg 300w, https:\/\/tostamaa.edu.ee\/wp-content\/uploads\/2015\/01\/T\u00f5stamaa_kool_2-768x509.jpg 768w, https:\/\/tostamaa.edu.ee\/wp-content\/uploads\/2015\/01\/T\u00f5stamaa_kool_2-1024x679.jpg 1024w\" sizes=\"(max-width: 2480px) 100vw, 2480px\" \/><\/a><\/p>\n","protected":false},"excerpt":{"rendered":"<p>https:\/\/harno.ee\/riigieksamid K\u00f5ik eksamid algavad kell 10:00 Riigieksamite vormid ja ajad, \u00fchtsete p\u00f5hikooli l\u00f5pueksamite ning tasemet\u00f6\u00f6de \u00f5ppeained, vormid ja ajad 2025\/2026.\u00a0\u00f5ppeaastal Vastu v\u00f5etud 04.04.2025 nr 14 M\u00e4\u00e4rus kehtestatakse\u00a0p\u00f5hikooli- ja g\u00fcmnaasiumiseaduse\u00a0\u00a7\u00a030 l\u00f5ike\u00a04, \u00a7\u00a031 l\u00f5ike\u00a04 ning \u00a7\u00a034 l\u00f5ike\u00a03 alusel. \u00a7 1.\u00a0\u00a0Riigieksamite vormid ja ajad \u00a0\u00a0(1) Riigieksamite vormid ja ajad on j\u00e4rgmised: \u00a0\u00a01)\u00a0eesti keel (kirjalik) \u2013 13. aprill 2026. &hellip; <\/p>\n<p><a class=\"more-link btn\" href=\"https:\/\/tostamaa.edu.ee\/?page_id=36\">J\u00e4tka lugemist<\/a><\/p>\n","protected":false},"author":1,"featured_media":0,"parent":17,"menu_order":0,"comment_status":"closed","ping_status":"open","template":"","meta":{"footnotes":""},"_links":{"self":[{"href":"https:\/\/tostamaa.edu.ee\/index.php?rest_route=\/wp\/v2\/pages\/36"}],"collection":[{"href":"https:\/\/tostamaa.edu.ee\/index.php?rest_route=\/wp\/v2\/pages"}],"about":[{"href":"https:\/\/tostamaa.edu.ee\/index.php?rest_route=\/wp\/v2\/types\/page"}],"author":[{"embeddable":true,"href":"https:\/\/tostamaa.edu.ee\/index.php?rest_route=\/wp\/v2\/users\/1"}],"replies":[{"embeddable":true,"href":"https:\/\/tostamaa.edu.ee\/index.php?rest_route=%2Fwp%2Fv2%2Fcomments&post=36"}],"version-history":[{"count":5,"href":"https:\/\/tostamaa.edu.ee\/index.php?rest_route=\/wp\/v2\/pages\/36\/revisions"}],"predecessor-version":[{"id":9602,"href":"https:\/\/tostamaa.edu.ee\/index.php?rest_route=\/wp\/v2\/pages\/36\/revisions\/9602"}],"up":[{"embeddable":true,"href":"https:\/\/tostamaa.edu.ee\/index.php?rest_route=\/wp\/v2\/pages\/17"}],"wp:attachment":[{"href":"https:\/\/tostamaa.edu.ee\/index.php?rest_route=%2Fwp%2Fv2%2Fmedia&parent=36"}],"curies":[{"name":"wp","href":"https:\/\/api.w.org\/{rel}","templated":true}]}}