{"id":367,"date":"2015-03-01T14:39:06","date_gmt":"2015-03-01T12:39:06","guid":{"rendered":"https:\/\/tostamaa.edu.ee\/?page_id=367"},"modified":"2020-04-08T10:54:06","modified_gmt":"2020-04-08T08:54:06","slug":"kooli-pohimaarus","status":"publish","type":"page","link":"https:\/\/tostamaa.edu.ee\/?page_id=367","title":{"rendered":"Kooli p\u00f5him\u00e4\u00e4rus"},"content":{"rendered":"<p align=\"left\"><span style=\"font-size: medium;\"><a href=\"http:\/\/pildid.tostamaa.ee\/doc\/tostamaa_kk_pohimaarus_21.03.19_13.pdf\"><strong>T\u00f5stamaa Keskkooli p\u00f5him\u00e4\u00e4rus&#8230;<\/strong><\/a><\/span><\/p>\n<p align=\"left\"><a href=\"http:\/\/pildid.tostamaa.ee\/doc\/tostamaa_kk_pohimaarus_21.03.19_13.pdf\"><img decoding=\"async\" loading=\"lazy\" class=\"aligncenter wp-image-5127 size-full\" src=\"https:\/\/tostamaa.edu.ee\/wp-content\/uploads\/2015\/03\/2020-04-08_115326.jpg\" alt=\"\" width=\"813\" height=\"765\" srcset=\"https:\/\/tostamaa.edu.ee\/wp-content\/uploads\/2015\/03\/2020-04-08_115326.jpg 813w, https:\/\/tostamaa.edu.ee\/wp-content\/uploads\/2015\/03\/2020-04-08_115326-300x282.jpg 300w, https:\/\/tostamaa.edu.ee\/wp-content\/uploads\/2015\/03\/2020-04-08_115326-768x723.jpg 768w\" sizes=\"(max-width: 813px) 100vw, 813px\" \/><\/a><\/p>\n","protected":false},"excerpt":{"rendered":"<p>T\u00f5stamaa Keskkooli p\u00f5him\u00e4\u00e4rus&#8230;<\/p>\n","protected":false},"author":1,"featured_media":0,"parent":66,"menu_order":0,"comment_status":"closed","ping_status":"closed","template":"","meta":{"footnotes":""},"_links":{"self":[{"href":"https:\/\/tostamaa.edu.ee\/index.php?rest_route=\/wp\/v2\/pages\/367"}],"collection":[{"href":"https:\/\/tostamaa.edu.ee\/index.php?rest_route=\/wp\/v2\/pages"}],"about":[{"href":"https:\/\/tostamaa.edu.ee\/index.php?rest_route=\/wp\/v2\/types\/page"}],"author":[{"embeddable":true,"href":"https:\/\/tostamaa.edu.ee\/index.php?rest_route=\/wp\/v2\/users\/1"}],"replies":[{"embeddable":true,"href":"https:\/\/tostamaa.edu.ee\/index.php?rest_route=%2Fwp%2Fv2%2Fcomments&post=367"}],"version-history":[{"count":3,"href":"https:\/\/tostamaa.edu.ee\/index.php?rest_route=\/wp\/v2\/pages\/367\/revisions"}],"predecessor-version":[{"id":5128,"href":"https:\/\/tostamaa.edu.ee\/index.php?rest_route=\/wp\/v2\/pages\/367\/revisions\/5128"}],"up":[{"embeddable":true,"href":"https:\/\/tostamaa.edu.ee\/index.php?rest_route=\/wp\/v2\/pages\/66"}],"wp:attachment":[{"href":"https:\/\/tostamaa.edu.ee\/index.php?rest_route=%2Fwp%2Fv2%2Fmedia&parent=367"}],"curies":[{"name":"wp","href":"https:\/\/api.w.org\/{rel}","templated":true}]}}