{"id":4210,"date":"2019-02-19T14:06:18","date_gmt":"2019-02-19T12:06:18","guid":{"rendered":"https:\/\/tostamaa.edu.ee\/?page_id=4210"},"modified":"2024-10-09T10:26:43","modified_gmt":"2024-10-09T08:26:43","slug":"1-klassi-minevale-lapsevanemale","status":"publish","type":"page","link":"https:\/\/tostamaa.edu.ee\/?page_id=4210","title":{"rendered":"1. klassi mineva lapse vanemale"},"content":{"rendered":"<h3><strong><span style=\"color: #800000;\">Hea lapsevanem!<\/span><\/strong><\/h3>\n<p>Kaugel ei ole aeg, kus P\u00e4rnu linnavalitsus hakkab m\u00e4\u00e4rama ARNO programmis I klassi minevatele lastele elukohaj\u00e4rgseid koole. P\u00e4rnu linnas m\u00e4\u00e4ratakse elukohaj\u00e4rgne kool lapsele rahvastikuregistri andmete alusel automaatselt, seega ei pea lapsevanem kooli registreerimiseks avaldust esitama. Aluseks v\u00f5etakse lapse <strong><u>elukohaandmed 10. m\u00e4rtsi seisuga ning kooli kaugus lapse elukohast.<\/u> <\/strong><\/p>\n<p>Kooli m\u00e4\u00e4ramisel l\u00e4htub programm ARNO koolitee pikkusest ja koolihoonete mahutavusest. ARNO l\u00e4heneb asjale paindlikult ja paigutab kooli t\u00e4pselt nii palju lapsi, kui on \u00f5ppekohti ning m\u00e4\u00e4rab lapsele elukohal\u00e4hedase kooli. Kui kooli l\u00e4heduses elab rohkem lapsi, kui seal on \u00f5ppekohti, valib arvutis\u00fcsteem v\u00e4lja l\u00e4heduselt j\u00e4rgmise kooli. \u00d5pilaste rohkusel elukohaj\u00e4rgsesse kooli arvestatakse ka rahvastikuregistri sissekande aega.<\/p>\n<p>Lapsele m\u00e4\u00e4ratud elukohaj\u00e4rgne p\u00f5hikool <strong><u>avaldatakse 20. m\u00e4rtsil <\/u><\/strong>elektroonilise programmi ARNO kaudu. Kui m\u00e4\u00e4ratud elukohaj\u00e4rgne kool on lapsele sobiv, siis teeb vanem ARNOs kooli vastuv\u00f5tu taotluse. P\u00e4rast vanema poolt taotluse esitamist hakkavad koolid lapsi koolinimekirjadesse kinnitama. Juhul kui koolivalik ei ole vanemale sobiv on v\u00f5imalik teha kuni <strong><u>10. aprillini<\/u><\/strong> ARNOs taotlus kooli muutmiseks. Taotlused vaatab l\u00e4bi linnavalitsuse komisjon.<\/p>\n<ol start=\"28\">\n<li style=\"list-style-type: none;\"><\/li>\n<\/ol>\n<p>Vaata lisaks: <a href=\"https:\/\/parnu.ee\/index.php\/linnakodanikule\/haridus\/uldharidus\/kooli-vastuvott\">Vastuv\u00f5tt p\u00f5hikooli<\/a><\/p>\n<p><u>Lisainfo<\/u>:<\/p>\n<p>444 8260<\/p>\n<p>arnoinfo[at]parnu.ee<\/p>\n","protected":false},"excerpt":{"rendered":"<p>Hea lapsevanem! Kaugel ei ole aeg, kus P\u00e4rnu linnavalitsus hakkab m\u00e4\u00e4rama ARNO programmis I klassi minevatele lastele elukohaj\u00e4rgseid koole. P\u00e4rnu linnas m\u00e4\u00e4ratakse elukohaj\u00e4rgne kool lapsele rahvastikuregistri andmete alusel automaatselt, seega ei pea lapsevanem kooli registreerimiseks avaldust esitama. Aluseks v\u00f5etakse lapse elukohaandmed 10. m\u00e4rtsi seisuga ning kooli kaugus lapse elukohast. Kooli m\u00e4\u00e4ramisel l\u00e4htub programm ARNO koolitee &hellip; <\/p>\n<p><a class=\"more-link btn\" href=\"https:\/\/tostamaa.edu.ee\/?page_id=4210\">J\u00e4tka lugemist<\/a><\/p>\n","protected":false},"author":1,"featured_media":0,"parent":66,"menu_order":0,"comment_status":"closed","ping_status":"closed","template":"","meta":{"footnotes":""},"_links":{"self":[{"href":"https:\/\/tostamaa.edu.ee\/index.php?rest_route=\/wp\/v2\/pages\/4210"}],"collection":[{"href":"https:\/\/tostamaa.edu.ee\/index.php?rest_route=\/wp\/v2\/pages"}],"about":[{"href":"https:\/\/tostamaa.edu.ee\/index.php?rest_route=\/wp\/v2\/types\/page"}],"author":[{"embeddable":true,"href":"https:\/\/tostamaa.edu.ee\/index.php?rest_route=\/wp\/v2\/users\/1"}],"replies":[{"embeddable":true,"href":"https:\/\/tostamaa.edu.ee\/index.php?rest_route=%2Fwp%2Fv2%2Fcomments&post=4210"}],"version-history":[{"count":5,"href":"https:\/\/tostamaa.edu.ee\/index.php?rest_route=\/wp\/v2\/pages\/4210\/revisions"}],"predecessor-version":[{"id":8444,"href":"https:\/\/tostamaa.edu.ee\/index.php?rest_route=\/wp\/v2\/pages\/4210\/revisions\/8444"}],"up":[{"embeddable":true,"href":"https:\/\/tostamaa.edu.ee\/index.php?rest_route=\/wp\/v2\/pages\/66"}],"wp:attachment":[{"href":"https:\/\/tostamaa.edu.ee\/index.php?rest_route=%2Fwp%2Fv2%2Fmedia&parent=4210"}],"curies":[{"name":"wp","href":"https:\/\/api.w.org\/{rel}","templated":true}]}}