{"id":4313,"date":"2019-03-22T14:58:43","date_gmt":"2019-03-22T12:58:43","guid":{"rendered":"https:\/\/tostamaa.edu.ee\/?page_id=4313"},"modified":"2019-03-22T15:13:31","modified_gmt":"2019-03-22T13:13:31","slug":"tostamaa-keskkooli-keskkonnahariduslikud-oppeprogrammid-20182019-oppeaastal","status":"publish","type":"page","link":"https:\/\/tostamaa.edu.ee\/?page_id=4313","title":{"rendered":"T\u00f5stamaa Keskkooli keskkonnahariduslikud \u00f5ppeprogrammid 2018\/2019 \u00f5ppeaastal"},"content":{"rendered":"<p>SA Keskkonnainvesteeringute Keskuse toetusel osaleb T\u00f5stamaa Keskkool 2018\/2019 \u00f5ppeaastal erinevates keskkonnahariduslikes \u00f5ppeprogrammides. \u00d5ppeprogrammid h\u00f5lmavad k\u00f5iki \u00f5pilasi. <strong>Programmides osalemine on \u00f5pilastele tasuta.<\/strong><\/p>\n<p>1.-2. klass \u00f5ppeprogrammis &#8220;Kabli linnukuud&#8221; Kablis<\/p>\n<p>3.-4.klass \u00f5ppeprogrammis &#8220;J\u00e4\u00e4tmed linnaruumis&#8221; P\u00e4rnu linnas<\/p>\n<p>5.-6. klass \u00f5ppeprogrammis &#8220;Mets kui elukeskkond&#8221; Soomaal<\/p>\n<p>7.-8.klass \u00f5ppeprogrammis &#8220;Eluslooduse uurimise p\u00e4ev&#8221; Silma \u00d5pikojas<\/p>\n<p>9., 13.klass \u00f5ppeprogrammis &#8220;Haavatav L\u00e4\u00e4nemeri&#8221; Silma \u00d5pikojas<\/p>\n<p>10.-11.klass \u00f5ppeprogrammis\u00a0 &#8220;Puidu kasutamine talus&#8221; \u00a0C:R:Jakobsoni talumuuseumis Kurgjal<\/p>\n<p>12.klass \u00f5ppeprogrammis &#8220;Loodusega koos&#8221; RMK Kabli K\u00fclastuskeskuses<\/p>\n<p><strong>\u00d5ppek\u00e4igud on \u00fcks osa \u00f5ppet\u00f6\u00f6st ning \u00f5ppetunnid toimuvad klassiruumist v\u00e4ljaspool.<\/strong><\/p>\n","protected":false},"excerpt":{"rendered":"<p>SA Keskkonnainvesteeringute Keskuse toetusel osaleb T\u00f5stamaa Keskkool 2018\/2019 \u00f5ppeaastal erinevates keskkonnahariduslikes \u00f5ppeprogrammides. \u00d5ppeprogrammid h\u00f5lmavad k\u00f5iki \u00f5pilasi. Programmides osalemine on \u00f5pilastele tasuta. 1.-2. klass \u00f5ppeprogrammis &#8220;Kabli linnukuud&#8221; Kablis 3.-4.klass \u00f5ppeprogrammis &#8220;J\u00e4\u00e4tmed linnaruumis&#8221; P\u00e4rnu linnas 5.-6. klass \u00f5ppeprogrammis &#8220;Mets kui elukeskkond&#8221; Soomaal 7.-8.klass \u00f5ppeprogrammis &#8220;Eluslooduse uurimise p\u00e4ev&#8221; Silma \u00d5pikojas 9., 13.klass \u00f5ppeprogrammis &#8220;Haavatav L\u00e4\u00e4nemeri&#8221; Silma \u00d5pikojas 10.-11.klass &hellip; <\/p>\n<p><a class=\"more-link btn\" href=\"https:\/\/tostamaa.edu.ee\/?page_id=4313\">J\u00e4tka lugemist<\/a><\/p>\n","protected":false},"author":3,"featured_media":0,"parent":2106,"menu_order":0,"comment_status":"closed","ping_status":"closed","template":"","meta":{"footnotes":""},"_links":{"self":[{"href":"https:\/\/tostamaa.edu.ee\/index.php?rest_route=\/wp\/v2\/pages\/4313"}],"collection":[{"href":"https:\/\/tostamaa.edu.ee\/index.php?rest_route=\/wp\/v2\/pages"}],"about":[{"href":"https:\/\/tostamaa.edu.ee\/index.php?rest_route=\/wp\/v2\/types\/page"}],"author":[{"embeddable":true,"href":"https:\/\/tostamaa.edu.ee\/index.php?rest_route=\/wp\/v2\/users\/3"}],"replies":[{"embeddable":true,"href":"https:\/\/tostamaa.edu.ee\/index.php?rest_route=%2Fwp%2Fv2%2Fcomments&post=4313"}],"version-history":[{"count":4,"href":"https:\/\/tostamaa.edu.ee\/index.php?rest_route=\/wp\/v2\/pages\/4313\/revisions"}],"predecessor-version":[{"id":4317,"href":"https:\/\/tostamaa.edu.ee\/index.php?rest_route=\/wp\/v2\/pages\/4313\/revisions\/4317"}],"up":[{"embeddable":true,"href":"https:\/\/tostamaa.edu.ee\/index.php?rest_route=\/wp\/v2\/pages\/2106"}],"wp:attachment":[{"href":"https:\/\/tostamaa.edu.ee\/index.php?rest_route=%2Fwp%2Fv2%2Fmedia&parent=4313"}],"curies":[{"name":"wp","href":"https:\/\/api.w.org\/{rel}","templated":true}]}}