{"id":44,"date":"2015-01-29T16:20:21","date_gmt":"2015-01-29T18:20:21","guid":{"rendered":"https:\/\/tostamaa.edu.ee\/?page_id=44"},"modified":"2025-08-07T10:07:49","modified_gmt":"2025-08-07T08:07:49","slug":"kool","status":"publish","type":"page","link":"https:\/\/tostamaa.edu.ee\/?page_id=44","title":{"rendered":"Meie kool"},"content":{"rendered":"\n<figure class=\"wp-block-embed is-type-video is-provider-youtube wp-block-embed-youtube wp-embed-aspect-16-9 wp-has-aspect-ratio\"><div class=\"wp-block-embed__wrapper\">\n<iframe loading=\"lazy\" title=\"Milline kool on T\u00f5stamaa Keskkool?\" width=\"944\" height=\"531\" src=\"https:\/\/www.youtube.com\/embed\/brS81RE3Vq0?feature=oembed\" frameborder=\"0\" allow=\"accelerometer; autoplay; clipboard-write; encrypted-media; gyroscope; picture-in-picture; web-share\" referrerpolicy=\"strict-origin-when-cross-origin\" allowfullscreen><\/iframe>\n<\/div><\/figure>\n\n\n\n<figure class=\"wp-block-image size-full\"><a href=\"https:\/\/tostamaa.edu.ee\/wp-content\/uploads\/2023\/08\/tostama-kooli-pohivaartused.jpg\"><img decoding=\"async\" loading=\"lazy\" width=\"856\" height=\"771\" src=\"https:\/\/tostamaa.edu.ee\/wp-content\/uploads\/2023\/08\/tostama-kooli-pohivaartused.jpg\" alt=\"\" class=\"wp-image-7519\" srcset=\"https:\/\/tostamaa.edu.ee\/wp-content\/uploads\/2023\/08\/tostama-kooli-pohivaartused.jpg 856w, https:\/\/tostamaa.edu.ee\/wp-content\/uploads\/2023\/08\/tostama-kooli-pohivaartused-300x270.jpg 300w, https:\/\/tostamaa.edu.ee\/wp-content\/uploads\/2023\/08\/tostama-kooli-pohivaartused-768x692.jpg 768w\" sizes=\"(max-width: 856px) 100vw, 856px\" \/><\/a><\/figure>\n\n\n<p align=\"left\"><a href=\"https:\/\/tostamaa.edu.ee\/wp-content\/uploads\/2015\/01\/koolimaja2_19022015.jpg\"><img decoding=\"async\" loading=\"lazy\" class=\"alignnone size-full wp-image-277\" src=\"https:\/\/tostamaa.edu.ee\/wp-content\/uploads\/2015\/01\/koolimaja2_19022015.jpg\" alt=\"koolimaja2_19022015\" width=\"1919\" height=\"503\" srcset=\"https:\/\/tostamaa.edu.ee\/wp-content\/uploads\/2015\/01\/koolimaja2_19022015.jpg 1919w, https:\/\/tostamaa.edu.ee\/wp-content\/uploads\/2015\/01\/koolimaja2_19022015-300x79.jpg 300w, https:\/\/tostamaa.edu.ee\/wp-content\/uploads\/2015\/01\/koolimaja2_19022015-1024x268.jpg 1024w\" sizes=\"(max-width: 1919px) 100vw, 1919px\" \/><\/a><\/p>\n<p align=\"left\">T\u00f5stamaa m\u00f5isakompleksis asub m\u00f5isakool, mille \u00f5pilasi iseloomustab huvi teadmiste vastu ja aktiivne eluhoiak. Kooli traditsioonid on tugevad ning siin tehtav ainealane ja klassiv\u00e4line t\u00f6\u00f6 tulemusrikas. Selle aluseks on kogu koolipere \u00fchine tubli t\u00f6\u00f6.<\/p>\n<p>Koolil on k\u00f5ik kaasaegsed tingimused \u00f5ppe- ja klassiv\u00e4liseks t\u00f6\u00f6ks: arvutiklass, interneti p\u00fcsi\u00fchendus, avalik internetipunkt,\u00a0raamatukogu, \u00f5pilaskodu, s\u00f6\u00f6kla ja head tingimused sportimiseks.<br \/>Koolis tegutsevad mitmed huvi- ja ainealaringid. Koolis tehtav \u00f5ppet\u00f6\u00f6 v\u00f5imaldab \u00f5pilastel saada head, konkurentsiv\u00f5imelist haridust. T\u00e4na on koolis 160 \u00f5pilast, 12 klassikomplekti ning <a href=\"https:\/\/tostamaa.edu.ee\/default.asp?id=44\">20 \u00f5petajat<\/a>.<\/p>\n<p align=\"left\">T\u00f5stamaa on v\u00e4ike mere\u00e4\u00e4rne alevik P\u00e4rnumaal (<a href=\"https:\/\/tostamaa.edu.ee\/default.asp?id=132\">vaata kaarti<\/a>), umbes 700 elanikuga, Audru \u2013 Varbla mnt. \u00e4\u00e4res. T\u00f5stamaad ilmestavad rannikuluited ja k\u00fcllaltki liigirikas looduslik park.<\/p>\n<p>Aleviku keskel asub osavallamaja, postimaja, <a href=\"http:\/\/www.hot.ee\/terkes\/\">tervisekeskus<\/a>, apteek, seltsimaja, poed, kirik ja veidi eemal pargi serval endine m\u00f5isa h\u00e4rrastemaja, milles asubki T\u00f5stamaa Keskkool.<\/p>\n<p>Maja on ehitatud 19. sajandi alguses. Kool kolis <a href=\"http:\/\/mois.tostamaa.ee\/pano\/\">m\u00f5isamajja <\/a>1921 aastal. 1998 aastal on katusealust \u00e4ra kasutades juurde ehitatud III korrus. Koolimajas on tehtud ulatuslikud restaureerimisuuringud, mille k\u00e4igus on leitud v\u00e4ga ilusaid ja unikaalseid lae- ja seinamaalinguid. Mitmed ruumid on taastatud koos maalingutega. Renoveerimist\u00f6\u00f6d l\u00f5petati 27. augustil 2004 aastal. Unikaalne ehitis on k\u00f5rvalhoone, mida m\u00f5isajal kasutati hobusetallina. N\u00fc\u00fcd asuvad seal \u00f5pilaskodu, t\u00f6\u00f6\u00f5petusklass ja kooli s\u00f6\u00f6kla<\/p>\n<p>Esimesed teated rahvaharidusest seostuvad Forseliuse seminari tegevusega Tartus, kus \u00f5petati v\u00e4lja kooli\u00f5petajaid rahvakoolide jaoks. \u00dcks kooli\u00f5petaja saadeti ka T\u00f5stamaale ja seega \u00f5petati siin lapsi juba 1688 aastal. Haridust koos vaheaegadega on antud 329 aastat ja \u00fcsna mitmes koolimajas. Kool on <a href=\"http:\/\/www.forselius.ee\/\">B. G. Forseliuse Seltsi<\/a> ja <a href=\"http:\/\/www.hot.ee\/emky\/\">Eesti M\u00f5isakoolide \u00dchenduse<\/a>\u00a0liige.<\/p>\n<p>Alates 1. septembrist 1953 t\u00f6\u00f6tab T\u00f5stamaal keskkool. Seoses \u00f5pilaste v\u00e4hesusega muudeti vahepeal kool 8- klassiliseks. 1982 aastast alates on kool taas keskkool.<\/p>\n<p>Algaastaist t\u00e4naseni on T\u00f5stamaa Keskkool tavalise \u00f5ppekavaga keskkool, kus erinevatel perioodidel on olnud erinevaid r\u00f5huasetusi.<\/p>\n<p><a href=\"https:\/\/tostamaa.edu.ee\/default.asp?id=131\">Veel kooli ajaloost&#8230;<\/a><br \/><a href=\"http:\/\/mois.tostamaa.ee\/pano\/\">M\u00f5isamaja panoraamid&#8230;<br \/><\/a><a href=\"http:\/\/issuu.com\/tomitt\/docs\/kooli_esitlus_pildid\">Pilte koolist (slaidiesitlus)<\/a><\/p>\n<p><a href=\"https:\/\/tostamaa.edu.ee\/wp-content\/uploads\/2015\/01\/T\u00f5stamaa_kool_1.jpg\"><img decoding=\"async\" loading=\"lazy\" class=\"aligncenter size-full wp-image-3133\" src=\"https:\/\/tostamaa.edu.ee\/wp-content\/uploads\/2015\/01\/T\u00f5stamaa_kool_1.jpg\" alt=\"\" width=\"2048\" height=\"1365\" srcset=\"https:\/\/tostamaa.edu.ee\/wp-content\/uploads\/2015\/01\/T\u00f5stamaa_kool_1.jpg 2048w, https:\/\/tostamaa.edu.ee\/wp-content\/uploads\/2015\/01\/T\u00f5stamaa_kool_1-300x200.jpg 300w, https:\/\/tostamaa.edu.ee\/wp-content\/uploads\/2015\/01\/T\u00f5stamaa_kool_1-768x512.jpg 768w, https:\/\/tostamaa.edu.ee\/wp-content\/uploads\/2015\/01\/T\u00f5stamaa_kool_1-1024x683.jpg 1024w\" sizes=\"(max-width: 2048px) 100vw, 2048px\" \/><\/a><\/p>\n<p><a href=\"https:\/\/tostamaa.edu.ee\/wp-content\/uploads\/2015\/01\/TOM_6429.jpg\"><img decoding=\"async\" loading=\"lazy\" class=\"aligncenter size-full wp-image-5917\" src=\"https:\/\/tostamaa.edu.ee\/wp-content\/uploads\/2015\/01\/TOM_6429.jpg\" alt=\"\" width=\"2480\" height=\"1476\" srcset=\"https:\/\/tostamaa.edu.ee\/wp-content\/uploads\/2015\/01\/TOM_6429.jpg 2480w, https:\/\/tostamaa.edu.ee\/wp-content\/uploads\/2015\/01\/TOM_6429-300x179.jpg 300w, https:\/\/tostamaa.edu.ee\/wp-content\/uploads\/2015\/01\/TOM_6429-768x457.jpg 768w, https:\/\/tostamaa.edu.ee\/wp-content\/uploads\/2015\/01\/TOM_6429-1024x609.jpg 1024w\" sizes=\"(max-width: 2480px) 100vw, 2480px\" \/><\/a><\/p>\n\n<div class=\"wp-block-image\">\n<figure class=\"aligncenter size-full is-resized\"><a href=\"https:\/\/tostamaa.edu.ee\/wp-content\/uploads\/2022\/06\/Tostamaa-KK-roll-up-2022_850x2000mm1024_1.jpg\"><img decoding=\"async\" loading=\"lazy\" width=\"435\" height=\"1024\" src=\"https:\/\/tostamaa.edu.ee\/wp-content\/uploads\/2022\/06\/Tostamaa-KK-roll-up-2022_850x2000mm1024_1.jpg\" alt=\"\" class=\"wp-image-6708\" style=\"width:417px;height:982px\" srcset=\"https:\/\/tostamaa.edu.ee\/wp-content\/uploads\/2022\/06\/Tostamaa-KK-roll-up-2022_850x2000mm1024_1.jpg 435w, https:\/\/tostamaa.edu.ee\/wp-content\/uploads\/2022\/06\/Tostamaa-KK-roll-up-2022_850x2000mm1024_1-127x300.jpg 127w\" sizes=\"(max-width: 435px) 100vw, 435px\" \/><\/a><\/figure><\/div>","protected":false},"excerpt":{"rendered":"<p>T\u00f5stamaa m\u00f5isakompleksis asub m\u00f5isakool, mille \u00f5pilasi iseloomustab huvi teadmiste vastu ja aktiivne eluhoiak. Kooli traditsioonid on tugevad ning siin tehtav ainealane ja klassiv\u00e4line t\u00f6\u00f6 tulemusrikas. Selle aluseks on kogu koolipere \u00fchine tubli t\u00f6\u00f6. Koolil on k\u00f5ik kaasaegsed tingimused \u00f5ppe- ja klassiv\u00e4liseks t\u00f6\u00f6ks: arvutiklass, interneti p\u00fcsi\u00fchendus, avalik internetipunkt,\u00a0raamatukogu, \u00f5pilaskodu, s\u00f6\u00f6kla ja head tingimused sportimiseks.Koolis tegutsevad mitmed &hellip; <\/p>\n<p><a class=\"more-link btn\" href=\"https:\/\/tostamaa.edu.ee\/?page_id=44\">J\u00e4tka lugemist<\/a><\/p>\n","protected":false},"author":1,"featured_media":0,"parent":0,"menu_order":0,"comment_status":"closed","ping_status":"open","template":"","meta":{"footnotes":""},"_links":{"self":[{"href":"https:\/\/tostamaa.edu.ee\/index.php?rest_route=\/wp\/v2\/pages\/44"}],"collection":[{"href":"https:\/\/tostamaa.edu.ee\/index.php?rest_route=\/wp\/v2\/pages"}],"about":[{"href":"https:\/\/tostamaa.edu.ee\/index.php?rest_route=\/wp\/v2\/types\/page"}],"author":[{"embeddable":true,"href":"https:\/\/tostamaa.edu.ee\/index.php?rest_route=\/wp\/v2\/users\/1"}],"replies":[{"embeddable":true,"href":"https:\/\/tostamaa.edu.ee\/index.php?rest_route=%2Fwp%2Fv2%2Fcomments&post=44"}],"version-history":[{"count":5,"href":"https:\/\/tostamaa.edu.ee\/index.php?rest_route=\/wp\/v2\/pages\/44\/revisions"}],"predecessor-version":[{"id":9098,"href":"https:\/\/tostamaa.edu.ee\/index.php?rest_route=\/wp\/v2\/pages\/44\/revisions\/9098"}],"wp:attachment":[{"href":"https:\/\/tostamaa.edu.ee\/index.php?rest_route=%2Fwp%2Fv2%2Fmedia&parent=44"}],"curies":[{"name":"wp","href":"https:\/\/api.w.org\/{rel}","templated":true}]}}