{"id":46,"date":"2015-01-29T16:24:32","date_gmt":"2015-01-29T18:24:32","guid":{"rendered":"https:\/\/tostamaa.edu.ee\/?page_id=46"},"modified":"2022-05-20T08:01:35","modified_gmt":"2022-05-20T06:01:35","slug":"sumboolika","status":"publish","type":"page","link":"https:\/\/tostamaa.edu.ee\/?page_id=46","title":{"rendered":"S\u00fcmboolika"},"content":{"rendered":"<h2><a href=\"https:\/\/tostamaa.edu.ee\/wp-content\/uploads\/2015\/01\/tostamaa_myts.jpg\"><img decoding=\"async\" loading=\"lazy\" class=\"alignnone size-full wp-image-261\" src=\"https:\/\/tostamaa.edu.ee\/wp-content\/uploads\/2015\/01\/tostamaa_myts.jpg\" alt=\"OLYMPUS DIGITAL CAMERA\" width=\"2560\" height=\"1920\" srcset=\"https:\/\/tostamaa.edu.ee\/wp-content\/uploads\/2015\/01\/tostamaa_myts.jpg 2560w, https:\/\/tostamaa.edu.ee\/wp-content\/uploads\/2015\/01\/tostamaa_myts-300x225.jpg 300w, https:\/\/tostamaa.edu.ee\/wp-content\/uploads\/2015\/01\/tostamaa_myts-1024x768.jpg 1024w\" sizes=\"(max-width: 2560px) 100vw, 2560px\" \/><\/a><\/h2>\n<h2><a href=\"https:\/\/tostamaa.edu.ee\/wp-content\/uploads\/2015\/01\/tostamaa_lipp2.jpg\"><img decoding=\"async\" loading=\"lazy\" class=\"alignnone size-full wp-image-263\" src=\"https:\/\/tostamaa.edu.ee\/wp-content\/uploads\/2015\/01\/tostamaa_lipp2.jpg\" alt=\"tostamaa_lipp2\" width=\"1004\" height=\"724\" srcset=\"https:\/\/tostamaa.edu.ee\/wp-content\/uploads\/2015\/01\/tostamaa_lipp2.jpg 1004w, https:\/\/tostamaa.edu.ee\/wp-content\/uploads\/2015\/01\/tostamaa_lipp2-300x216.jpg 300w\" sizes=\"(max-width: 1004px) 100vw, 1004px\" \/><\/a><\/h2>\n<h2>T\u00d5STAMAA KOOLI VALSS<\/h2>\n<p><em>Viis: Viivi Karlep (Freiman)<\/em><br \/>\n<em>S\u00f5nad: Eha Pirso (kirjanikunimega Krista Kajar)<\/em><br \/>\n<em>1962<\/em><\/p>\n<p>Meenuta veel kooli\u00f5de<br \/>\naastaid, mis veetsime koos.<br \/>\nMeenuta T\u00f5stamaa j\u00f5ge<br \/>\nkuidas kord kohas ta voog.<br \/>\nM\u00f6\u00f6duvad aastad nii pikad,<br \/>\nseda ei unusta saa.<br \/>\nM\u00e4lestus s\u00fcdames ikka<br \/>\nlauluna heliseb ta.<\/p>\n<p>Kullased kased ja pajud,<br \/>\np\u00e4evad t\u00e4is s\u00fcgisest t\u00f6\u00f6d.<br \/>\nTalvised tuisud ja rajud<br \/>\nselged ja t\u00e4hised \u00f6\u00f6d.<br \/>\nToomede \u00f5ilmete sadu<br \/>\n\u00f5htud, mis igatsust t\u00e4is.<br \/>\nLilledest kirevaid radu<br \/>\nparki siin maha meist j\u00e4i.<\/p>\n<p>Tuhanded vallatud vembud<br \/>\nr\u00f5\u00f5mud ja mured k\u00f5ik koos.<br \/>\nP\u00e4evad ja n\u00e4dalad lennul<br \/>\nm\u00f6\u00f6dusid meeletus hoos.<br \/>\nSaabuski viimane aasta<br \/>\nviimane olla siin veel,<br \/>\nUuesti alata tahaks<br \/>\nj\u00e4lle sel tallatud teel.<\/p>\n<p>Kaugele teed k\u00f5iki viivad<br \/>\nkaugelt kord leiad sa end.<br \/>\nM\u00f5nigi saab meist ehk tiivad<br \/>\nt\u00e4htede poole viib lend.<br \/>\nKauge ja armas su poole<br \/>\ntagasi m\u00f5te siis toob.<br \/>\nIial ei unusta elus<br \/>\nnoorus ja T\u00f5stamaa kool.<\/p>\n<p><a href=\"https:\/\/docs.google.com\/document\/d\/1u_hmRAgKiotvnkbX9UlA1BQV0uGUABrYLPeEx6EkTS8\/edit?usp=sharing\"><img decoding=\"async\" loading=\"lazy\" class=\"alignnone wp-image-1372 size-full\" src=\"https:\/\/tostamaa.edu.ee\/wp-content\/uploads\/2015\/01\/tostamaa_mois_II_korruse_trepihall.jpg\" alt=\"\" width=\"1434\" height=\"960\" srcset=\"https:\/\/tostamaa.edu.ee\/wp-content\/uploads\/2015\/01\/tostamaa_mois_II_korruse_trepihall.jpg 1434w, https:\/\/tostamaa.edu.ee\/wp-content\/uploads\/2015\/01\/tostamaa_mois_II_korruse_trepihall-300x201.jpg 300w, https:\/\/tostamaa.edu.ee\/wp-content\/uploads\/2015\/01\/tostamaa_mois_II_korruse_trepihall-1024x686.jpg 1024w\" sizes=\"(max-width: 1434px) 100vw, 1434px\" \/><\/a><\/p>\n<p><a href=\"https:\/\/tostamaa.edu.ee\/wp-content\/uploads\/2015\/01\/p\u00e4evikud.jpg\"><img decoding=\"async\" loading=\"lazy\" class=\"aligncenter size-full wp-image-3751\" src=\"https:\/\/tostamaa.edu.ee\/wp-content\/uploads\/2015\/01\/p\u00e4evikud.jpg\" alt=\"\" width=\"929\" height=\"960\" srcset=\"https:\/\/tostamaa.edu.ee\/wp-content\/uploads\/2015\/01\/p\u00e4evikud.jpg 929w, https:\/\/tostamaa.edu.ee\/wp-content\/uploads\/2015\/01\/p\u00e4evikud-290x300.jpg 290w, https:\/\/tostamaa.edu.ee\/wp-content\/uploads\/2015\/01\/p\u00e4evikud-768x794.jpg 768w\" sizes=\"(max-width: 929px) 100vw, 929px\" \/><\/a><a href=\"https:\/\/tostamaa.edu.ee\/wp-content\/uploads\/2015\/01\/TOM_0223.jpg\"><img decoding=\"async\" loading=\"lazy\" class=\"aligncenter size-full wp-image-4171\" src=\"https:\/\/tostamaa.edu.ee\/wp-content\/uploads\/2015\/01\/TOM_0223.jpg\" alt=\"\" width=\"2560\" height=\"1707\" srcset=\"https:\/\/tostamaa.edu.ee\/wp-content\/uploads\/2015\/01\/TOM_0223.jpg 2560w, https:\/\/tostamaa.edu.ee\/wp-content\/uploads\/2015\/01\/TOM_0223-300x200.jpg 300w, https:\/\/tostamaa.edu.ee\/wp-content\/uploads\/2015\/01\/TOM_0223-768x512.jpg 768w, https:\/\/tostamaa.edu.ee\/wp-content\/uploads\/2015\/01\/TOM_0223-1024x683.jpg 1024w\" sizes=\"(max-width: 2560px) 100vw, 2560px\" \/><\/a><\/p>\n","protected":false},"excerpt":{"rendered":"<p>T\u00d5STAMAA KOOLI VALSS Viis: Viivi Karlep (Freiman) S\u00f5nad: Eha Pirso (kirjanikunimega Krista Kajar) 1962 Meenuta veel kooli\u00f5de aastaid, mis veetsime koos. Meenuta T\u00f5stamaa j\u00f5ge kuidas kord kohas ta voog. M\u00f6\u00f6duvad aastad nii pikad, seda ei unusta saa. M\u00e4lestus s\u00fcdames ikka lauluna heliseb ta. Kullased kased ja pajud, p\u00e4evad t\u00e4is s\u00fcgisest t\u00f6\u00f6d. Talvised tuisud ja rajud &hellip; <\/p>\n<p><a class=\"more-link btn\" href=\"https:\/\/tostamaa.edu.ee\/?page_id=46\">J\u00e4tka lugemist<\/a><\/p>\n","protected":false},"author":1,"featured_media":0,"parent":44,"menu_order":0,"comment_status":"closed","ping_status":"open","template":"","meta":{"footnotes":""},"_links":{"self":[{"href":"https:\/\/tostamaa.edu.ee\/index.php?rest_route=\/wp\/v2\/pages\/46"}],"collection":[{"href":"https:\/\/tostamaa.edu.ee\/index.php?rest_route=\/wp\/v2\/pages"}],"about":[{"href":"https:\/\/tostamaa.edu.ee\/index.php?rest_route=\/wp\/v2\/types\/page"}],"author":[{"embeddable":true,"href":"https:\/\/tostamaa.edu.ee\/index.php?rest_route=\/wp\/v2\/users\/1"}],"replies":[{"embeddable":true,"href":"https:\/\/tostamaa.edu.ee\/index.php?rest_route=%2Fwp%2Fv2%2Fcomments&post=46"}],"version-history":[{"count":5,"href":"https:\/\/tostamaa.edu.ee\/index.php?rest_route=\/wp\/v2\/pages\/46\/revisions"}],"predecessor-version":[{"id":6649,"href":"https:\/\/tostamaa.edu.ee\/index.php?rest_route=\/wp\/v2\/pages\/46\/revisions\/6649"}],"up":[{"embeddable":true,"href":"https:\/\/tostamaa.edu.ee\/index.php?rest_route=\/wp\/v2\/pages\/44"}],"wp:attachment":[{"href":"https:\/\/tostamaa.edu.ee\/index.php?rest_route=%2Fwp%2Fv2%2Fmedia&parent=46"}],"curies":[{"name":"wp","href":"https:\/\/api.w.org\/{rel}","templated":true}]}}