{"id":5644,"date":"2020-12-03T11:35:01","date_gmt":"2020-12-03T09:35:01","guid":{"rendered":"https:\/\/tostamaa.edu.ee\/?page_id=5644"},"modified":"2020-12-03T11:36:23","modified_gmt":"2020-12-03T09:36:23","slug":"vaikelahendused-hev-opilaste-integreerimiseks","status":"publish","type":"page","link":"https:\/\/tostamaa.edu.ee\/?page_id=5644","title":{"rendered":"V\u00e4ikelahendused HEV \u00f5pilaste integreerimiseks"},"content":{"rendered":"<div class=\"embed-container\"><iframe loading=\"lazy\" title=\"Projekt \u201eV\u00e4ikelahendused HEV \u00f5pilaste integreerimiseks P\u00e4rnu linna \u00fcldhariduskoolidesse\u201c\" width=\"944\" height=\"531\" src=\"https:\/\/www.youtube.com\/embed\/cWJ-t0qxKjo?feature=oembed\" frameborder=\"0\" allow=\"accelerometer; autoplay; clipboard-write; encrypted-media; gyroscope; picture-in-picture; web-share\" allowfullscreen><\/iframe><\/div>\n<h1 class=\"title style-scope ytd-video-primary-info-renderer\">Projekt \u201eV\u00e4ikelahendused HEV \u00f5pilaste integreerimiseks P\u00e4rnu linna \u00fcldhariduskoolidesse\u201c<\/h1>\n<p>Hangitud vahendid 2019-2020, P\u00e4rnu Linnavalitsuse haridusosakond T\u00f5stamaa Keskkool<\/p>\n","protected":false},"excerpt":{"rendered":"<p>Projekt \u201eV\u00e4ikelahendused HEV \u00f5pilaste integreerimiseks P\u00e4rnu linna \u00fcldhariduskoolidesse\u201c Hangitud vahendid 2019-2020, P\u00e4rnu Linnavalitsuse haridusosakond T\u00f5stamaa Keskkool<\/p>\n","protected":false},"author":1,"featured_media":0,"parent":2,"menu_order":0,"comment_status":"closed","ping_status":"closed","template":"","meta":{"footnotes":""},"_links":{"self":[{"href":"https:\/\/tostamaa.edu.ee\/index.php?rest_route=\/wp\/v2\/pages\/5644"}],"collection":[{"href":"https:\/\/tostamaa.edu.ee\/index.php?rest_route=\/wp\/v2\/pages"}],"about":[{"href":"https:\/\/tostamaa.edu.ee\/index.php?rest_route=\/wp\/v2\/types\/page"}],"author":[{"embeddable":true,"href":"https:\/\/tostamaa.edu.ee\/index.php?rest_route=\/wp\/v2\/users\/1"}],"replies":[{"embeddable":true,"href":"https:\/\/tostamaa.edu.ee\/index.php?rest_route=%2Fwp%2Fv2%2Fcomments&post=5644"}],"version-history":[{"count":2,"href":"https:\/\/tostamaa.edu.ee\/index.php?rest_route=\/wp\/v2\/pages\/5644\/revisions"}],"predecessor-version":[{"id":5646,"href":"https:\/\/tostamaa.edu.ee\/index.php?rest_route=\/wp\/v2\/pages\/5644\/revisions\/5646"}],"up":[{"embeddable":true,"href":"https:\/\/tostamaa.edu.ee\/index.php?rest_route=\/wp\/v2\/pages\/2"}],"wp:attachment":[{"href":"https:\/\/tostamaa.edu.ee\/index.php?rest_route=%2Fwp%2Fv2%2Fmedia&parent=5644"}],"curies":[{"name":"wp","href":"https:\/\/api.w.org\/{rel}","templated":true}]}}