{"id":6123,"date":"2021-09-03T13:00:27","date_gmt":"2021-09-03T11:00:27","guid":{"rendered":"https:\/\/tostamaa.edu.ee\/?page_id=6123"},"modified":"2021-09-03T13:00:53","modified_gmt":"2021-09-03T11:00:53","slug":"sport-koolis","status":"publish","type":"page","link":"https:\/\/tostamaa.edu.ee\/?page_id=6123","title":{"rendered":"Sport koolis"},"content":{"rendered":"<p><a href=\"https:\/\/tostamaa.edu.ee\/wp-content\/uploads\/2021\/09\/2021-09-03_135116.jpg\"><img decoding=\"async\" loading=\"lazy\" class=\"wp-image-6124 alignright\" src=\"https:\/\/tostamaa.edu.ee\/wp-content\/uploads\/2021\/09\/2021-09-03_135116.jpg\" alt=\"\" width=\"415\" height=\"252\" \/><\/a><\/p>\n<p>T\u00f5stamaa Keskkool 1. ja 2. klass osalevad 2021\/2022 \u00f5ppeaastal\u00a0Eesti Ol\u00fcmpiakomitee projektis &#8220;Sport koolis&#8221;.<\/p>\n<p>Projekti eesm\u00e4rgiks on s\u00fcvendada\u00a0 elukestvaid liikumisharjumusi juba varasest koolieast alates. Koolis viibivad lapsed ja noored suure osa oma p\u00e4evast ning kool saab pakkuda positiivset hoiakut, kujundades koolikultuuri, mis toetab r\u00f5\u00f5mu sportimisest ja liikumisest.<\/p>\n<p>Projekti k\u00e4igus tutvustatakse \u00f5pilastele erinevaid spordialasid, et\u00a0<b>lastes on tekitada huvi liikumise ja erinevate spordialade harrastamise vastu ning seel\u00e4bi suurendada laste kehalist aktiivsust<\/b>. <a href=\"https:\/\/tostamaa.edu.ee\/wp-content\/uploads\/2021\/09\/DSC02161.jpg\"><img decoding=\"async\" loading=\"lazy\" class=\"aligncenter size-full wp-image-6125\" src=\"https:\/\/tostamaa.edu.ee\/wp-content\/uploads\/2021\/09\/DSC02161.jpg\" alt=\"\" width=\"2650\" height=\"1473\" srcset=\"https:\/\/tostamaa.edu.ee\/wp-content\/uploads\/2021\/09\/DSC02161.jpg 2650w, https:\/\/tostamaa.edu.ee\/wp-content\/uploads\/2021\/09\/DSC02161-300x167.jpg 300w, https:\/\/tostamaa.edu.ee\/wp-content\/uploads\/2021\/09\/DSC02161-768x427.jpg 768w, https:\/\/tostamaa.edu.ee\/wp-content\/uploads\/2021\/09\/DSC02161-1024x569.jpg 1024w\" sizes=\"(max-width: 2650px) 100vw, 2650px\" \/><\/a>Projekt annab v\u00f5imaluse praktikas proovida, kuidas saavutada suurem kohustuslik sportimise maht ja s\u00e4ilitada kooli autonoomia, et koostada \u00f5ppijate vajadusi arvestav ja valikuid rikastav p\u00e4evakava.<\/p>\n<p><a href=\"https:\/\/www.eok.ee\/liikumisharrastus\/sport-koolis#\">https:\/\/www.eok.ee\/liikumisharrastus\/sport-koolis#<\/a><\/p>\n<p>&nbsp;<\/p>\n","protected":false},"excerpt":{"rendered":"<p>T\u00f5stamaa Keskkool 1. ja 2. klass osalevad 2021\/2022 \u00f5ppeaastal\u00a0Eesti Ol\u00fcmpiakomitee projektis &#8220;Sport koolis&#8221;. Projekti eesm\u00e4rgiks on s\u00fcvendada\u00a0 elukestvaid liikumisharjumusi juba varasest koolieast alates. Koolis viibivad lapsed ja noored suure osa oma p\u00e4evast ning kool saab pakkuda positiivset hoiakut, kujundades koolikultuuri, mis toetab r\u00f5\u00f5mu sportimisest ja liikumisest. Projekti k\u00e4igus tutvustatakse \u00f5pilastele erinevaid spordialasid, et\u00a0lastes on tekitada &hellip; <\/p>\n<p><a class=\"more-link btn\" href=\"https:\/\/tostamaa.edu.ee\/?page_id=6123\">J\u00e4tka lugemist<\/a><\/p>\n","protected":false},"author":1,"featured_media":0,"parent":2,"menu_order":0,"comment_status":"closed","ping_status":"closed","template":"","meta":{"footnotes":""},"_links":{"self":[{"href":"https:\/\/tostamaa.edu.ee\/index.php?rest_route=\/wp\/v2\/pages\/6123"}],"collection":[{"href":"https:\/\/tostamaa.edu.ee\/index.php?rest_route=\/wp\/v2\/pages"}],"about":[{"href":"https:\/\/tostamaa.edu.ee\/index.php?rest_route=\/wp\/v2\/types\/page"}],"author":[{"embeddable":true,"href":"https:\/\/tostamaa.edu.ee\/index.php?rest_route=\/wp\/v2\/users\/1"}],"replies":[{"embeddable":true,"href":"https:\/\/tostamaa.edu.ee\/index.php?rest_route=%2Fwp%2Fv2%2Fcomments&post=6123"}],"version-history":[{"count":2,"href":"https:\/\/tostamaa.edu.ee\/index.php?rest_route=\/wp\/v2\/pages\/6123\/revisions"}],"predecessor-version":[{"id":6127,"href":"https:\/\/tostamaa.edu.ee\/index.php?rest_route=\/wp\/v2\/pages\/6123\/revisions\/6127"}],"up":[{"embeddable":true,"href":"https:\/\/tostamaa.edu.ee\/index.php?rest_route=\/wp\/v2\/pages\/2"}],"wp:attachment":[{"href":"https:\/\/tostamaa.edu.ee\/index.php?rest_route=%2Fwp%2Fv2%2Fmedia&parent=6123"}],"curies":[{"name":"wp","href":"https:\/\/api.w.org\/{rel}","templated":true}]}}