{"id":68,"date":"2015-01-29T17:00:51","date_gmt":"2015-01-29T19:00:51","guid":{"rendered":"https:\/\/tostamaa.edu.ee\/?page_id=68"},"modified":"2026-02-04T09:37:20","modified_gmt":"2026-02-04T07:37:20","slug":"soogiraha","status":"publish","type":"page","link":"https:\/\/tostamaa.edu.ee\/?page_id=68","title":{"rendered":"S\u00f6\u00f6mine ja s\u00f6\u00f6giraha"},"content":{"rendered":"<header class=\"entry-header\">\n<div class=\"entry-content\">\n<header>\n<hr \/>\n<\/header>\n<header class=\"entry-header\"><strong>Tasuta <span style=\"color: #0000ff;\">hommikuputru<\/span><\/strong> pakutakse \u00f5pilastele <strong>igal koolip\u00e4eval<\/strong> kooli s\u00f6\u00f6klas kell <strong><strong>7.50 &#8211; 8.10<\/strong><\/strong><\/p>\n<hr \/>\n<p>Vanemad saavad soovi korral osta lapsele koolis <span style=\"color: #0000ff;\"><strong>pikap\u00e4evar\u00fchma eine<\/strong><\/span>.<br \/>\nPikap\u00e4evar\u00fchma s\u00f6\u00f6mine on kell 13.45 &#8211; 14.15. <span style=\"color: #000000;\"><strong>Pikap\u00e4evar\u00fchma einet<\/strong><\/span><strong> pakume ainult ettemaksu korral.<br \/>\n<\/strong>Einele registreerimine ja selle eest tasumine toimub <u>alates 1.09.2018<strong> <a href=\"https:\/\/arno.parnu.ee\/\">ARNO s\u00fcsteemi kaudu<\/a><\/strong><\/u><\/p>\n<p><strong>Pikap\u00e4evar\u00fchma eine \u00fcks kord maksab (alates 01.02.2026) 1.15 \u20ac<\/strong><\/p>\n<p>ARNO kodulehel tuleb valida \u201eKOOLIL\u00d5UNA\u201c kus avaneb uus aken.<br \/>\nSealt \u201eMuuda lisapaketti.\u201c<br \/>\nValida real \u201etulevikus k\u00e4ib s\u00f6\u00f6mas\u201c valik \u201eJAH\u201c ja valida sobiv kuup\u00e4ev, millal laps lisaeinet s\u00f6\u00f6mas k\u00e4ima hakkab.<br \/>\nKui on sobilikud valikud tehtud vajutada nuppu \u201eSalvesta ja tagasi\u201c<\/p>\n<p>Tagasi minnes valida lapse nime k\u00f5rvalt \u201eMaksmine\u201c \u2013 saate valida avatud aknas sobiva summa ning siis sobiva panga, kus teha \u00fclekanne. Kindlasti tuleb vajutada peale makse sooritamist nuppu \u201etagasi kaupmehe juurde.\u201c<\/p>\n<p>Lisaeinet saab maksta ka kindlate p\u00e4evade eest. N\u00e4iteks laps v\u00f5ib k\u00e4ia ainult kolmap\u00e4eviti lisaeinet s\u00f6\u00f6mas. Selleks peab lapsevanem ARNO s\u00fcsteemist lisama korduvpuudumise (\u00f5petus all v\u00e4ljatoodud juhendi lingi all).<\/p>\n<p>Puudumist saab m\u00e4rkida vaid tulevikku ning j\u00e4rgmise p\u00e4eva puudumisest tuleks teavitada enne kella 12.00. Kindlasti tuleb ise m\u00e4rkida puuduma laps ka p\u00e4evadel, kui toimuvad v\u00e4ljas\u00f5idud, ujumised, spordip\u00e4evad vms. Tagasikandeid teha ei ole v\u00f5imalik, lapsevanem peab ise j\u00e4lgima oma lapse lisaeinel osalemist.<\/p>\n<p>Arno keskkonnas saate j\u00e4lgida oma makse j\u00e4\u00e4ki ning vajadusel teha uus makse. Aasta l\u00f5pus kantakse \u00fclej\u00e4\u00e4nud summa tagasi lapsevanema pangakontole.<\/p>\n<p>Lisaeinele registreerimise, puudumise m\u00e4rkimise ja maksmise\u00a0<strong>n\u00e4idetega juhendi<\/strong>\u00a0leiate lingilt:<br \/>\n<a href=\"https:\/\/arno.ee\/img\/image\/ARNO%20lisaeine%20lapsevanemale.pdf\">https:\/\/arno.ee\/img\/image\/ARNO%20lisaeine%20lapsevanemale.pdf<\/a><\/p>\n<hr \/>\n<p><span style=\"color: #0000ff;\"><strong>\u00d5pilaskodu \u00f5pilaste toidurahade<\/strong><\/span> maksmine toimub\u00a0 personaalselt. Iga lapsevanemaga v\u00f5tab kool \u00fchendust.<br \/>\n\u00d5pilaskodu \u00f5pilased\u00a0saab s\u00f6\u00f6gilt maha v\u00f5tta, teatades kantseleid tel. 44 96 216\u00a0v\u00f5i e-postile: kool@tostamaa.ee\u00a0kell 9.00 -ni.<br \/>\n(kehtib ka riikliku koha \u00f5pilastel)<br \/>\n(alates 01.02.2026)<br \/>\nHommikus\u00f6\u00f6k\u00a0 \u00a0 1.65 \u20ac<br \/>\nOode\u00a0 \u00a0 \u00a0 \u00a0 \u00a0 \u00a0 \u00a0 \u00a0 \u00a0 \u00a0 \u00a0 \u00a0 1.15 \u20ac<br \/>\n\u00d5htus\u00f6\u00f6k\u00a0 \u00a0 \u00a0 \u00a0 \u00a0 \u00a0 \u00a0 2.40 \u20ac<\/p>\n<hr \/>\n<p class=\"entry-title\">\u00d5pilasi toitlustatakse <span style=\"color: #0000ff;\"><a href=\"https:\/\/tostamaa.edu.ee\/?page_id=183\"><strong>n\u00e4dalamen\u00fc\u00fc<\/strong><\/a><\/span> alusel, mis avalikustatakse kooli kodulehel.<br \/>\nS\u00f6\u00f6klal on \u00f5igus teha muudatusi ja korrigeerida men\u00fc\u00fcsid vastavalt vajadusele.<\/p>\n<\/header>\n<\/div>\n<\/header>\n<div class=\"entry-content\">\n<hr \/>\n<p style=\"text-align: left;\" align=\"center\">1 \u2013 12. klassi \u00f5pilastel on<span style=\"color: #0000ff;\"><strong> tasuta koolil\u00f5una<\/strong><\/span>.<\/p>\n<hr \/>\n<p style=\"text-align: left;\" align=\"center\"><span style=\"color: #0000ff;\"><strong>Koolist puudumisest<\/strong> <\/span>teavitada kell 8.30-ni kooli kantseleid tel. 44 96 216 v\u00f5i e-postile: kool@tostamaa.ee.<\/p>\n<hr \/>\n<p>Koolis\u00f6\u00f6kla <span style=\"color: #0000ff;\"><strong>peakokk<\/strong> <\/span>Mesike J\u00f5gi\u00a0tel. 44 96 297<\/p>\n<p><a href=\"http:\/\/prezi.com\/gjwfe4u3zkjq\/?utm_campaign=share&amp;utm_medium=copy\"><img decoding=\"async\" loading=\"lazy\" class=\"alignnone wp-image-804 size-large\" src=\"https:\/\/tostamaa.edu.ee\/wp-content\/uploads\/2015\/01\/lounas33k-1024x678.jpg\" alt=\"lounas33k\" width=\"1024\" height=\"678\" srcset=\"https:\/\/tostamaa.edu.ee\/wp-content\/uploads\/2015\/01\/lounas33k-1024x678.jpg 1024w, https:\/\/tostamaa.edu.ee\/wp-content\/uploads\/2015\/01\/lounas33k-300x199.jpg 300w, https:\/\/tostamaa.edu.ee\/wp-content\/uploads\/2015\/01\/lounas33k.jpg 1449w\" sizes=\"(max-width: 1024px) 100vw, 1024px\" \/><\/a><\/p>\n<\/div>\n","protected":false},"excerpt":{"rendered":"<p>Tasuta hommikuputru pakutakse \u00f5pilastele igal koolip\u00e4eval kooli s\u00f6\u00f6klas kell 7.50 &#8211; 8.10 Vanemad saavad soovi korral osta lapsele koolis pikap\u00e4evar\u00fchma eine. Pikap\u00e4evar\u00fchma s\u00f6\u00f6mine on kell 13.45 &#8211; 14.15. Pikap\u00e4evar\u00fchma einet pakume ainult ettemaksu korral. Einele registreerimine ja selle eest tasumine toimub alates 1.09.2018 ARNO s\u00fcsteemi kaudu Pikap\u00e4evar\u00fchma eine \u00fcks kord maksab (alates 01.02.2026) 1.15 \u20ac &hellip; <\/p>\n<p><a class=\"more-link btn\" href=\"https:\/\/tostamaa.edu.ee\/?page_id=68\">J\u00e4tka lugemist<\/a><\/p>\n","protected":false},"author":1,"featured_media":0,"parent":66,"menu_order":0,"comment_status":"closed","ping_status":"open","template":"","meta":{"footnotes":""},"_links":{"self":[{"href":"https:\/\/tostamaa.edu.ee\/index.php?rest_route=\/wp\/v2\/pages\/68"}],"collection":[{"href":"https:\/\/tostamaa.edu.ee\/index.php?rest_route=\/wp\/v2\/pages"}],"about":[{"href":"https:\/\/tostamaa.edu.ee\/index.php?rest_route=\/wp\/v2\/types\/page"}],"author":[{"embeddable":true,"href":"https:\/\/tostamaa.edu.ee\/index.php?rest_route=\/wp\/v2\/users\/1"}],"replies":[{"embeddable":true,"href":"https:\/\/tostamaa.edu.ee\/index.php?rest_route=%2Fwp%2Fv2%2Fcomments&post=68"}],"version-history":[{"count":5,"href":"https:\/\/tostamaa.edu.ee\/index.php?rest_route=\/wp\/v2\/pages\/68\/revisions"}],"predecessor-version":[{"id":9615,"href":"https:\/\/tostamaa.edu.ee\/index.php?rest_route=\/wp\/v2\/pages\/68\/revisions\/9615"}],"up":[{"embeddable":true,"href":"https:\/\/tostamaa.edu.ee\/index.php?rest_route=\/wp\/v2\/pages\/66"}],"wp:attachment":[{"href":"https:\/\/tostamaa.edu.ee\/index.php?rest_route=%2Fwp%2Fv2%2Fmedia&parent=68"}],"curies":[{"name":"wp","href":"https:\/\/api.w.org\/{rel}","templated":true}]}}