{"id":7178,"date":"2023-01-31T10:35:58","date_gmt":"2023-01-31T08:35:58","guid":{"rendered":"https:\/\/tostamaa.edu.ee\/?page_id=7178"},"modified":"2024-05-30T11:37:46","modified_gmt":"2024-05-30T09:37:46","slug":"nordplus","status":"publish","type":"page","link":"https:\/\/tostamaa.edu.ee\/?page_id=7178","title":{"rendered":"Nordplus"},"content":{"rendered":"<div class=\"wp-block-image\">\n<figure class=\"aligncenter size-full\"><a href=\"https:\/\/tostamaa.edu.ee\/wp-content\/uploads\/2023\/01\/GreenCubeLogo.jpg\"><img decoding=\"async\" loading=\"lazy\" width=\"600\" height=\"600\" src=\"https:\/\/tostamaa.edu.ee\/wp-content\/uploads\/2023\/01\/GreenCubeLogo.jpg\" alt=\"\" class=\"wp-image-7179\" srcset=\"https:\/\/tostamaa.edu.ee\/wp-content\/uploads\/2023\/01\/GreenCubeLogo.jpg 600w, https:\/\/tostamaa.edu.ee\/wp-content\/uploads\/2023\/01\/GreenCubeLogo-300x300.jpg 300w, https:\/\/tostamaa.edu.ee\/wp-content\/uploads\/2023\/01\/GreenCubeLogo-150x150.jpg 150w\" sizes=\"(max-width: 600px) 100vw, 600px\" \/><\/a><\/figure><\/div>\n\n\n<h2 class=\"wp-block-heading\">Nordplus projekt \u201cGreen Cube\u201d<\/h2>\n\n\n\n<p>Nordplus on P\u00f5hjamaade ja Baltikumi koost\u00f6\u00f6 programm, mis pakub v\u00f5imalusi elukestvaks \u00f5ppeks ning haridusealasteks \u00fchisteks ettev\u00f5tmisteks.<\/p>\n\n\n\n<p>T\u00f5stamaa Keskkool osaleb Nordplusi toetatud programmis \u201cGreen Cube\u201d \u00fches Taani, Islandi ning Gr\u00f6\u00f6nimaa koolidega.<\/p>\n\n\n\n<p>\u201cGreen Cube\u201d projekti sisuks on kliimamuutused ja nende vastu v\u00f5itlemine. Projekti kestus on 2022. aastast kuni 2024. aasta kevadeni. Selle raames osalevad k\u00f5igi koolide \u00f5pilased eri riikides toimuvatel kohtumistel, kus toimuvad t\u00f6\u00f6toad, mis aitavad paremini m\u00f5ista energiatootmist, ringmajandust, kliimamuutuste m\u00f5jusid ja muud.<\/p>\n\n\n\n<p>2022 aasta septembris osalesid meie kooli kuus 7. ja 8. klassi \u00f5pilast ning kaks \u00f5petajat kohtumisel Taanis Svendborgis. Juba 2023 aprillis ootab ees kohtumine Gr\u00f6\u00f6nimaal ning septembris Islandil. Projekti viimane kohtumine toimus Eestis, T\u00f5stamaal 2024 aasta kevadel.<\/p>\n\n\n\n<figure class=\"wp-block-embed is-type-video is-provider-youtube wp-block-embed-youtube wp-embed-aspect-16-9 wp-has-aspect-ratio\"><div class=\"wp-block-embed__wrapper\">\n<iframe loading=\"lazy\" title=\"Nordplus Green Cube, Estonia T\u00f5stamaa\" width=\"944\" height=\"531\" src=\"https:\/\/www.youtube.com\/embed\/JnnAfWeoj_M?feature=oembed\" frameborder=\"0\" allow=\"accelerometer; autoplay; clipboard-write; encrypted-media; gyroscope; picture-in-picture; web-share\" allowfullscreen><\/iframe>\n<\/div><\/figure>\n\n\n<div class=\"wp-block-image\">\n<figure class=\"aligncenter size-large is-resized\"><a href=\"https:\/\/tostamaa.edu.ee\/wp-content\/uploads\/2024\/03\/IMG_2726.jpg\"><img decoding=\"async\" loading=\"lazy\" width=\"768\" height=\"1024\" src=\"https:\/\/tostamaa.edu.ee\/wp-content\/uploads\/2024\/03\/IMG_2726-768x1024.jpg\" alt=\"\" class=\"wp-image-8023\" style=\"aspect-ratio:0.749379652605459;width:931px;height:auto\" srcset=\"https:\/\/tostamaa.edu.ee\/wp-content\/uploads\/2024\/03\/IMG_2726-768x1024.jpg 768w, https:\/\/tostamaa.edu.ee\/wp-content\/uploads\/2024\/03\/IMG_2726-225x300.jpg 225w, https:\/\/tostamaa.edu.ee\/wp-content\/uploads\/2024\/03\/IMG_2726.jpg 900w\" sizes=\"(max-width: 768px) 100vw, 768px\" \/><\/a><\/figure><\/div>\n\n\n<figure class=\"wp-block-image size-large\"><a href=\"https:\/\/tostamaa.edu.ee\/wp-content\/uploads\/2024\/03\/2024-03-08_082249.png\"><img decoding=\"async\" loading=\"lazy\" width=\"1024\" height=\"572\" src=\"https:\/\/tostamaa.edu.ee\/wp-content\/uploads\/2024\/03\/2024-03-08_082249-1024x572.png\" alt=\"\" class=\"wp-image-7983\" srcset=\"https:\/\/tostamaa.edu.ee\/wp-content\/uploads\/2024\/03\/2024-03-08_082249-1024x572.png 1024w, https:\/\/tostamaa.edu.ee\/wp-content\/uploads\/2024\/03\/2024-03-08_082249-300x168.png 300w, https:\/\/tostamaa.edu.ee\/wp-content\/uploads\/2024\/03\/2024-03-08_082249-768x429.png 768w, https:\/\/tostamaa.edu.ee\/wp-content\/uploads\/2024\/03\/2024-03-08_082249-1536x858.png 1536w, https:\/\/tostamaa.edu.ee\/wp-content\/uploads\/2024\/03\/2024-03-08_082249-2048x1144.png 2048w, https:\/\/tostamaa.edu.ee\/wp-content\/uploads\/2024\/03\/2024-03-08_082249-944x527.png 944w\" sizes=\"(max-width: 1024px) 100vw, 1024px\" \/><\/a><\/figure>\n\n\n\n<figure class=\"wp-block-image\"><img decoding=\"async\" src=\"https:\/\/scontent-arn2-1.xx.fbcdn.net\/v\/t1.15752-9\/343943800_809931426663888_2423149312329713557_n.jpg?_nc_cat=103&amp;ccb=1-7&amp;_nc_sid=ae9488&amp;_nc_ohc=FvrpmHqzFX0AX_EbG5B&amp;_nc_ht=scontent-arn2-1.xx&amp;oh=03_AdR6DxdML461yX08vjwUILHCA4URDl6UfwF1IgVaqQwk_g&amp;oe=6475A3FB\" alt=\"Kirjeldus puudub.\"\/><\/figure>\n\n\n\n<figure class=\"wp-block-embed is-type-video is-provider-youtube wp-block-embed-youtube wp-embed-aspect-16-9 wp-has-aspect-ratio\"><div class=\"wp-block-embed__wrapper\">\n<iframe loading=\"lazy\" title=\"Nordplus Green Cube, GREENLAND Nuuk\" width=\"944\" height=\"531\" src=\"https:\/\/www.youtube.com\/embed\/MFWs-imn4vY?feature=oembed\" frameborder=\"0\" allow=\"accelerometer; autoplay; clipboard-write; encrypted-media; gyroscope; picture-in-picture; web-share\" allowfullscreen><\/iframe>\n<\/div><\/figure>\n\n\n\n<figure class=\"wp-block-image size-full\"><a href=\"https:\/\/tostamaa.edu.ee\/wp-content\/uploads\/2023\/01\/2022-09-07-08.33.46.jpg\"><img decoding=\"async\" loading=\"lazy\" width=\"1000\" height=\"750\" src=\"https:\/\/tostamaa.edu.ee\/wp-content\/uploads\/2023\/01\/2022-09-07-08.33.46.jpg\" alt=\"\" class=\"wp-image-7180\" srcset=\"https:\/\/tostamaa.edu.ee\/wp-content\/uploads\/2023\/01\/2022-09-07-08.33.46.jpg 1000w, https:\/\/tostamaa.edu.ee\/wp-content\/uploads\/2023\/01\/2022-09-07-08.33.46-300x225.jpg 300w, https:\/\/tostamaa.edu.ee\/wp-content\/uploads\/2023\/01\/2022-09-07-08.33.46-768x576.jpg 768w\" sizes=\"(max-width: 1000px) 100vw, 1000px\" \/><\/a><\/figure>\n\n\n\n<figure class=\"wp-block-image\"><img decoding=\"async\" src=\"https:\/\/www.sisekaitse.ee\/sites\/default\/files\/inline-images\/Nordplus_AF-1024x292_0.jpg\" alt=\"Nordplus | SISEKAITSEAKADEEMIA\"\/><\/figure>\n\n\n\n<p><\/p>\n\n\n\n<p><\/p>\n","protected":false},"excerpt":{"rendered":"<p>Nordplus projekt \u201cGreen Cube\u201d Nordplus on P\u00f5hjamaade ja Baltikumi koost\u00f6\u00f6 programm, mis pakub v\u00f5imalusi elukestvaks \u00f5ppeks ning haridusealasteks \u00fchisteks ettev\u00f5tmisteks. T\u00f5stamaa Keskkool osaleb Nordplusi toetatud programmis \u201cGreen Cube\u201d \u00fches Taani, Islandi ning Gr\u00f6\u00f6nimaa koolidega. \u201cGreen Cube\u201d projekti sisuks on kliimamuutused ja nende vastu v\u00f5itlemine. Projekti kestus on 2022. aastast kuni 2024. aasta kevadeni. Selle raames &hellip; <\/p>\n<p><a class=\"more-link btn\" href=\"https:\/\/tostamaa.edu.ee\/?page_id=7178\">J\u00e4tka lugemist<\/a><\/p>\n","protected":false},"author":1,"featured_media":0,"parent":2,"menu_order":0,"comment_status":"closed","ping_status":"closed","template":"","meta":{"footnotes":""},"_links":{"self":[{"href":"https:\/\/tostamaa.edu.ee\/index.php?rest_route=\/wp\/v2\/pages\/7178"}],"collection":[{"href":"https:\/\/tostamaa.edu.ee\/index.php?rest_route=\/wp\/v2\/pages"}],"about":[{"href":"https:\/\/tostamaa.edu.ee\/index.php?rest_route=\/wp\/v2\/types\/page"}],"author":[{"embeddable":true,"href":"https:\/\/tostamaa.edu.ee\/index.php?rest_route=\/wp\/v2\/users\/1"}],"replies":[{"embeddable":true,"href":"https:\/\/tostamaa.edu.ee\/index.php?rest_route=%2Fwp%2Fv2%2Fcomments&post=7178"}],"version-history":[{"count":5,"href":"https:\/\/tostamaa.edu.ee\/index.php?rest_route=\/wp\/v2\/pages\/7178\/revisions"}],"predecessor-version":[{"id":8160,"href":"https:\/\/tostamaa.edu.ee\/index.php?rest_route=\/wp\/v2\/pages\/7178\/revisions\/8160"}],"up":[{"embeddable":true,"href":"https:\/\/tostamaa.edu.ee\/index.php?rest_route=\/wp\/v2\/pages\/2"}],"wp:attachment":[{"href":"https:\/\/tostamaa.edu.ee\/index.php?rest_route=%2Fwp%2Fv2%2Fmedia&parent=7178"}],"curies":[{"name":"wp","href":"https:\/\/api.w.org\/{rel}","templated":true}]}}