{"id":799,"date":"2015-10-04T10:09:15","date_gmt":"2015-10-04T08:09:15","guid":{"rendered":"https:\/\/tostamaa.edu.ee\/?page_id=799"},"modified":"2026-01-26T08:21:55","modified_gmt":"2026-01-26T06:21:55","slug":"pikapaevaruhm","status":"publish","type":"page","link":"https:\/\/tostamaa.edu.ee\/?page_id=799","title":{"rendered":"Pikap\u00e4evar\u00fchm"},"content":{"rendered":"<p>(Alus PGS \u00a7 38)<\/p>\n<h3>1. Pikap\u00e4evar\u00fchm ja selle moodustamine.<\/h3>\n<p>1.1. T\u00f5stamaa Keskkooli pikap\u00e4evar\u00fchm moodustub lapsevanemate soovil ja\u00a0omavalitsuse n\u00f5usolekul.<br \/>\n1.2. Pikap\u00e4evar\u00fchm v\u00f5imaldab \u00f5pilasele tuge ja j\u00e4relvalvet \u00f5ppet\u00f6\u00f6st vaba aja sisustamisel, pedagoogilist\u00a0juhendamist tunnis pooleli j\u00e4\u00e4nud \u00fclesannete l\u00f5petamisel, koduste \u00fclesannete t\u00e4itmisel, pedagoogilist\u00a0juhendamist ja suunamist huvialategevuses ning huvide arendamisel.<\/p>\n<h3>2. Pikap\u00e4evar\u00fchma vastuv\u00f5tmine ja sellest v\u00e4ljaarvamine.<\/h3>\n<p>2.1. \u00d5pilane v\u00f5etakse pikap\u00e4evar\u00fchma vanema v\u00f5i eestkostja kirjaliku avalduse alusel (taotlus ARNOs).<br \/>\n2.2. Vanem v\u00f5i eestkostja v\u00f5ib esitada avalduse \u00f5pilase pikap\u00e4evar\u00fchma v\u00f5tmiseks 5. septembrini, vajadusel ka\u00a0\u00f5ppeperioodi jooksul.<br \/>\n2.3. Vanem m\u00e4rgib avaldusele aja, millal laps osaleb pikap\u00e4evar\u00fchma t\u00f6\u00f6s.<br \/>\n2.4. \u00d5ppeaasta sees v\u00f5ib \u00f5pilase pikap\u00e4evar\u00fchma suunata ka \u00f5petaja ettepanekul, mis on\u00a0\u00a0 koosk\u00f5lastatud\u00a0lapsevanemaga.<br \/>\n2.5.\u00a0\u00d5pilane v\u00f5etakse pikap\u00e4evar\u00fchma vastu ja arvatakse sealt v\u00e4lja direktori otsusega ja vanema taotluse alusel v\u00f5i alaealise m\u00f5jutusvahendite seaduses s\u00e4testatud juhul alaealiste komisjoni otsuse alusel.<br \/>\n2.6. Kooli direktor kinnitab pikap\u00e4evar\u00fchma nimekirja \u00fcheks \u00f5ppeaastaks oma k\u00e4skkirjaga.<br \/>\n2.7. \u00d5ppeaasta kestel arvatakse \u00f5pilane pikap\u00e4evar\u00fchmast v\u00e4lja vanema v\u00f5i eestkostja avalduse alusel.<\/p>\n<h3>3. Pikap\u00e4evar\u00fchma t\u00f6\u00f6korraldus.<\/h3>\n<p>3.1. Pikap\u00e4evar\u00fchma \u00f5petaja planeerib pikap\u00e4evar\u00fchma t\u00f6\u00f6 trimestrite kaupa ja tagab pikap\u00e4evar\u00fchma p\u00e4evakava\u00a0t\u00e4itmise.<br \/>\n3.2. Pikap\u00e4evar\u00fchma kasvatust\u00f6\u00f6 arvestust peab \u00f5petaja Pikap\u00e4evar\u00fchma p\u00e4evikus.<br \/>\n3.3. Pikap\u00e4evar\u00fchma t\u00f6\u00f6 planeerimisel ja korraldamisel juhindub \u00f5petaja kooli \u00f5ppe- ja kasvatustegevuse \u00fcldistest\u00a0eesm\u00e4rkidest, pikap\u00e4evar\u00fchma \u00f5pilaste vanuselistest ja individuaalsetest ise\u00e4rasustest, nende kodustest\u00a0tingimustest ning vanemate v\u00f5i eestkostjate ja \u00f5pilaste p\u00f5hjendatud soovidest, samuti transpordiv\u00f5imalustest.<br \/>\n3.4. Pikap\u00e4evar\u00fchma t\u00f6\u00f6kava on vastavuses kooli \u00fcldise tegevuskavaga.<br \/>\n3.5. Pikap\u00e4evar\u00fchm t\u00f6\u00f6tab E-R kell\u00a0 12.00-17.00<br \/>\n3.6. Pikap\u00e4eva\u00f5petajal on nimekiri \u00f5pilastest, kes osalevad kooli ruumides toimuvates ringi-, k\u00f5neravi- ja\u00a0parandus\u00f5ppetundides.<br \/>\n3.7. Pikap\u00e4evar\u00fchm v\u00f5ib viibida ka v\u00e4ljaspool kooli ruume: \u00f5pilas\u00fcritustel, \u00f5ppek\u00e4igul jms vastavalt eelnevale\u00a0kokkuleppele lapsevanema ja \u00f5ppealajuhatajaga.<br \/>\n3.8. Pikap\u00e4evar\u00fchmas k\u00e4ivad \u00f5pilased peavad \u00f5petajat teavitama enda k\u00e4ikudest pikap\u00e4eva toimumise ajal ja ka\u00a0lahkumisest. \u00d5pilase lahkumiseks pikap\u00e4evar\u00fchmast muul ajal kui on n\u00e4idatud avalduses, tuleb lapsevanemal\u00a0saata sellekohane teade \u00f5pilasp\u00e4evikus v\u00f5i eraldi lehel.<br \/>\n3.9. \u00d5pilastest, kes puuduvad pidevalt pikap\u00e4evar\u00fchmast v\u00f5i rikuvad seal korda, on \u00f5petajal \u00f5igus anda teada kooli\u00a0juhtkonnale sobivate lahenduste leidmiseks.<br \/>\n3.10 Lisatasu eest saavad pikp\u00e4evar\u00fchma \u00f5pilased s\u00fc\u00fca (E-R kell 13.45-14.15) \u00a0oodet. \u00dche toidup\u00e4eva maksumus on \u00a01.10 \u20ac.<br \/>\n3.11 Kui laps ei osale pikap\u00e4evar\u00fchma \u00f5ppet\u00f6\u00f6s, kuid soovib pikap\u00e4evatoitu, tuleb vanematel tasuda 1.10 \u20ac \u00fche toidukorra eest. Toitlustamine toimub lapsevanema v\u00f5i eestkostja avalduse alusel. Avaldused esitada 5. septembriks.<\/p>\n","protected":false},"excerpt":{"rendered":"<p>(Alus PGS \u00a7 38) 1. Pikap\u00e4evar\u00fchm ja selle moodustamine. 1.1. T\u00f5stamaa Keskkooli pikap\u00e4evar\u00fchm moodustub lapsevanemate soovil ja\u00a0omavalitsuse n\u00f5usolekul. 1.2. Pikap\u00e4evar\u00fchm v\u00f5imaldab \u00f5pilasele tuge ja j\u00e4relvalvet \u00f5ppet\u00f6\u00f6st vaba aja sisustamisel, pedagoogilist\u00a0juhendamist tunnis pooleli j\u00e4\u00e4nud \u00fclesannete l\u00f5petamisel, koduste \u00fclesannete t\u00e4itmisel, pedagoogilist\u00a0juhendamist ja suunamist huvialategevuses ning huvide arendamisel. 2. Pikap\u00e4evar\u00fchma vastuv\u00f5tmine ja sellest v\u00e4ljaarvamine. 2.1. \u00d5pilane v\u00f5etakse pikap\u00e4evar\u00fchma &hellip; <\/p>\n<p><a class=\"more-link btn\" href=\"https:\/\/tostamaa.edu.ee\/?page_id=799\">J\u00e4tka lugemist<\/a><\/p>\n","protected":false},"author":1,"featured_media":0,"parent":44,"menu_order":0,"comment_status":"closed","ping_status":"closed","template":"","meta":{"footnotes":""},"_links":{"self":[{"href":"https:\/\/tostamaa.edu.ee\/index.php?rest_route=\/wp\/v2\/pages\/799"}],"collection":[{"href":"https:\/\/tostamaa.edu.ee\/index.php?rest_route=\/wp\/v2\/pages"}],"about":[{"href":"https:\/\/tostamaa.edu.ee\/index.php?rest_route=\/wp\/v2\/types\/page"}],"author":[{"embeddable":true,"href":"https:\/\/tostamaa.edu.ee\/index.php?rest_route=\/wp\/v2\/users\/1"}],"replies":[{"embeddable":true,"href":"https:\/\/tostamaa.edu.ee\/index.php?rest_route=%2Fwp%2Fv2%2Fcomments&post=799"}],"version-history":[{"count":5,"href":"https:\/\/tostamaa.edu.ee\/index.php?rest_route=\/wp\/v2\/pages\/799\/revisions"}],"predecessor-version":[{"id":9611,"href":"https:\/\/tostamaa.edu.ee\/index.php?rest_route=\/wp\/v2\/pages\/799\/revisions\/9611"}],"up":[{"embeddable":true,"href":"https:\/\/tostamaa.edu.ee\/index.php?rest_route=\/wp\/v2\/pages\/44"}],"wp:attachment":[{"href":"https:\/\/tostamaa.edu.ee\/index.php?rest_route=%2Fwp%2Fv2%2Fmedia&parent=799"}],"curies":[{"name":"wp","href":"https:\/\/api.w.org\/{rel}","templated":true}]}}