{"id":8155,"date":"2024-05-29T13:45:52","date_gmt":"2024-05-29T11:45:52","guid":{"rendered":"https:\/\/tostamaa.edu.ee\/?page_id=8155"},"modified":"2024-06-04T12:09:04","modified_gmt":"2024-06-04T10:09:04","slug":"hankekord","status":"publish","type":"page","link":"https:\/\/tostamaa.edu.ee\/?page_id=8155","title":{"rendered":"Hankekord"},"content":{"rendered":"\n<p>T\u00f5stamaal&nbsp;&nbsp;28.05.2024.a. 1-1\/3<\/p>\n\n\n\n<p>M\u00e4\u00e4rus kehtestatakse riigihangete seaduse \u00a7 9 lg 1 ja P\u00e4rnu Linnavolikogu 21.06.2018 m\u00e4\u00e4ruse nr 31 \u201eHankekord\u201c \u00a7 2 lg 2 alusel.<\/p>\n\n\n\n<p>&nbsp;1. Riigihangete planeerimine ja korraldamine<\/p>\n\n\n\n<p>(1) Riigihankeid planeerib T\u00f5stamaa Keskkool (edaspidi asutus v\u00f5i hankija) oma arengukavast ja eelarvest l\u00e4htudes.<br>(2) Juhul, kui asutusel on eelarveaastal plaanis korraldada v\u00e4hemalt \u00fcks riigihange hankelepingu eeldatava kogumaksumusega alates 10 000 eurost (summad siin ja edaspidi ilma k\u00e4ibemaksuta), s\u00f5ltumata vahendite p\u00e4ritolust, kehtestab asutus hankeplaani.<br>(3) Hankeplaani kinnitab direktor k\u00e4skkirjaga viie n\u00e4dala jooksul p\u00e4rast linnaeelarve vastuv\u00f5tmist volikogu poolt ning see peab sisaldama k\u00f5iki planeeritavaid riigihankeid hankelepingu eeldatava kogumaksumusega alates 10 000 eurost.<br>(4) Hankeplaanis n\u00e4idatakse \u00e4ra v\u00e4hemalt j\u00e4rgmised andmed: 1) hankelepingu eseme \u00fcldine kirjeldus; 2) hankelepingu eeldatav maksumus; 3) riigihanke ja hankelepingu t\u00e4itmise eest vastutav isik v\u00f5i isikud; 4) riigihanke korraldamise eeldatav aeg; 5) hankelepingu s\u00f5lmimise eeldatav t\u00e4htp\u00e4ev ja planeeritav t\u00e4itmise t\u00e4htaeg.<br>(5) Riigihanke korraldamise otsustab direktori k\u00e4skkirjaga moodustatud riigihankekomisjon.<br>(6) Riigihanke korraldamise volitamise v\u00f5i hankemenetlusega seotud toimingute volitamise otsustab direktor ning selle kohta vormistatakse ja v\u00e4ljastatakse volitatavale volikiri.<\/p>\n\n\n\n<p>2. Vastutav isik<\/p>\n\n\n\n<p>(1) Riigihanke eest vastutava isiku m\u00e4\u00e4rab direktor hankeplaanis.<br>(2) Hankelepingu t\u00e4itmise eest vastutab riigihanke eest vastutav isik, kui hanke v\u00e4ljakuulutamisel v\u00f5i hiljem ei ole hankelepingu t\u00e4itmise eest vastutavaks m\u00e4\u00e4ratud muud isikut.<br>(3) Juhul, kui riigihanke eest vastutavat isikut v\u00f5i hankelepingu t\u00e4itmise eest vastutavat isikut ei ole m\u00e4\u00e4ratud, vastutab direktor.<\/p>\n\n\n\n<p>3. Alla lihthanke piirm\u00e4\u00e4ra j\u00e4\u00e4vate riigihangete kord<\/p>\n\n\n\n<p>(1) Ka alla lihthanke piirm\u00e4\u00e4ra j\u00e4\u00e4va riigihanke korraldamisel j\u00e4rgitakse riigihangete seaduse \u00a7- s 3 toodud \u00fcldp\u00f5him\u00f5tteid.<\/p>\n\n\n\n<p>(2) Riigihanke teostab hankeplaanis m\u00e4\u00e4ratud vastutav isik. Hankeplaanis kajastamata riigihanke teostab t\u00f6\u00f6taja, kelle ametijuhendist see tuleneb v\u00f5i kellele direktor selle \u00fclesande annab.<\/p>\n\n\n\n<p>(3) Vastutav isik: 1) tagab riigihanke teostamise \u00f5igusp\u00e4rasuse, sealhulgas sellekohase kirjavahetuse ja dokumentide n\u00f5uetekohase registreerimise ja menetlemise vastavalt asutuse teabehalduse korrale; 2) v\u00f5ib korraldada turu-uuringu pakkujate paljususe ning eeldatava maksumuse v\u00e4ljaselgitamiseks; 3) valib konkurentsi olemasolu korral v\u00f5imalusel v\u00e4hemalt kolm ettev\u00f5tjat ja teeb neile \u00fcheaegselt kirjalikku taasesitamist v\u00f5imaldavas vormis samasisulise ettepaneku pakkumuse esitamiseks (edaspidi ka ettepanek); 4) kontrollib pakkujatel hankemenetlusest k\u00f5rvaldamise aluste puudumist, pakkujate vastavust kvalifitseerimisn\u00f5uetele, kui need on seatud, ning pakkumuste vastavust hanketingimustele, selgitab v\u00e4lja eduka pakkumuse; 5) esitab riigihanke tulemustest kokkuv\u00f5tte ja selgitab alla kolme pakkumuse v\u00f5tmise korral konkurentsi puudumisega seotud asjaolusid; 6) informeerib pakkumuse esitanud pakkujaid riigihanke tulemustest. (4) Ettepaneku pealkiri peab sisaldama s\u00f5nu \u201eettepanek hinnapakkumuse esitamiseks\u201c.<\/p>\n\n\n\n<p>(5) Ettepanek peab sisaldama v\u00e4hemalt: 1) teavet hankija kohta (nimi, asukoht); 2) riigihanke objekti kirjeldust piisavas mahus ja detailsuses l\u00e4hteandmetega hangitava ehitust\u00f6\u00f6, asja v\u00f5i teenuse kohta; 3) pakkumuse esitamise t\u00e4htp\u00e4eva, kellaaega ja (e-)aadressi; 4) v\u00f5imalikke vormin\u00f5udeid pakkumusele; 5) m\u00e4rget \u201ePakkujal on \u00f5igus pakkumuse osa m\u00e4\u00e4ratleda \u00e4risaladusena. Pakkuja m\u00e4rgib pakkumuses, milline teave on pakkuja \u00e4risaladus ning p\u00f5hjendab teabe \u00e4risaladuseks m\u00e4\u00e4ramist. \u00c4risaladuse v\u00f5i muu konfidentsiaalse sisuga dokumentidele teha m\u00e4rge \u201ckonfidentsiaalne\u201d. Vastav m\u00e4rge ei tohi olla kantud riigihangete seaduse \u00a7 111 l\u00f5ikes 5 loetletud dokumentidele.\u201c; 6) teavet lisainfo saamise kohta.<\/p>\n\n\n\n<p>(6) Juhul, kui hankija on riigihanke ettevalmistamiseks teinud turu-uuringu, esitab ta ettepanekus teabe, mis edastati turu-uuringus osalenud v\u00f5i muul moel riigihanke ettevalmistamisse kaasatud ettev\u00f5tjale seoses riigihanke ettevalmistamises osalemisega v\u00f5i selle tulemusel ning m\u00e4\u00e4rab pakkumuse v\u00f5i taotluse esitamisele piisavalt pika t\u00e4htaja, et turu-uuringus osalenud v\u00f5i muul moel riigihanke ettevalmistamisse kaasatud ettev\u00f5tjal ei tekiks seoses teabe eelneva valdamisega eelist teiste ettev\u00f5tjate ees.<\/p>\n\n\n\n<p>(7) Ettepanekud ja pakkumused tuleb registreerida asutuse dokumendiregistris hiljemalt saabumise v\u00f5i v\u00e4ljasaatmise p\u00e4evale j\u00e4rgneval t\u00f6\u00f6p\u00e4eval.<\/p>\n\n\n\n<p>(8) Ettepanek on avalik teave. K\u00f5igile riigihankes osalemiseks soovi avaldanud ettev\u00f5tjatele, tuleb anda sama teave, mis algselt valitud ettev\u00f5tjatele.<\/p>\n\n\n\n<p>(9) Pakkumuse v\u00f5ib j\u00e4tta l\u00e4bi vaatamata \u00fcksnes juhul, kui enne ettepaneku v\u00e4ljastamist on kirjalikku taasesitamist v\u00f5imaldavas vormis seatud pakkujatele kvalifikatsioonin\u00f5uded, millele pakkuja ei vasta.<\/p>\n\n\n\n<p>(10) Pakkumuste esitamise t\u00e4htaja m\u00f6\u00f6dumisel selgitab hankija v\u00e4lja riigihanke tulemused ja teavitab nendest pakkumuse esitanud pakkujaid.<\/p>\n\n\n\n<p>(11) Direktor s\u00f5lmib eduka pakkumuse esitanud pakkujaga kirjaliku lepingu v\u00f5i kinnitab arve, tellimiskirja v\u00f5i ostukviitungi.<\/p>\n\n\n\n<p>(12) K\u00e4esolevas paragrahvis s\u00e4testatud korda, sh konkureerivate hinnapakkumiste k\u00fcsimise n\u00f5uet, ei ole vaja j\u00e4rgida, kui hankelepingu eeldatav maksumus on asjade ja teenuste hankelepingu korral kuni 2000 eurot ja ehitust\u00f6\u00f6de hankelepingu korral kuni 5000 eurot.<\/p>\n\n\n\n<p>(13) K\u00e4esolevas paragrahvis s\u00e4testatud korda ei ole vaja j\u00e4rgida, s\u00f5ltumata hankelepingu eeldatavast maksumusest, erakorralistel juhtudel: 1) avariit\u00f6\u00f6de teostamiseks teenuse tellimisel; 2) kui ostetav asi v\u00f5i teenus on otseselt seotud f\u00fc\u00fcsilisest isikust asja m\u00fc\u00fcja v\u00f5i teenuse osutaja isikuga; 3) kui m\u00fc\u00fcja pakub asja v\u00f5i teenust turuhinnast selgelt odavama hinnaga.<\/p>\n\n\n\n<p>4. Hankelepingu s\u00f5lmimine<\/p>\n\n\n\n<p>(1) Hankeleping s\u00f5lmitakse edukaks tunnistatud pakkumuse esitanud pakkujaga riigihanget seaduses s\u00e4testatud korras riigihanke alusdokumentides etten\u00e4htud tingimustel.<\/p>\n\n\n\n<p>(2) Hankija ei s\u00f5lmi hankelepingut ja k\u00f5rvaldab hankemenetlusest pakkuja v\u00f5i taotleja, kelle suhtes esineb RHS \u00a7 95 l\u00f5ikes 1 s\u00e4testatud alus, v\u00e4lja arvatud juhul, kui hankelepingu s\u00f5lmimine on h\u00e4davajalik \u00fclekaalukast avalikust huvist tuleneval p\u00f5hjusel ja pakkuja v\u00f5i taotleja k\u00f5rvaldamisel j\u00e4\u00e4ks hankeleping s\u00f5lmimata.<\/p>\n\n\n\n<p>(3) Hankeleping s\u00f5lmitakse kirjalikku taasesitamist v\u00f5imaldavas vormis, kui selle kogumaksumus on v\u00e4hemalt 10 000 eurot.<\/p>\n\n\n\n<p>(4) Lepingu sisu koostamisel tuleb t\u00e4helepanu p\u00f6\u00f6rata j\u00e4rgmistele asjaoludele: 1) lepingu pooled \u2013 teise poole andmed peavad olema t\u00f5esed ning kontrollitud (\u00e4riregistri andmete ja isikut t\u00f5endava dokumendi alusel); 2) lepingu teise poole esindus\u00f5igus \u2013 esindus\u00f5igus tuleneb kas seadusest (n\u00e4iteks juriidilise isiku puhul juhatuse liige) v\u00f5i volikirjast ning esinduse aluseid tuleb alati kontrollida (lisatakse koopia volikirjast); 3) lepingu objekt \u2013 peab olema t\u00e4pselt fikseeritud, mida ostetakse v\u00f5i millist teenust v\u00f5i ehitust\u00f6\u00f6d tellitakse, milline on asjade v\u00f5i teenuste v\u00f5i ehitust\u00f6\u00f6 kogus ja kvaliteet, lepingu objekti omaduste t\u00e4psemaks edasiandmiseks v\u00f5ib lepingu lisana allkirjastada ka pakkuja poolt esitatud pakkumuse; 4) lepingu t\u00e4htaeg \u2013 t\u00e4pselt peab olema m\u00e4\u00e4ratletud, millal algab lepingu t\u00e4itmine ja millal see l\u00f5peb, kes millal milliseid kohustusi t\u00e4idab; 5) tingimused, millele ostetav asi v\u00f5i tellitav teenus v\u00f5i ehitust\u00f6\u00f6 peab vastama; 6) lepingu maksumus \u2013 oluline on m\u00e4rkida, kas summa on l\u00f5plik v\u00f5i tuleb maha\/juurde arvestada erinevad maksud; 7) arve esitatakse elektroonselt xml formaadis e-arvete operaatorite kaudu; 8) tasumise tingimused &#8211; tasumise t\u00e4htajaks on minimaalselt 14 t\u00f6\u00f6p\u00e4eva alates arve saamisest, arve esitamise \u00f5igus tekib teisel poolel p\u00e4rast \u00fcleandmise-vastuv\u00f5tmise akt allkirjastamist, kui see on lepingus ette n\u00e4htud; 9) pretensioonide esitamise t\u00e4htaeg \u2013 peab olema v\u00f5imalus teatud aja jooksul esitada pretensioone asja v\u00f5i teenuse v\u00f5i ehitust\u00f6\u00f6 osas. Pretensioonide esitamise t\u00e4htaja m\u00e4\u00e4ratlemisel tuleb hinnata, kas m\u00e4\u00e4ratud aja jooksul on v\u00f5imalik kontrollida lepingu kohaselt \u00fcleantavat; 10) \u00fcleandmine-vastuv\u00f5tmine \u2013 asja v\u00f5i teenuse v\u00f5i ehitust\u00f6\u00f6 \u00fcleandmine ja vastuv\u00f5tmine peab toimuma kahepoolse aktiga. Aktis m\u00e4\u00e4ratletakse, kas pooled on oma kohustusi n\u00f5uetekohaselt t\u00e4itnud.<\/p>\n\n\n\n<p>5. Meetmed huvide konflikti ennetamiseks, tuvastamiseks ja k\u00f5rvaldamiseks<\/p>\n\n\n\n<p>&nbsp;(1) Konkreetse riigihankega seoses ei v\u00f5i otsustusprotsessist osa v\u00f5tta isik, kellel on huvide konflikt v\u00f5i esineb asjaolu, mis annab alust kahelda tema erapooletuses.<\/p>\n\n\n\n<p>(2) Isik, kes on kaasatud riigihanke ettevalmistamisse v\u00f5i korraldamisse v\u00f5i kes saab muul moel m\u00f5jutada selle tulemust ning kellel on huvide konflikt v\u00f5i esineb asjaolu, mis annab alust kahelda tema erapooletuses, peab viivitamatult sellisest asjaolust teatama ja selle riigihankega seoses hoiduma edasisest tegevusest, mis v\u00f5ib m\u00f5jutada riigihanke tulemust. T\u00f6\u00f6taja teatab sellisest asjaolust oma otsesele \u00fclemusele ning iga\u00fcks vastava komisjoni v\u00f5i muu koosluse juhile, kelle koosseisus ta selle hankega seotud toimingutes osaleb.<\/p>\n\n\n\n<p>(3) K\u00f5ik ettepanekud, pakkumused ja muud riigihangetega seotud dokumendid, s\u00f5ltumata hankemenetluse liigist, registreeritakse asutuse dokumendiregistris. Riigihangete registris leitavaid dokumente linnavalitsuse dokumendiregistris ei registreerita.<\/p>\n\n\n\n<p>(4) Riigihankel huvide konflikti ennetamiseks, tuvastamiseks ja k\u00f5rvaldamiseks v\u00f5ib asutuse t\u00f6\u00f6korralduse reeglitega kehtestada t\u00e4iendavaid ja t\u00e4psustavaid meetmeid.<\/p>\n\n\n\n<p>6. Avalikustamine<\/p>\n\n\n\n<p>(1) Hankija avaldab hankekorra ja olemasolul riigihankel huvide konflikti ennetamiseks, tuvastamiseks ja k\u00f5rvaldamiseks asutuse t\u00f6\u00f6korralduse reeglitega kehtestatud t\u00e4iendavad ja t\u00e4psustavad meetmeid asutuse veebilehel p\u00e4rast nende kehtestamist v\u00f5i muutmist.<\/p>\n\n\n\n<p>(2) Hankija avaldab iga-aastase hankeplaani oma veebilehel p\u00e4rast selle kinnitamist.<\/p>\n\n\n\n<p>(3) Hankeplaan avalikustatakse ilma riigihangete eeldatavaid maksumusi n\u00e4itamata.<\/p>\n\n\n\n<p>7. Rakenduss\u00e4tted<\/p>\n\n\n\n<p>Hankekord j\u00f5ustub k\u00e4esoleva k\u00e4skkirja allakirjutamisel. \/<\/p>\n\n\n\n<p>Toomas Mitt<br>Direktor<\/p>\n","protected":false},"excerpt":{"rendered":"<p>T\u00f5stamaal&nbsp;&nbsp;28.05.2024.a. 1-1\/3 M\u00e4\u00e4rus kehtestatakse riigihangete seaduse \u00a7 9 lg 1 ja P\u00e4rnu Linnavolikogu 21.06.2018 m\u00e4\u00e4ruse nr 31 \u201eHankekord\u201c \u00a7 2 lg 2 alusel. &nbsp;1. Riigihangete planeerimine ja korraldamine (1) Riigihankeid planeerib T\u00f5stamaa Keskkool (edaspidi asutus v\u00f5i hankija) oma arengukavast ja eelarvest l\u00e4htudes.(2) Juhul, kui asutusel on eelarveaastal plaanis korraldada v\u00e4hemalt \u00fcks riigihange hankelepingu eeldatava kogumaksumusega &hellip; <\/p>\n<p><a class=\"more-link btn\" href=\"https:\/\/tostamaa.edu.ee\/?page_id=8155\">J\u00e4tka lugemist<\/a><\/p>\n","protected":false},"author":1,"featured_media":0,"parent":66,"menu_order":0,"comment_status":"closed","ping_status":"closed","template":"","meta":{"footnotes":""},"_links":{"self":[{"href":"https:\/\/tostamaa.edu.ee\/index.php?rest_route=\/wp\/v2\/pages\/8155"}],"collection":[{"href":"https:\/\/tostamaa.edu.ee\/index.php?rest_route=\/wp\/v2\/pages"}],"about":[{"href":"https:\/\/tostamaa.edu.ee\/index.php?rest_route=\/wp\/v2\/types\/page"}],"author":[{"embeddable":true,"href":"https:\/\/tostamaa.edu.ee\/index.php?rest_route=\/wp\/v2\/users\/1"}],"replies":[{"embeddable":true,"href":"https:\/\/tostamaa.edu.ee\/index.php?rest_route=%2Fwp%2Fv2%2Fcomments&post=8155"}],"version-history":[{"count":2,"href":"https:\/\/tostamaa.edu.ee\/index.php?rest_route=\/wp\/v2\/pages\/8155\/revisions"}],"predecessor-version":[{"id":8180,"href":"https:\/\/tostamaa.edu.ee\/index.php?rest_route=\/wp\/v2\/pages\/8155\/revisions\/8180"}],"up":[{"embeddable":true,"href":"https:\/\/tostamaa.edu.ee\/index.php?rest_route=\/wp\/v2\/pages\/66"}],"wp:attachment":[{"href":"https:\/\/tostamaa.edu.ee\/index.php?rest_route=%2Fwp%2Fv2%2Fmedia&parent=8155"}],"curies":[{"name":"wp","href":"https:\/\/api.w.org\/{rel}","templated":true}]}}