{"id":836,"date":"2015-10-06T07:09:19","date_gmt":"2015-10-06T05:09:19","guid":{"rendered":"https:\/\/tostamaa.edu.ee\/?page_id=836"},"modified":"2021-05-05T12:28:43","modified_gmt":"2021-05-05T10:28:43","slug":"esitlused","status":"publish","type":"page","link":"https:\/\/tostamaa.edu.ee\/?page_id=836","title":{"rendered":"Esitlused"},"content":{"rendered":"<div class=\"embed-container\"><iframe loading=\"lazy\" title=\"Projekt \u201eV\u00e4ikelahendused HEV \u00f5pilaste integreerimiseks P\u00e4rnu linna \u00fcldhariduskoolidesse\u201c\" width=\"944\" height=\"531\" src=\"https:\/\/www.youtube.com\/embed\/cWJ-t0qxKjo?feature=oembed\" frameborder=\"0\" allow=\"accelerometer; autoplay; clipboard-write; encrypted-media; gyroscope; picture-in-picture; web-share\" allowfullscreen><\/iframe><\/div>\n<div class=\"embed-container\"><iframe loading=\"lazy\" title=\"Maskide taga\" width=\"944\" height=\"531\" src=\"https:\/\/www.youtube.com\/embed\/EMPTzd8zNZ8?feature=oembed\" frameborder=\"0\" allow=\"accelerometer; autoplay; clipboard-write; encrypted-media; gyroscope; picture-in-picture; web-share\" allowfullscreen><\/iframe><\/div>\n<p><iframe loading=\"lazy\" style=\"border: 1px solid #CCC; border-width: 1px; margin-bottom: 5px; max-width: 100%;\" src=\"\/\/www.slideshare.net\/slideshow\/embed_code\/key\/jmOBgOeccW8J2\" width=\"715\" height=\"645\" frameborder=\"0\" marginwidth=\"0\" marginheight=\"0\" scrolling=\"no\" allowfullscreen=\"allowfullscreen\"> <\/iframe><\/p>\n<div style=\"margin-bottom: 5px;\"><strong> <a title=\"T\u00f5stamaa m\u00f5is ja m\u00f5isakool\" href=\"\/\/www.slideshare.net\/toomasmitt\/tostamaa-mois\" target=\"_blank\" rel=\"noopener\">T\u00f5stamaa m\u00f5is ja m\u00f5isakool<\/a> <\/strong> from <strong><a href=\"\/\/www.slideshare.net\/toomasmitt\" target=\"_blank\" rel=\"noopener\">Toomas Mitt<\/a><\/strong><\/div>\n<p><iframe loading=\"lazy\" style=\"border: 1px solid #CCC; border-width: 1px; margin-bottom: 5px; max-width: 100%;\" src=\"\/\/www.slideshare.net\/slideshow\/embed_code\/key\/gNHtMYBXp6dn2T\" width=\"715\" height=\"575\" frameborder=\"0\" marginwidth=\"0\" marginheight=\"0\" scrolling=\"no\" allowfullscreen=\"allowfullscreen\"> <\/iframe><\/p>\n<div style=\"margin-bottom: 5px;\"><strong> <a title=\"Developing T\u00f5stamaa Manor School as a Multi-Faceted Community Center for Tourism and Culture\" href=\"\/\/www.slideshare.net\/secret\/gNHtMYBXp6dn2T\" target=\"_blank\" rel=\"noopener\">Developing T\u00f5stamaa Manor School as a Multi-Faceted Community Center for Tourism and Culture<\/a> <\/strong> from <strong><a href=\"\/\/www.slideshare.net\/toomasmitt\" target=\"_blank\" rel=\"noopener\">Toomas Mitt<\/a><\/strong><\/div>\n<p><iframe loading=\"lazy\" style=\"border: 1px solid #CCC; border-width: 1px; margin-bottom: 5px; max-width: 100%;\" src=\"\/\/www.slideshare.net\/slideshow\/embed_code\/key\/3Gm7mLfLn2xE7\" width=\"715\" height=\"575\" frameborder=\"0\" marginwidth=\"0\" marginheight=\"0\" scrolling=\"no\" allowfullscreen=\"allowfullscreen\"> <\/iframe><\/p>\n<div style=\"margin-bottom: 5px;\"><strong> <a title=\"90 aastat m\u00f5isakooli T\u00f5stamaal\" href=\"\/\/www.slideshare.net\/toomasmitt\/90-aastat-misakooli-tstamaal\" target=\"_blank\" rel=\"noopener\">90 aastat m\u00f5isakooli T\u00f5stamaal<\/a> <\/strong> from <strong><a href=\"\/\/www.slideshare.net\/toomasmitt\" target=\"_blank\" rel=\"noopener\">Toomas Mitt<\/a><\/strong><\/div>\n<div class=\"embed-container\">\n<div data-configid=\"8055805\/35689672\" style=\"width: 944px; height: 354px;\" class=\"issuuembed\"><\/div>\n<p><script type=\"text\/javascript\" src=\"\/\/e.issuu.com\/embed.js\" async=\"true\"><\/script><\/div>\n<div class=\"embed-container\">\n<div data-configid=\"8055805\/5279562\" style=\"width: 944px; height: 630px;\" class=\"issuuembed\"><\/div>\n<p><script type=\"text\/javascript\" src=\"\/\/e.issuu.com\/embed.js\" async=\"true\"><\/script><\/div>\n","protected":false},"excerpt":{"rendered":"<p>T\u00f5stamaa m\u00f5is ja m\u00f5isakool from Toomas Mitt Developing T\u00f5stamaa Manor School as a Multi-Faceted Community Center for Tourism and Culture from Toomas Mitt 90 aastat m\u00f5isakooli T\u00f5stamaal from Toomas Mitt<\/p>\n","protected":false},"author":1,"featured_media":0,"parent":157,"menu_order":0,"comment_status":"closed","ping_status":"closed","template":"","meta":{"footnotes":""},"_links":{"self":[{"href":"https:\/\/tostamaa.edu.ee\/index.php?rest_route=\/wp\/v2\/pages\/836"}],"collection":[{"href":"https:\/\/tostamaa.edu.ee\/index.php?rest_route=\/wp\/v2\/pages"}],"about":[{"href":"https:\/\/tostamaa.edu.ee\/index.php?rest_route=\/wp\/v2\/types\/page"}],"author":[{"embeddable":true,"href":"https:\/\/tostamaa.edu.ee\/index.php?rest_route=\/wp\/v2\/users\/1"}],"replies":[{"embeddable":true,"href":"https:\/\/tostamaa.edu.ee\/index.php?rest_route=%2Fwp%2Fv2%2Fcomments&post=836"}],"version-history":[{"count":5,"href":"https:\/\/tostamaa.edu.ee\/index.php?rest_route=\/wp\/v2\/pages\/836\/revisions"}],"predecessor-version":[{"id":5973,"href":"https:\/\/tostamaa.edu.ee\/index.php?rest_route=\/wp\/v2\/pages\/836\/revisions\/5973"}],"up":[{"embeddable":true,"href":"https:\/\/tostamaa.edu.ee\/index.php?rest_route=\/wp\/v2\/pages\/157"}],"wp:attachment":[{"href":"https:\/\/tostamaa.edu.ee\/index.php?rest_route=%2Fwp%2Fv2%2Fmedia&parent=836"}],"curies":[{"name":"wp","href":"https:\/\/api.w.org\/{rel}","templated":true}]}}