{"id":8398,"date":"2024-10-04T11:38:02","date_gmt":"2024-10-04T09:38:02","guid":{"rendered":"https:\/\/tostamaa.edu.ee\/?page_id=8398"},"modified":"2024-10-04T12:02:46","modified_gmt":"2024-10-04T10:02:46","slug":"tostamaa-keskkooli-opilaste-rohetehnoloogia-projekt","status":"publish","type":"page","link":"https:\/\/tostamaa.edu.ee\/?page_id=8398","title":{"rendered":"T\u00f5stamaa Keskkooli \u00f5pilaste rohetehnoloogia projekt 2023\/2024 \u00f5ppeaastal"},"content":{"rendered":"\n<p><\/p>\n\n\n\n<p>Kogu kooli \u00f5pilased osalesid rohetehnoloogia projektis, mida toetas Eesti riik.<\/p>\n\n\n\n<p>Rohetehnoloogiat aitas \u00f5pilastele tuua Kliimaministeerium ja Keskkonnainvesteeringute Keskus.<\/p>\n\n\n\n<p>Projekti eesm\u00e4rgiks oli suurendada \u00f5pilaste teadlikkust rohetehnoloogiast, et \u00f5pilastest kasvaksid keskkonda s\u00e4\u00e4stvad ja keskkonda hoidvad kodanikud. Lisaks teoreetilistele teadmistele on \u00f5pilastel v\u00f5imalus praktiliselt k\u00f5ik l\u00e4bi proovida. Hetkeseis on pigem liiga teoreetiline.<\/p>\n\n\n\n<p>Tegevuskavana oli planeeritud rohetehnoloogian\u00e4dal.<\/p>\n\n\n\n<p>\u00d5pilased said teadlikumaks k\u00fctuseelementide tehnoloogaist, et paremini m\u00f5ista keskkonda s\u00e4\u00e4stvaid transpordilahendusi. Vanemad \u00f5pilased said teadlikumaks puhta elektrienergia tootmisest (tuuleenergia, p\u00e4ikeseenergia, keemiline elektrol\u00fc\u00fcs). Kogu selle protsessi k\u00e4igus said k\u00f5ik projektis osalevad \u00f5pilased praktilisi kogemusi kuidas k\u00fctuseelementide tehnoloogia ja taastuvad energiaallikad koos toimivad.<\/p>\n\n\n\n<p>Projekti eelarve oli 8890 eurot, millest 444.50 oli kooli omafinantseering.<\/p>\n\n\n\n<p>Ait\u00e4h Kliimaministeeriumile ja Keskkonnainvesteeringute Keskusele projektis osalemise v\u00f5imaluse eest.<\/p>\n\n\n\n<figure class=\"wp-block-gallery has-nested-images columns-default is-cropped wp-block-gallery-1 is-layout-flex wp-block-gallery-is-layout-flex\">\n<figure class=\"wp-block-image size-large\"><a href=\"https:\/\/tostamaa.edu.ee\/wp-content\/uploads\/2024\/10\/1000016010.jpg\"><img decoding=\"async\" loading=\"lazy\" width=\"461\" height=\"1024\" data-id=\"8392\" src=\"https:\/\/tostamaa.edu.ee\/wp-content\/uploads\/2024\/10\/1000016010-461x1024.jpg\" alt=\"\" class=\"wp-image-8392\" srcset=\"https:\/\/tostamaa.edu.ee\/wp-content\/uploads\/2024\/10\/1000016010-461x1024.jpg 461w, https:\/\/tostamaa.edu.ee\/wp-content\/uploads\/2024\/10\/1000016010-135x300.jpg 135w, https:\/\/tostamaa.edu.ee\/wp-content\/uploads\/2024\/10\/1000016010-768x1707.jpg 768w, https:\/\/tostamaa.edu.ee\/wp-content\/uploads\/2024\/10\/1000016010-691x1536.jpg 691w, https:\/\/tostamaa.edu.ee\/wp-content\/uploads\/2024\/10\/1000016010.jpg 900w\" sizes=\"(max-width: 461px) 100vw, 461px\" \/><\/a><\/figure>\n\n\n\n<figure class=\"wp-block-image size-large\"><a href=\"https:\/\/tostamaa.edu.ee\/wp-content\/uploads\/2024\/10\/1000016007.jpg\"><img decoding=\"async\" loading=\"lazy\" width=\"461\" height=\"1024\" data-id=\"8391\" src=\"https:\/\/tostamaa.edu.ee\/wp-content\/uploads\/2024\/10\/1000016007-461x1024.jpg\" alt=\"\" class=\"wp-image-8391\" srcset=\"https:\/\/tostamaa.edu.ee\/wp-content\/uploads\/2024\/10\/1000016007-461x1024.jpg 461w, https:\/\/tostamaa.edu.ee\/wp-content\/uploads\/2024\/10\/1000016007-135x300.jpg 135w, https:\/\/tostamaa.edu.ee\/wp-content\/uploads\/2024\/10\/1000016007-768x1707.jpg 768w, https:\/\/tostamaa.edu.ee\/wp-content\/uploads\/2024\/10\/1000016007-691x1536.jpg 691w, https:\/\/tostamaa.edu.ee\/wp-content\/uploads\/2024\/10\/1000016007.jpg 900w\" sizes=\"(max-width: 461px) 100vw, 461px\" \/><\/a><\/figure>\n\n\n\n<figure class=\"wp-block-image size-large\"><a href=\"https:\/\/tostamaa.edu.ee\/wp-content\/uploads\/2024\/10\/81a848e2-11d8-402e-b7fc-c89c2cc035e6.jpg\"><img decoding=\"async\" loading=\"lazy\" width=\"768\" height=\"1024\" data-id=\"8408\" src=\"https:\/\/tostamaa.edu.ee\/wp-content\/uploads\/2024\/10\/81a848e2-11d8-402e-b7fc-c89c2cc035e6-768x1024.jpg\" alt=\"\" class=\"wp-image-8408\" srcset=\"https:\/\/tostamaa.edu.ee\/wp-content\/uploads\/2024\/10\/81a848e2-11d8-402e-b7fc-c89c2cc035e6-768x1024.jpg 768w, https:\/\/tostamaa.edu.ee\/wp-content\/uploads\/2024\/10\/81a848e2-11d8-402e-b7fc-c89c2cc035e6-225x300.jpg 225w, https:\/\/tostamaa.edu.ee\/wp-content\/uploads\/2024\/10\/81a848e2-11d8-402e-b7fc-c89c2cc035e6-1152x1536.jpg 1152w, https:\/\/tostamaa.edu.ee\/wp-content\/uploads\/2024\/10\/81a848e2-11d8-402e-b7fc-c89c2cc035e6-944x1259.jpg 944w, https:\/\/tostamaa.edu.ee\/wp-content\/uploads\/2024\/10\/81a848e2-11d8-402e-b7fc-c89c2cc035e6.jpg 1536w\" sizes=\"(max-width: 768px) 100vw, 768px\" \/><\/a><\/figure>\n\n\n\n<figure class=\"wp-block-image size-large\"><a href=\"https:\/\/tostamaa.edu.ee\/wp-content\/uploads\/2024\/10\/279bd74d-0848-4656-8721-54a029d11263.jpg\"><img decoding=\"async\" loading=\"lazy\" width=\"768\" height=\"1024\" data-id=\"8409\" src=\"https:\/\/tostamaa.edu.ee\/wp-content\/uploads\/2024\/10\/279bd74d-0848-4656-8721-54a029d11263-768x1024.jpg\" alt=\"\" class=\"wp-image-8409\" srcset=\"https:\/\/tostamaa.edu.ee\/wp-content\/uploads\/2024\/10\/279bd74d-0848-4656-8721-54a029d11263-768x1024.jpg 768w, https:\/\/tostamaa.edu.ee\/wp-content\/uploads\/2024\/10\/279bd74d-0848-4656-8721-54a029d11263-225x300.jpg 225w, https:\/\/tostamaa.edu.ee\/wp-content\/uploads\/2024\/10\/279bd74d-0848-4656-8721-54a029d11263-1152x1536.jpg 1152w, https:\/\/tostamaa.edu.ee\/wp-content\/uploads\/2024\/10\/279bd74d-0848-4656-8721-54a029d11263-944x1259.jpg 944w, https:\/\/tostamaa.edu.ee\/wp-content\/uploads\/2024\/10\/279bd74d-0848-4656-8721-54a029d11263.jpg 1536w\" sizes=\"(max-width: 768px) 100vw, 768px\" \/><\/a><\/figure>\n\n\n\n<figure class=\"wp-block-image size-large\"><a href=\"https:\/\/tostamaa.edu.ee\/wp-content\/uploads\/2024\/10\/b806ad0e-b1cd-44c6-9ce4-23a0e2ef68f3.jpg\"><img decoding=\"async\" loading=\"lazy\" width=\"768\" height=\"1024\" data-id=\"8410\" src=\"https:\/\/tostamaa.edu.ee\/wp-content\/uploads\/2024\/10\/b806ad0e-b1cd-44c6-9ce4-23a0e2ef68f3-768x1024.jpg\" alt=\"\" class=\"wp-image-8410\" srcset=\"https:\/\/tostamaa.edu.ee\/wp-content\/uploads\/2024\/10\/b806ad0e-b1cd-44c6-9ce4-23a0e2ef68f3-768x1024.jpg 768w, https:\/\/tostamaa.edu.ee\/wp-content\/uploads\/2024\/10\/b806ad0e-b1cd-44c6-9ce4-23a0e2ef68f3-225x300.jpg 225w, https:\/\/tostamaa.edu.ee\/wp-content\/uploads\/2024\/10\/b806ad0e-b1cd-44c6-9ce4-23a0e2ef68f3-1152x1536.jpg 1152w, https:\/\/tostamaa.edu.ee\/wp-content\/uploads\/2024\/10\/b806ad0e-b1cd-44c6-9ce4-23a0e2ef68f3-944x1259.jpg 944w, https:\/\/tostamaa.edu.ee\/wp-content\/uploads\/2024\/10\/b806ad0e-b1cd-44c6-9ce4-23a0e2ef68f3.jpg 1536w\" sizes=\"(max-width: 768px) 100vw, 768px\" \/><\/a><\/figure>\n<\/figure>\n\n\n\n<figure class=\"wp-block-image size-full is-resized\"><a href=\"https:\/\/tostamaa.edu.ee\/wp-content\/uploads\/2024\/10\/KIK_Kompaktne_varv.jpg\"><img decoding=\"async\" loading=\"lazy\" width=\"401\" height=\"213\" src=\"https:\/\/tostamaa.edu.ee\/wp-content\/uploads\/2024\/10\/KIK_Kompaktne_varv.jpg\" alt=\"\" class=\"wp-image-8394\" style=\"aspect-ratio:1.8826291079812207;width:218px;height:auto\" srcset=\"https:\/\/tostamaa.edu.ee\/wp-content\/uploads\/2024\/10\/KIK_Kompaktne_varv.jpg 401w, https:\/\/tostamaa.edu.ee\/wp-content\/uploads\/2024\/10\/KIK_Kompaktne_varv-300x159.jpg 300w\" sizes=\"(max-width: 401px) 100vw, 401px\" \/><\/a><\/figure>\n\n\n\n<figure class=\"wp-block-image size-full is-resized\"><a href=\"https:\/\/tostamaa.edu.ee\/wp-content\/uploads\/2024\/10\/Kliimaministeeriumi_logo.png\"><img decoding=\"async\" loading=\"lazy\" width=\"693\" height=\"311\" src=\"https:\/\/tostamaa.edu.ee\/wp-content\/uploads\/2024\/10\/Kliimaministeeriumi_logo.png\" alt=\"\" class=\"wp-image-8393\" style=\"aspect-ratio:2.2282958199356915;width:194px;height:auto\" srcset=\"https:\/\/tostamaa.edu.ee\/wp-content\/uploads\/2024\/10\/Kliimaministeeriumi_logo.png 693w, https:\/\/tostamaa.edu.ee\/wp-content\/uploads\/2024\/10\/Kliimaministeeriumi_logo-300x135.png 300w\" sizes=\"(max-width: 693px) 100vw, 693px\" \/><\/a><\/figure>\n","protected":false},"excerpt":{"rendered":"<p>Kogu kooli \u00f5pilased osalesid rohetehnoloogia projektis, mida toetas Eesti riik. Rohetehnoloogiat aitas \u00f5pilastele tuua Kliimaministeerium ja Keskkonnainvesteeringute Keskus. Projekti eesm\u00e4rgiks oli suurendada \u00f5pilaste teadlikkust rohetehnoloogiast, et \u00f5pilastest kasvaksid keskkonda s\u00e4\u00e4stvad ja keskkonda hoidvad kodanikud. Lisaks teoreetilistele teadmistele on \u00f5pilastel v\u00f5imalus praktiliselt k\u00f5ik l\u00e4bi proovida. Hetkeseis on pigem liiga teoreetiline. Tegevuskavana oli planeeritud rohetehnoloogian\u00e4dal. \u00d5pilased said &hellip; <\/p>\n<p><a class=\"more-link btn\" href=\"https:\/\/tostamaa.edu.ee\/?page_id=8398\">J\u00e4tka lugemist<\/a><\/p>\n","protected":false},"author":3,"featured_media":0,"parent":2106,"menu_order":4,"comment_status":"closed","ping_status":"closed","template":"","meta":{"footnotes":""},"_links":{"self":[{"href":"https:\/\/tostamaa.edu.ee\/index.php?rest_route=\/wp\/v2\/pages\/8398"}],"collection":[{"href":"https:\/\/tostamaa.edu.ee\/index.php?rest_route=\/wp\/v2\/pages"}],"about":[{"href":"https:\/\/tostamaa.edu.ee\/index.php?rest_route=\/wp\/v2\/types\/page"}],"author":[{"embeddable":true,"href":"https:\/\/tostamaa.edu.ee\/index.php?rest_route=\/wp\/v2\/users\/3"}],"replies":[{"embeddable":true,"href":"https:\/\/tostamaa.edu.ee\/index.php?rest_route=%2Fwp%2Fv2%2Fcomments&post=8398"}],"version-history":[{"count":5,"href":"https:\/\/tostamaa.edu.ee\/index.php?rest_route=\/wp\/v2\/pages\/8398\/revisions"}],"predecessor-version":[{"id":8421,"href":"https:\/\/tostamaa.edu.ee\/index.php?rest_route=\/wp\/v2\/pages\/8398\/revisions\/8421"}],"up":[{"embeddable":true,"href":"https:\/\/tostamaa.edu.ee\/index.php?rest_route=\/wp\/v2\/pages\/2106"}],"wp:attachment":[{"href":"https:\/\/tostamaa.edu.ee\/index.php?rest_route=%2Fwp%2Fv2%2Fmedia&parent=8398"}],"curies":[{"name":"wp","href":"https:\/\/api.w.org\/{rel}","templated":true}]}}