{"id":8489,"date":"2024-10-30T12:47:48","date_gmt":"2024-10-30T10:47:48","guid":{"rendered":"https:\/\/tostamaa.edu.ee\/?page_id=8489"},"modified":"2024-10-31T11:41:34","modified_gmt":"2024-10-31T09:41:34","slug":"tostamaa-keskkooli-palgakorralduse-pohimotted","status":"publish","type":"page","link":"https:\/\/tostamaa.edu.ee\/?page_id=8489","title":{"rendered":"T\u00f5stamaa Keskkooli palgakorralduse p\u00f5him\u00f5tted"},"content":{"rendered":"\n<p><\/p>\n\n\n\n<p>1. \u00dcLDS\u00c4TTED<\/p>\n\n\n\n<p>1.1. K\u00e4esolev juhend reguleerib T\u00f5stamaa Keskkooli (edaspidi kooli) t\u00f6\u00f6tajate t\u00f6\u00f6 tasustamise p\u00f5him\u00f5tteid ja korda.<\/p>\n\n\n\n<p>1.2. T\u00f6\u00f6taja t\u00f6\u00f6tasu kokkuleppimisel ja maksmisel l\u00e4htutakse t\u00f6\u00f6lepingu seadusest, Vabariigi valitsuse m\u00e4\u00e4rusest \u201eP\u00f5hikooli ja g\u00fcmnaasiumi \u00f5petaja t\u00f6\u00f6tasu alamm\u00e4\u00e4r\u201c, teistest asjakohastest \u00f5igusaktidest, kooli pidaja ja kooli direktori kehtestatud n\u00f5uetest ning k\u00e4esolevast juhendist.<\/p>\n\n\n\n<p>1.3. T\u00f6\u00f6tajate t\u00f6\u00f6tasu kokkuleppimisel arvestatakse koolile t\u00f6\u00f6j\u00f5ukuludeks eraldatud vahendite suurusega.<\/p>\n\n\n\n<p>2. T\u00d6\u00d6TASU<\/p>\n\n\n\n<p>2.1. T\u00f6\u00f6tasu on t\u00f6\u00f6taja ja kooli direktori vahel t\u00f6\u00f6lepingus kokkulepitud t\u00f6\u00f6tasu m\u00e4\u00e4r, mis h\u00f5lmab k\u00f5igi t\u00f6\u00f6lepingus kokkulepitud \u00fclesannete t\u00e4itmist ja ajakulu.<\/p>\n\n\n\n<p>2.2. T\u00f6\u00f6tasu arvestusperiood on kalendrikuu. T\u00f6\u00f6tasu arvestatakse ajavahemiku eest, mil t\u00f6\u00f6taja t\u00e4itis t\u00f6\u00f6\u00fclesandeid.<\/p>\n\n\n\n<p>2.3. Vabariigi Valitsuse 22.08.2013 m\u00e4\u00e4ruses nr 125 \u201eHaridust\u00f6\u00f6tajate t\u00f6\u00f6aeg&#8221; nimetatud ametikohtadel lepitakse t\u00f6\u00f6tasu kokku, arvestades t\u00e4ist\u00f6\u00f6aega 35 tundi n\u00e4dalas, teistel t\u00f6\u00f6tajatel 40 tundi n\u00e4dalas.<\/p>\n\n\n\n<p>2.4. T\u00e4ist\u00f6\u00f6ajaga&nbsp; \u00f5petajate (1,0 ametikohta) t\u00f6\u00f6tasu ei v\u00f5i olla madalam Vabariigi Valitsuse poolt kehtestatud \u00f5petajate t\u00f6\u00f6tasu alamm\u00e4\u00e4rast. Teiste t\u00e4ist\u00f6\u00f6ajaga t\u00f6\u00f6tajate t\u00f6\u00f6tasu ei v\u00f5i olla madalam Vabariigi Valitsuse m\u00e4\u00e4rusega kehtestatud t\u00f6\u00f6tasu alamm\u00e4\u00e4rast.<\/p>\n\n\n\n<p>3. LISATASUD<\/p>\n\n\n\n<p>3.1. Lisatasu t\u00e4iendava t\u00f6\u00f6\u00fclesande t\u00e4itmise eest makstakse t\u00f6\u00f6tajale t\u00f6\u00f6\u00fclesande t\u00e4itmise eest, mis ei ole m\u00e4\u00e4ratletud tema t\u00f6\u00f6lepingus, v\u00f5i t\u00f6\u00f6 eest, mis tingib ajutiselt ette n\u00e4htud t\u00f6\u00f6 intensiivsuse olulise suurenemise. T\u00e4iendavate t\u00f6\u00f6\u00fclesannete t\u00e4itmises ja lisatasu suuruses lepivad kooli direktor ja t\u00f6\u00f6taja kokku enne t\u00f6\u00f6 teostamise algust. Lisatasu t\u00e4iendavate t\u00f6\u00f6\u00fclesannete eest m\u00e4\u00e4rab kooli direktor kokkuleppel t\u00f6\u00f6tajaga \u00fchekordse v\u00f5i t\u00e4htaegse lisatasuna.<\/p>\n\n\n\n<p>3.2. T\u00f6\u00f6tajale h\u00fcvitatakse \u00fcletunnit\u00f6\u00f6 ja\/v\u00f5i riigip\u00fchal t\u00f6\u00f6tamine vaba ajaga v\u00f5i makstakse selle eest lisatasu.<\/p>\n\n\n\n<p>3.3. Puuduva t\u00f6\u00f6taja \u00fclesannete t\u00e4itmise eest \u00fcldt\u00f6\u00f6aja sees lisatasu \u00fcldjuhul ei maksta. Kui puuduva t\u00f6\u00f6taja asendamine tingib t\u00f6\u00f6taja poolt \u00fcletundide tegemise, h\u00fcvitatakse t\u00f6\u00f6tajale punkti 3.2 alusel \u00fcletunnit\u00f6\u00f6.<\/p>\n\n\n\n<p>3.4. Preemiat v\u00f5ib maksta tunnustusena t\u00f6\u00f6tajale v\u00e4ljapaistvate t\u00f6\u00f6alaste j\u00f5upingutuste ja saavutuste eest l\u00e4htudes kooli eelarvelistest v\u00f5imalustest. Preemia suuruse otsustab kooli direktor igal korral eraldi.<\/p>\n\n\n\n<p>3.5. Lisatasu v\u00f5i preemia maksmise m\u00e4\u00e4rab kooli direktor oma k\u00e4skkirjaga.<\/p>\n\n\n\n<p>3.6. Puhkusetasu arvestatakse Vabariigi Valitsuse 11.06.2009 m\u00e4\u00e4ruse nr 91 \u201eKeskmise t\u00f6\u00f6tasu maksmise tingimused ja kord&#8221; alusel.<\/p>\n\n\n\n<p>4. TASUDE MAKSMINE<\/p>\n\n\n\n<p>4.1. T\u00f6\u00f6tasu makstakse kord kalendrikuus kooli t\u00f6\u00f6korralduse reeglites m\u00e4\u00e4ratud ajal t\u00f6\u00f6taja m\u00e4\u00e4ratud pangakontole. Pangakontonumbri muutmisest tuleb t\u00f6\u00f6tajal kirjalikult teavitada kooli direktorit.<\/p>\n\n\n\n<p>4.2. Puhkusetasu makstakse t\u00f6\u00f6tajale vastavalt kokkuleppele kas puhkuse kasutamisele j\u00e4rgneval palgap\u00e4eval v\u00f5i hiljemalt eelviimasel t\u00f6\u00f6p\u00e4eval enne puhkuse algust.<\/p>\n\n\n\n<p>4.3. Lisatasu v\u00f5i preemia makstakse vastavalt direktori k\u00e4skkirjale.<\/p>\n\n\n\n<p>4.4. Raamatupidamine v\u00e4ljastab t\u00f6\u00f6tajale teatise arvestatud t\u00f6\u00f6tasu, puhkusetasu, teiste tasude ja neist tehtud kinnipidamiste, samuti tema eest arvestatud sotsiaalmaksu ja t\u00f6\u00f6tuskindlustusmaksu kohta. T\u00f6\u00f6tajal on \u00f5igus saada eelnimetatud tasude ja maksude kohta selgitusi kooli direktorilt v\u00f5i raamatupidajalt.<\/p>\n","protected":false},"excerpt":{"rendered":"<p>1. \u00dcLDS\u00c4TTED 1.1. K\u00e4esolev juhend reguleerib T\u00f5stamaa Keskkooli (edaspidi kooli) t\u00f6\u00f6tajate t\u00f6\u00f6 tasustamise p\u00f5him\u00f5tteid ja korda. 1.2. T\u00f6\u00f6taja t\u00f6\u00f6tasu kokkuleppimisel ja maksmisel l\u00e4htutakse t\u00f6\u00f6lepingu seadusest, Vabariigi valitsuse m\u00e4\u00e4rusest \u201eP\u00f5hikooli ja g\u00fcmnaasiumi \u00f5petaja t\u00f6\u00f6tasu alamm\u00e4\u00e4r\u201c, teistest asjakohastest \u00f5igusaktidest, kooli pidaja ja kooli direktori kehtestatud n\u00f5uetest ning k\u00e4esolevast juhendist. 1.3. T\u00f6\u00f6tajate t\u00f6\u00f6tasu kokkuleppimisel arvestatakse koolile t\u00f6\u00f6j\u00f5ukuludeks eraldatud &hellip; <\/p>\n<p><a class=\"more-link btn\" href=\"https:\/\/tostamaa.edu.ee\/?page_id=8489\">J\u00e4tka lugemist<\/a><\/p>\n","protected":false},"author":1,"featured_media":0,"parent":969,"menu_order":0,"comment_status":"closed","ping_status":"closed","template":"","meta":{"footnotes":""},"_links":{"self":[{"href":"https:\/\/tostamaa.edu.ee\/index.php?rest_route=\/wp\/v2\/pages\/8489"}],"collection":[{"href":"https:\/\/tostamaa.edu.ee\/index.php?rest_route=\/wp\/v2\/pages"}],"about":[{"href":"https:\/\/tostamaa.edu.ee\/index.php?rest_route=\/wp\/v2\/types\/page"}],"author":[{"embeddable":true,"href":"https:\/\/tostamaa.edu.ee\/index.php?rest_route=\/wp\/v2\/users\/1"}],"replies":[{"embeddable":true,"href":"https:\/\/tostamaa.edu.ee\/index.php?rest_route=%2Fwp%2Fv2%2Fcomments&post=8489"}],"version-history":[{"count":1,"href":"https:\/\/tostamaa.edu.ee\/index.php?rest_route=\/wp\/v2\/pages\/8489\/revisions"}],"predecessor-version":[{"id":8490,"href":"https:\/\/tostamaa.edu.ee\/index.php?rest_route=\/wp\/v2\/pages\/8489\/revisions\/8490"}],"up":[{"embeddable":true,"href":"https:\/\/tostamaa.edu.ee\/index.php?rest_route=\/wp\/v2\/pages\/969"}],"wp:attachment":[{"href":"https:\/\/tostamaa.edu.ee\/index.php?rest_route=%2Fwp%2Fv2%2Fmedia&parent=8489"}],"curies":[{"name":"wp","href":"https:\/\/api.w.org\/{rel}","templated":true}]}}