{"id":8687,"date":"2025-02-10T09:01:47","date_gmt":"2025-02-10T07:01:47","guid":{"rendered":"https:\/\/tostamaa.edu.ee\/?page_id=8687"},"modified":"2025-06-02T11:10:13","modified_gmt":"2025-06-02T09:10:13","slug":"opilaste-tunnustamise-kord","status":"publish","type":"page","link":"https:\/\/tostamaa.edu.ee\/?page_id=8687","title":{"rendered":"\u00d5pilaste tunnustamise kord"},"content":{"rendered":"\n<p><strong>T\u00f5stamaa Keskkooli \u00f5pilaste tunnustamise kord<br><br><\/strong>\u00d5pilaste tunnustamise korra aluseks on \u201eP\u00f5hikooli- ja g\u00fcmnaasiumiseaduse\u201c \u00a7 57, haridus- ja teadusministri m\u00e4\u00e4rus 09.08.2010 nr 37 \u201c\u00d5pilaste tunnustamise tingimused ja kord\u201d ning koolis kokkulepitud p\u00f5him\u00f5tted.<\/p>\n\n\n\n<p>\u00d5pilaste tunnustamise eesm\u00e4rk on<\/p>\n\n\n\n<ul>\n<li>kiita \u00f5pilasi kohusetundliku ja tulemusliku \u00f5ppimise v\u00f5i muu tegevuse eest;<\/li>\n\n\n\n<li>hoida ja t\u00f5sta \u00f5pilaste \u00f5pimotivatsiooni;<\/li>\n\n\n\n<li>t\u00f5sta \u00f5pilaste enesehinnangut;<\/li>\n\n\n\n<li>anda tagasisidet v\u00e4ga heade ja heade \u00f5pitulemuste, samuti k\u00e4itumise kohta (seda ka v\u00f5rreldes eelnevate tulemuste ning k\u00e4itumisega);<\/li>\n\n\n\n<li>suunata \u00f5pilaste hoiakute ja k\u00e4itumise kujunemist.<\/li>\n<\/ul>\n\n\n\n<p><strong>T\u00f5stamaa Keskkoolis tunnustatakse \u00f5pilasi j\u00e4rgmiselt:<\/strong><\/p>\n\n\n\n<ol type=\"1\">\n<li><strong>suulise kiitusega<\/strong><\/li>\n<\/ol>\n\n\n\n<p>1.1 Suuliselt kiidetakse\/tunnustatakse \u00f5pilast tema arengu, silmapaistvate saavutuste, abivalmiduse v\u00f5i hea k\u00e4itumise eest.<br>1.2 Suuliselt v\u00f5ivad \u00f5pilast kiita k\u00f5ik kooli t\u00f6\u00f6tajad<\/p>\n\n\n\n<ul>\n<li><strong>kiituse v\u00f5i &nbsp;m\u00e4rkamisega e-p\u00e4evikus<\/strong><\/li>\n<\/ul>\n\n\n\n<p>2.1. \u00d5pilast kiidetakse heade \u00f5pitulemuste, p\u00fc\u00fcdlikkuse, abivalmiduse v\u00f5i hea k\u00e4itumise eest.<br>2.2 \u00d5pilast kiidab aine\u00f5petaja v\u00f5i klassijuhataja.<\/p>\n\n\n\n<ul>\n<li><strong>direktori kiidu- v\u00f5i t\u00e4nuk\u00e4skkirjaga<\/strong><\/li>\n<\/ul>\n\n\n\n<p>3.1. \u00d5pilast kiidetakse\/t\u00e4natakse tema heade saavutuste ees.<br>3.2 Tunnustamise ettepaneku teeb klassijuhataja, aine\u00f5petaja v\u00f5i juhtkonna liige.<\/p>\n\n\n\n<ul>\n<li><strong>\u00f5ppeaasta l\u00f5pus kiituskirjaga \u201cV\u00e4ga hea \u00f5ppimise eest\u201c\u201d<\/strong><\/li>\n<\/ul>\n\n\n\n<p>4.1. I klassis antakse kiituskiri \u00f5pilasele, kes on t\u00e4iel m\u00e4\u00e4ral t\u00e4itnud I klassi \u00f5pitulemused.<br>4.2. II\u2013IX klassis antakse kiituskiri \u00f5pilasele, kelle k\u00f5ikide ainete aastahinded on \u201cv\u00e4ga head\u201d.<br>4.3. X\u2013XII klassis antakse kiituskiri \u00f5pilasele, kellel \u00f5ppeaasta l\u00f5pus k\u00f5ikide \u00f5ppeainete kursuste koondhinded on \u201cv\u00e4ga hea\u201d.<br>4.3. \u00d5pilase tunnustamise ettepaneku teeb direktorile klassijuhataja. Otsuse kiituskirja andmise kohta teeb \u00f5ppen\u00f5ukogu.<\/p>\n\n\n\n<ul>\n<li><strong>\u00f5ppeaasta l\u00f5pus kooli kiituskirjaga \u201dHea ja v\u00e4ga hea \u00f5ppimise eest\u201d<\/strong><\/li>\n<\/ul>\n\n\n\n<p>5.1 Kiituskiri antakse p\u00f5hikooli- v\u00f5i g\u00fcmnaasiumi\u00f5pilasele \u00f5ppeperioodi l\u00f5pus.<br>5.2 \u00d5pilase tunnustamise ettepaneku teeb direktorile klassijuhataja.<\/p>\n\n\n\n<ul>\n<li><strong>kiitus- v\u00f5i t\u00e4nukirjaga v\u00e4ga heade tulemuste eest \u00fches \u00f5ppeaines\/spordis\/huvitegevuses vm valdkonnas, ka v\u00e4ga hea l\u00f5put\u00f6\u00f6 eest<\/strong><\/li>\n<\/ul>\n\n\n\n<p>6.1. Ainekiituskiri antakse I, II v\u00f5i III kooliastme l\u00f5pus \u00f5pilasele, kelle vastava aine trimestri- ja aastahinded on olnud \u201cv\u00e4ga head\u201d ja keda ei ole tunnustatud kiituskirjaga v\u00e4ga hea \u00f5ppimise eest.<br>6.2. G\u00fcmnaasiumiastmes antakse ainekiituskiri g\u00fcmnaasiumil\u00f5petajale, kellel vastava \u00f5ppeaine kursusehinded ja kooliastmehinne on \u201cv\u00e4ga hea\u201d ja keda pole tunnustatud kiituskirjaga v\u00e4ga hea \u00f5ppimise eest ning kuld- v\u00f5i h\u00f5bemedaliga.<br>6.3 \u00d5pilase tunnustamise ettepaneku teeb direktorile aine\u00f5petaja, treener v\u00f5i juhendaja.<\/p>\n\n\n\n<ul>\n<li><strong>kiitusega p\u00f5hikooli l\u00f5putunnistusel<\/strong><\/li>\n<\/ul>\n\n\n\n<p>7.1. Kiitusega p\u00f5hikooli l\u00f5putunnistuse saab l\u00f5petaja, kellel k\u00f5igi l\u00f5putunnistusele kantavate \u00f5ppeainete viimane aastahinne on \u201cv\u00e4ga hea\u201d v\u00f5i \u201carvestatud\u201d.<br>7.2 \u00d5pilase tunnustamise ettepaneku teeb direktorile klassijuhataja, otsuse kinnitab \u00f5ppen\u00f5ukogu.<\/p>\n\n\n\n<ul>\n<li><strong>&nbsp;kuld- v\u00f5i h\u00f5bemedaliga g\u00fcmnaasiumi l\u00f5petamisel<\/strong><\/li>\n<\/ul>\n\n\n\n<p>8.1. Kuldmedaliga tunnustatakse g\u00fcmnaasiumil\u00f5petajat, kelle k\u00f5igi g\u00fcmnaasiumi l\u00f5putunnistusele kantavate kooliastmehinded on \u201ev\u00e4ga hea\u201c.<br>8.2. H\u00f5bemedaliga tunnustatakse g\u00fcmnaasiumil\u00f5petajat, kelle k\u00f5igi g\u00fcmnaasiumi l\u00f5putunnistusele kantavate \u00f5ppeainete kooliastmehinded on \u201ev\u00e4ga hea\u201c ning kuni kahes \u00f5ppeaines \u201ehea\u201c.<br>8.3. \u00d5ppen\u00f5ukogu v\u00f5ib anda g\u00fcmnaasiumil\u00f5petajale v\u00f5imaluse parandada hinnet kuni kahes \u00f5ppeaines. Sellesisulise taotluse esitab g\u00fcmnasist \u00f5ppejuhile p\u00e4rast kooliastmehinnete v\u00e4ljapanemist.<br>8.4. Otsuse \u00f5pilase kuld-v\u00f5i h\u00f5bemedaliga tunnustamise kohta teeb kooli \u00f5ppen\u00f5ukogu.<\/p>\n\n\n\n<ul>\n<li><strong>&nbsp;kooli t\u00e4nukirjaga \u00f5pilase vanematele \u00f5ppeaasta l\u00f5pus<\/strong><\/li>\n<\/ul>\n\n\n\n<p>9.1 Lapsevanematele kooli t\u00e4nukiri \u201e T\u00e4nan teid meeldiva koost\u00f6\u00f6 eest \u201c.<br>9.2 Lapsevanemate t\u00e4namise ettepaneku teeb direktorile klassijuhataja.<\/p>\n\n\n\n<ol type=\"1\">\n<li><strong>&nbsp;tunnustamine kooli t\u00e4nup\u00e4eval direktori vastuv\u00f5tul<\/strong><\/li>\n<\/ol>\n\n\n\n<p>10.1. Kutse direktori vastuv\u00f5tule saavad<br>10.1.1 I-IX klassi \u00f5pilased, keda tunnustatakse kiituskirjaga v\u00e4ga hea \u00f5ppimise eest;<br>10.1.2 II-IX klassi \u00f5pilased, kelle aastahinnete keskmine on 4,8 ja k\u00f5rgem;<br>10.1.3 g\u00fcmnasistid, kellel \u00f5ppeaasta k\u00f5ikide kursuste keskmine koondhinne on 4,8 v\u00f5i k\u00f5rgem;<br>10.1.4 kuld- v\u00f5i h\u00f5bemedaliga l\u00f5petajad;<br>10.1.5 P\u00e4rnu linnas aineol\u00fcmpiaadidel ja\/v\u00f5i konkurssidel 1.-3. koha saanud \u00f5pilased ja riigis edukalt kooli esindanud \u00f5pilased. (V\u00e4hese osav\u00f5tjate arvuga konkursside puhul vaadatakse iga tulemust eraldi);<br>10.1.6 P\u00e4rnu linnas spordiv\u00f5istlustel v\u00f5istkondlikult 1. koha, individuaalselt 1.-3. koha saanud \u00f5pilased ja riigis edukalt esinenud \u00f5pilased.<\/p>\n\n\n\n<ol type=\"1\">\n<li><strong>&nbsp;kiituse v\u00f5i t\u00e4nuga kooli kodulehel, sotsiaalmeedias v\u00f5i e-p\u00e4evikus<\/strong><\/li>\n<\/ol>\n\n\n\n<p>11.1 \u00d5pilast tunnustatakse silmapaistvate tulemuste eest. Selle ettepaneku v\u00f5ivad direktorile teha k\u00f5ik kooli t\u00f6\u00f6tajad.<\/p>\n\n\n\n<ol type=\"1\">\n<li><strong>&nbsp;v\u00f5imalusega osaleda ainealasel v\u00f5istlusel, ol\u00fcmpiaadil, kontserdil, aktusel, n\u00e4itusel vms<\/strong><\/li>\n<\/ol>\n\n\n\n<p>12.1 \u00d5pilase tunnustamise ettepaneku direktorile teeb aine\u00f5petaja v\u00f5i juhendaja.<\/p>\n","protected":false},"excerpt":{"rendered":"<p>T\u00f5stamaa Keskkooli \u00f5pilaste tunnustamise kord \u00d5pilaste tunnustamise korra aluseks on \u201eP\u00f5hikooli- ja g\u00fcmnaasiumiseaduse\u201c \u00a7 57, haridus- ja teadusministri m\u00e4\u00e4rus 09.08.2010 nr 37 \u201c\u00d5pilaste tunnustamise tingimused ja kord\u201d ning koolis kokkulepitud p\u00f5him\u00f5tted. \u00d5pilaste tunnustamise eesm\u00e4rk on T\u00f5stamaa Keskkoolis tunnustatakse \u00f5pilasi j\u00e4rgmiselt: 1.1 Suuliselt kiidetakse\/tunnustatakse \u00f5pilast tema arengu, silmapaistvate saavutuste, abivalmiduse v\u00f5i hea k\u00e4itumise eest.1.2 Suuliselt v\u00f5ivad &hellip; <\/p>\n<p><a class=\"more-link btn\" href=\"https:\/\/tostamaa.edu.ee\/?page_id=8687\">J\u00e4tka lugemist<\/a><\/p>\n","protected":false},"author":1,"featured_media":0,"parent":66,"menu_order":0,"comment_status":"closed","ping_status":"closed","template":"","meta":{"footnotes":""},"_links":{"self":[{"href":"https:\/\/tostamaa.edu.ee\/index.php?rest_route=\/wp\/v2\/pages\/8687"}],"collection":[{"href":"https:\/\/tostamaa.edu.ee\/index.php?rest_route=\/wp\/v2\/pages"}],"about":[{"href":"https:\/\/tostamaa.edu.ee\/index.php?rest_route=\/wp\/v2\/types\/page"}],"author":[{"embeddable":true,"href":"https:\/\/tostamaa.edu.ee\/index.php?rest_route=\/wp\/v2\/users\/1"}],"replies":[{"embeddable":true,"href":"https:\/\/tostamaa.edu.ee\/index.php?rest_route=%2Fwp%2Fv2%2Fcomments&post=8687"}],"version-history":[{"count":2,"href":"https:\/\/tostamaa.edu.ee\/index.php?rest_route=\/wp\/v2\/pages\/8687\/revisions"}],"predecessor-version":[{"id":9061,"href":"https:\/\/tostamaa.edu.ee\/index.php?rest_route=\/wp\/v2\/pages\/8687\/revisions\/9061"}],"up":[{"embeddable":true,"href":"https:\/\/tostamaa.edu.ee\/index.php?rest_route=\/wp\/v2\/pages\/66"}],"wp:attachment":[{"href":"https:\/\/tostamaa.edu.ee\/index.php?rest_route=%2Fwp%2Fv2%2Fmedia&parent=8687"}],"curies":[{"name":"wp","href":"https:\/\/api.w.org\/{rel}","templated":true}]}}