{"id":8691,"date":"2025-02-10T09:16:49","date_gmt":"2025-02-10T07:16:49","guid":{"rendered":"https:\/\/tostamaa.edu.ee\/?page_id=8691"},"modified":"2025-02-10T09:21:04","modified_gmt":"2025-02-10T07:21:04","slug":"vaba-ametikoha-konkurss","status":"publish","type":"page","link":"https:\/\/tostamaa.edu.ee\/?page_id=8691","title":{"rendered":"Vaba ametikoha konkurss"},"content":{"rendered":"\n<p><strong>T\u00f5stamaa Keskkooli \u00f5petaja vaba ametikoha t\u00e4itmiseks&nbsp;<br>korraldatava konkursi l\u00e4biviimise kord<\/strong><\/p>\n\n\n\n<p>1. Vaba ametikoha t\u00e4itmiseks moodustab direktor oma k\u00e4skkirjaga komisjoni, millesse kuuluvad \u00f5ppejuht, ameti\u00fchingu esindaja, \u00f5ppen\u00f5ukogu poolt valitud pedagoog ning hoolekogu esindaja.<\/p>\n\n\n\n<p>2. T\u00f5stamaa Keskkooli \u00f5petaja vaba ametikoha t\u00e4itmiseks kuulutab komisjon v\u00e4lja avaliku konkursi.<\/p>\n\n\n\n<p>3. Konkursi toimumisest teatab komisjon kooli veebilehel ning \u00d5petajate Lehes.<\/p>\n\n\n\n<p>4. Avalikust konkursist lubatakse osa v\u00f5tma k\u00f5ik isikud, kes esitavad konkursiteadaandes m\u00e4\u00e4ratud t\u00e4htajaks komisjonile kirjaliku avalduse koos j\u00e4rgmiste dokumentidega:<\/p>\n\n\n\n<ul>\n<li>avalduse;<\/li>\n\n\n\n<li>elulookirjeldus (CV);<\/li>\n\n\n\n<li>tunnistuse v\u00f5i diplomi koopia vajaliku kvalifikatsiooni v\u00f5i hariduse kohta;<\/li>\n\n\n\n<li>muud seadusega v\u00f5i seaduse alusel n\u00f5utavad dokumendid.<\/li>\n<\/ul>\n\n\n\n<p>5. Isiku elulookirjeldus peab sisaldama v\u00e4hemalt j\u00e4rgmisi andmeid:<\/p>\n\n\n\n<ul>\n<li>ees- ja perekonnanimi;<\/li>\n\n\n\n<li>s\u00fcnniaeg (p\u00e4ev, kuu, aasta);<\/li>\n\n\n\n<li>kodakondsus;<\/li>\n\n\n\n<li>elukoht ja kontakttelefonid;<\/li>\n\n\n\n<li>perekonnaseis;<\/li>\n\n\n\n<li>haridusk\u00e4ik ja t\u00e4iendkoolitus (\u00f5ppeasutus, erialane-, kutsealane- ja ametialane ettevalmistus, kursuste nimetused, \u00f5ppimise aeg);<\/li>\n\n\n\n<li>andmed lisaoskuste kohta (keele- ja arvutioskus, juhilubade olemasolu jms);<\/li>\n\n\n\n<li>teenistusk\u00e4ik (t\u00f6\u00f6alase tegevuse kirjeldus)<\/li>\n<\/ul>\n\n\n\n<p>6. Peale k\u00e4esoleva korra punktis 5 loetletud dokumentide v\u00f5ib isik oma \u00e4ran\u00e4gemisel esitada komisjonile teda iseloomustavaid dokumente (iseloomustused, soovitused, tunnistused t\u00e4iendkoolituse kohta jne).<\/p>\n\n\n\n<p>7. K\u00e4esoleva korra punktides 5 ja 6 loetletud dokumendid v\u00f5ib isik saata direktori e-postile (leitav kooli kodulehel) v\u00f5i postitada aadressile <em>Kalli mnt 13 T\u00f5stamaa alevik 88101 P\u00e4rnu linn<\/em> v\u00f5i tuua isiklikult eelpool olevale aadressil. Avaldused, mis on postitatud konkursiteadaandes m\u00e4\u00e4ratud t\u00e4htaja viimasel p\u00e4eval (postitempli kuup\u00e4ev), kuid saabuvad posti teel p\u00e4rast v\u00e4ljakuulutatud t\u00e4htaja m\u00f6\u00f6dumist, kuid enne komisjoni esimest t\u00f6\u00f6koosolekut, loetakse t\u00e4htajaliselt esitatuks.<\/p>\n\n\n\n<p>8. K\u00f5ik saabunud avaldused registreerib kooli direktor koosk\u00f5las kooli asjaajamiskorraga. Registreerida tuleb v\u00e4hemalt j\u00e4rgmised andmed kandidaadi ja dokumentide kohta:<\/p>\n\n\n\n<p>isiku ees- ja perekonnanimi;<br>avalduse saabumise kuup\u00e4ev (p\u00e4rast t\u00e4htaega saabunud dokumentidel ka postitempli kuup\u00e4ev);<br>avaldusele lisatud dokumentide loetelu.<\/p>\n\n\n\n<p>9.Komisjoni esimene t\u00f6\u00f6koosolek toimub mitte varem kui n\u00e4dal aega p\u00e4rast teates kuulutatud konkursi l\u00f5ppt\u00e4htaega.<\/p>\n\n\n\n<p>10.Komisjon v\u00f5ib teha j\u00e4relep\u00e4rimisi kandidaadi varasemates t\u00f6\u00f6-, teenistus- ja \u00f5ppimiskohtades, et t\u00e4psustada ja kontrollida tema poolt esitatud andmeid.<\/p>\n\n\n\n<p>11.Komisjon v\u00f5ib osa kandidaate kutsuda vestlusvooru, mille toimumise aeg teatakse kandidaatidele eelnevalt.<\/p>\n\n\n\n<p>12. Arvestadades kandidaatide vastavust ametikohale, senist ametik\u00e4iku ja kooli vajadusi, esitab komisjon oma ettepanekud vaba ametikoha t\u00e4itmiseks T\u00f5stamaa Keskkooli direktorile, kes teeb valiku esitatud kandidaatide hulgast.<\/p>\n\n\n\n<p>13.Hiljemalt kolme t\u00f6\u00f6p\u00e4eva m\u00f6\u00f6dudes p\u00e4rast otsuse tegemist teatatakse konkursi tulemustest k\u00f5igile osav\u00f5tjatele kas posti v\u00f5i elektroonilisel teel.<\/p>\n\n\n\n<p>14.Komisjoni koosolekud protokollitakse.<\/p>\n","protected":false},"excerpt":{"rendered":"<p>T\u00f5stamaa Keskkooli \u00f5petaja vaba ametikoha t\u00e4itmiseks&nbsp;korraldatava konkursi l\u00e4biviimise kord 1. Vaba ametikoha t\u00e4itmiseks moodustab direktor oma k\u00e4skkirjaga komisjoni, millesse kuuluvad \u00f5ppejuht, ameti\u00fchingu esindaja, \u00f5ppen\u00f5ukogu poolt valitud pedagoog ning hoolekogu esindaja. 2. T\u00f5stamaa Keskkooli \u00f5petaja vaba ametikoha t\u00e4itmiseks kuulutab komisjon v\u00e4lja avaliku konkursi. 3. Konkursi toimumisest teatab komisjon kooli veebilehel ning \u00d5petajate Lehes. 4. Avalikust konkursist &hellip; <\/p>\n<p><a class=\"more-link btn\" href=\"https:\/\/tostamaa.edu.ee\/?page_id=8691\">J\u00e4tka lugemist<\/a><\/p>\n","protected":false},"author":1,"featured_media":0,"parent":5974,"menu_order":0,"comment_status":"closed","ping_status":"closed","template":"","meta":{"footnotes":""},"_links":{"self":[{"href":"https:\/\/tostamaa.edu.ee\/index.php?rest_route=\/wp\/v2\/pages\/8691"}],"collection":[{"href":"https:\/\/tostamaa.edu.ee\/index.php?rest_route=\/wp\/v2\/pages"}],"about":[{"href":"https:\/\/tostamaa.edu.ee\/index.php?rest_route=\/wp\/v2\/types\/page"}],"author":[{"embeddable":true,"href":"https:\/\/tostamaa.edu.ee\/index.php?rest_route=\/wp\/v2\/users\/1"}],"replies":[{"embeddable":true,"href":"https:\/\/tostamaa.edu.ee\/index.php?rest_route=%2Fwp%2Fv2%2Fcomments&post=8691"}],"version-history":[{"count":1,"href":"https:\/\/tostamaa.edu.ee\/index.php?rest_route=\/wp\/v2\/pages\/8691\/revisions"}],"predecessor-version":[{"id":8694,"href":"https:\/\/tostamaa.edu.ee\/index.php?rest_route=\/wp\/v2\/pages\/8691\/revisions\/8694"}],"up":[{"embeddable":true,"href":"https:\/\/tostamaa.edu.ee\/index.php?rest_route=\/wp\/v2\/pages\/5974"}],"wp:attachment":[{"href":"https:\/\/tostamaa.edu.ee\/index.php?rest_route=%2Fwp%2Fv2%2Fmedia&parent=8691"}],"curies":[{"name":"wp","href":"https:\/\/api.w.org\/{rel}","templated":true}]}}