{"id":976,"date":"2015-11-13T23:07:22","date_gmt":"2015-11-13T21:07:22","guid":{"rendered":"https:\/\/tostamaa.edu.ee\/?page_id=976"},"modified":"2015-11-13T23:21:46","modified_gmt":"2015-11-13T21:21:46","slug":"kiusamisest-vabaks-lasteaed-ja-kool","status":"publish","type":"page","link":"https:\/\/tostamaa.edu.ee\/?page_id=976","title":{"rendered":"Kiusamisest vabaks lasteaed ja kool"},"content":{"rendered":"<p><a href=\"https:\/\/tostamaa.edu.ee\/wp-content\/uploads\/2015\/11\/Foto_06.jpg\"><img decoding=\"async\" loading=\"lazy\" class=\"wp-image-978 aligncenter\" src=\"https:\/\/tostamaa.edu.ee\/wp-content\/uploads\/2015\/11\/Foto_06.jpg\" alt=\"Foto_06\" width=\"465\" height=\"310\" srcset=\"https:\/\/tostamaa.edu.ee\/wp-content\/uploads\/2015\/11\/Foto_06.jpg 740w, https:\/\/tostamaa.edu.ee\/wp-content\/uploads\/2015\/11\/Foto_06-300x200.jpg 300w\" sizes=\"(max-width: 465px) 100vw, 465px\" \/><\/a><\/p>\n<p><strong>&#8220;Kiusamisest vabaks!&#8221;<\/strong> on ennetav metoodika, mille eesm\u00e4rk on luua lasteaia ja algklasside laste vahel \u00fcksteist arvestav ja kaasav suhe, kiusamist ennetav k\u00e4itumiskultuur, kus suhtutakse \u00fcksteisesse sallivalt ning austavalt, kus lapsed hoolivad \u00fcksteisest, kiusamise korral sekkuvad ja kaitsevad kaaslast, kes seda ise ei suuda.<\/p>\n<p>Lasteaias loodud head suhted on kooli minevatele lastele vajalik pagas, mis aitab toime tulla sotsiaalsete suhetega koolis. Kuna kiusamise ennetamine on vahetult seotud \u00fchiskonnas aktsepteeritavate k\u00e4itumisnormide ja sotsiaalsete suhete kvaliteediga, on oluline, et neid v\u00e4\u00e4rtusi sisendatakse lastesse v\u00f5imalikult varakult. Kuid praktilist igap\u00e4evast pedagoogilist protsessi on vaja anal\u00fc\u00fcsida, mis eeldab uurimisp\u00f5hist l\u00e4henemist ja head koost\u00f6\u00f6d lasteaia ning kooli personali ja teadlastega Kogemust, mida pakuvad igap\u00e4evases kasvatusprotsessis ilmnevad juhtumid on vajalik m\u00f5testada ning j\u00f5uda tegelike p\u00f5hjusteni.<\/p>\n<p>Kiusamise ennetamise v\u00f5tmeisikuks lasteaias ja koolis on \u00f5petaja, kelle suhtumine iseendasse, lastesse, lastevanematesse, kolleegidesse ja inimestesse \u00fcldse on m\u00e4\u00e4rava t\u00e4htsusega. V\u00f5ime k\u00fcsida: Kuidas \u00f5petaja hindab ennast s\u00f5bralike ja toetavate suhete loojana? Kuidas \u00f5petaja iseloomustab erinevaid lapsi ja lapsevanemaid kaaslaste ja koost\u00f6\u00f6partneritena?<\/p>\n<p>&#8220;Kiusamisest vabaks!&#8221; metoodika l\u00e4htub lapsest ning keskendub kogu laster\u00fchmale ja klassile tervikuna.<\/p>\n<p><strong>Kiusamisvastasel programmil on kolm sihtgruppi:<\/strong><\/p>\n<p>\u2022Lastega t\u00f6\u00f6tavad professionaalid (kogu lasteaia personal), keda innustatakse ja juhendatakse sallivust suurendavate sotsiaalsete k\u00e4itumismudelite rajamisel. Lasteaia t\u00f6\u00f6tajad on eeskujudeks ja inspireerijateks.<br \/>\n\u2022Lastevanemad, keda innustatakse programmi tegevusi toetama ja muudetakse otseste ettepanekutega nende tegevuste eest vastutavaks.<br \/>\n\u2022Lapsed, keda innustatakse aktiivsemaks muutuma. Erilist t\u00e4helepanu p\u00f6\u00f6ratakse passiivsetele pealtvaatajatele, kes moodustavad t\u00e4htsa osa t\u00f5rjumismudelitest.<\/p>\n<p><strong>Metoodika toetub j\u00e4rgmistele p\u00f5hiv\u00e4\u00e4rtustele:<\/strong><\/p>\n<p>1.<strong> Sallivus <\/strong>\u2013 n\u00e4ha ja aktsepteerida kogu laster\u00fchmas mitmekesisust ning kohelda \u00fcksteist v\u00f5rdsena, mitmekesisuse m\u00f5istmine nii \u00fcksiku lapse kui r\u00fchma tugevdajana.<\/p>\n<p>2. <strong>Austus<\/strong> \u2013 suhtuda jaatavalt ja hoolivalt r\u00fchma k\u00f5igisse lastesse, olla k\u00f5igi hea s\u00f5ber, mitmekesisuse omaksv\u00f5tmine ning teiste erinevuste ja kommete austamine.<\/p>\n<p>3. <strong>Hoolivus<\/strong> \u2013 n\u00e4idata \u00fcles huvi, osav\u00f5tlikkust, muret ja abivalmidust k\u00f5igi laste vastu \u2013 nii endast nooremate kui omavanuste vastu.<\/p>\n<p>4.<strong> Julgus<\/strong> \u2013 j\u00e4\u00e4da endale kindlaks ja seada oma piirid; v\u00e4lja astuda, n\u00e4hes lapsi teiste piire rikkumas; olla julge ja hea s\u00f5ber, kes soovib ja on valmis tegutsema eba\u00f5igluse vastu.<\/p>\n<p>Loe t\u00e4psemalt &#8220;Kiusamisest vabaks lasteaed ja kool&#8221; kodulehelt <a href=\"http:\/\/kiusamisestvabaks.ee\/\">http:\/\/kiusamisestvabaks.ee\/<\/a><\/p>\n<p><strong>T\u00f5stamaa KK rakendatakse metoodikat 1. ja 4. klassis<\/strong><br \/>\n<strong>* Kati Rahuoja<\/strong>&#8211; 1. klassi klassijuhataja<br \/>\n<strong>* Kaarin Reinson<\/strong>&#8211; 4. klassi klassijuhataja<\/p>\n<p><a href=\"&quot;\"><img decoding=\"async\" loading=\"lazy\" class=\"wp-image-980 aligncenter\" src=\"https:\/\/tostamaa.edu.ee\/wp-content\/uploads\/2015\/11\/Lasteaed-ja-kool-plakat-eeesti-keeles-page-001.jpg\" alt=\"Lasteaed%20ja%20kool%20plakat%20-eeesti%20keeles-page-001\" width=\"500\" height=\"707\" srcset=\"https:\/\/tostamaa.edu.ee\/wp-content\/uploads\/2015\/11\/Lasteaed-ja-kool-plakat-eeesti-keeles-page-001.jpg 740w, https:\/\/tostamaa.edu.ee\/wp-content\/uploads\/2015\/11\/Lasteaed-ja-kool-plakat-eeesti-keeles-page-001-212x300.jpg 212w, https:\/\/tostamaa.edu.ee\/wp-content\/uploads\/2015\/11\/Lasteaed-ja-kool-plakat-eeesti-keeles-page-001-724x1024.jpg 724w\" sizes=\"(max-width: 500px) 100vw, 500px\" \/><\/a><\/p>\n","protected":false},"excerpt":{"rendered":"<p>&#8220;Kiusamisest vabaks!&#8221; on ennetav metoodika, mille eesm\u00e4rk on luua lasteaia ja algklasside laste vahel \u00fcksteist arvestav ja kaasav suhe, kiusamist ennetav k\u00e4itumiskultuur, kus suhtutakse \u00fcksteisesse sallivalt ning austavalt, kus lapsed hoolivad \u00fcksteisest, kiusamise korral sekkuvad ja kaitsevad kaaslast, kes seda ise ei suuda. Lasteaias loodud head suhted on kooli minevatele lastele vajalik pagas, mis aitab &hellip; <\/p>\n<p><a class=\"more-link btn\" href=\"https:\/\/tostamaa.edu.ee\/?page_id=976\">J\u00e4tka lugemist<\/a><\/p>\n","protected":false},"author":3,"featured_media":0,"parent":2,"menu_order":0,"comment_status":"closed","ping_status":"closed","template":"","meta":{"footnotes":""},"_links":{"self":[{"href":"https:\/\/tostamaa.edu.ee\/index.php?rest_route=\/wp\/v2\/pages\/976"}],"collection":[{"href":"https:\/\/tostamaa.edu.ee\/index.php?rest_route=\/wp\/v2\/pages"}],"about":[{"href":"https:\/\/tostamaa.edu.ee\/index.php?rest_route=\/wp\/v2\/types\/page"}],"author":[{"embeddable":true,"href":"https:\/\/tostamaa.edu.ee\/index.php?rest_route=\/wp\/v2\/users\/3"}],"replies":[{"embeddable":true,"href":"https:\/\/tostamaa.edu.ee\/index.php?rest_route=%2Fwp%2Fv2%2Fcomments&post=976"}],"version-history":[{"count":5,"href":"https:\/\/tostamaa.edu.ee\/index.php?rest_route=\/wp\/v2\/pages\/976\/revisions"}],"predecessor-version":[{"id":987,"href":"https:\/\/tostamaa.edu.ee\/index.php?rest_route=\/wp\/v2\/pages\/976\/revisions\/987"}],"up":[{"embeddable":true,"href":"https:\/\/tostamaa.edu.ee\/index.php?rest_route=\/wp\/v2\/pages\/2"}],"wp:attachment":[{"href":"https:\/\/tostamaa.edu.ee\/index.php?rest_route=%2Fwp%2Fv2%2Fmedia&parent=976"}],"curies":[{"name":"wp","href":"https:\/\/api.w.org\/{rel}","templated":true}]}}